{"id":21664,"date":"2024-01-23T16:14:54","date_gmt":"2024-01-23T15:14:54","guid":{"rendered":"https:\/\/indev.mtaautomation.com\/?page_id=21664"},"modified":"2026-02-16T17:07:21","modified_gmt":"2026-02-16T16:07:21","slug":"dosierprodukte","status":"publish","type":"page","link":"https:\/\/mtarobotics.com\/de\/dispensing-products\/","title":{"rendered":"Dosierprodukte"},"content":{"rendered":"<div class=\"wp-block-cover alignfull is-light custom_page_banner\" style=\"min-height:425px;aspect-ratio:unset;\" id=\"niv-un-header\"><img loading=\"lazy\" decoding=\"async\" width=\"2000\" height=\"620\" class=\"wp-block-cover__image-background wp-image-24267\" alt=\"mta-Dosierprodukte, einschlie\u00dflich: Dosierk\u00f6pfe, Dosierroboter, Dosierersatzteile und typische Dosieranwendungen\" src=\"https:\/\/mtarobotics.com\/wp-content\/uploads\/2024\/09\/mta_dispensing_processes_red.jpg\" style=\"object-position:24% 100%\" data-object-fit=\"cover\" data-object-position=\"24% 100%\" srcset=\"https:\/\/mtarobotics.com\/wp-content\/uploads\/2024\/09\/mta_dispensing_processes_red.jpg 2000w, https:\/\/mtarobotics.com\/wp-content\/uploads\/2024\/09\/mta_dispensing_processes_red-600x186.jpg 600w, https:\/\/mtarobotics.com\/wp-content\/uploads\/2024\/09\/mta_dispensing_processes_red-1024x317.jpg 1024w, https:\/\/mtarobotics.com\/wp-content\/uploads\/2024\/09\/mta_dispensing_processes_red-768x238.jpg 768w, https:\/\/mtarobotics.com\/wp-content\/uploads\/2024\/09\/mta_dispensing_processes_red-1536x476.jpg 1536w, https:\/\/mtarobotics.com\/wp-content\/uploads\/2024\/09\/mta_dispensing_processes_red-1568x486.jpg 1568w\" sizes=\"auto, (max-width: 2000px) 100vw, 2000px\" \/><span aria-hidden=\"true\" class=\"wp-block-cover__background has-background-dim-0 has-background-dim\" style=\"background-color:#68625f\"><\/span><div class=\"wp-block-cover__inner-container has-global-padding is-layout-constrained wp-block-cover-is-layout-constrained\">\n<h1 class=\"wp-block-heading has-text-align-center banners-title has-white-color has-contrast-background-color has-text-color has-background has-link-color has-large-font-size wp-elements-deeb2ae3e5337b98ca301baab826eef0\">Dosierprodukte<\/h1>\n<\/div><\/div>\n\n\n\n<div class=\"wp-block-group alignwide pages-section-sub-cat has-global-padding is-layout-constrained wp-container-core-group-is-layout-4383d167 wp-block-group-is-layout-constrained\" id=\"prod-niv-un\">\n<div class=\"wp-block-columns alignwide are-vertically-aligned-center is-layout-flex wp-container-core-columns-is-layout-4c1dd492 wp-block-columns-is-layout-flex\" style=\"margin-top:var(--wp--preset--spacing--80);margin-bottom:var(--wp--preset--spacing--80)\">\n<div class=\"wp-block-column is-vertically-aligned-center is-layout-flow wp-block-column-is-layout-flow\">\n<figure class=\"wp-block-image size-large is-resized\"><a href=\"https:\/\/mtarobotics.com\/de\/produkt-kategorie\/dosierprodukte\/dosierkoepfe\/\"><img loading=\"lazy\" decoding=\"async\" width=\"1024\" height=\"975\" src=\"https:\/\/mtarobotics.com\/wp-content\/uploads\/2023\/10\/mta-dispensing-heads-1024x975.png\" alt=\"mta-Dosierk\u00f6pfe:\" class=\"wp-image-19956\" style=\"aspect-ratio:1.1314917127071824;object-fit:contain;width:auto;height:200px\" srcset=\"https:\/\/mtarobotics.com\/wp-content\/uploads\/2023\/10\/mta-dispensing-heads-1024x975.png 1024w, https:\/\/mtarobotics.com\/wp-content\/uploads\/2023\/10\/mta-dispensing-heads-600x571.png 600w, https:\/\/mtarobotics.com\/wp-content\/uploads\/2023\/10\/mta-dispensing-heads-350x333.png 350w, https:\/\/mtarobotics.com\/wp-content\/uploads\/2023\/10\/mta-dispensing-heads-768x731.png 768w, https:\/\/mtarobotics.com\/wp-content\/uploads\/2023\/10\/mta-dispensing-heads.png 1050w\" sizes=\"auto, (max-width: 1024px) 100vw, 1024px\" \/><\/a><figcaption class=\"wp-element-caption\">Dosierk\u00f6pfe<\/figcaption><\/figure>\n<\/div>\n\n\n\n<div class=\"wp-block-column is-vertically-aligned-center is-layout-flow wp-block-column-is-layout-flow\">\n<figure class=\"wp-block-image size-large is-resized\"><a href=\"https:\/\/mtarobotics.com\/de\/produkt-kategorie\/dosierprodukte\/dosierroboter\/\"><img loading=\"lazy\" decoding=\"async\" width=\"1024\" height=\"954\" src=\"https:\/\/mtarobotics.com\/wp-content\/uploads\/2023\/10\/Unitechnologies_mta_dispensing_platform-1024x954.png\" alt=\"mta-Dosierroboter\" class=\"wp-image-19960\" style=\"aspect-ratio:1.1314917127071824;object-fit:contain;width:auto;height:200px\" srcset=\"https:\/\/mtarobotics.com\/wp-content\/uploads\/2023\/10\/Unitechnologies_mta_dispensing_platform-1024x954.png 1024w, https:\/\/mtarobotics.com\/wp-content\/uploads\/2023\/10\/Unitechnologies_mta_dispensing_platform-600x559.png 600w, https:\/\/mtarobotics.com\/wp-content\/uploads\/2023\/10\/Unitechnologies_mta_dispensing_platform-350x326.png 350w, https:\/\/mtarobotics.com\/wp-content\/uploads\/2023\/10\/Unitechnologies_mta_dispensing_platform-768x716.png 768w, https:\/\/mtarobotics.com\/wp-content\/uploads\/2023\/10\/Unitechnologies_mta_dispensing_platform-1536x1432.png 1536w, https:\/\/mtarobotics.com\/wp-content\/uploads\/2023\/10\/Unitechnologies_mta_dispensing_platform-1568x1461.png 1568w, https:\/\/mtarobotics.com\/wp-content\/uploads\/2023\/10\/Unitechnologies_mta_dispensing_platform.png 1750w\" sizes=\"auto, (max-width: 1024px) 100vw, 1024px\" \/><\/a><figcaption class=\"wp-element-caption\">Dosierroboter<\/figcaption><\/figure>\n<\/div>\n\n\n\n<div class=\"wp-block-column is-vertically-aligned-center is-layout-flow wp-block-column-is-layout-flow\">\n<figure class=\"wp-block-image size-large is-resized\"><a href=\"https:\/\/mtarobotics.com\/de\/produkt-kategorie\/dosierprodukte\/dosier-ersatzteile\/\"><img loading=\"lazy\" decoding=\"async\" width=\"1024\" height=\"761\" src=\"https:\/\/mtarobotics.com\/wp-content\/uploads\/2023\/10\/Unitechnologies_mta_dispensing_spare_parts-1024x761.png\" alt=\"mta robotics dispensing ersatzteile\" class=\"wp-image-20012\" style=\"aspect-ratio:1.1314917127071824;object-fit:contain;width:auto;height:200px\" srcset=\"https:\/\/mtarobotics.com\/wp-content\/uploads\/2023\/10\/Unitechnologies_mta_dispensing_spare_parts-1024x761.png 1024w, https:\/\/mtarobotics.com\/wp-content\/uploads\/2023\/10\/Unitechnologies_mta_dispensing_spare_parts-600x446.png 600w, https:\/\/mtarobotics.com\/wp-content\/uploads\/2023\/10\/Unitechnologies_mta_dispensing_spare_parts-768x571.png 768w, https:\/\/mtarobotics.com\/wp-content\/uploads\/2023\/10\/Unitechnologies_mta_dispensing_spare_parts-1536x1142.png 1536w, https:\/\/mtarobotics.com\/wp-content\/uploads\/2023\/10\/Unitechnologies_mta_dispensing_spare_parts-1568x1166.png 1568w, https:\/\/mtarobotics.com\/wp-content\/uploads\/2023\/10\/Unitechnologies_mta_dispensing_spare_parts.png 1652w\" sizes=\"auto, (max-width: 1024px) 100vw, 1024px\" \/><\/a><figcaption class=\"wp-element-caption\">Dosier-Ersatzteile<\/figcaption><\/figure>\n<\/div>\n\n\n\n<div class=\"wp-block-column is-vertically-aligned-center is-layout-flow wp-block-column-is-layout-flow\">\n<figure class=\"wp-block-image size-large is-resized\"><a href=\"https:\/\/mtarobotics.com\/de\/uber-uns\/typische-dosieranwendungen\/\"><img loading=\"lazy\" decoding=\"async\" width=\"1024\" height=\"939\" src=\"https:\/\/mtarobotics.com\/wp-content\/uploads\/2023\/10\/Unitechnologies_mta_dispensing_applications_Electronics-1024x939.png\" alt=\"mta typische Dosieranwendungen\" class=\"wp-image-19996\" style=\"aspect-ratio:1.389416553595658;object-fit:contain;width:282px;height:auto\" srcset=\"https:\/\/mtarobotics.com\/wp-content\/uploads\/2023\/10\/Unitechnologies_mta_dispensing_applications_Electronics-1024x939.png 1024w, https:\/\/mtarobotics.com\/wp-content\/uploads\/2023\/10\/Unitechnologies_mta_dispensing_applications_Electronics-600x550.png 600w, https:\/\/mtarobotics.com\/wp-content\/uploads\/2023\/10\/Unitechnologies_mta_dispensing_applications_Electronics-768x704.png 768w, https:\/\/mtarobotics.com\/wp-content\/uploads\/2023\/10\/Unitechnologies_mta_dispensing_applications_Electronics.png 1200w\" sizes=\"auto, (max-width: 1024px) 100vw, 1024px\" \/><\/a><figcaption class=\"wp-element-caption\">Typische Dosieranwendungen<\/figcaption><\/figure>\n<\/div>\n<\/div>\n<\/div>\n\n\n\n<div class=\"wp-block-group custom_paragraph_cat has-global-padding is-layout-constrained wp-block-group-is-layout-constrained\" style=\"padding-bottom:var(--wp--preset--spacing--70)\">\n<p class=\"has-text-align-center has-secondary-color has-text-color has-link-color wp-elements-cc1aeee629618f6998a7deb3ee888128\" style=\"font-size:clamp(14px, 0.875rem + ((1vw - 3.2px) * 0.313), 18px);\"><strong>Wir von mta robotics entwickeln fortschrittliche industrielle Dosierprodukte und -l\u00f6sungen f\u00fcr fl\u00fcssige und z\u00e4hfl\u00fcssige Materialien, die h\u00f6chste Pr\u00e4zision und Wiederholbarkeit garantieren. <\/strong><br>Wir beliefern die Elektronik-, Automobil-, Uhren-, Medizin- und viele andere Fertigungsindustrien. Egal, ob Sie leistungsstarke Dosierger\u00e4te, Dosierroboter oder spezielle Ersatzteile f\u00fcr die Wartung ben\u00f6tigen, unser Portfolio deckt den gesamten Dosierworkflow ab.<\/p>\n\n\n\n<p class=\"has-text-align-center has-secondary-color has-text-color has-link-color wp-elements-645a2f3c4870c9df1e391dd1e9336d6b\" style=\"font-size:clamp(14px, 0.875rem + ((1vw - 3.2px) * 0.313), 18px);\">F\u00fcr jede Anwendung integrieren unsere Maschinen die passende Dosiertechnik. Je nach Prozess und Materialeigenschaften bieten wir Exzenterschneckenpumpen, Kolben-Zylinder-Pumpen und Systeme auf Kartuschenbasis an. Diese volumetrischen Dosiertechnologien sind mechanisch konstruiert und numerisch gesteuert und gew\u00e4hrleisten eine genaue Handhabung von Volumen und Durchflussrate. Im Gegensatz dazu schwankt die Zeit-Druck-Dosierung mit der Temperatur, der Viskosit\u00e4t, dem Luftvolumen und dem Systemdruck. Volumetrische Systeme liefern stabile, wiederholbare und konsistente Ergebnisse. F\u00fcr die anspruchsvollsten Anwendungen erm\u00f6glicht ein hochpr\u00e4zises Jet-Ventil eine zuverl\u00e4ssige kontaktlose Mikrodosierung mit au\u00dfergew\u00f6hnlicher Wiederholgenauigkeit.<\/p>\n\n\n\n<p class=\"has-text-align-center has-secondary-color has-text-color has-link-color wp-elements-a4e23f778b570eb88ae5c10f41861f3a\" style=\"font-size:clamp(14px, 0.875rem + ((1vw - 3.2px) * 0.313), 18px);\">Dar\u00fcber hinaus decken unsere Dosieranwendungen ein breites Spektrum industrieller Prozesse ab, darunter Kleben, Dichten, Vergie\u00dfen, konforme Beschichtung, Schmieren, Dam &amp; Fill und Globtop. Ob f\u00fcr Ein-, Zwei- oder Mehrkomponenten-Materialien, unsere Technologien garantieren kontrolliertes, wiederholbares Dosieren \u00fcber alle Viskosit\u00e4tsbereiche hinweg.<\/p>\n\n\n\n<p class=\"has-text-align-center has-secondary-color has-text-color has-link-color wp-elements-f0770cd06020e7c3fe225507ac8373b8\" style=\"font-size:clamp(14px, 0.875rem + ((1vw - 3.2px) * 0.313), 18px);\">Daher erm\u00f6glichen unsere Dosierl\u00f6sungen Herstellern eine pr\u00e4zise und zuverl\u00e4ssige Leistung bei einfachen bis hochkomplexen Baugruppen. Mit pr\u00e4ziser Dosierung, stabiler Leistung bei unterschiedlichen Viskosit\u00e4ten und langlebigen Komponenten, die f\u00fcr anspruchsvolle Produktionsumgebungen entwickelt wurden, gew\u00e4hrleisten unsere Systeme perfekte Wiederholbarkeit von Mikrovolumina, selbst bei gef\u00fcllten oder abrasiven Materialien.<\/p>\n\n\n\n<p class=\"has-text-align-center has-secondary-color has-text-color has-link-color wp-elements-8a56622cc48cfe7280b455c9cb70fbc3\" style=\"font-size:clamp(14px, 0.875rem + ((1vw - 3.2px) * 0.313), 18px);\">F\u00fcr Unternehmen, die eine vollst\u00e4ndige Automatisierung anstreben, bieten unsere Dosierroboter und integrierten Plattformen sofort einsatzbereite L\u00f6sungen, die die Genauigkeit verbessern, Prozessschwankungen minimieren und den Durchsatz erh\u00f6hen. Diese Systeme arbeiten als eigenst\u00e4ndige Arbeitsstationen oder lassen sich nahtlos in vollautomatische Produktionslinien integrieren.<\/p>\n\n\n\n<p class=\"has-text-align-center has-secondary-color has-text-color has-link-color wp-elements-58d422e60e592553e71bb0b13a062d1e\" style=\"font-size:clamp(14px, 0.875rem + ((1vw - 3.2px) * 0.313), 18px);\">Um eine langfristige Produktivit\u00e4t zu gew\u00e4hrleisten, bietet mta robotics eine umfangreiche Auswahl an Ersatzteilen, Zubeh\u00f6r und Wartungskomponenten. Jeder Artikel unterst\u00fctzt eine stabile Leistung und verl\u00e4ngert die Lebensdauer des Systems.<\/p>\n<\/div>\n\n\n\n<div class=\"wp-block-group alignfull has-custom-light-gray-background-color has-background has-global-padding is-layout-constrained wp-block-group-is-layout-constrained\">\n<div class=\"wp-block-group alignwide has-custom-light-gray-background-color has-background has-global-padding is-layout-constrained wp-block-group-is-layout-constrained\">\n<div class=\"wp-block-group alignfull has-custom-light-gray-background-color has-background has-global-padding is-layout-constrained wp-container-core-group-is-layout-327816eb wp-block-group-is-layout-constrained\">\n<div style=\"height:50px\" aria-hidden=\"true\" class=\"wp-block-spacer\"><\/div>\n\n\n\n<h5 class=\"wp-block-heading alignwide has-text-align-center translation-block\" style=\"padding-right:0vw;padding-left:0vw;font-size:clamp(15.747px, 0.984rem + ((1vw - 3.2px) * 0.645), 24px);\">Suchen Sie eine Dosierl\u00f6sung f\u00fcr niedrig- und hochviskose sowie gef\u00fcllte Materialien?\nWir unterst\u00fctzen Sie dabei, die ideale und pr\u00e4zise Dosierl\u00f6sung zu finden, um Ihre Produktionsqualit\u00e4t zu verbessern und Ihren Durchsatz zu maximieren.<\/h5>\n\n\n\n<p class=\"has-text-align-center\"><\/p>\n\n\n\n<div class=\"wp-block-buttons is-content-justification-center is-layout-flex wp-container-core-buttons-is-layout-a89b3969 wp-block-buttons-is-layout-flex\">\n<div class=\"wp-block-button\"><a class=\"wp-block-button__link has-white-color has-contrast-background-color has-text-color has-background has-link-color wp-element-button\" href=\"https:\/\/mtarobotics.com\/de\/kontaktieren-sie-uns\/\">Kontaktieren Sie uns<\/a><\/div>\n<\/div>\n\n\n\n<div style=\"height:50px\" aria-hidden=\"true\" class=\"wp-block-spacer\"><\/div>\n<\/div>\n<\/div>\n<\/div>","protected":false},"excerpt":{"rendered":"<p>At mta robotics, we design advanced industrial dispensing products and solutions for liquid and viscous materials that guarantee maximum precision and repeatability. We serve the electronics, automotive, watchmaking, medical and many other manufacturing industries. Whether you require high-performance dispensers, dispensing robots, or dedicated spare parts for maintenance, our portfolio covers the entire dispensing workflow. To [&hellip;]<\/p>\n","protected":false},"author":22,"featured_media":0,"parent":0,"menu_order":17,"comment_status":"closed","ping_status":"closed","template":"wp-custom-template-1-er-niveaux-dispensing","meta":{"_acf_changed":false,"footnotes":""},"class_list":["post-21664","page","type-page","status-publish","hentry"],"acf":[],"yoast_head":"<!-- This site is optimized with the Yoast SEO plugin v27.5 - https:\/\/yoast.com\/product\/yoast-seo-wordpress\/ -->\n<title>Dispensing products | mta robotics<\/title>\n<meta name=\"description\" content=\"At mta robotics, we design advanced industrial dispensing products and solutions for liquid and viscous materials that guarantee maximum\" \/>\n<meta name=\"robots\" content=\"index, follow, max-snippet:-1, max-image-preview:large, max-video-preview:-1\" \/>\n<link rel=\"canonical\" href=\"https:\/\/mtarobotics.com\/de\/dosierprodukte\/\" \/>\n<meta property=\"og:locale\" content=\"de_DE\" \/>\n<meta property=\"og:type\" content=\"article\" \/>\n<meta property=\"og:title\" content=\"Dispensing products | mta robotics\" \/>\n<meta property=\"og:description\" content=\"At mta robotics, we design advanced industrial dispensing products and solutions for liquid and viscous materials that guarantee maximum\" \/>\n<meta property=\"og:url\" content=\"https:\/\/mtarobotics.com\/de\/dosierprodukte\/\" \/>\n<meta property=\"og:site_name\" content=\"mta robotics\" \/>\n<meta property=\"article:modified_time\" content=\"2026-02-16T16:07:21+00:00\" \/>\n<meta property=\"og:image\" content=\"https:\/\/mtarobotics.com\/wp-content\/uploads\/2024\/09\/mta_dispensing_processes_red.jpg\" \/>\n\t<meta property=\"og:image:width\" content=\"2000\" \/>\n\t<meta property=\"og:image:height\" content=\"620\" \/>\n\t<meta property=\"og:image:type\" content=\"image\/jpeg\" \/>\n<meta name=\"twitter:card\" content=\"summary_large_image\" \/>\n<meta name=\"twitter:label1\" content=\"Gesch\u00e4tzte Lesezeit\" \/>\n\t<meta name=\"twitter:data1\" content=\"5\u00a0Minuten\" \/>\n<script type=\"application\/ld+json\" class=\"yoast-schema-graph\">{\"@context\":\"https:\\\/\\\/schema.org\",\"@graph\":[{\"@type\":\"WebPage\",\"@id\":\"https:\\\/\\\/mtarobotics.com\\\/dispensing-products\\\/\",\"url\":\"https:\\\/\\\/mtarobotics.com\\\/dispensing-products\\\/\",\"name\":\"Dispensing products | mta robotics\",\"isPartOf\":{\"@id\":\"https:\\\/\\\/mtarobotics.com\\\/#website\"},\"primaryImageOfPage\":{\"@id\":\"https:\\\/\\\/mtarobotics.com\\\/dispensing-products\\\/#primaryimage\"},\"image\":{\"@id\":\"https:\\\/\\\/mtarobotics.com\\\/dispensing-products\\\/#primaryimage\"},\"thumbnailUrl\":\"https:\\\/\\\/mtarobotics.com\\\/wp-content\\\/uploads\\\/2024\\\/09\\\/mta_dispensing_processes_red.jpg\",\"datePublished\":\"2024-01-23T15:14:54+00:00\",\"dateModified\":\"2026-02-16T16:07:21+00:00\",\"description\":\"At mta robotics, we design advanced industrial dispensing products and solutions for liquid and viscous materials that guarantee maximum\",\"breadcrumb\":{\"@id\":\"https:\\\/\\\/mtarobotics.com\\\/dispensing-products\\\/#breadcrumb\"},\"inLanguage\":\"de\",\"potentialAction\":[{\"@type\":\"ReadAction\",\"target\":[\"https:\\\/\\\/mtarobotics.com\\\/dispensing-products\\\/\"]}]},{\"@type\":\"ImageObject\",\"inLanguage\":\"de\",\"@id\":\"https:\\\/\\\/mtarobotics.com\\\/dispensing-products\\\/#primaryimage\",\"url\":\"https:\\\/\\\/mtarobotics.com\\\/wp-content\\\/uploads\\\/2024\\\/09\\\/mta_dispensing_processes_red.jpg\",\"contentUrl\":\"https:\\\/\\\/mtarobotics.com\\\/wp-content\\\/uploads\\\/2024\\\/09\\\/mta_dispensing_processes_red.jpg\"},{\"@type\":\"BreadcrumbList\",\"@id\":\"https:\\\/\\\/mtarobotics.com\\\/dispensing-products\\\/#breadcrumb\",\"itemListElement\":[{\"@type\":\"ListItem\",\"position\":1,\"name\":\"Home\",\"item\":\"https:\\\/\\\/mtarobotics.com\\\/\"},{\"@type\":\"ListItem\",\"position\":2,\"name\":\"Dispensing products\"}]},{\"@type\":\"WebSite\",\"@id\":\"https:\\\/\\\/mtarobotics.com\\\/#website\",\"url\":\"https:\\\/\\\/mtarobotics.com\\\/\",\"name\":\"mta robotics\",\"description\":\"Robotics for soldering and dispensing\",\"publisher\":{\"@id\":\"https:\\\/\\\/mtarobotics.com\\\/#organization\"},\"potentialAction\":[{\"@type\":\"SearchAction\",\"target\":{\"@type\":\"EntryPoint\",\"urlTemplate\":\"https:\\\/\\\/mtarobotics.com\\\/?s={search_term_string}\"},\"query-input\":{\"@type\":\"PropertyValueSpecification\",\"valueRequired\":true,\"valueName\":\"search_term_string\"}}],\"inLanguage\":\"de\"},{\"@type\":\"Organization\",\"@id\":\"https:\\\/\\\/mtarobotics.com\\\/#organization\",\"name\":\"Mta robotics\",\"url\":\"https:\\\/\\\/mtarobotics.com\\\/\",\"logo\":{\"@type\":\"ImageObject\",\"inLanguage\":\"de\",\"@id\":\"https:\\\/\\\/mtarobotics.com\\\/#\\\/schema\\\/logo\\\/image\\\/\",\"url\":\"https:\\\/\\\/mtarobotics.com\\\/wp-content\\\/uploads\\\/2019\\\/03\\\/mta.png\",\"contentUrl\":\"https:\\\/\\\/mtarobotics.com\\\/wp-content\\\/uploads\\\/2019\\\/03\\\/mta.png\",\"width\":170,\"height\":84,\"caption\":\"Mta robotics\"},\"image\":{\"@id\":\"https:\\\/\\\/mtarobotics.com\\\/#\\\/schema\\\/logo\\\/image\\\/\"}}]}<\/script>\n<!-- \/ Yoast SEO plugin. -->","yoast_head_json":{"title":"Produkte f\u00fcr die Dosierung | mta robotics","description":"Wir von mta robotics entwickeln fortschrittliche industrielle Dosierprodukte und -l\u00f6sungen f\u00fcr fl\u00fcssige und z\u00e4hfl\u00fcssige Materialien, die ein Maximum an","robots":{"index":"index","follow":"follow","max-snippet":"max-snippet:-1","max-image-preview":"max-image-preview:large","max-video-preview":"max-video-preview:-1"},"canonical":"https:\/\/mtarobotics.com\/de\/dosierprodukte\/","og_locale":"de_DE","og_type":"article","og_title":"Dispensing products | mta robotics","og_description":"At mta robotics, we design advanced industrial dispensing products and solutions for liquid and viscous materials that guarantee maximum","og_url":"https:\/\/mtarobotics.com\/de\/dosierprodukte\/","og_site_name":"mta robotics","article_modified_time":"2026-02-16T16:07:21+00:00","og_image":[{"width":2000,"height":620,"url":"https:\/\/mtarobotics.com\/wp-content\/uploads\/2024\/09\/mta_dispensing_processes_red.jpg","type":"image\/jpeg"}],"twitter_card":"summary_large_image","twitter_misc":{"Gesch\u00e4tzte Lesezeit":"5\u00a0Minuten"},"schema":{"@context":"https:\/\/schema.org","@graph":[{"@type":"WebPage","@id":"https:\/\/mtarobotics.com\/dispensing-products\/","url":"https:\/\/mtarobotics.com\/dispensing-products\/","name":"Produkte f\u00fcr die Dosierung | mta robotics","isPartOf":{"@id":"https:\/\/mtarobotics.com\/#website"},"primaryImageOfPage":{"@id":"https:\/\/mtarobotics.com\/dispensing-products\/#primaryimage"},"image":{"@id":"https:\/\/mtarobotics.com\/dispensing-products\/#primaryimage"},"thumbnailUrl":"https:\/\/mtarobotics.com\/wp-content\/uploads\/2024\/09\/mta_dispensing_processes_red.jpg","datePublished":"2024-01-23T15:14:54+00:00","dateModified":"2026-02-16T16:07:21+00:00","description":"Wir von mta robotics entwickeln fortschrittliche industrielle Dosierprodukte und -l\u00f6sungen f\u00fcr fl\u00fcssige und z\u00e4hfl\u00fcssige Materialien, die ein Maximum an","breadcrumb":{"@id":"https:\/\/mtarobotics.com\/dispensing-products\/#breadcrumb"},"inLanguage":"de","potentialAction":[{"@type":"ReadAction","target":["https:\/\/mtarobotics.com\/dispensing-products\/"]}]},{"@type":"ImageObject","inLanguage":"de","@id":"https:\/\/mtarobotics.com\/dispensing-products\/#primaryimage","url":"https:\/\/mtarobotics.com\/wp-content\/uploads\/2024\/09\/mta_dispensing_processes_red.jpg","contentUrl":"https:\/\/mtarobotics.com\/wp-content\/uploads\/2024\/09\/mta_dispensing_processes_red.jpg"},{"@type":"BreadcrumbList","@id":"https:\/\/mtarobotics.com\/dispensing-products\/#breadcrumb","itemListElement":[{"@type":"ListItem","position":1,"name":"Home","item":"https:\/\/mtarobotics.com\/"},{"@type":"ListItem","position":2,"name":"Dispensing products"}]},{"@type":"WebSite","@id":"https:\/\/mtarobotics.com\/#website","url":"https:\/\/mtarobotics.com\/","name":"mta robotics","description":"Robotertechnik f\u00fcr L\u00f6ten und Dosieren","publisher":{"@id":"https:\/\/mtarobotics.com\/#organization"},"potentialAction":[{"@type":"SearchAction","target":{"@type":"EntryPoint","urlTemplate":"https:\/\/mtarobotics.com\/?s={search_term_string}"},"query-input":{"@type":"PropertyValueSpecification","valueRequired":true,"valueName":"search_term_string"}}],"inLanguage":"de"},{"@type":"Organization","@id":"https:\/\/mtarobotics.com\/#organization","name":"Mta-Robotik","url":"https:\/\/mtarobotics.com\/","logo":{"@type":"ImageObject","inLanguage":"de","@id":"https:\/\/mtarobotics.com\/#\/schema\/logo\/image\/","url":"https:\/\/mtarobotics.com\/wp-content\/uploads\/2019\/03\/mta.png","contentUrl":"https:\/\/mtarobotics.com\/wp-content\/uploads\/2019\/03\/mta.png","width":170,"height":84,"caption":"Mta robotics"},"image":{"@id":"https:\/\/mtarobotics.com\/#\/schema\/logo\/image\/"}}]}},"_links":{"self":[{"href":"https:\/\/mtarobotics.com\/de\/wp-json\/wp\/v2\/pages\/21664","targetHints":{"allow":["GET"]}}],"collection":[{"href":"https:\/\/mtarobotics.com\/de\/wp-json\/wp\/v2\/pages"}],"about":[{"href":"https:\/\/mtarobotics.com\/de\/wp-json\/wp\/v2\/types\/page"}],"author":[{"embeddable":true,"href":"https:\/\/mtarobotics.com\/de\/wp-json\/wp\/v2\/users\/22"}],"replies":[{"embeddable":true,"href":"https:\/\/mtarobotics.com\/de\/wp-json\/wp\/v2\/comments?post=21664"}],"version-history":[{"count":16,"href":"https:\/\/mtarobotics.com\/de\/wp-json\/wp\/v2\/pages\/21664\/revisions"}],"predecessor-version":[{"id":27436,"href":"https:\/\/mtarobotics.com\/de\/wp-json\/wp\/v2\/pages\/21664\/revisions\/27436"}],"wp:attachment":[{"href":"https:\/\/mtarobotics.com\/de\/wp-json\/wp\/v2\/media?parent=21664"}],"curies":[{"name":"wp","href":"https:\/\/api.w.org\/{rel}","templated":true}]}}