{"id":27882,"date":"2026-05-11T11:34:11","date_gmt":"2026-05-11T09:34:11","guid":{"rendered":"https:\/\/mtarobotics.com\/?page_id=27882"},"modified":"2026-05-12T08:33:30","modified_gmt":"2026-05-12T06:33:30","slug":"beruhrungsloses-mikrodosieren","status":"publish","type":"page","link":"https:\/\/mtarobotics.com\/de\/about-us\/mta-robotics-competencies\/contactless-microdispensing\/","title":{"rendered":"Kontaktloses Mikrodosieren"},"content":{"rendered":"<header class=\"wp-block-cover alignfull is-light custom_page_banner\" id=\"banners-simple\"><img loading=\"lazy\" decoding=\"async\" width=\"1800\" height=\"600\" class=\"wp-block-cover__image-background wp-image-27929 size-full\" alt=\"MTA Robotics kontaktloses Mikrodosieren\" src=\"https:\/\/mtarobotics.com\/wp-content\/uploads\/2026\/05\/mta-robotics-contactless-microdispensing-05-2026.jpg\" style=\"object-position:50% 100%\" data-object-fit=\"cover\" data-object-position=\"50% 100%\" srcset=\"https:\/\/mtarobotics.com\/wp-content\/uploads\/2026\/05\/mta-robotics-contactless-microdispensing-05-2026.jpg 1800w, https:\/\/mtarobotics.com\/wp-content\/uploads\/2026\/05\/mta-robotics-contactless-microdispensing-05-2026-600x200.jpg 600w, https:\/\/mtarobotics.com\/wp-content\/uploads\/2026\/05\/mta-robotics-contactless-microdispensing-05-2026-1024x341.jpg 1024w, https:\/\/mtarobotics.com\/wp-content\/uploads\/2026\/05\/mta-robotics-contactless-microdispensing-05-2026-768x256.jpg 768w, https:\/\/mtarobotics.com\/wp-content\/uploads\/2026\/05\/mta-robotics-contactless-microdispensing-05-2026-1536x512.jpg 1536w, https:\/\/mtarobotics.com\/wp-content\/uploads\/2026\/05\/mta-robotics-contactless-microdispensing-05-2026-18x6.jpg 18w, https:\/\/mtarobotics.com\/wp-content\/uploads\/2026\/05\/mta-robotics-contactless-microdispensing-05-2026-1568x523.jpg 1568w\" sizes=\"auto, (max-width: 1800px) 100vw, 1800px\" \/><span aria-hidden=\"true\" class=\"wp-block-cover__background has-background-dim-0 has-background-dim\" style=\"background-color:#818482\"><\/span><div class=\"wp-block-cover__inner-container has-global-padding is-layout-constrained wp-block-cover-is-layout-constrained\">\n<p class=\"has-text-align-center has-large-font-size\"><\/p>\n<\/div><\/header>\n\n\n\n<div class=\"wp-block-group has-global-padding is-layout-constrained wp-container-core-group-is-layout-9e72a6fd wp-block-group-is-layout-constrained\" style=\"margin-top:var(--wp--preset--spacing--60);padding-top:var(--wp--preset--spacing--50);padding-right:var(--wp--preset--spacing--50);padding-bottom:var(--wp--preset--spacing--50);padding-left:var(--wp--preset--spacing--50)\">\n<h1 class=\"wp-block-heading\">Kontaktloses Mikrodosieren<\/h1>\n\n\n\n<p>Die hochmoderne perfecdos-Jetventiltechnologie wird eingesetzt, um kleine Fl\u00fcssigkeitsmengen mit hoher Frequenz und au\u00dfergew\u00f6hnlicher Pr\u00e4zision auf Substrate aufzutragen. Mit einer Wiederholgenauigkeit von mehr als 99 % in Bezug auf Formfaktor und Volumen auf dem Substrat gew\u00e4hrleistet dieses System eine unvergleichliche Konsistenz der Dosierergebnisse.<\/p>\n\n\n\n<p>Dieses hohe Ma\u00df an Pr\u00e4zision erh\u00f6ht die Stabilit\u00e4t des gesamten Produktionsprozesses und verbessert die Qualit\u00e4t der Endprodukte erheblich, was die Dosierl\u00f6sungen von mta zu einer zuverl\u00e4ssigen Wahl f\u00fcr anspruchsvolle Anwendungen macht.<\/p>\n<\/div>\n\n\n\n<div class=\"wp-block-columns is-layout-flex wp-container-core-columns-is-layout-51c0b34d wp-block-columns-is-layout-flex\" style=\"padding-top:var(--wp--preset--spacing--50);padding-bottom:var(--wp--preset--spacing--50)\">\n<div class=\"wp-block-column is-layout-flow wp-block-column-is-layout-flow\" style=\"padding-right:var(--wp--preset--spacing--50);padding-left:var(--wp--preset--spacing--50);flex-basis:70%\">\n<div class=\"wp-block-group is-vertical is-nowrap is-layout-flex wp-container-core-group-is-layout-786d3176 wp-block-group-is-layout-flex\" style=\"padding-right:var(--wp--preset--spacing--50)\">\n<h2 class=\"wp-block-heading\"><strong>Ber\u00fchrungslose Dosierl\u00f6sungen<\/strong><\/h2>\n\n\n\n<p>Die kontaktlosen Dispenserl\u00f6sungen von mta zeichnen sich durch ihre au\u00dfergew\u00f6hnliche Vielseitigkeit und Leistungsf\u00e4higkeit aus. Mit leistungsstarken Dispensierventilen eignen sich diese Systeme hervorragend zum schnellen Dosieren gro\u00dfer Mengen sehr kleiner, pr\u00e4ziser Punkte und sind damit ideal f\u00fcr die anspruchsvollsten Anwendungen. Sie sind mit einer breiten Palette von Materialien kompatibel, von leicht zu dosierenden Fetten bis hin zu anspruchsvollen Substanzen wie hoch gef\u00fcllten Epoxidklebstoffen und Cyanacrylatklebern, die h\u00e4ufig in der Produktion von Medizinprodukten eingesetzt werden.<br><br>Einer der Hauptvorteile der mta-Dosiersysteme ist ihre un\u00fcbertroffene Pr\u00e4zision, selbst wenn sie mit extrem kleinen Materialmengen arbeiten. In der Uhrenindustrie und der Feinmechanik werden mta Mikrodosiersysteme beispielsweise eingesetzt, um synthetische Pr\u00e4zisions\u00f6le mit au\u00dfergew\u00f6hnlicher Genauigkeit auf die Lager von mechanischen Uhren aufzutragen. &nbsp;<\/p>\n\n\n\n<p>Die F\u00e4higkeit, winzige, ber\u00fchrungslose Tr\u00f6pfchen von Fett, \u00d6l oder Klebstoff mit pr\u00e4ziser Kontrolle abzugeben, macht mta perfecdos Jet-Ventile zur perfekten L\u00f6sung f\u00fcr eine Vielzahl von Anwendungen in verschiedenen&nbsp;<a href=\"https:\/\/mtarobotics.com\/de\/marktanwendungen\/\" target=\"_blank\" rel=\"noreferrer noopener\">Industrie zum Einsatz<\/a>.<\/p>\n\n\n\n<h3 class=\"wp-block-heading\"><strong>Mikrodosier-Jetventil perfecdos PDos X1<\/strong><\/h3>\n\n\n\n<p>Die mta&nbsp;<a href=\"https:\/\/mtarobotics.com\/de\/produkte\/dosierprodukte\/dosierkoepfe\/jet-mikrodosierventil-pdos-x1\/\" target=\"_blank\" rel=\"noreferrer noopener\">PDos X1 Jetventile<\/a>&nbsp;k\u00f6nnen Tr\u00f6pfchen mit einer Gr\u00f6\u00dfe von bis zu 300 \u00b5m dosieren und bieten eine unvergleichliche Pr\u00e4zision f\u00fcr eine Vielzahl von Materialien:<\/p>\n\n\n\n<ul class=\"wp-block-list\">\n<li><strong><strong><strong>Lacke<\/strong><\/strong><\/strong><\/li>\n\n\n\n<li><strong><strong><strong>Abdeckmaterialien<\/strong><\/strong><\/strong><\/li>\n\n\n\n<li><strong>Cyanacrylate<\/strong><\/li>\n\n\n\n<li><strong>Anaerobe Klebstoffe<\/strong><\/li>\n\n\n\n<li><strong>Silbergef\u00fcllte leitf\u00e4hige Expoxys<\/strong><\/li>\n\n\n\n<li><strong>L\u00f6tpaste<\/strong><\/li>\n\n\n\n<li><strong>Fette und \u00d6le<\/strong><\/li>\n\n\n\n<li><strong>Silikone<\/strong><\/li>\n<\/ul>\n<\/div>\n<\/div>\n\n\n\n<div class=\"wp-block-column is-layout-flow wp-block-column-is-layout-flow\" style=\"flex-basis:30%\">\n<figure class=\"wp-block-image size-medium has-custom-border\" style=\"margin-right:var(--wp--preset--spacing--50);margin-left:var(--wp--preset--spacing--50)\"><img loading=\"lazy\" decoding=\"async\" width=\"386\" height=\"600\" src=\"https:\/\/mtarobotics.com\/wp-content\/uploads\/2025\/03\/mta_Perfecdos_PDosX1_micro_dispensing_jet_valve_07.2024-386x600.png\" alt=\"Mta Perfecdos Pdosx1 Mikrodosier-Jetventil 07 2024\" class=\"wp-image-25926\" style=\"border-style:none;border-width:0px;border-top-left-radius:5px;border-top-right-radius:5px;border-bottom-left-radius:5px;border-bottom-right-radius:5px\" srcset=\"https:\/\/mtarobotics.com\/wp-content\/uploads\/2025\/03\/mta_Perfecdos_PDosX1_micro_dispensing_jet_valve_07.2024-386x600.png 386w, https:\/\/mtarobotics.com\/wp-content\/uploads\/2025\/03\/mta_Perfecdos_PDosX1_micro_dispensing_jet_valve_07.2024-660x1024.png 660w, https:\/\/mtarobotics.com\/wp-content\/uploads\/2025\/03\/mta_Perfecdos_PDosX1_micro_dispensing_jet_valve_07.2024-768x1192.png 768w, https:\/\/mtarobotics.com\/wp-content\/uploads\/2025\/03\/mta_Perfecdos_PDosX1_micro_dispensing_jet_valve_07.2024-989x1536.png 989w, https:\/\/mtarobotics.com\/wp-content\/uploads\/2025\/03\/mta_Perfecdos_PDosX1_micro_dispensing_jet_valve_07.2024-1319x2048.png 1319w, https:\/\/mtarobotics.com\/wp-content\/uploads\/2025\/03\/mta_Perfecdos_PDosX1_micro_dispensing_jet_valve_07.2024.png 1513w\" sizes=\"auto, (max-width: 386px) 100vw, 386px\" \/><\/figure>\n<\/div>\n<\/div>\n\n\n\n<div class=\"wp-block-group has-global-padding is-content-justification-left is-layout-constrained wp-container-core-group-is-layout-6f2e0594 wp-block-group-is-layout-constrained\" style=\"margin-top:var(--wp--preset--spacing--60);margin-bottom:var(--wp--preset--spacing--60)\">\n<div class=\"wp-block-buttons is-layout-flex wp-block-buttons-is-layout-flex\">\n<div class=\"wp-block-button\"><a class=\"wp-block-button__link has-contrast-background-color has-background wp-element-button\" href=\"https:\/\/mtarobotics.com\/de\/produkte\/dosierprodukte\/dosierkoepfe\/jet-mikrodosierventil-pdos-x1\/\" style=\"padding-top:var(--wp--preset--spacing--20);padding-right:var(--wp--preset--spacing--50);padding-bottom:var(--wp--preset--spacing--20);padding-left:var(--wp--preset--spacing--50)\" target=\"_blank\" rel=\"noreferrer noopener\">Lesen Sie mehr \u00fcber das Mikrodosier-Jetventil PDos X1 <\/a><\/div>\n<\/div>\n<\/div>","protected":false},"excerpt":{"rendered":"<p>Contactless microdispensing State-of-the-art perfecdos jet valve technology is used to dispense small fluid volumes onto substrates with high frequency and exceptional precision. With a repeatability rate exceeding 99% in terms of form factor and volume on the substrate, this system ensures unparalleled consistency in dispensing results. This high level of precision enhances the stability of [&hellip;]<\/p>\n","protected":false},"author":300026,"featured_media":27929,"parent":27891,"menu_order":3,"comment_status":"closed","ping_status":"closed","template":"","meta":{"_acf_changed":false,"footnotes":""},"class_list":["post-27882","page","type-page","status-publish","has-post-thumbnail","hentry"],"acf":[],"yoast_head":"<!-- This site is optimized with the Yoast SEO plugin v27.6 - https:\/\/yoast.com\/product\/yoast-seo-wordpress\/ -->\n<title>Contactless microdispensing | mta robotics AG<\/title>\n<meta name=\"description\" content=\"State-of-the-art jet valve technology is used to dispense small fluid volumes onto substrates with high frequency and exceptional precision.\" \/>\n<meta name=\"robots\" content=\"index, follow, max-snippet:-1, max-image-preview:large, max-video-preview:-1\" \/>\n<link rel=\"canonical\" href=\"https:\/\/mtarobotics.com\/de\/uber-uns\/mta-robotics-kompetenzen\/beruhrungsloses-mikrodosieren\/\" \/>\n<meta property=\"og:locale\" content=\"de_DE\" \/>\n<meta property=\"og:type\" content=\"article\" \/>\n<meta property=\"og:title\" content=\"Contactless microdispensing | mta robotics AG\" \/>\n<meta property=\"og:description\" content=\"State-of-the-art jet valve technology is used to dispense small fluid volumes onto substrates with high frequency and exceptional precision.\" \/>\n<meta property=\"og:url\" content=\"https:\/\/mtarobotics.com\/de\/uber-uns\/mta-robotics-kompetenzen\/beruhrungsloses-mikrodosieren\/\" \/>\n<meta property=\"og:site_name\" content=\"mta robotics\" \/>\n<meta property=\"article:modified_time\" content=\"2026-05-12T06:33:30+00:00\" \/>\n<meta property=\"og:image\" content=\"https:\/\/mtarobotics.com\/wp-content\/uploads\/2026\/05\/mta-robotics-contactless-microdispensing-05-2026.jpg\" \/>\n\t<meta property=\"og:image:width\" content=\"1800\" \/>\n\t<meta property=\"og:image:height\" content=\"600\" \/>\n\t<meta property=\"og:image:type\" content=\"image\/jpeg\" \/>\n<meta name=\"twitter:card\" content=\"summary_large_image\" \/>\n<meta name=\"twitter:label1\" content=\"Gesch\u00e4tzte Lesezeit\" \/>\n\t<meta name=\"twitter:data1\" content=\"2\u00a0Minuten\" \/>\n<script type=\"application\/ld+json\" class=\"yoast-schema-graph\">{\"@context\":\"https:\\\/\\\/schema.org\",\"@graph\":[{\"@type\":\"WebPage\",\"@id\":\"https:\\\/\\\/mtarobotics.com\\\/about-us\\\/mta-robotics-competencies\\\/contactless-microdispensing\\\/\",\"url\":\"https:\\\/\\\/mtarobotics.com\\\/about-us\\\/mta-robotics-competencies\\\/contactless-microdispensing\\\/\",\"name\":\"Contactless microdispensing | mta robotics AG\",\"isPartOf\":{\"@id\":\"https:\\\/\\\/mtarobotics.com\\\/#website\"},\"primaryImageOfPage\":{\"@id\":\"https:\\\/\\\/mtarobotics.com\\\/about-us\\\/mta-robotics-competencies\\\/contactless-microdispensing\\\/#primaryimage\"},\"image\":{\"@id\":\"https:\\\/\\\/mtarobotics.com\\\/about-us\\\/mta-robotics-competencies\\\/contactless-microdispensing\\\/#primaryimage\"},\"thumbnailUrl\":\"https:\\\/\\\/mtarobotics.com\\\/wp-content\\\/uploads\\\/2026\\\/05\\\/mta-robotics-contactless-microdispensing-05-2026.jpg\",\"datePublished\":\"2026-05-11T09:34:11+00:00\",\"dateModified\":\"2026-05-12T06:33:30+00:00\",\"description\":\"State-of-the-art jet valve technology is used to dispense small fluid volumes onto substrates with high frequency and exceptional precision.\",\"breadcrumb\":{\"@id\":\"https:\\\/\\\/mtarobotics.com\\\/about-us\\\/mta-robotics-competencies\\\/contactless-microdispensing\\\/#breadcrumb\"},\"inLanguage\":\"de\",\"potentialAction\":[{\"@type\":\"ReadAction\",\"target\":[\"https:\\\/\\\/mtarobotics.com\\\/about-us\\\/mta-robotics-competencies\\\/contactless-microdispensing\\\/\"]}]},{\"@type\":\"ImageObject\",\"inLanguage\":\"de\",\"@id\":\"https:\\\/\\\/mtarobotics.com\\\/about-us\\\/mta-robotics-competencies\\\/contactless-microdispensing\\\/#primaryimage\",\"url\":\"https:\\\/\\\/mtarobotics.com\\\/wp-content\\\/uploads\\\/2026\\\/05\\\/mta-robotics-contactless-microdispensing-05-2026.jpg\",\"contentUrl\":\"https:\\\/\\\/mtarobotics.com\\\/wp-content\\\/uploads\\\/2026\\\/05\\\/mta-robotics-contactless-microdispensing-05-2026.jpg\",\"width\":1800,\"height\":600,\"caption\":\"mta robotics contactless microdispensing\"},{\"@type\":\"BreadcrumbList\",\"@id\":\"https:\\\/\\\/mtarobotics.com\\\/about-us\\\/mta-robotics-competencies\\\/contactless-microdispensing\\\/#breadcrumb\",\"itemListElement\":[{\"@type\":\"ListItem\",\"position\":1,\"name\":\"Home\",\"item\":\"https:\\\/\\\/mtarobotics.com\\\/\"},{\"@type\":\"ListItem\",\"position\":2,\"name\":\"About us\",\"item\":\"https:\\\/\\\/mtarobotics.com\\\/\"},{\"@type\":\"ListItem\",\"position\":3,\"name\":\"Competencies\",\"item\":\"https:\\\/\\\/mtarobotics.com\\\/about-us\\\/mta-robotics-competencies\\\/\"},{\"@type\":\"ListItem\",\"position\":4,\"name\":\"Contactless microdispensing\"}]},{\"@type\":\"WebSite\",\"@id\":\"https:\\\/\\\/mtarobotics.com\\\/#website\",\"url\":\"https:\\\/\\\/mtarobotics.com\\\/\",\"name\":\"mta robotics\",\"description\":\"Robotics for soldering and dispensing\",\"publisher\":{\"@id\":\"https:\\\/\\\/mtarobotics.com\\\/#organization\"},\"potentialAction\":[{\"@type\":\"SearchAction\",\"target\":{\"@type\":\"EntryPoint\",\"urlTemplate\":\"https:\\\/\\\/mtarobotics.com\\\/?s={search_term_string}\"},\"query-input\":{\"@type\":\"PropertyValueSpecification\",\"valueRequired\":true,\"valueName\":\"search_term_string\"}}],\"inLanguage\":\"de\"},{\"@type\":\"Organization\",\"@id\":\"https:\\\/\\\/mtarobotics.com\\\/#organization\",\"name\":\"Mta robotics\",\"url\":\"https:\\\/\\\/mtarobotics.com\\\/\",\"logo\":{\"@type\":\"ImageObject\",\"inLanguage\":\"de\",\"@id\":\"https:\\\/\\\/mtarobotics.com\\\/#\\\/schema\\\/logo\\\/image\\\/\",\"url\":\"https:\\\/\\\/mtarobotics.com\\\/wp-content\\\/uploads\\\/2019\\\/03\\\/mta.png\",\"contentUrl\":\"https:\\\/\\\/mtarobotics.com\\\/wp-content\\\/uploads\\\/2019\\\/03\\\/mta.png\",\"width\":170,\"height\":84,\"caption\":\"Mta robotics\"},\"image\":{\"@id\":\"https:\\\/\\\/mtarobotics.com\\\/#\\\/schema\\\/logo\\\/image\\\/\"}}]}<\/script>\n<!-- \/ Yoast SEO plugin. -->","yoast_head_json":{"title":"Ber\u00fchrungsloses Mikrodosieren | mta robotics AG","description":"Es wird eine hochmoderne Jet-Ventil-Technologie verwendet, um kleine Fl\u00fcssigkeitsvolumina mit hoher Frequenz und au\u00dfergew\u00f6hnlicher Pr\u00e4zision auf Substrate zu dosieren.","robots":{"index":"index","follow":"follow","max-snippet":"max-snippet:-1","max-image-preview":"max-image-preview:large","max-video-preview":"max-video-preview:-1"},"canonical":"https:\/\/mtarobotics.com\/de\/uber-uns\/mta-robotics-kompetenzen\/beruhrungsloses-mikrodosieren\/","og_locale":"de_DE","og_type":"article","og_title":"Contactless microdispensing | mta robotics AG","og_description":"State-of-the-art jet valve technology is used to dispense small fluid volumes onto substrates with high frequency and exceptional precision.","og_url":"https:\/\/mtarobotics.com\/de\/uber-uns\/mta-robotics-kompetenzen\/beruhrungsloses-mikrodosieren\/","og_site_name":"mta robotics","article_modified_time":"2026-05-12T06:33:30+00:00","og_image":[{"width":1800,"height":600,"url":"https:\/\/mtarobotics.com\/wp-content\/uploads\/2026\/05\/mta-robotics-contactless-microdispensing-05-2026.jpg","type":"image\/jpeg"}],"twitter_card":"summary_large_image","twitter_misc":{"Gesch\u00e4tzte Lesezeit":"2\u00a0Minuten"},"schema":{"@context":"https:\/\/schema.org","@graph":[{"@type":"WebPage","@id":"https:\/\/mtarobotics.com\/about-us\/mta-robotics-competencies\/contactless-microdispensing\/","url":"https:\/\/mtarobotics.com\/about-us\/mta-robotics-competencies\/contactless-microdispensing\/","name":"Ber\u00fchrungsloses Mikrodosieren | mta robotics AG","isPartOf":{"@id":"https:\/\/mtarobotics.com\/#website"},"primaryImageOfPage":{"@id":"https:\/\/mtarobotics.com\/about-us\/mta-robotics-competencies\/contactless-microdispensing\/#primaryimage"},"image":{"@id":"https:\/\/mtarobotics.com\/about-us\/mta-robotics-competencies\/contactless-microdispensing\/#primaryimage"},"thumbnailUrl":"https:\/\/mtarobotics.com\/wp-content\/uploads\/2026\/05\/mta-robotics-contactless-microdispensing-05-2026.jpg","datePublished":"2026-05-11T09:34:11+00:00","dateModified":"2026-05-12T06:33:30+00:00","description":"Es wird eine hochmoderne Jet-Ventil-Technologie verwendet, um kleine Fl\u00fcssigkeitsvolumina mit hoher Frequenz und au\u00dfergew\u00f6hnlicher Pr\u00e4zision auf Substrate zu dosieren.","breadcrumb":{"@id":"https:\/\/mtarobotics.com\/about-us\/mta-robotics-competencies\/contactless-microdispensing\/#breadcrumb"},"inLanguage":"de","potentialAction":[{"@type":"ReadAction","target":["https:\/\/mtarobotics.com\/about-us\/mta-robotics-competencies\/contactless-microdispensing\/"]}]},{"@type":"ImageObject","inLanguage":"de","@id":"https:\/\/mtarobotics.com\/about-us\/mta-robotics-competencies\/contactless-microdispensing\/#primaryimage","url":"https:\/\/mtarobotics.com\/wp-content\/uploads\/2026\/05\/mta-robotics-contactless-microdispensing-05-2026.jpg","contentUrl":"https:\/\/mtarobotics.com\/wp-content\/uploads\/2026\/05\/mta-robotics-contactless-microdispensing-05-2026.jpg","width":1800,"height":600,"caption":"mta robotics contactless microdispensing"},{"@type":"BreadcrumbList","@id":"https:\/\/mtarobotics.com\/about-us\/mta-robotics-competencies\/contactless-microdispensing\/#breadcrumb","itemListElement":[{"@type":"ListItem","position":1,"name":"Home","item":"https:\/\/mtarobotics.com\/"},{"@type":"ListItem","position":2,"name":"About us","item":"https:\/\/mtarobotics.com\/"},{"@type":"ListItem","position":3,"name":"Competencies","item":"https:\/\/mtarobotics.com\/about-us\/mta-robotics-competencies\/"},{"@type":"ListItem","position":4,"name":"Contactless microdispensing"}]},{"@type":"WebSite","@id":"https:\/\/mtarobotics.com\/#website","url":"https:\/\/mtarobotics.com\/","name":"mta robotics","description":"Robotertechnik f\u00fcr L\u00f6ten und Dosieren","publisher":{"@id":"https:\/\/mtarobotics.com\/#organization"},"potentialAction":[{"@type":"SearchAction","target":{"@type":"EntryPoint","urlTemplate":"https:\/\/mtarobotics.com\/?s={search_term_string}"},"query-input":{"@type":"PropertyValueSpecification","valueRequired":true,"valueName":"search_term_string"}}],"inLanguage":"de"},{"@type":"Organization","@id":"https:\/\/mtarobotics.com\/#organization","name":"Mta-Robotik","url":"https:\/\/mtarobotics.com\/","logo":{"@type":"ImageObject","inLanguage":"de","@id":"https:\/\/mtarobotics.com\/#\/schema\/logo\/image\/","url":"https:\/\/mtarobotics.com\/wp-content\/uploads\/2019\/03\/mta.png","contentUrl":"https:\/\/mtarobotics.com\/wp-content\/uploads\/2019\/03\/mta.png","width":170,"height":84,"caption":"Mta robotics"},"image":{"@id":"https:\/\/mtarobotics.com\/#\/schema\/logo\/image\/"}}]}},"_links":{"self":[{"href":"https:\/\/mtarobotics.com\/de\/wp-json\/wp\/v2\/pages\/27882","targetHints":{"allow":["GET"]}}],"collection":[{"href":"https:\/\/mtarobotics.com\/de\/wp-json\/wp\/v2\/pages"}],"about":[{"href":"https:\/\/mtarobotics.com\/de\/wp-json\/wp\/v2\/types\/page"}],"author":[{"embeddable":true,"href":"https:\/\/mtarobotics.com\/de\/wp-json\/wp\/v2\/users\/300026"}],"replies":[{"embeddable":true,"href":"https:\/\/mtarobotics.com\/de\/wp-json\/wp\/v2\/comments?post=27882"}],"version-history":[{"count":9,"href":"https:\/\/mtarobotics.com\/de\/wp-json\/wp\/v2\/pages\/27882\/revisions"}],"predecessor-version":[{"id":27957,"href":"https:\/\/mtarobotics.com\/de\/wp-json\/wp\/v2\/pages\/27882\/revisions\/27957"}],"up":[{"embeddable":true,"href":"https:\/\/mtarobotics.com\/de\/wp-json\/wp\/v2\/pages\/27891"}],"wp:featuredmedia":[{"embeddable":true,"href":"https:\/\/mtarobotics.com\/de\/wp-json\/wp\/v2\/media\/27929"}],"wp:attachment":[{"href":"https:\/\/mtarobotics.com\/de\/wp-json\/wp\/v2\/media?parent=27882"}],"curies":[{"name":"wp","href":"https:\/\/api.w.org\/{rel}","templated":true}]}}