{"id":27886,"date":"2026-05-11T11:37:49","date_gmt":"2026-05-11T09:37:49","guid":{"rendered":"https:\/\/mtarobotics.com\/?page_id=27886"},"modified":"2026-05-12T08:33:40","modified_gmt":"2026-05-12T06:33:40","slug":"optische-stellenkontrolle","status":"publish","type":"page","link":"https:\/\/mtarobotics.com\/de\/about-us\/mta-robotics-competencies\/optical-inspection\/","title":{"rendered":"Optische Stellenkontrolle"},"content":{"rendered":"<header class=\"wp-block-cover alignfull is-light custom_page_banner\" id=\"banners-simple\"><img loading=\"lazy\" decoding=\"async\" width=\"1800\" height=\"600\" class=\"wp-block-cover__image-background wp-image-27938 size-full\" alt=\"mta robotics AOI-AI f\u00fcr L\u00f6t- und Dispenserprozesse\" src=\"https:\/\/mtarobotics.com\/wp-content\/uploads\/2026\/05\/mta-robotics-AOI-AI-05-2026.jpg\" style=\"object-position:50% 50%\" data-object-fit=\"cover\" data-object-position=\"50% 50%\" srcset=\"https:\/\/mtarobotics.com\/wp-content\/uploads\/2026\/05\/mta-robotics-AOI-AI-05-2026.jpg 1800w, https:\/\/mtarobotics.com\/wp-content\/uploads\/2026\/05\/mta-robotics-AOI-AI-05-2026-600x200.jpg 600w, https:\/\/mtarobotics.com\/wp-content\/uploads\/2026\/05\/mta-robotics-AOI-AI-05-2026-1024x341.jpg 1024w, https:\/\/mtarobotics.com\/wp-content\/uploads\/2026\/05\/mta-robotics-AOI-AI-05-2026-768x256.jpg 768w, https:\/\/mtarobotics.com\/wp-content\/uploads\/2026\/05\/mta-robotics-AOI-AI-05-2026-1536x512.jpg 1536w, https:\/\/mtarobotics.com\/wp-content\/uploads\/2026\/05\/mta-robotics-AOI-AI-05-2026-18x6.jpg 18w, https:\/\/mtarobotics.com\/wp-content\/uploads\/2026\/05\/mta-robotics-AOI-AI-05-2026-1568x523.jpg 1568w\" sizes=\"auto, (max-width: 1800px) 100vw, 1800px\" \/><span aria-hidden=\"true\" class=\"wp-block-cover__background has-background-dim-0 has-background-dim\" style=\"background-color:#aea7a2\"><\/span><div class=\"wp-block-cover__inner-container has-global-padding is-layout-constrained wp-block-cover-is-layout-constrained\">\n<p class=\"has-text-align-center has-large-font-size\"><\/p>\n<\/div><\/header>\n\n\n\n<div class=\"wp-block-group has-global-padding is-layout-constrained wp-container-core-group-is-layout-9e72a6fd wp-block-group-is-layout-constrained\" style=\"margin-top:var(--wp--preset--spacing--60);padding-top:var(--wp--preset--spacing--50);padding-right:var(--wp--preset--spacing--50);padding-bottom:var(--wp--preset--spacing--50);padding-left:var(--wp--preset--spacing--50)\">\n<h1 class=\"wp-block-heading\">Optische Stellenkontrolle<\/h1>\n\n\n\n<h2 class=\"wp-block-heading\">KI-gest\u00fctzte Qualit\u00e4tskontrolle f\u00fcr L\u00f6ten und Dosieren<\/h2>\n\n\n\n<p>Konstant hochwertige und reproduzierbare Ergebnisse in automatisierten L\u00f6tprozessen sowie in hochpr\u00e4zisen Dosieranwendungen erfordern mehr als herk\u00f6mmliche AOI-Systeme. Regelbasierte Algorithmen sowie einfache Muster- oder Farberkennung sto\u00dfen bei Prozessschwankungen, komplexen Geometrien oder anspruchsvollen Materialien schnell an ihre Grenzen.<\/p>\n\n\n\n<p>Unsere KI-gest\u00fctzte AOI-L\u00f6sung geht \u00fcber klassische Inspektionssysteme hinaus. Entwickelt f\u00fcr selektives L\u00f6ten und volumetrisches Dosieren, kombiniert sie industrielle Bildverarbeitung, k\u00fcnstliche Intelligenz und bew\u00e4hrte mta Plattformen mit der Motion Editor Software zu einem leistungsstarken System f\u00fcr die Qualit\u00e4tskontrolle.<\/p>\n<\/div>\n\n\n\n<div class=\"wp-block-columns is-layout-flex wp-container-core-columns-is-layout-51c0b34d wp-block-columns-is-layout-flex\" style=\"padding-top:var(--wp--preset--spacing--50);padding-bottom:var(--wp--preset--spacing--50)\">\n<div class=\"wp-block-column is-layout-flow wp-block-column-is-layout-flow\" style=\"flex-basis:40%\">\n<figure class=\"wp-block-image size-medium has-custom-border\" style=\"margin-right:var(--wp--preset--spacing--50);margin-left:var(--wp--preset--spacing--50)\"><img loading=\"lazy\" decoding=\"async\" width=\"557\" height=\"600\" src=\"https:\/\/mtarobotics.com\/wp-content\/uploads\/2026\/04\/mta-robotics-TR300-automated-optical-inspection-with-AI-04-2026-557x600.png\" alt=\"Mta Robotics Tr300 automatisierte optische Inspektion mit KI 04 2026\" class=\"wp-image-27768\" style=\"border-style:none;border-width:0px;border-top-left-radius:5px;border-top-right-radius:5px;border-bottom-left-radius:5px;border-bottom-right-radius:5px\" srcset=\"https:\/\/mtarobotics.com\/wp-content\/uploads\/2026\/04\/mta-robotics-TR300-automated-optical-inspection-with-AI-04-2026-557x600.png 557w, https:\/\/mtarobotics.com\/wp-content\/uploads\/2026\/04\/mta-robotics-TR300-automated-optical-inspection-with-AI-04-2026-951x1024.png 951w, https:\/\/mtarobotics.com\/wp-content\/uploads\/2026\/04\/mta-robotics-TR300-automated-optical-inspection-with-AI-04-2026-768x827.png 768w, https:\/\/mtarobotics.com\/wp-content\/uploads\/2026\/04\/mta-robotics-TR300-automated-optical-inspection-with-AI-04-2026-1427x1536.png 1427w, https:\/\/mtarobotics.com\/wp-content\/uploads\/2026\/04\/mta-robotics-TR300-automated-optical-inspection-with-AI-04-2026-1903x2048.png 1903w, https:\/\/mtarobotics.com\/wp-content\/uploads\/2026\/04\/mta-robotics-TR300-automated-optical-inspection-with-AI-04-2026-11x12.png 11w, https:\/\/mtarobotics.com\/wp-content\/uploads\/2026\/04\/mta-robotics-TR300-automated-optical-inspection-with-AI-04-2026-1568x1688.png 1568w\" sizes=\"auto, (max-width: 557px) 100vw, 557px\" \/><\/figure>\n<\/div>\n\n\n\n<div class=\"wp-block-column is-vertically-aligned-center is-layout-flow wp-block-column-is-layout-flow\" style=\"padding-right:var(--wp--preset--spacing--50);padding-left:var(--wp--preset--spacing--50);flex-basis:60%\">\n<div class=\"wp-block-group is-vertical is-content-justification-left is-nowrap is-layout-flex wp-container-core-group-is-layout-22ccffe4 wp-block-group-is-layout-flex\" style=\"padding-right:var(--wp--preset--spacing--50)\">\n<h2 class=\"wp-block-heading\"><strong>Leistungsmerkmale im \u00dcberblick<\/strong><\/h2>\n\n\n\n<ul class=\"wp-block-list\">\n<li>KI-Trainings- und Testdatens\u00e4tze, erstellt auf Basis realer Gut- und Schlechtteile<\/li>\n\n\n\n<li>Speziell entwickeltes HMI f\u00fcr intuitive Einrichtung, Bedienung und \u00dcberwachung<\/li>\n\n\n\n<li>Bildverarbeitungsrezepte f\u00fcr reproduzierbare und skalierbare Pr\u00fcfprozesse<\/li>\n\n\n\n<li>Optionale R\u00fcckverfolgbarkeit von Inspektionsdaten und Qualit\u00e4tsergebnissen<\/li>\n<\/ul>\n\n\n\n<h2 class=\"wp-block-heading\"><strong>Vorteile von KI gegen\u00fcber regelbasierter AOI<\/strong><\/h2>\n\n\n\n<ul class=\"wp-block-list\">\n<li>Sichere Inspektion bei komplexen Geometrien und wechselnden Prozessbedingungen.<\/li>\n\n\n\n<li>Robuste Leistung trotz Variationen bei Beleuchtung, Materialien und Prozessen.<\/li>\n\n\n\n<li>Einfachere Einrichtung ohne komplexe Regeldefinitionen.<\/li>\n\n\n\n<li>H\u00f6here Genauigkeit bei der Fehlererkennung.<\/li>\n\n\n\n<li>Schnellere Einrichtung und h\u00f6here Konsistenz bei der Inspektion.<\/li>\n<\/ul>\n<\/div>\n<\/div>\n<\/div>\n\n\n\n<div class=\"wp-block-columns is-layout-flex wp-container-core-columns-is-layout-8dff8c10 wp-block-columns-is-layout-flex\" style=\"margin-bottom:var(--wp--preset--spacing--60);padding-top:var(--wp--preset--spacing--50);padding-bottom:var(--wp--preset--spacing--50)\">\n<div class=\"wp-block-column is-layout-flow wp-block-column-is-layout-flow\" style=\"padding-right:var(--wp--preset--spacing--50);padding-left:var(--wp--preset--spacing--50);flex-basis:100%\">\n<div class=\"wp-block-group is-vertical is-nowrap is-layout-flex wp-container-core-group-is-layout-786d3176 wp-block-group-is-layout-flex\" style=\"padding-right:var(--wp--preset--spacing--50)\">\n<h2 class=\"wp-block-heading\"><strong>Anwendungsbereiche<\/strong><\/h2>\n\n\n\n<p>Wir bieten schl\u00fcsselfertige L\u00f6sungen f\u00fcr&nbsp;<a href=\"https:\/\/mtarobotics.com\/de\/produkt-kategorie\/loetprodukte\/loetroboter\/\" target=\"_blank\" rel=\"noreferrer noopener\">L\u00f6t-<\/a>&nbsp;sowie&nbsp;<a href=\"https:\/\/mtarobotics.com\/de\/produkt-kategorie\/dosierprodukte\/dosierroboter\/\" target=\"_blank\" rel=\"noreferrer noopener\">Dosierprozesse<\/a>&nbsp;mit integrierter AOI und KI-gest\u00fctzter Prozessqualit\u00e4tskontrolle \u2013 ideal f\u00fcr komplexe L\u00f6tverbindungen und anspruchsvolle Dosieranwendungen.<\/p>\n\n\n\n<p>Unsere Standard-Plattforml\u00f6sungen sind erh\u00e4ltlich als:<\/p>\n\n\n\n<ul class=\"wp-block-list\">\n<li>MRC500 Roboterzelle<\/li>\n\n\n\n<li>TR300-Tischroboter<\/li>\n\n\n\n<li>OEM f\u00fcr Integratoren<\/li>\n\n\n\n<li>Station f\u00fcr Integratoren<\/li>\n<\/ul>\n<\/div>\n<\/div>\n<\/div>","protected":false},"excerpt":{"rendered":"<p>Optical inspection AI-driven quality control for soldering and dispensing Achieving consistent, high-quality results in automated soldering and high- precision dispensing processes requires more than traditional AOI. Rule-based algorithms and simple patterns or color recognition often reach their limits when faced with process variations, complex geometries or challenging materials. Our AI-powered AOI solution goes beyond conventional [&hellip;]<\/p>\n","protected":false},"author":300026,"featured_media":27938,"parent":27891,"menu_order":4,"comment_status":"closed","ping_status":"closed","template":"","meta":{"_acf_changed":false,"footnotes":""},"class_list":["post-27886","page","type-page","status-publish","has-post-thumbnail","hentry"],"acf":[],"yoast_head":"<!-- This site is optimized with the Yoast SEO plugin v27.6 - https:\/\/yoast.com\/product\/yoast-seo-wordpress\/ -->\n<title>AI-driven quality control for soldering &amp; dispensing |mta robotics AG<\/title>\n<meta name=\"description\" content=\"Achieving consistent, high-quality results in automated soldering and high- precision dispensing processes requires more than traditional AOI.\" \/>\n<meta name=\"robots\" content=\"index, follow, max-snippet:-1, max-image-preview:large, max-video-preview:-1\" \/>\n<link rel=\"canonical\" href=\"https:\/\/mtarobotics.com\/de\/uber-uns\/mta-robotics-kompetenzen\/optische-stellenkontrolle\/\" \/>\n<meta property=\"og:locale\" content=\"de_DE\" \/>\n<meta property=\"og:type\" content=\"article\" \/>\n<meta property=\"og:title\" content=\"AI-driven quality control for soldering &amp; dispensing |mta robotics AG\" \/>\n<meta property=\"og:description\" content=\"Achieving consistent, high-quality results in automated soldering and high- precision dispensing processes requires more than traditional AOI.\" \/>\n<meta property=\"og:url\" content=\"https:\/\/mtarobotics.com\/de\/uber-uns\/mta-robotics-kompetenzen\/optische-stellenkontrolle\/\" \/>\n<meta property=\"og:site_name\" content=\"mta robotics\" \/>\n<meta property=\"article:modified_time\" content=\"2026-05-12T06:33:40+00:00\" \/>\n<meta property=\"og:image\" content=\"https:\/\/mtarobotics.com\/wp-content\/uploads\/2026\/05\/mta-robotics-AOI-AI-05-2026.jpg\" \/>\n\t<meta property=\"og:image:width\" content=\"1800\" \/>\n\t<meta property=\"og:image:height\" content=\"600\" \/>\n\t<meta property=\"og:image:type\" content=\"image\/jpeg\" \/>\n<meta name=\"twitter:card\" content=\"summary_large_image\" \/>\n<meta name=\"twitter:label1\" content=\"Gesch\u00e4tzte Lesezeit\" \/>\n\t<meta name=\"twitter:data1\" content=\"2\u00a0Minuten\" \/>\n<script type=\"application\/ld+json\" class=\"yoast-schema-graph\">{\"@context\":\"https:\\\/\\\/schema.org\",\"@graph\":[{\"@type\":\"WebPage\",\"@id\":\"https:\\\/\\\/mtarobotics.com\\\/about-us\\\/mta-robotics-competencies\\\/optical-inspection\\\/\",\"url\":\"https:\\\/\\\/mtarobotics.com\\\/about-us\\\/mta-robotics-competencies\\\/optical-inspection\\\/\",\"name\":\"AI-driven quality control for soldering & dispensing |mta robotics AG\",\"isPartOf\":{\"@id\":\"https:\\\/\\\/mtarobotics.com\\\/#website\"},\"primaryImageOfPage\":{\"@id\":\"https:\\\/\\\/mtarobotics.com\\\/about-us\\\/mta-robotics-competencies\\\/optical-inspection\\\/#primaryimage\"},\"image\":{\"@id\":\"https:\\\/\\\/mtarobotics.com\\\/about-us\\\/mta-robotics-competencies\\\/optical-inspection\\\/#primaryimage\"},\"thumbnailUrl\":\"https:\\\/\\\/mtarobotics.com\\\/wp-content\\\/uploads\\\/2026\\\/05\\\/mta-robotics-AOI-AI-05-2026.jpg\",\"datePublished\":\"2026-05-11T09:37:49+00:00\",\"dateModified\":\"2026-05-12T06:33:40+00:00\",\"description\":\"Achieving consistent, high-quality results in automated soldering and high- precision dispensing processes requires more than traditional AOI.\",\"breadcrumb\":{\"@id\":\"https:\\\/\\\/mtarobotics.com\\\/about-us\\\/mta-robotics-competencies\\\/optical-inspection\\\/#breadcrumb\"},\"inLanguage\":\"de\",\"potentialAction\":[{\"@type\":\"ReadAction\",\"target\":[\"https:\\\/\\\/mtarobotics.com\\\/about-us\\\/mta-robotics-competencies\\\/optical-inspection\\\/\"]}]},{\"@type\":\"ImageObject\",\"inLanguage\":\"de\",\"@id\":\"https:\\\/\\\/mtarobotics.com\\\/about-us\\\/mta-robotics-competencies\\\/optical-inspection\\\/#primaryimage\",\"url\":\"https:\\\/\\\/mtarobotics.com\\\/wp-content\\\/uploads\\\/2026\\\/05\\\/mta-robotics-AOI-AI-05-2026.jpg\",\"contentUrl\":\"https:\\\/\\\/mtarobotics.com\\\/wp-content\\\/uploads\\\/2026\\\/05\\\/mta-robotics-AOI-AI-05-2026.jpg\",\"width\":1800,\"height\":600,\"caption\":\"mta robotics AOI-AI for soldering and dispensing processes\"},{\"@type\":\"BreadcrumbList\",\"@id\":\"https:\\\/\\\/mtarobotics.com\\\/about-us\\\/mta-robotics-competencies\\\/optical-inspection\\\/#breadcrumb\",\"itemListElement\":[{\"@type\":\"ListItem\",\"position\":1,\"name\":\"Home\",\"item\":\"https:\\\/\\\/mtarobotics.com\\\/\"},{\"@type\":\"ListItem\",\"position\":2,\"name\":\"About us\",\"item\":\"https:\\\/\\\/mtarobotics.com\\\/\"},{\"@type\":\"ListItem\",\"position\":3,\"name\":\"Competencies\",\"item\":\"https:\\\/\\\/mtarobotics.com\\\/about-us\\\/mta-robotics-competencies\\\/\"},{\"@type\":\"ListItem\",\"position\":4,\"name\":\"Optical inspection\"}]},{\"@type\":\"WebSite\",\"@id\":\"https:\\\/\\\/mtarobotics.com\\\/#website\",\"url\":\"https:\\\/\\\/mtarobotics.com\\\/\",\"name\":\"mta robotics\",\"description\":\"Robotics for soldering and dispensing\",\"publisher\":{\"@id\":\"https:\\\/\\\/mtarobotics.com\\\/#organization\"},\"potentialAction\":[{\"@type\":\"SearchAction\",\"target\":{\"@type\":\"EntryPoint\",\"urlTemplate\":\"https:\\\/\\\/mtarobotics.com\\\/?s={search_term_string}\"},\"query-input\":{\"@type\":\"PropertyValueSpecification\",\"valueRequired\":true,\"valueName\":\"search_term_string\"}}],\"inLanguage\":\"de\"},{\"@type\":\"Organization\",\"@id\":\"https:\\\/\\\/mtarobotics.com\\\/#organization\",\"name\":\"Mta robotics\",\"url\":\"https:\\\/\\\/mtarobotics.com\\\/\",\"logo\":{\"@type\":\"ImageObject\",\"inLanguage\":\"de\",\"@id\":\"https:\\\/\\\/mtarobotics.com\\\/#\\\/schema\\\/logo\\\/image\\\/\",\"url\":\"https:\\\/\\\/mtarobotics.com\\\/wp-content\\\/uploads\\\/2019\\\/03\\\/mta.png\",\"contentUrl\":\"https:\\\/\\\/mtarobotics.com\\\/wp-content\\\/uploads\\\/2019\\\/03\\\/mta.png\",\"width\":170,\"height\":84,\"caption\":\"Mta robotics\"},\"image\":{\"@id\":\"https:\\\/\\\/mtarobotics.com\\\/#\\\/schema\\\/logo\\\/image\\\/\"}}]}<\/script>\n<!-- \/ Yoast SEO plugin. -->","yoast_head_json":{"title":"KI-gest\u00fctzte Qualit\u00e4tskontrolle f\u00fcr L\u00f6ten und Dosieren | mta robotics AG","description":"Das Erzielen konsistenter, qualitativ hochwertiger Ergebnisse bei automatisierten L\u00f6t- und Hochpr\u00e4zisionsdosierprozessen erfordert mehr als traditionelle AOI.","robots":{"index":"index","follow":"follow","max-snippet":"max-snippet:-1","max-image-preview":"max-image-preview:large","max-video-preview":"max-video-preview:-1"},"canonical":"https:\/\/mtarobotics.com\/de\/uber-uns\/mta-robotics-kompetenzen\/optische-stellenkontrolle\/","og_locale":"de_DE","og_type":"article","og_title":"AI-driven quality control for soldering & dispensing |mta robotics AG","og_description":"Achieving consistent, high-quality results in automated soldering and high- precision dispensing processes requires more than traditional AOI.","og_url":"https:\/\/mtarobotics.com\/de\/uber-uns\/mta-robotics-kompetenzen\/optische-stellenkontrolle\/","og_site_name":"mta robotics","article_modified_time":"2026-05-12T06:33:40+00:00","og_image":[{"width":1800,"height":600,"url":"https:\/\/mtarobotics.com\/wp-content\/uploads\/2026\/05\/mta-robotics-AOI-AI-05-2026.jpg","type":"image\/jpeg"}],"twitter_card":"summary_large_image","twitter_misc":{"Gesch\u00e4tzte Lesezeit":"2\u00a0Minuten"},"schema":{"@context":"https:\/\/schema.org","@graph":[{"@type":"WebPage","@id":"https:\/\/mtarobotics.com\/about-us\/mta-robotics-competencies\/optical-inspection\/","url":"https:\/\/mtarobotics.com\/about-us\/mta-robotics-competencies\/optical-inspection\/","name":"KI-gest\u00fctzte Qualit\u00e4tskontrolle f\u00fcr L\u00f6ten und Dosieren | mta robotics AG","isPartOf":{"@id":"https:\/\/mtarobotics.com\/#website"},"primaryImageOfPage":{"@id":"https:\/\/mtarobotics.com\/about-us\/mta-robotics-competencies\/optical-inspection\/#primaryimage"},"image":{"@id":"https:\/\/mtarobotics.com\/about-us\/mta-robotics-competencies\/optical-inspection\/#primaryimage"},"thumbnailUrl":"https:\/\/mtarobotics.com\/wp-content\/uploads\/2026\/05\/mta-robotics-AOI-AI-05-2026.jpg","datePublished":"2026-05-11T09:37:49+00:00","dateModified":"2026-05-12T06:33:40+00:00","description":"Das Erzielen konsistenter, qualitativ hochwertiger Ergebnisse bei automatisierten L\u00f6t- und Hochpr\u00e4zisionsdosierprozessen erfordert mehr als traditionelle AOI.","breadcrumb":{"@id":"https:\/\/mtarobotics.com\/about-us\/mta-robotics-competencies\/optical-inspection\/#breadcrumb"},"inLanguage":"de","potentialAction":[{"@type":"ReadAction","target":["https:\/\/mtarobotics.com\/about-us\/mta-robotics-competencies\/optical-inspection\/"]}]},{"@type":"ImageObject","inLanguage":"de","@id":"https:\/\/mtarobotics.com\/about-us\/mta-robotics-competencies\/optical-inspection\/#primaryimage","url":"https:\/\/mtarobotics.com\/wp-content\/uploads\/2026\/05\/mta-robotics-AOI-AI-05-2026.jpg","contentUrl":"https:\/\/mtarobotics.com\/wp-content\/uploads\/2026\/05\/mta-robotics-AOI-AI-05-2026.jpg","width":1800,"height":600,"caption":"mta robotics AOI-AI for soldering and dispensing processes"},{"@type":"BreadcrumbList","@id":"https:\/\/mtarobotics.com\/about-us\/mta-robotics-competencies\/optical-inspection\/#breadcrumb","itemListElement":[{"@type":"ListItem","position":1,"name":"Home","item":"https:\/\/mtarobotics.com\/"},{"@type":"ListItem","position":2,"name":"About us","item":"https:\/\/mtarobotics.com\/"},{"@type":"ListItem","position":3,"name":"Competencies","item":"https:\/\/mtarobotics.com\/about-us\/mta-robotics-competencies\/"},{"@type":"ListItem","position":4,"name":"Optical inspection"}]},{"@type":"WebSite","@id":"https:\/\/mtarobotics.com\/#website","url":"https:\/\/mtarobotics.com\/","name":"mta robotics","description":"Robotertechnik f\u00fcr L\u00f6ten und Dosieren","publisher":{"@id":"https:\/\/mtarobotics.com\/#organization"},"potentialAction":[{"@type":"SearchAction","target":{"@type":"EntryPoint","urlTemplate":"https:\/\/mtarobotics.com\/?s={search_term_string}"},"query-input":{"@type":"PropertyValueSpecification","valueRequired":true,"valueName":"search_term_string"}}],"inLanguage":"de"},{"@type":"Organization","@id":"https:\/\/mtarobotics.com\/#organization","name":"Mta-Robotik","url":"https:\/\/mtarobotics.com\/","logo":{"@type":"ImageObject","inLanguage":"de","@id":"https:\/\/mtarobotics.com\/#\/schema\/logo\/image\/","url":"https:\/\/mtarobotics.com\/wp-content\/uploads\/2019\/03\/mta.png","contentUrl":"https:\/\/mtarobotics.com\/wp-content\/uploads\/2019\/03\/mta.png","width":170,"height":84,"caption":"Mta robotics"},"image":{"@id":"https:\/\/mtarobotics.com\/#\/schema\/logo\/image\/"}}]}},"_links":{"self":[{"href":"https:\/\/mtarobotics.com\/de\/wp-json\/wp\/v2\/pages\/27886","targetHints":{"allow":["GET"]}}],"collection":[{"href":"https:\/\/mtarobotics.com\/de\/wp-json\/wp\/v2\/pages"}],"about":[{"href":"https:\/\/mtarobotics.com\/de\/wp-json\/wp\/v2\/types\/page"}],"author":[{"embeddable":true,"href":"https:\/\/mtarobotics.com\/de\/wp-json\/wp\/v2\/users\/300026"}],"replies":[{"embeddable":true,"href":"https:\/\/mtarobotics.com\/de\/wp-json\/wp\/v2\/comments?post=27886"}],"version-history":[{"count":4,"href":"https:\/\/mtarobotics.com\/de\/wp-json\/wp\/v2\/pages\/27886\/revisions"}],"predecessor-version":[{"id":27958,"href":"https:\/\/mtarobotics.com\/de\/wp-json\/wp\/v2\/pages\/27886\/revisions\/27958"}],"up":[{"embeddable":true,"href":"https:\/\/mtarobotics.com\/de\/wp-json\/wp\/v2\/pages\/27891"}],"wp:featuredmedia":[{"embeddable":true,"href":"https:\/\/mtarobotics.com\/de\/wp-json\/wp\/v2\/media\/27938"}],"wp:attachment":[{"href":"https:\/\/mtarobotics.com\/de\/wp-json\/wp\/v2\/media?parent=27886"}],"curies":[{"name":"wp","href":"https:\/\/api.w.org\/{rel}","templated":true}]}}