{"id":1084,"date":"2019-05-22T11:05:21","date_gmt":"2019-05-22T09:05:21","guid":{"rendered":"https:\/\/mta.925.unitechnologies.com\/?post_type=product&#038;p=1084"},"modified":"2026-01-14T09:36:26","modified_gmt":"2026-01-14T08:36:26","slug":"laserkopf-mlh45-fuer-loetroboter","status":"publish","type":"product","link":"https:\/\/mtarobotics.com\/de\/products\/soldering-products\/soldering-heads\/mlh45-laser-head\/","title":{"rendered":"Laserkopf MLH45"},"content":{"rendered":"<p>Der MLH45-Laserkopf von mta wird in erster Linie f\u00fcr L\u00f6troboter an Verbindungen eingesetzt, die f\u00fcr den L\u00f6tkolben zu klein sind - kleiner als 1 mm. F\u00fcr die kleinsten Anwendungen kombinieren wir die Laserw\u00e4rmequelle mit optischer Neuausrichtung und <a href=\"https:\/\/mtarobotics.com\/de\/produkte\/mta-dispensing-products\/dosierkoepfe\/jet-mikrodosierventil-pdos-x1\/\" target=\"_blank\" rel=\"noopener\">Mikrod\u00fcsenstrahlen<\/a>. Dies garantiert die Beherrschung des gesamten Prozesses, insbesondere in F\u00e4llen, in denen die L\u00f6tdrahtgr\u00f6\u00dfe zu gro\u00df ist, um optimale Ergebnisse zu erzielen.<\/p>\n<p>Dar\u00fcber hinaus verwenden wir den MLH45-Laserkopf auch f\u00fcr L\u00f6troboter, wenn das Teil eine ber\u00fchrungslose W\u00e4rmequelle ben\u00f6tigt. Oder wenn die L\u00f6tstellen an engen Stellen liegen, die physische Heizeinheiten nicht erreichen k\u00f6nnen.<\/p>\n<p>Wir k\u00f6nnen schl\u00fcsselfertige L\u00f6sungen anbieten, indem wir den Laser MLH45 in zwei unserer Standard-L\u00f6tplattformen integrieren: <a href=\"https:\/\/mtarobotics.com\/de\/produkte\/loetprodukte\/loetroboter\/laser-loetroboterzelle-mrc500\/\" target=\"_blank\" rel=\"noopener\">Laser-Roboterzelle MRC500<\/a>\u00a0und <a href=\"https:\/\/mtarobotics.com\/de\/produkte\/loetprodukte\/loetroboter\/tisch-loetroboter-tr300\/\" target=\"_blank\" rel=\"noopener\">TR300-Tischroboter<\/a>.<br \/>\nN.B. Wir f\u00fcgen dem TR300-Tischroboter Metallseiten und eine mechanische T\u00fcr hinzu, um die Bediener vor dem Laser zu sch\u00fctzen.<\/p>\n<p>Zu den wichtigsten Merkmalen unseres Laserkopfes geh\u00f6ren:<\/p>\n<ul>\n<li>Die F\u00e4higkeit, sehr kleine Verbindungen zu l\u00f6ten<\/li>\n<li>Einfacher Unterricht mit integrierter \u00dcberwachung und Laserpointer<\/li>\n<li>Diodenlaser mit optischer Faser<\/li>\n<li>Ber\u00fchrungsloses L\u00f6ten<\/li>\n<li>Direkt am Kopf montierter, staufreier Drahtvorschub erm\u00f6glicht eine genaue Prozesskontrolle<\/li>\n<li>Kompatibel mit RoHS-Lot (bleifrei)<\/li>\n<\/ul>\n<h3 class=\"p1\"><span class=\"s1\"><b>5 Gr\u00fcnde, sich f\u00fcr den mta MLH45 Laserl\u00f6tkopf zu entscheiden<\/b><\/span><\/h3>\n<ol>\n<li>Wir k\u00f6nnen den Laser mit einem Lotpastenstrahlsystem kombinieren, um sehr kleine Verbindungen zu l\u00f6ten.<\/li>\n<li>Die optionale Passermarkenerkennung ist in der Lage, das Pastenaussto\u00dfsystem und den Laser neu auszurichten.<\/li>\n<li>Der Laser schie\u00dft gerade nach unten und erreicht so auch Gelenke, die mit Eisen, Induktion und Mikroflamme unzug\u00e4nglich sind.<\/li>\n<li>Wir haben unsere pr\u00e4zise, staufreie L\u00f6tdrahtzuf\u00fchrung direkt am Kopf montiert - an der L\u00f6tstelle. Dies erm\u00f6glicht eine genaue Prozesskontrolle des Drahtvorschubs. Au\u00dferdem wird der L\u00f6tdraht nicht geknickt oder eingeklemmt, da es kein langes Zuf\u00fchrungsrohr gibt. Sobald die richtige Menge zugef\u00fchrt wurde, zieht der Drahtvorschub den Draht aus dem L\u00f6tbad, um Lotspritzer zu vermeiden.<\/li>\n<li>Optional wird das Auftragen der Lotpaste auf demselben Kopf versetzt, so dass ein Roboter beide Funktionen \u00fcbernimmt - ein zweiter Roboter zum Auftragen der Lotpaste auf die Teile ist nicht erforderlich.<\/li>\n<\/ol>","protected":false},"excerpt":{"rendered":"<p>Der MLH45-Laserkopf von mta wird in erster Linie f\u00fcr L\u00f6troboter an Verbindungen eingesetzt, die f\u00fcr den L\u00f6tkolben zu klein sind - kleiner als 1 mm. F\u00fcr die kleinsten Anwendungen kombinieren wir die Laserw\u00e4rmequelle mit optischer Neuausrichtung und <a href=\"https:\/\/mtarobotics.com\/de\/produkte\/mta-dispensing-products\/dosierkoepfe\/jet-mikrodosierventil-pdos-x1\/\" target=\"_blank\" rel=\"noopener\">Mikrod\u00fcsenstrahlen<\/a>. Dies garantiert die Beherrschung des gesamten Prozesses, insbesondere in F\u00e4llen, in denen die L\u00f6tdrahtgr\u00f6\u00dfe zu gro\u00df ist, um optimale Ergebnisse zu erzielen.<\/p>\n<p>Dar\u00fcber hinaus verwenden wir den MLH45-Laserkopf auch f\u00fcr L\u00f6troboter, wenn das Teil eine ber\u00fchrungslose W\u00e4rmequelle ben\u00f6tigt. Oder wenn die L\u00f6tstellen an engen Stellen liegen, die physische Heizeinheiten nicht erreichen k\u00f6nnen.<\/p>\n<p>Wir k\u00f6nnen schl\u00fcsselfertige L\u00f6sungen anbieten, indem wir den Laser MLH45 in zwei unserer Standard-L\u00f6tplattformen integrieren: <a href=\"https:\/\/mtarobotics.com\/de\/produkte\/loetprodukte\/soldering-platforms\/laser-loetroboterzelle-mrc500\/\" target=\"_blank\" rel=\"noopener\">Laser-Roboterzelle MRC500<\/a>\u00a0und <a href=\"https:\/\/mtarobotics.com\/de\/produkte\/loetprodukte\/soldering-platforms\/tisch-loetroboter-tr300\/\" target=\"_blank\" rel=\"noopener\">TR300-Tischroboter<\/a>.<br \/>\nN.B. Wir f\u00fcgen dem TR300-Tischroboter Metallseiten und eine mechanische T\u00fcr hinzu, um die Bediener vor dem Laser zu sch\u00fctzen.<\/p>\n<p>Zu den wichtigsten Merkmalen unseres Laserkopfes geh\u00f6ren:<\/p>\n<ul>\n<li>Die F\u00e4higkeit, sehr kleine Verbindungen zu l\u00f6ten<\/li>\n<li>Einfacher Unterricht mit integrierter \u00dcberwachung und Laserpointer<\/li>\n<li>Diodenlaser mit optischer Faser<\/li>\n<li>Ber\u00fchrungsloses L\u00f6ten<\/li>\n<li>Direkt am Kopf montierter, staufreier Drahtvorschub erm\u00f6glicht eine genaue Prozesskontrolle<\/li>\n<li>Kompatibel mit RoHS-Lot (bleifrei)<\/li>\n<\/ul>\n<h3 class=\"p1\"><span class=\"s1\"><b>5 Gr\u00fcnde, sich f\u00fcr den mta MLH45 Laserl\u00f6tkopf zu entscheiden<\/b><\/span><\/h3>\n<ol>\n<li>Wir k\u00f6nnen den Laser mit einem Lotpastenstrahlsystem kombinieren, um sehr kleine Verbindungen zu l\u00f6ten.<\/li>\n<li>Die optionale Passermarkenerkennung ist in der Lage, das Pastenaussto\u00dfsystem und den Laser neu auszurichten.<\/li>\n<li>Der Laser schie\u00dft gerade nach unten und erreicht so auch Gelenke, die mit Eisen, Induktion und Mikroflamme unzug\u00e4nglich sind.<\/li>\n<li>Wir haben unsere pr\u00e4zise, staufreie L\u00f6tdrahtzuf\u00fchrung direkt am Kopf montiert - an der L\u00f6tstelle. Dies erm\u00f6glicht eine genaue Prozesskontrolle des Drahtvorschubs. Au\u00dferdem wird der L\u00f6tdraht nicht geknickt oder eingeklemmt, da es kein langes Zuf\u00fchrungsrohr gibt. Sobald die richtige Menge zugef\u00fchrt wurde, zieht der Drahtvorschub den Draht aus dem L\u00f6tbad, um Lotspritzer zu vermeiden.<\/li>\n<li>Optional wird das Auftragen der Lotpaste auf demselben Kopf versetzt, so dass ein Roboter beide Funktionen \u00fcbernimmt - ein zweiter Roboter zum Auftragen der Lotpaste auf die Teile ist nicht erforderlich.<\/li>\n<\/ol>\n<p>&nbsp;<\/p>","protected":false},"featured_media":1085,"template":"","meta":{"_acf_changed":false},"product_brand":[],"product_cat":[50,94],"product_tag":[],"class_list":{"0":"post-1084","1":"product","2":"type-product","3":"status-publish","4":"has-post-thumbnail","6":"product_cat-soldering-heads","7":"product_cat-soldering-products","9":"first","10":"instock","11":"taxable","12":"shipping-taxable","13":"product-type-simple"},"acf":{"additionnal_product_infos":false,"infos_steps":"Minimum order quantity: 10.<br>\r\nDiscount available for higher volumes","contact_button":false,"promo_badge":false,"promo_badge_on_list":false,"text_promo_bage":"","couleur_promo_badge":"#038001"},"yoast_head":"<!-- This site is optimized with the Yoast SEO plugin v27.4 - https:\/\/yoast.com\/product\/yoast-seo-wordpress\/ -->\n<title>MLH45 laser head for soldering robots - micro-soldering\u00a0<\/title>\n<meta name=\"description\" content=\"mta&#039;s MLH45 laser head is primarily used the for soldering robots on joints that are too small for the iron \u2013 smaller than 1mm.\u00a0 \u00a0\" \/>\n<meta name=\"robots\" content=\"index, follow, max-snippet:-1, max-image-preview:large, max-video-preview:-1\" \/>\n<link rel=\"canonical\" href=\"https:\/\/mtarobotics.com\/de\/produkte\/loetprodukte\/loetkopfe\/laserkopf-mlh45-fuer-loetroboter\/\" \/>\n<meta property=\"og:locale\" content=\"de_DE\" \/>\n<meta property=\"og:type\" content=\"article\" \/>\n<meta property=\"og:title\" content=\"MLH45 laser head for soldering robots - micro-soldering\u00a0\" \/>\n<meta property=\"og:description\" content=\"mta&#039;s MLH45 laser head is primarily used the for soldering robots on joints that are too small for the iron \u2013 smaller than 1mm.\u00a0 \u00a0\" \/>\n<meta property=\"og:url\" content=\"https:\/\/mtarobotics.com\/de\/produkte\/loetprodukte\/loetkopfe\/laserkopf-mlh45-fuer-loetroboter\/\" \/>\n<meta property=\"og:site_name\" content=\"mta robotics\" \/>\n<meta property=\"article:modified_time\" content=\"2026-01-14T08:36:26+00:00\" \/>\n<meta property=\"og:image\" content=\"https:\/\/mtarobotics.com\/wp-content\/uploads\/2019\/05\/mta_mlh45_laser_soldering_head.png\" \/>\n\t<meta property=\"og:image:width\" content=\"1500\" \/>\n\t<meta property=\"og:image:height\" content=\"2398\" \/>\n\t<meta property=\"og:image:type\" content=\"image\/png\" \/>\n<meta name=\"twitter:card\" content=\"summary_large_image\" \/>\n<meta name=\"twitter:label1\" content=\"Gesch\u00e4tzte Lesezeit\" \/>\n\t<meta name=\"twitter:data1\" content=\"2\u00a0Minuten\" \/>\n<script type=\"application\/ld+json\" class=\"yoast-schema-graph\">{\"@context\":\"https:\\\/\\\/schema.org\",\"@graph\":[{\"@type\":\"WebPage\",\"@id\":\"https:\\\/\\\/mtarobotics.com\\\/products\\\/soldering-products\\\/soldering-heads\\\/mlh45-laser-head\\\/\",\"url\":\"https:\\\/\\\/mtarobotics.com\\\/products\\\/soldering-products\\\/soldering-heads\\\/mlh45-laser-head\\\/\",\"name\":\"MLH45 laser head for soldering robots - micro-soldering\u00a0\",\"isPartOf\":{\"@id\":\"https:\\\/\\\/mtarobotics.com\\\/#website\"},\"primaryImageOfPage\":{\"@id\":\"https:\\\/\\\/mtarobotics.com\\\/products\\\/soldering-products\\\/soldering-heads\\\/mlh45-laser-head\\\/#primaryimage\"},\"image\":{\"@id\":\"https:\\\/\\\/mtarobotics.com\\\/products\\\/soldering-products\\\/soldering-heads\\\/mlh45-laser-head\\\/#primaryimage\"},\"thumbnailUrl\":\"https:\\\/\\\/mtarobotics.com\\\/wp-content\\\/uploads\\\/2019\\\/05\\\/mta_mlh45_laser_soldering_head.png\",\"datePublished\":\"2019-05-22T09:05:21+00:00\",\"dateModified\":\"2026-01-14T08:36:26+00:00\",\"description\":\"mta's MLH45 laser head is primarily used the for soldering robots on joints that are too small for the iron \u2013 smaller than 1mm.\u00a0 \u00a0\",\"breadcrumb\":{\"@id\":\"https:\\\/\\\/mtarobotics.com\\\/products\\\/soldering-products\\\/soldering-heads\\\/mlh45-laser-head\\\/#breadcrumb\"},\"inLanguage\":\"de\",\"potentialAction\":[{\"@type\":\"ReadAction\",\"target\":[\"https:\\\/\\\/mtarobotics.com\\\/products\\\/soldering-products\\\/soldering-heads\\\/mlh45-laser-head\\\/\"]}]},{\"@type\":\"ImageObject\",\"inLanguage\":\"de\",\"@id\":\"https:\\\/\\\/mtarobotics.com\\\/products\\\/soldering-products\\\/soldering-heads\\\/mlh45-laser-head\\\/#primaryimage\",\"url\":\"https:\\\/\\\/mtarobotics.com\\\/wp-content\\\/uploads\\\/2019\\\/05\\\/mta_mlh45_laser_soldering_head.png\",\"contentUrl\":\"https:\\\/\\\/mtarobotics.com\\\/wp-content\\\/uploads\\\/2019\\\/05\\\/mta_mlh45_laser_soldering_head.png\",\"width\":1500,\"height\":2398,\"caption\":\"Laser head for soldering robots\"},{\"@type\":\"BreadcrumbList\",\"@id\":\"https:\\\/\\\/mtarobotics.com\\\/products\\\/soldering-products\\\/soldering-heads\\\/mlh45-laser-head\\\/#breadcrumb\",\"itemListElement\":[{\"@type\":\"ListItem\",\"position\":1,\"name\":\"Home\",\"item\":\"https:\\\/\\\/mtarobotics.com\\\/\"},{\"@type\":\"ListItem\",\"position\":2,\"name\":\"Global product range\",\"item\":\"https:\\\/\\\/mtarobotics.com\\\/products\\\/\"},{\"@type\":\"ListItem\",\"position\":3,\"name\":\"MLH45 laser head\"}]},{\"@type\":\"WebSite\",\"@id\":\"https:\\\/\\\/mtarobotics.com\\\/#website\",\"url\":\"https:\\\/\\\/mtarobotics.com\\\/\",\"name\":\"mta robotics\",\"description\":\"Robotics for soldering and dispensing\",\"publisher\":{\"@id\":\"https:\\\/\\\/mtarobotics.com\\\/#organization\"},\"potentialAction\":[{\"@type\":\"SearchAction\",\"target\":{\"@type\":\"EntryPoint\",\"urlTemplate\":\"https:\\\/\\\/mtarobotics.com\\\/?s={search_term_string}\"},\"query-input\":{\"@type\":\"PropertyValueSpecification\",\"valueRequired\":true,\"valueName\":\"search_term_string\"}}],\"inLanguage\":\"de\"},{\"@type\":\"Organization\",\"@id\":\"https:\\\/\\\/mtarobotics.com\\\/#organization\",\"name\":\"Mta robotics\",\"url\":\"https:\\\/\\\/mtarobotics.com\\\/\",\"logo\":{\"@type\":\"ImageObject\",\"inLanguage\":\"de\",\"@id\":\"https:\\\/\\\/mtarobotics.com\\\/#\\\/schema\\\/logo\\\/image\\\/\",\"url\":\"https:\\\/\\\/mtarobotics.com\\\/wp-content\\\/uploads\\\/2019\\\/03\\\/mta.png\",\"contentUrl\":\"https:\\\/\\\/mtarobotics.com\\\/wp-content\\\/uploads\\\/2019\\\/03\\\/mta.png\",\"width\":170,\"height\":84,\"caption\":\"Mta robotics\"},\"image\":{\"@id\":\"https:\\\/\\\/mtarobotics.com\\\/#\\\/schema\\\/logo\\\/image\\\/\"}}]}<\/script>\n<!-- \/ Yoast SEO plugin. -->","yoast_head_json":{"title":"Laserkopf MLH45 f\u00fcr L\u00f6troboter - Mikrol\u00f6ten\u00a0","description":"Der MLH45-Laserkopf von mta wird in erster Linie zum L\u00f6ten von Robotern an Verbindungen verwendet, die f\u00fcr den L\u00f6tkolben zu klein sind - kleiner als 1 mm.\u00a0 \u00a0","robots":{"index":"index","follow":"follow","max-snippet":"max-snippet:-1","max-image-preview":"max-image-preview:large","max-video-preview":"max-video-preview:-1"},"canonical":"https:\/\/mtarobotics.com\/de\/produkte\/loetprodukte\/loetkopfe\/laserkopf-mlh45-fuer-loetroboter\/","og_locale":"de_DE","og_type":"article","og_title":"MLH45 laser head for soldering robots - micro-soldering\u00a0","og_description":"mta's MLH45 laser head is primarily used the for soldering robots on joints that are too small for the iron \u2013 smaller than 1mm.\u00a0 \u00a0","og_url":"https:\/\/mtarobotics.com\/de\/produkte\/loetprodukte\/loetkopfe\/laserkopf-mlh45-fuer-loetroboter\/","og_site_name":"mta robotics","article_modified_time":"2026-01-14T08:36:26+00:00","og_image":[{"width":1500,"height":2398,"url":"https:\/\/mtarobotics.com\/wp-content\/uploads\/2019\/05\/mta_mlh45_laser_soldering_head.png","type":"image\/png"}],"twitter_card":"summary_large_image","twitter_misc":{"Gesch\u00e4tzte Lesezeit":"2\u00a0Minuten"},"schema":{"@context":"https:\/\/schema.org","@graph":[{"@type":"WebPage","@id":"https:\/\/mtarobotics.com\/products\/soldering-products\/soldering-heads\/mlh45-laser-head\/","url":"https:\/\/mtarobotics.com\/products\/soldering-products\/soldering-heads\/mlh45-laser-head\/","name":"Laserkopf MLH45 f\u00fcr L\u00f6troboter - Mikrol\u00f6ten\u00a0","isPartOf":{"@id":"https:\/\/mtarobotics.com\/#website"},"primaryImageOfPage":{"@id":"https:\/\/mtarobotics.com\/products\/soldering-products\/soldering-heads\/mlh45-laser-head\/#primaryimage"},"image":{"@id":"https:\/\/mtarobotics.com\/products\/soldering-products\/soldering-heads\/mlh45-laser-head\/#primaryimage"},"thumbnailUrl":"https:\/\/mtarobotics.com\/wp-content\/uploads\/2019\/05\/mta_mlh45_laser_soldering_head.png","datePublished":"2019-05-22T09:05:21+00:00","dateModified":"2026-01-14T08:36:26+00:00","description":"Der MLH45-Laserkopf von mta wird in erster Linie zum L\u00f6ten von Robotern an Verbindungen verwendet, die f\u00fcr den L\u00f6tkolben zu klein sind - kleiner als 1 mm.\u00a0 \u00a0","breadcrumb":{"@id":"https:\/\/mtarobotics.com\/products\/soldering-products\/soldering-heads\/mlh45-laser-head\/#breadcrumb"},"inLanguage":"de","potentialAction":[{"@type":"ReadAction","target":["https:\/\/mtarobotics.com\/products\/soldering-products\/soldering-heads\/mlh45-laser-head\/"]}]},{"@type":"ImageObject","inLanguage":"de","@id":"https:\/\/mtarobotics.com\/products\/soldering-products\/soldering-heads\/mlh45-laser-head\/#primaryimage","url":"https:\/\/mtarobotics.com\/wp-content\/uploads\/2019\/05\/mta_mlh45_laser_soldering_head.png","contentUrl":"https:\/\/mtarobotics.com\/wp-content\/uploads\/2019\/05\/mta_mlh45_laser_soldering_head.png","width":1500,"height":2398,"caption":"Laser head for soldering robots"},{"@type":"BreadcrumbList","@id":"https:\/\/mtarobotics.com\/products\/soldering-products\/soldering-heads\/mlh45-laser-head\/#breadcrumb","itemListElement":[{"@type":"ListItem","position":1,"name":"Home","item":"https:\/\/mtarobotics.com\/"},{"@type":"ListItem","position":2,"name":"Global product range","item":"https:\/\/mtarobotics.com\/products\/"},{"@type":"ListItem","position":3,"name":"MLH45 laser head"}]},{"@type":"WebSite","@id":"https:\/\/mtarobotics.com\/#website","url":"https:\/\/mtarobotics.com\/","name":"mta robotics","description":"Robotertechnik f\u00fcr L\u00f6ten und Dosieren","publisher":{"@id":"https:\/\/mtarobotics.com\/#organization"},"potentialAction":[{"@type":"SearchAction","target":{"@type":"EntryPoint","urlTemplate":"https:\/\/mtarobotics.com\/?s={search_term_string}"},"query-input":{"@type":"PropertyValueSpecification","valueRequired":true,"valueName":"search_term_string"}}],"inLanguage":"de"},{"@type":"Organization","@id":"https:\/\/mtarobotics.com\/#organization","name":"Mta-Robotik","url":"https:\/\/mtarobotics.com\/","logo":{"@type":"ImageObject","inLanguage":"de","@id":"https:\/\/mtarobotics.com\/#\/schema\/logo\/image\/","url":"https:\/\/mtarobotics.com\/wp-content\/uploads\/2019\/03\/mta.png","contentUrl":"https:\/\/mtarobotics.com\/wp-content\/uploads\/2019\/03\/mta.png","width":170,"height":84,"caption":"Mta robotics"},"image":{"@id":"https:\/\/mtarobotics.com\/#\/schema\/logo\/image\/"}}]}},"_links":{"self":[{"href":"https:\/\/mtarobotics.com\/de\/wp-json\/wp\/v2\/product\/1084","targetHints":{"allow":["GET"]}}],"collection":[{"href":"https:\/\/mtarobotics.com\/de\/wp-json\/wp\/v2\/product"}],"about":[{"href":"https:\/\/mtarobotics.com\/de\/wp-json\/wp\/v2\/types\/product"}],"wp:featuredmedia":[{"embeddable":true,"href":"https:\/\/mtarobotics.com\/de\/wp-json\/wp\/v2\/media\/1085"}],"wp:attachment":[{"href":"https:\/\/mtarobotics.com\/de\/wp-json\/wp\/v2\/media?parent=1084"}],"wp:term":[{"taxonomy":"product_brand","embeddable":true,"href":"https:\/\/mtarobotics.com\/de\/wp-json\/wp\/v2\/product_brand?post=1084"},{"taxonomy":"product_cat","embeddable":true,"href":"https:\/\/mtarobotics.com\/de\/wp-json\/wp\/v2\/product_cat?post=1084"},{"taxonomy":"product_tag","embeddable":true,"href":"https:\/\/mtarobotics.com\/de\/wp-json\/wp\/v2\/product_tag?post=1084"}],"curies":[{"name":"wp","href":"https:\/\/api.w.org\/{rel}","templated":true}]}}