{"id":1184,"date":"2019-05-29T15:07:19","date_gmt":"2019-05-29T13:07:19","guid":{"rendered":"https:\/\/mta.925.unitechnologies.com\/?post_type=product&#038;p=1184"},"modified":"2026-03-17T11:48:03","modified_gmt":"2026-03-17T10:48:03","slug":"tisch-loetroboter-tr300","status":"publish","type":"product","link":"https:\/\/mtarobotics.com\/de\/products\/soldering-products\/soldering-robots\/tr300-soldering-tabletop-robot\/","title":{"rendered":"Tisch-L\u00f6troboter TR300"},"content":{"rendered":"<p>Der mta TR300 ist eine Tisch-L\u00f6troboterplattform. Dieser Roboter ist speziell f\u00fcr halbautomatische Anwendungen, die Punkt-zu-Punkt-L\u00f6tungen erfordern, entwickelt und standardisiert worden.<\/p>\n<p>Die Tischplattform ist eine kosteng\u00fcnstige L\u00f6sung zur Automatisierung bestehender Handl\u00f6tprozesse, ohne dass die Kosten f\u00fcr vollautomatische Systeme anfallen. Die Automatisierung des L\u00f6tprozesses hat mehrere Vorteile gegen\u00fcber dem L\u00f6ten von Hand. Sie f\u00fchrt zu hochgradig konsistenten Verbindungen, verbesserter Qualit\u00e4t, h\u00f6herem Durchsatz und erfordert weniger Geschick und Schulung als das L\u00f6ten von Hand.<\/p>\n<p>Diese Tisch-L\u00f6troboterplattform ist auch ideal f\u00fcr Anwendungen, bei denen menschliches Fingerspitzengef\u00fchl zum Positionieren der Teile erforderlich ist. Die Bediener k\u00f6nnen die Teile in Offline-Vorrichtungen laden und entladen, um die Maschinenstillstandszeit zu minimieren.<\/p>\n<p><strong>Zu den wichtigsten Merkmalen unserer TR300-Plattform geh\u00f6ren: <\/strong>stabiler Aluminiumrahmen, 4-Achsen-L\u00f6tbot, 300x300mm Arbeitsbereich, 0,02mm Wiederholgenauigkeit, Industrie-PC-Steuerung mit Windows 11 Betriebssystem, intuitive men\u00fcgef\u00fchrte MTA MotionEditor Software, Luftaufbereitung und w\u00e4hlbare 110\/230VAC Stromanschl\u00fcsse.<\/p>\n<p><strong>Mechanische Merkmale<\/strong><\/p>\n<p>Da es sich beim TR300 um eine zweckm\u00e4\u00dfige L\u00f6sung handelt, kann er jedes der folgenden Produkte unterst\u00fctzen <a href=\"https:\/\/mtarobotics.com\/de\/produkt-kategorie\/loten\/loetkopfe\/\" target=\"_blank\" rel=\"noopener noreferrer\">mta's L\u00f6tk\u00f6pfe<\/a> ohne Kompromisse. Die Kugelumlaufspindelachse und die Motoren sorgen f\u00fcr schnelle, wiederholbare Bewegungen.  Au\u00dferdem sind sie stark genug, um unsere K\u00f6pfe zu tragen, zu denen auch unser Anti-Stau-Drahtvorschubsystem und die L\u00f6tdrahtspule geh\u00f6ren.  Es besteht keine Notwendigkeit, den L\u00f6tdraht durch langwierige und problematische Zuf\u00fchrungsrohre zu schieben. Daher ist der L\u00f6tprozess genauer und zuverl\u00e4ssiger als die Zuf\u00fchrung des Drahtes \u00fcber lange Strecken. Ebenso haben wir einen gro\u00dfen Rauchabzugsschlauch mit einer D\u00fcse direkt \u00fcber der L\u00f6tstelle vorinstalliert. Au\u00dferdem geh\u00f6ren Lichtvorh\u00e4nge und Sicherheitsabdeckungen zur Standardausstattung. Schlie\u00dflich verf\u00fcgt die TR300-Plattform \u00fcber Seitenw\u00e4nde und eine T\u00fcr aus Metall zum Schutz des Bedieners vor dem Laserl\u00f6tkopf.<\/p>\n<h3>5 Gr\u00fcnde, sich f\u00fcr den mta TR300 Tischroboter zu entscheiden<\/h3>\n<ol>\n<li>Der TR300 ist die ideale Plattform f\u00fcr Unternehmen, die ihre derzeitigen Handl\u00f6tprozesse automatisieren m\u00f6chten.<\/li>\n<li>Ihr Prozess l\u00e4sst sich nur schwer vollst\u00e4ndig automatisieren (z. B. ben\u00f6tigen Sie menschliches Fingerspitzengef\u00fchl, um die Teile zu laden).<\/li>\n<li>Volumen oder Produktlebensdauer rechtfertigen keine vollautomatische Produktion.<\/li>\n<li>Die \u00fcbrigen Prozesse sind ebenfalls offline.<\/li>\n<li>Die Teile passen in einen Arbeitsbereich von 300 x 300 mm.<\/li>\n<\/ol>\n<p>Siehe auch unsere anderen <a href=\"https:\/\/mtarobotics.com\/de\/produkt-kategorie\/loetprodukte\/loetroboter\/\" target=\"_blank\" rel=\"noopener\">Standardplattformen<\/a>.<\/p>","protected":false},"excerpt":{"rendered":"<p>Der mta TR300 ist eine Tisch-L\u00f6troboterplattform. Dieser Roboter ist speziell f\u00fcr halbautomatische Anwendungen, die Punkt-zu-Punkt-L\u00f6tungen erfordern, entwickelt und standardisiert worden.<\/p>\n<p>Die Tischplattform ist eine kosteng\u00fcnstige L\u00f6sung zur Automatisierung bestehender Handl\u00f6tprozesse, ohne dass die Kosten f\u00fcr vollautomatische Systeme anfallen. Die Automatisierung des L\u00f6tprozesses hat mehrere Vorteile gegen\u00fcber dem L\u00f6ten von Hand. Sie f\u00fchrt zu hochgradig konsistenten Verbindungen, verbesserter Qualit\u00e4t, h\u00f6herem Durchsatz und erfordert weniger Geschick und Schulung als das L\u00f6ten von Hand.<\/p>\n<p>Diese Tisch-L\u00f6troboterplattform ist auch ideal f\u00fcr Anwendungen, bei denen menschliches Fingerspitzengef\u00fchl zum Positionieren der Teile erforderlich ist. Die Bediener k\u00f6nnen die Teile in Offline-Vorrichtungen laden und entladen, um die Maschinenstillstandszeit zu minimieren.<\/p>\n<p><strong>Zu den wichtigsten Merkmalen unserer TR300-Plattform geh\u00f6ren: <\/strong>stabiler Aluminiumrahmen, 4-Achsen-L\u00f6troboter, 300x300mm Arbeitsbereich, 0,02mm Wiederholgenauigkeit, Industrie-PC-Steuerung mit Windows 10 Betriebssystem, intuitive men\u00fcgef\u00fchrte mta MotionEditor Software, Luftaufbereitung und w\u00e4hlbare 110\/220VAC Stromanschl\u00fcsse.<\/p>\n<p><strong>Mechanische Merkmale<\/strong><\/p>\n<p>Da es sich beim TR300 um eine zweckm\u00e4\u00dfige L\u00f6sung handelt, kann er jedes der folgenden Produkte unterst\u00fctzen <a href=\"https:\/\/mtarobotics.com\/de\/produkt-kategorie\/loten\/loetkopfe\/\" target=\"_blank\" rel=\"noopener noreferrer\">mta's L\u00f6tk\u00f6pfe<\/a> ohne Kompromisse. Die Kugelumlaufspindelachse und die Motoren sorgen f\u00fcr schnelle, wiederholbare Bewegungen.  Au\u00dferdem sind sie stark genug, um unsere K\u00f6pfe zu tragen, zu denen auch unser Anti-Stau-Drahtvorschubsystem und die L\u00f6tdrahtspule geh\u00f6ren.  Es besteht keine Notwendigkeit, den L\u00f6tdraht durch langwierige und problematische Zuf\u00fchrungsrohre zu schieben. Daher ist der L\u00f6tprozess genauer und zuverl\u00e4ssiger als die Zuf\u00fchrung des Drahtes \u00fcber lange Strecken. Ebenso haben wir einen gro\u00dfen Rauchabzugsschlauch mit einer D\u00fcse direkt \u00fcber der L\u00f6tstelle vorinstalliert. Au\u00dferdem geh\u00f6ren Lichtvorh\u00e4nge und Sicherheitsabdeckungen zur Standardausstattung. Schlie\u00dflich verf\u00fcgt die TR300-Plattform \u00fcber Seitenw\u00e4nde und eine T\u00fcr aus Metall zum Schutz des Bedieners vor dem Laserl\u00f6tkopf.<\/p>\n<h3>5 Gr\u00fcnde, sich f\u00fcr den mta TR300 Tischroboter zu entscheiden<\/h3>\n<ol>\n<li>Der TR300 ist die ideale Plattform f\u00fcr Unternehmen, die ihre derzeitigen Handl\u00f6tprozesse automatisieren m\u00f6chten.<\/li>\n<li>Ihr Prozess l\u00e4sst sich nur schwer vollst\u00e4ndig automatisieren (z. B. ben\u00f6tigen Sie menschliches Fingerspitzengef\u00fchl, um die Teile zu laden).<\/li>\n<li>Volumen oder Produktlebensdauer rechtfertigen keine vollautomatische Produktion.<\/li>\n<li>Die \u00fcbrigen Prozesse sind ebenfalls offline.<\/li>\n<li>Die Teile passen in einen Arbeitsbereich von 300 x 300 mm.<\/li>\n<\/ol>\n<p>Siehe auch unsere anderen <a href=\"https:\/\/mtarobotics.com\/de\/produkt-kategorie\/loetprodukte\/soldering-platforms\/\" target=\"_blank\" rel=\"noopener\">Standardplattformen<\/a>.<\/p>","protected":false},"featured_media":1185,"template":"","meta":{"_acf_changed":false},"product_brand":[],"product_cat":[94,27],"product_tag":[],"class_list":{"0":"post-1184","1":"product","2":"type-product","3":"status-publish","4":"has-post-thumbnail","6":"product_cat-soldering-products","7":"product_cat-soldering-robots","9":"first","10":"instock","11":"downloadable","12":"taxable","13":"shipping-taxable","14":"product-type-simple"},"acf":{"additionnal_product_infos":false,"infos_steps":"Minimum order quantity: 10.<br>\r\nDiscount available for higher volumes","contact_button":false,"promo_badge":false,"promo_badge_on_list":false,"text_promo_bage":"","couleur_promo_badge":"#038001"},"yoast_head":"<!-- This site is optimized with the Yoast SEO plugin v27.4 - https:\/\/yoast.com\/product\/yoast-seo-wordpress\/ -->\n<title>The TR300 is a table-top soldering robot<\/title>\n<meta name=\"description\" content=\"The mta TR300 soldering robot platform is purpose-built and standardized for semi-automated applications that require point-to-point soldering.\" \/>\n<meta name=\"robots\" content=\"index, follow, max-snippet:-1, max-image-preview:large, max-video-preview:-1\" \/>\n<link rel=\"canonical\" href=\"https:\/\/mtarobotics.com\/de\/produkte\/loetprodukte\/loetroboter\/tisch-loetroboter-tr300\/\" \/>\n<meta property=\"og:locale\" content=\"de_DE\" \/>\n<meta property=\"og:type\" content=\"article\" \/>\n<meta property=\"og:title\" content=\"The TR300 is a table-top soldering robot\" \/>\n<meta property=\"og:description\" content=\"The mta TR300 soldering robot platform is purpose-built and standardized for semi-automated applications that require point-to-point soldering.\" \/>\n<meta property=\"og:url\" content=\"https:\/\/mtarobotics.com\/de\/produkte\/loetprodukte\/loetroboter\/tisch-loetroboter-tr300\/\" \/>\n<meta property=\"og:site_name\" content=\"mta robotics\" \/>\n<meta property=\"article:modified_time\" content=\"2026-03-17T10:48:03+00:00\" \/>\n<meta property=\"og:image\" content=\"https:\/\/mtarobotics.com\/wp-content\/uploads\/2021\/02\/mta_tr300_table-top_soldering_robot-1024x905.png\" \/>\n\t<meta property=\"og:image:width\" content=\"1024\" \/>\n\t<meta property=\"og:image:height\" content=\"905\" \/>\n\t<meta property=\"og:image:type\" content=\"image\/png\" \/>\n<meta name=\"twitter:card\" content=\"summary_large_image\" \/>\n<meta name=\"twitter:label1\" content=\"Gesch\u00e4tzte Lesezeit\" \/>\n\t<meta name=\"twitter:data1\" content=\"2\u00a0Minuten\" \/>\n<script type=\"application\/ld+json\" class=\"yoast-schema-graph\">{\"@context\":\"https:\\\/\\\/schema.org\",\"@graph\":[{\"@type\":\"WebPage\",\"@id\":\"https:\\\/\\\/mtarobotics.com\\\/products\\\/soldering-products\\\/soldering-robots\\\/tr300-soldering-tabletop-robot\\\/\",\"url\":\"https:\\\/\\\/mtarobotics.com\\\/products\\\/soldering-products\\\/soldering-robots\\\/tr300-soldering-tabletop-robot\\\/\",\"name\":\"The TR300 is a table-top soldering robot\",\"isPartOf\":{\"@id\":\"https:\\\/\\\/mtarobotics.com\\\/#website\"},\"primaryImageOfPage\":{\"@id\":\"https:\\\/\\\/mtarobotics.com\\\/products\\\/soldering-products\\\/soldering-robots\\\/tr300-soldering-tabletop-robot\\\/#primaryimage\"},\"image\":{\"@id\":\"https:\\\/\\\/mtarobotics.com\\\/products\\\/soldering-products\\\/soldering-robots\\\/tr300-soldering-tabletop-robot\\\/#primaryimage\"},\"thumbnailUrl\":\"https:\\\/\\\/mtarobotics.com\\\/wp-content\\\/uploads\\\/2021\\\/02\\\/mta_tr300_table-top_soldering_robot.png\",\"datePublished\":\"2019-05-29T13:07:19+00:00\",\"dateModified\":\"2026-03-17T10:48:03+00:00\",\"description\":\"The mta TR300 soldering robot platform is purpose-built and standardized for semi-automated applications that require point-to-point soldering.\",\"breadcrumb\":{\"@id\":\"https:\\\/\\\/mtarobotics.com\\\/products\\\/soldering-products\\\/soldering-robots\\\/tr300-soldering-tabletop-robot\\\/#breadcrumb\"},\"inLanguage\":\"de\",\"potentialAction\":[{\"@type\":\"ReadAction\",\"target\":[\"https:\\\/\\\/mtarobotics.com\\\/products\\\/soldering-products\\\/soldering-robots\\\/tr300-soldering-tabletop-robot\\\/\"]}]},{\"@type\":\"ImageObject\",\"inLanguage\":\"de\",\"@id\":\"https:\\\/\\\/mtarobotics.com\\\/products\\\/soldering-products\\\/soldering-robots\\\/tr300-soldering-tabletop-robot\\\/#primaryimage\",\"url\":\"https:\\\/\\\/mtarobotics.com\\\/wp-content\\\/uploads\\\/2021\\\/02\\\/mta_tr300_table-top_soldering_robot.png\",\"contentUrl\":\"https:\\\/\\\/mtarobotics.com\\\/wp-content\\\/uploads\\\/2021\\\/02\\\/mta_tr300_table-top_soldering_robot.png\",\"width\":1750,\"height\":1547,\"caption\":\"haut\"},{\"@type\":\"BreadcrumbList\",\"@id\":\"https:\\\/\\\/mtarobotics.com\\\/products\\\/soldering-products\\\/soldering-robots\\\/tr300-soldering-tabletop-robot\\\/#breadcrumb\",\"itemListElement\":[{\"@type\":\"ListItem\",\"position\":1,\"name\":\"Home\",\"item\":\"https:\\\/\\\/mtarobotics.com\\\/\"},{\"@type\":\"ListItem\",\"position\":2,\"name\":\"Global product range\",\"item\":\"https:\\\/\\\/mtarobotics.com\\\/products\\\/\"},{\"@type\":\"ListItem\",\"position\":3,\"name\":\"TR300 soldering table-top robot\"}]},{\"@type\":\"WebSite\",\"@id\":\"https:\\\/\\\/mtarobotics.com\\\/#website\",\"url\":\"https:\\\/\\\/mtarobotics.com\\\/\",\"name\":\"mta robotics\",\"description\":\"Robotics for soldering and dispensing\",\"publisher\":{\"@id\":\"https:\\\/\\\/mtarobotics.com\\\/#organization\"},\"potentialAction\":[{\"@type\":\"SearchAction\",\"target\":{\"@type\":\"EntryPoint\",\"urlTemplate\":\"https:\\\/\\\/mtarobotics.com\\\/?s={search_term_string}\"},\"query-input\":{\"@type\":\"PropertyValueSpecification\",\"valueRequired\":true,\"valueName\":\"search_term_string\"}}],\"inLanguage\":\"de\"},{\"@type\":\"Organization\",\"@id\":\"https:\\\/\\\/mtarobotics.com\\\/#organization\",\"name\":\"Mta robotics\",\"url\":\"https:\\\/\\\/mtarobotics.com\\\/\",\"logo\":{\"@type\":\"ImageObject\",\"inLanguage\":\"de\",\"@id\":\"https:\\\/\\\/mtarobotics.com\\\/#\\\/schema\\\/logo\\\/image\\\/\",\"url\":\"https:\\\/\\\/mtarobotics.com\\\/wp-content\\\/uploads\\\/2019\\\/03\\\/mta.png\",\"contentUrl\":\"https:\\\/\\\/mtarobotics.com\\\/wp-content\\\/uploads\\\/2019\\\/03\\\/mta.png\",\"width\":170,\"height\":84,\"caption\":\"Mta robotics\"},\"image\":{\"@id\":\"https:\\\/\\\/mtarobotics.com\\\/#\\\/schema\\\/logo\\\/image\\\/\"}}]}<\/script>\n<!-- \/ Yoast SEO plugin. -->","yoast_head_json":{"title":"Der TR300 ist ein Tisch-L\u00f6troboter","description":"Die mta TR300 L\u00f6troboterplattform wurde speziell f\u00fcr halbautomatische Anwendungen, die Punkt-zu-Punkt-L\u00f6tungen erfordern, entwickelt und standardisiert.","robots":{"index":"index","follow":"follow","max-snippet":"max-snippet:-1","max-image-preview":"max-image-preview:large","max-video-preview":"max-video-preview:-1"},"canonical":"https:\/\/mtarobotics.com\/de\/produkte\/loetprodukte\/loetroboter\/tisch-loetroboter-tr300\/","og_locale":"de_DE","og_type":"article","og_title":"The TR300 is a table-top soldering robot","og_description":"The mta TR300 soldering robot platform is purpose-built and standardized for semi-automated applications that require point-to-point soldering.","og_url":"https:\/\/mtarobotics.com\/de\/produkte\/loetprodukte\/loetroboter\/tisch-loetroboter-tr300\/","og_site_name":"mta robotics","article_modified_time":"2026-03-17T10:48:03+00:00","og_image":[{"width":1024,"height":905,"url":"https:\/\/mtarobotics.com\/wp-content\/uploads\/2021\/02\/mta_tr300_table-top_soldering_robot-1024x905.png","type":"image\/png"}],"twitter_card":"summary_large_image","twitter_misc":{"Gesch\u00e4tzte Lesezeit":"2\u00a0Minuten"},"schema":{"@context":"https:\/\/schema.org","@graph":[{"@type":"WebPage","@id":"https:\/\/mtarobotics.com\/products\/soldering-products\/soldering-robots\/tr300-soldering-tabletop-robot\/","url":"https:\/\/mtarobotics.com\/products\/soldering-products\/soldering-robots\/tr300-soldering-tabletop-robot\/","name":"Der TR300 ist ein Tisch-L\u00f6troboter","isPartOf":{"@id":"https:\/\/mtarobotics.com\/#website"},"primaryImageOfPage":{"@id":"https:\/\/mtarobotics.com\/products\/soldering-products\/soldering-robots\/tr300-soldering-tabletop-robot\/#primaryimage"},"image":{"@id":"https:\/\/mtarobotics.com\/products\/soldering-products\/soldering-robots\/tr300-soldering-tabletop-robot\/#primaryimage"},"thumbnailUrl":"https:\/\/mtarobotics.com\/wp-content\/uploads\/2021\/02\/mta_tr300_table-top_soldering_robot.png","datePublished":"2019-05-29T13:07:19+00:00","dateModified":"2026-03-17T10:48:03+00:00","description":"Die mta TR300 L\u00f6troboterplattform wurde speziell f\u00fcr halbautomatische Anwendungen, die Punkt-zu-Punkt-L\u00f6tungen erfordern, entwickelt und standardisiert.","breadcrumb":{"@id":"https:\/\/mtarobotics.com\/products\/soldering-products\/soldering-robots\/tr300-soldering-tabletop-robot\/#breadcrumb"},"inLanguage":"de","potentialAction":[{"@type":"ReadAction","target":["https:\/\/mtarobotics.com\/products\/soldering-products\/soldering-robots\/tr300-soldering-tabletop-robot\/"]}]},{"@type":"ImageObject","inLanguage":"de","@id":"https:\/\/mtarobotics.com\/products\/soldering-products\/soldering-robots\/tr300-soldering-tabletop-robot\/#primaryimage","url":"https:\/\/mtarobotics.com\/wp-content\/uploads\/2021\/02\/mta_tr300_table-top_soldering_robot.png","contentUrl":"https:\/\/mtarobotics.com\/wp-content\/uploads\/2021\/02\/mta_tr300_table-top_soldering_robot.png","width":1750,"height":1547,"caption":"haut"},{"@type":"BreadcrumbList","@id":"https:\/\/mtarobotics.com\/products\/soldering-products\/soldering-robots\/tr300-soldering-tabletop-robot\/#breadcrumb","itemListElement":[{"@type":"ListItem","position":1,"name":"Home","item":"https:\/\/mtarobotics.com\/"},{"@type":"ListItem","position":2,"name":"Global product range","item":"https:\/\/mtarobotics.com\/products\/"},{"@type":"ListItem","position":3,"name":"TR300 soldering table-top robot"}]},{"@type":"WebSite","@id":"https:\/\/mtarobotics.com\/#website","url":"https:\/\/mtarobotics.com\/","name":"mta robotics","description":"Robotertechnik f\u00fcr L\u00f6ten und Dosieren","publisher":{"@id":"https:\/\/mtarobotics.com\/#organization"},"potentialAction":[{"@type":"SearchAction","target":{"@type":"EntryPoint","urlTemplate":"https:\/\/mtarobotics.com\/?s={search_term_string}"},"query-input":{"@type":"PropertyValueSpecification","valueRequired":true,"valueName":"search_term_string"}}],"inLanguage":"de"},{"@type":"Organization","@id":"https:\/\/mtarobotics.com\/#organization","name":"Mta-Robotik","url":"https:\/\/mtarobotics.com\/","logo":{"@type":"ImageObject","inLanguage":"de","@id":"https:\/\/mtarobotics.com\/#\/schema\/logo\/image\/","url":"https:\/\/mtarobotics.com\/wp-content\/uploads\/2019\/03\/mta.png","contentUrl":"https:\/\/mtarobotics.com\/wp-content\/uploads\/2019\/03\/mta.png","width":170,"height":84,"caption":"Mta robotics"},"image":{"@id":"https:\/\/mtarobotics.com\/#\/schema\/logo\/image\/"}}]}},"_links":{"self":[{"href":"https:\/\/mtarobotics.com\/de\/wp-json\/wp\/v2\/product\/1184","targetHints":{"allow":["GET"]}}],"collection":[{"href":"https:\/\/mtarobotics.com\/de\/wp-json\/wp\/v2\/product"}],"about":[{"href":"https:\/\/mtarobotics.com\/de\/wp-json\/wp\/v2\/types\/product"}],"wp:featuredmedia":[{"embeddable":true,"href":"https:\/\/mtarobotics.com\/de\/wp-json\/wp\/v2\/media\/1185"}],"wp:attachment":[{"href":"https:\/\/mtarobotics.com\/de\/wp-json\/wp\/v2\/media?parent=1184"}],"wp:term":[{"taxonomy":"product_brand","embeddable":true,"href":"https:\/\/mtarobotics.com\/de\/wp-json\/wp\/v2\/product_brand?post=1184"},{"taxonomy":"product_cat","embeddable":true,"href":"https:\/\/mtarobotics.com\/de\/wp-json\/wp\/v2\/product_cat?post=1184"},{"taxonomy":"product_tag","embeddable":true,"href":"https:\/\/mtarobotics.com\/de\/wp-json\/wp\/v2\/product_tag?post=1184"}],"curies":[{"name":"wp","href":"https:\/\/api.w.org\/{rel}","templated":true}]}}