{"id":1368,"date":"2019-06-17T17:05:37","date_gmt":"2019-06-17T15:05:37","guid":{"rendered":"https:\/\/mta.925.unitechnologies.com\/?post_type=product&#038;p=1368"},"modified":"2026-03-17T07:31:57","modified_gmt":"2026-03-17T06:31:57","slug":"loetstation-fuer-integratoren","status":"publish","type":"product","link":"https:\/\/mtarobotics.com\/de\/products\/soldering-products\/soldering-robots\/soldering-station-integrator\/","title":{"rendered":"L\u00f6tstation f\u00fcr Integratoren"},"content":{"rendered":"<p>F\u00fcr Anwendungen, die nicht die Flexibilit\u00e4t eines Roboters erfordern, bietet eine kompakte L\u00f6tstation eine effiziente Alternative f\u00fcr Integratoren. Sie unterst\u00fctzt halb- oder vollautomatische selektive Punkt-zu-Punkt-L\u00f6tvorg\u00e4nge von oben.<\/p>\n<p data-start=\"416\" data-end=\"512\">Modulare Schlitten und Standardelemente sorgen f\u00fcr ma\u00dfgeschneiderte L\u00f6sungen f\u00fcr jede Kundenanwendung.<\/p>\n<p>Die Station kann mit einer der folgenden Komponenten ausgestattet werden <a href=\"https:\/\/mtarobotics.com\/de\/produkt-kategorie\/loetkopfe\/\" target=\"_blank\" rel=\"noopener noreferrer\">mta's L\u00f6tk\u00f6pfe<\/a>: L\u00f6tkolben, Induktion; mit Ausnahme des mta MLH45 Laserkopfes.<\/p>\n<h4>2 Gr\u00fcnde f\u00fcr die Wahl der mta-L\u00f6tstation<\/h4>\n<ol class=\"ol1\">\n<li>Hohe Flexibilit\u00e4t hinsichtlich mechanischer und elektrischer Integration.<\/li>\n<li>Zuverl\u00e4ssiger schl\u00fcsselfertiger Prozess mit kontrollierten und angemessenen Kosten.<\/li>\n<\/ol>","protected":false},"excerpt":{"rendered":"<p>F\u00fcr Anwendungen, die nicht die Flexibilit\u00e4t eines Roboters erfordern, bietet eine kompakte L\u00f6tstation eine effiziente Alternative f\u00fcr Integratoren. Sie unterst\u00fctzt halb- oder vollautomatische selektive Punkt-zu-Punkt-L\u00f6tvorg\u00e4nge von oben.<\/p>","protected":false},"featured_media":1369,"template":"","meta":{"_acf_changed":false},"product_brand":[],"product_cat":[94,27],"product_tag":[],"class_list":{"0":"post-1368","1":"product","2":"type-product","3":"status-publish","4":"has-post-thumbnail","6":"product_cat-soldering-products","7":"product_cat-soldering-robots","9":"first","10":"instock","11":"downloadable","12":"taxable","13":"shipping-taxable","14":"product-type-simple"},"acf":{"additionnal_product_infos":false,"infos_steps":"Minimum order quantity: 10.<br>\r\nDiscount available for higher volumes","contact_button":false,"promo_badge":false,"promo_badge_on_list":false,"text_promo_bage":"","couleur_promo_badge":"#038001"},"yoast_head":"<!-- This site is optimized with the Yoast SEO plugin v27.5 - https:\/\/yoast.com\/product\/yoast-seo-wordpress\/ -->\n<title>Soldering station for integrator | mta robotics<\/title>\n<meta name=\"description\" content=\"The station is dedicated for applications that do not require the flexibility of a robot, a simple soldering station is available.\" \/>\n<meta name=\"robots\" content=\"index, follow, max-snippet:-1, max-image-preview:large, max-video-preview:-1\" \/>\n<link rel=\"canonical\" href=\"https:\/\/mtarobotics.com\/de\/produkte\/loetprodukte\/loetroboter\/loetstation-fuer-integratoren\/\" \/>\n<meta property=\"og:locale\" content=\"de_DE\" \/>\n<meta property=\"og:type\" content=\"article\" \/>\n<meta property=\"og:title\" content=\"Soldering station for integrator | mta robotics\" \/>\n<meta property=\"og:description\" content=\"The station is dedicated for applications that do not require the flexibility of a robot, a simple soldering station is available.\" \/>\n<meta property=\"og:url\" content=\"https:\/\/mtarobotics.com\/de\/produkte\/loetprodukte\/loetroboter\/loetstation-fuer-integratoren\/\" \/>\n<meta property=\"og:site_name\" content=\"mta robotics\" \/>\n<meta property=\"article:modified_time\" content=\"2026-03-17T06:31:57+00:00\" \/>\n<meta property=\"og:image\" content=\"https:\/\/mtarobotics.com\/wp-content\/uploads\/2019\/06\/soldering-station-for-integrator.png?t=1773729117\" \/>\n\t<meta property=\"og:image:width\" content=\"800\" \/>\n\t<meta property=\"og:image:height\" content=\"1008\" \/>\n\t<meta property=\"og:image:type\" content=\"image\/png\" \/>\n<meta name=\"twitter:card\" content=\"summary_large_image\" \/>\n<meta name=\"twitter:label1\" content=\"Gesch\u00e4tzte Lesezeit\" \/>\n\t<meta name=\"twitter:data1\" content=\"1\u00a0Minute\" \/>\n<script type=\"application\/ld+json\" class=\"yoast-schema-graph\">{\"@context\":\"https:\\\/\\\/schema.org\",\"@graph\":[{\"@type\":\"WebPage\",\"@id\":\"https:\\\/\\\/mtarobotics.com\\\/products\\\/soldering-products\\\/soldering-robots\\\/soldering-station-integrator\\\/\",\"url\":\"https:\\\/\\\/mtarobotics.com\\\/products\\\/soldering-products\\\/soldering-robots\\\/soldering-station-integrator\\\/\",\"name\":\"Soldering station for integrator | mta robotics\",\"isPartOf\":{\"@id\":\"https:\\\/\\\/mtarobotics.com\\\/#website\"},\"primaryImageOfPage\":{\"@id\":\"https:\\\/\\\/mtarobotics.com\\\/products\\\/soldering-products\\\/soldering-robots\\\/soldering-station-integrator\\\/#primaryimage\"},\"image\":{\"@id\":\"https:\\\/\\\/mtarobotics.com\\\/products\\\/soldering-products\\\/soldering-robots\\\/soldering-station-integrator\\\/#primaryimage\"},\"thumbnailUrl\":\"https:\\\/\\\/mtarobotics.com\\\/wp-content\\\/uploads\\\/2019\\\/06\\\/soldering-station-for-integrator.png?t=1778087510\",\"datePublished\":\"2019-06-17T15:05:37+00:00\",\"dateModified\":\"2026-03-17T06:31:57+00:00\",\"description\":\"The station is dedicated for applications that do not require the flexibility of a robot, a simple soldering station is available.\",\"breadcrumb\":{\"@id\":\"https:\\\/\\\/mtarobotics.com\\\/products\\\/soldering-products\\\/soldering-robots\\\/soldering-station-integrator\\\/#breadcrumb\"},\"inLanguage\":\"de\",\"potentialAction\":[{\"@type\":\"ReadAction\",\"target\":[\"https:\\\/\\\/mtarobotics.com\\\/products\\\/soldering-products\\\/soldering-robots\\\/soldering-station-integrator\\\/\"]}]},{\"@type\":\"ImageObject\",\"inLanguage\":\"de\",\"@id\":\"https:\\\/\\\/mtarobotics.com\\\/products\\\/soldering-products\\\/soldering-robots\\\/soldering-station-integrator\\\/#primaryimage\",\"url\":\"https:\\\/\\\/mtarobotics.com\\\/wp-content\\\/uploads\\\/2019\\\/06\\\/soldering-station-for-integrator.png?t=1778087510\",\"contentUrl\":\"https:\\\/\\\/mtarobotics.com\\\/wp-content\\\/uploads\\\/2019\\\/06\\\/soldering-station-for-integrator.png?t=1778087510\",\"width\":800,\"height\":1008,\"caption\":\"Soldering station for integrator\"},{\"@type\":\"BreadcrumbList\",\"@id\":\"https:\\\/\\\/mtarobotics.com\\\/products\\\/soldering-products\\\/soldering-robots\\\/soldering-station-integrator\\\/#breadcrumb\",\"itemListElement\":[{\"@type\":\"ListItem\",\"position\":1,\"name\":\"Home\",\"item\":\"https:\\\/\\\/mtarobotics.com\\\/\"},{\"@type\":\"ListItem\",\"position\":2,\"name\":\"Global product range\",\"item\":\"https:\\\/\\\/mtarobotics.com\\\/products\\\/\"},{\"@type\":\"ListItem\",\"position\":3,\"name\":\"Soldering station for integrator\"}]},{\"@type\":\"WebSite\",\"@id\":\"https:\\\/\\\/mtarobotics.com\\\/#website\",\"url\":\"https:\\\/\\\/mtarobotics.com\\\/\",\"name\":\"mta robotics\",\"description\":\"Robotics for soldering and dispensing\",\"publisher\":{\"@id\":\"https:\\\/\\\/mtarobotics.com\\\/#organization\"},\"potentialAction\":[{\"@type\":\"SearchAction\",\"target\":{\"@type\":\"EntryPoint\",\"urlTemplate\":\"https:\\\/\\\/mtarobotics.com\\\/?s={search_term_string}\"},\"query-input\":{\"@type\":\"PropertyValueSpecification\",\"valueRequired\":true,\"valueName\":\"search_term_string\"}}],\"inLanguage\":\"de\"},{\"@type\":\"Organization\",\"@id\":\"https:\\\/\\\/mtarobotics.com\\\/#organization\",\"name\":\"Mta robotics\",\"url\":\"https:\\\/\\\/mtarobotics.com\\\/\",\"logo\":{\"@type\":\"ImageObject\",\"inLanguage\":\"de\",\"@id\":\"https:\\\/\\\/mtarobotics.com\\\/#\\\/schema\\\/logo\\\/image\\\/\",\"url\":\"https:\\\/\\\/mtarobotics.com\\\/wp-content\\\/uploads\\\/2019\\\/03\\\/mta.png\",\"contentUrl\":\"https:\\\/\\\/mtarobotics.com\\\/wp-content\\\/uploads\\\/2019\\\/03\\\/mta.png\",\"width\":170,\"height\":84,\"caption\":\"Mta robotics\"},\"image\":{\"@id\":\"https:\\\/\\\/mtarobotics.com\\\/#\\\/schema\\\/logo\\\/image\\\/\"}}]}<\/script>\n<!-- \/ Yoast SEO plugin. -->","yoast_head_json":{"title":"L\u00f6tstation f\u00fcr Integratoren | mta robotics","description":"F\u00fcr Anwendungen, die nicht die Flexibilit\u00e4t eines Roboters erfordern, steht eine einfache L\u00f6tstation zur Verf\u00fcgung.","robots":{"index":"index","follow":"follow","max-snippet":"max-snippet:-1","max-image-preview":"max-image-preview:large","max-video-preview":"max-video-preview:-1"},"canonical":"https:\/\/mtarobotics.com\/de\/produkte\/loetprodukte\/loetroboter\/loetstation-fuer-integratoren\/","og_locale":"de_DE","og_type":"article","og_title":"Soldering station for integrator | mta robotics","og_description":"The station is dedicated for applications that do not require the flexibility of a robot, a simple soldering station is available.","og_url":"https:\/\/mtarobotics.com\/de\/produkte\/loetprodukte\/loetroboter\/loetstation-fuer-integratoren\/","og_site_name":"mta robotics","article_modified_time":"2026-03-17T06:31:57+00:00","og_image":[{"width":800,"height":1008,"url":"https:\/\/mtarobotics.com\/wp-content\/uploads\/2019\/06\/soldering-station-for-integrator.png?t=1773729117","type":"image\/png"}],"twitter_card":"summary_large_image","twitter_misc":{"Gesch\u00e4tzte Lesezeit":"1\u00a0Minute"},"schema":{"@context":"https:\/\/schema.org","@graph":[{"@type":"WebPage","@id":"https:\/\/mtarobotics.com\/products\/soldering-products\/soldering-robots\/soldering-station-integrator\/","url":"https:\/\/mtarobotics.com\/products\/soldering-products\/soldering-robots\/soldering-station-integrator\/","name":"L\u00f6tstation f\u00fcr Integratoren | mta robotics","isPartOf":{"@id":"https:\/\/mtarobotics.com\/#website"},"primaryImageOfPage":{"@id":"https:\/\/mtarobotics.com\/products\/soldering-products\/soldering-robots\/soldering-station-integrator\/#primaryimage"},"image":{"@id":"https:\/\/mtarobotics.com\/products\/soldering-products\/soldering-robots\/soldering-station-integrator\/#primaryimage"},"thumbnailUrl":"https:\/\/mtarobotics.com\/wp-content\/uploads\/2019\/06\/soldering-station-for-integrator.png?t=1778087510","datePublished":"2019-06-17T15:05:37+00:00","dateModified":"2026-03-17T06:31:57+00:00","description":"F\u00fcr Anwendungen, die nicht die Flexibilit\u00e4t eines Roboters erfordern, steht eine einfache L\u00f6tstation zur Verf\u00fcgung.","breadcrumb":{"@id":"https:\/\/mtarobotics.com\/products\/soldering-products\/soldering-robots\/soldering-station-integrator\/#breadcrumb"},"inLanguage":"de","potentialAction":[{"@type":"ReadAction","target":["https:\/\/mtarobotics.com\/products\/soldering-products\/soldering-robots\/soldering-station-integrator\/"]}]},{"@type":"ImageObject","inLanguage":"de","@id":"https:\/\/mtarobotics.com\/products\/soldering-products\/soldering-robots\/soldering-station-integrator\/#primaryimage","url":"https:\/\/mtarobotics.com\/wp-content\/uploads\/2019\/06\/soldering-station-for-integrator.png?t=1778087510","contentUrl":"https:\/\/mtarobotics.com\/wp-content\/uploads\/2019\/06\/soldering-station-for-integrator.png?t=1778087510","width":800,"height":1008,"caption":"Soldering station for integrator"},{"@type":"BreadcrumbList","@id":"https:\/\/mtarobotics.com\/products\/soldering-products\/soldering-robots\/soldering-station-integrator\/#breadcrumb","itemListElement":[{"@type":"ListItem","position":1,"name":"Home","item":"https:\/\/mtarobotics.com\/"},{"@type":"ListItem","position":2,"name":"Global product range","item":"https:\/\/mtarobotics.com\/products\/"},{"@type":"ListItem","position":3,"name":"Soldering station for integrator"}]},{"@type":"WebSite","@id":"https:\/\/mtarobotics.com\/#website","url":"https:\/\/mtarobotics.com\/","name":"mta robotics","description":"Robotertechnik f\u00fcr L\u00f6ten und Dosieren","publisher":{"@id":"https:\/\/mtarobotics.com\/#organization"},"potentialAction":[{"@type":"SearchAction","target":{"@type":"EntryPoint","urlTemplate":"https:\/\/mtarobotics.com\/?s={search_term_string}"},"query-input":{"@type":"PropertyValueSpecification","valueRequired":true,"valueName":"search_term_string"}}],"inLanguage":"de"},{"@type":"Organization","@id":"https:\/\/mtarobotics.com\/#organization","name":"Mta-Robotik","url":"https:\/\/mtarobotics.com\/","logo":{"@type":"ImageObject","inLanguage":"de","@id":"https:\/\/mtarobotics.com\/#\/schema\/logo\/image\/","url":"https:\/\/mtarobotics.com\/wp-content\/uploads\/2019\/03\/mta.png","contentUrl":"https:\/\/mtarobotics.com\/wp-content\/uploads\/2019\/03\/mta.png","width":170,"height":84,"caption":"Mta robotics"},"image":{"@id":"https:\/\/mtarobotics.com\/#\/schema\/logo\/image\/"}}]}},"_links":{"self":[{"href":"https:\/\/mtarobotics.com\/de\/wp-json\/wp\/v2\/product\/1368","targetHints":{"allow":["GET"]}}],"collection":[{"href":"https:\/\/mtarobotics.com\/de\/wp-json\/wp\/v2\/product"}],"about":[{"href":"https:\/\/mtarobotics.com\/de\/wp-json\/wp\/v2\/types\/product"}],"wp:featuredmedia":[{"embeddable":true,"href":"https:\/\/mtarobotics.com\/de\/wp-json\/wp\/v2\/media\/1369"}],"wp:attachment":[{"href":"https:\/\/mtarobotics.com\/de\/wp-json\/wp\/v2\/media?parent=1368"}],"wp:term":[{"taxonomy":"product_brand","embeddable":true,"href":"https:\/\/mtarobotics.com\/de\/wp-json\/wp\/v2\/product_brand?post=1368"},{"taxonomy":"product_cat","embeddable":true,"href":"https:\/\/mtarobotics.com\/de\/wp-json\/wp\/v2\/product_cat?post=1368"},{"taxonomy":"product_tag","embeddable":true,"href":"https:\/\/mtarobotics.com\/de\/wp-json\/wp\/v2\/product_tag?post=1368"}],"curies":[{"name":"wp","href":"https:\/\/api.w.org\/{rel}","templated":true}]}}