{"id":1445,"date":"2019-06-18T15:50:00","date_gmt":"2019-06-18T13:50:00","guid":{"rendered":"https:\/\/mta.925.unitechnologies.com\/?post_type=product&#038;p=1445"},"modified":"2026-03-30T09:53:30","modified_gmt":"2026-03-30T07:53:30","slug":"loetpasten-dispenser","status":"publish","type":"product","link":"https:\/\/mtarobotics.com\/de\/products\/soldering-products\/soldering-heads\/solder-paste-dispensers\/","title":{"rendered":"L\u00f6tpastendispenser"},"content":{"rendered":"<p><strong>L\u00f6tpastendispenser f\u00fcr Laser und Induktion<\/strong><\/p>\n<p>Der L\u00f6tmarkt tendiert zu immer kleineren Anwendungen. Daher werden die Gr\u00f6\u00dfe des L\u00f6tdrahtes und der Einfluss seines Kontaktes mit den Bauteilen zu einer Grenze f\u00fcr die erreichbare Prozessgenauigkeit.<\/p>\n<p>Um die Exzellenz seiner Laser- und Induktionsprozesse mit den kleinsten Teilen zu gew\u00e4hrleisten, verf\u00fcgt mta robotics nun \u00fcber die M\u00f6glichkeit der Integration <a href=\"https:\/\/mtarobotics.com\/de\/produkte\/mta-dispensing-products\/dosierkoepfe\/jet-mikrodosierventil-pdos-x1\/\" target=\"_blank\" rel=\"noopener\">Lotpasten-Jet-Mikrodosierventil<\/a> oder <a href=\"https:\/\/mtarobotics.com\/de\/produkt-kategorie\/dosierprodukte\/dosierkoepfe\/kontinuierliche-1k-dosierkits-cfd\/\" target=\"_blank\" rel=\"noopener\">traditioneller Lotpastendispenser<\/a>. Dieser ist direkt neben dem L\u00f6tkopf und in der gleichen Anlage integriert.<\/p>\n<p>Die N\u00e4he zwischen dem Lotpastendispenser und dem L\u00f6tprozess gew\u00e4hrleistet eine perfekte Beherrschung des gesamten Prozesses. Durch die vollst\u00e4ndige Integration beider Prozessschritte in dieselbe automatisierte Anlage k\u00f6nnen zudem die Investitionskosten optimiert werden.<\/p>\n<h3 class=\"p1\"><span class=\"s1\"><b>3 Gr\u00fcnde f\u00fcr die Wahl des Lotpastenstrahlventils<\/b><\/span><\/h3>\n<ol class=\"ol1\">\n<li class=\"li2\"><span class=\"black\">Keine Zug\u00e4nglichkeitsprobleme aufgrund des ber\u00fchrungslosen Lotpastendosierverfahrens.<\/span><\/li>\n<li><span class=\"black\">Geeignet f\u00fcr sehr kleine Mengen an dosierter Lotpaste.<\/span><\/li>\n<li>Keine Positionierung oder Einstellung des L\u00f6tdrahtes.<\/li>\n<\/ol>\n<h3 class=\"p1\"><span class=\"s1\"><b>2 Gr\u00fcnde f\u00fcr die Wahl des traditionellen Lotpastendispensers<\/b><\/span><\/h3>\n<ol class=\"ol1\">\n<li class=\"li2\">Wird f\u00fcr mittlere bis gro\u00dfe Mengen an Lotpaste verwendet.<\/li>\n<li class=\"li2\">Optimierte Zykluszeit und effektiverer Prozess durch kombinierte Lotpastendosierung und L\u00f6tvorgang.<\/li>\n<\/ol>","protected":false},"excerpt":{"rendered":"<p><strong>L\u00f6tpastendispenser f\u00fcr Laser und Induktion<\/strong><\/p>\n<p>Der L\u00f6tmarkt tendiert zu immer kleineren Anwendungen. Daher werden die Gr\u00f6\u00dfe des L\u00f6tdrahtes und der Einfluss seines Kontaktes mit den Bauteilen zu einer Grenze f\u00fcr die erreichbare Prozessgenauigkeit.<\/p>\n<p>Um die Exzellenz seiner Laser- und Induktionsprozesse mit den kleinsten Teilen zu gew\u00e4hrleisten, verf\u00fcgt mta robotics nun \u00fcber die M\u00f6glichkeit der Integration <a href=\"https:\/\/mtarobotics.com\/de\/produkte\/mta-dispensing-products\/dosierkoepfe\/jet-mikrodosierventil-pdos-x1\/\" target=\"_blank\" rel=\"noopener\">Lotpasten-Jet-Mikrodosierventil<\/a> oder <a href=\"https:\/\/mtarobotics.com\/de\/produkte\/mta-dispensing-products\/dosierkoepfe\/cfd-continuous-flow-mono-component-dispenser\/\" target=\"_blank\" rel=\"noopener\">traditioneller Lotpastendispenser<\/a>. Dieser ist direkt neben dem L\u00f6tkopf und in der gleichen Anlage integriert.<\/p>\n<p>Die N\u00e4he zwischen dem Lotpastendispenser und dem L\u00f6tprozess gew\u00e4hrleistet eine perfekte Beherrschung des gesamten Prozesses. Durch die vollst\u00e4ndige Integration beider Prozessschritte in dieselbe automatisierte Anlage k\u00f6nnen zudem die Investitionskosten optimiert werden.<\/p>\n<h3 class=\"p1\"><span class=\"s1\"><b>3 Gr\u00fcnde f\u00fcr die Wahl des Lotpastenstrahlventils<\/b><\/span><\/h3>\n<ol class=\"ol1\">\n<li class=\"li2\"><span class=\"black\">Keine Zug\u00e4nglichkeitsprobleme aufgrund des ber\u00fchrungslosen Lotpastendosierverfahrens.<\/span><\/li>\n<li><span class=\"black\">Geeignet f\u00fcr sehr kleine Mengen an dosierter Lotpaste.<\/span><\/li>\n<li>Keine Positionierung oder Einstellung des L\u00f6tdrahtes.<\/li>\n<\/ol>\n<h3 class=\"p1\"><span class=\"s1\"><b>2 Gr\u00fcnde f\u00fcr die Wahl des traditionellen Lotpastendispensers<\/b><\/span><\/h3>\n<ol class=\"ol1\">\n<li class=\"li2\">Wird f\u00fcr mittlere bis gro\u00dfe Mengen an Lotpaste verwendet.<\/li>\n<li class=\"li2\">Optimierte Zykluszeit und effektiverer Prozess durch kombinierte Lotpastendosierung und L\u00f6tvorgang.<\/li>\n<\/ol>","protected":false},"featured_media":1446,"template":"","meta":{"_acf_changed":false},"product_brand":[],"product_cat":[50,94],"product_tag":[],"class_list":{"0":"post-1445","1":"product","2":"type-product","3":"status-publish","4":"has-post-thumbnail","6":"product_cat-soldering-heads","7":"product_cat-soldering-products","9":"first","10":"instock","11":"taxable","12":"shipping-taxable","13":"product-type-simple"},"acf":{"additionnal_product_infos":false,"infos_steps":"Minimum order quantity: 10.<br>\r\nDiscount available for higher volumes","contact_button":false,"promo_badge":false,"promo_badge_on_list":false,"text_promo_bage":"","couleur_promo_badge":"#038001"},"yoast_head":"<!-- This site is optimized with the Yoast SEO plugin v27.5 - https:\/\/yoast.com\/product\/yoast-seo-wordpress\/ -->\n<title>Solder paste dispensers for laser and induction<\/title>\n<meta name=\"description\" content=\"The soldering market is heading towards smaller and smaller applications. Therefore, the size of the solder wire and the influence of its contact with\" \/>\n<meta name=\"robots\" content=\"index, follow, max-snippet:-1, max-image-preview:large, max-video-preview:-1\" \/>\n<link rel=\"canonical\" href=\"https:\/\/mtarobotics.com\/de\/produkte\/loetprodukte\/loetkopfe\/loetpasten-dispenser\/\" \/>\n<meta property=\"og:locale\" content=\"de_DE\" \/>\n<meta property=\"og:type\" content=\"article\" \/>\n<meta property=\"og:title\" content=\"Solder paste dispensers for laser and induction\" \/>\n<meta property=\"og:description\" content=\"The soldering market is heading towards smaller and smaller applications. Therefore, the size of the solder wire and the influence of its contact with\" \/>\n<meta property=\"og:url\" content=\"https:\/\/mtarobotics.com\/de\/produkte\/loetprodukte\/loetkopfe\/loetpasten-dispenser\/\" \/>\n<meta property=\"og:site_name\" content=\"mta robotics\" \/>\n<meta property=\"article:modified_time\" content=\"2026-03-30T07:53:30+00:00\" \/>\n<meta property=\"og:image\" content=\"https:\/\/mtarobotics.com\/wp-content\/uploads\/2019\/06\/mta_solder_paste_dispensing_head.png\" \/>\n\t<meta property=\"og:image:width\" content=\"1343\" \/>\n\t<meta property=\"og:image:height\" content=\"840\" \/>\n\t<meta property=\"og:image:type\" content=\"image\/png\" \/>\n<meta name=\"twitter:card\" content=\"summary_large_image\" \/>\n<meta name=\"twitter:label1\" content=\"Gesch\u00e4tzte Lesezeit\" \/>\n\t<meta name=\"twitter:data1\" content=\"2\u00a0Minuten\" \/>\n<script type=\"application\/ld+json\" class=\"yoast-schema-graph\">{\"@context\":\"https:\\\/\\\/schema.org\",\"@graph\":[{\"@type\":\"WebPage\",\"@id\":\"https:\\\/\\\/mtarobotics.com\\\/products\\\/soldering-products\\\/soldering-heads\\\/solder-paste-dispensers\\\/\",\"url\":\"https:\\\/\\\/mtarobotics.com\\\/products\\\/soldering-products\\\/soldering-heads\\\/solder-paste-dispensers\\\/\",\"name\":\"Solder paste dispensers for laser and induction\",\"isPartOf\":{\"@id\":\"https:\\\/\\\/mtarobotics.com\\\/#website\"},\"primaryImageOfPage\":{\"@id\":\"https:\\\/\\\/mtarobotics.com\\\/products\\\/soldering-products\\\/soldering-heads\\\/solder-paste-dispensers\\\/#primaryimage\"},\"image\":{\"@id\":\"https:\\\/\\\/mtarobotics.com\\\/products\\\/soldering-products\\\/soldering-heads\\\/solder-paste-dispensers\\\/#primaryimage\"},\"thumbnailUrl\":\"https:\\\/\\\/mtarobotics.com\\\/wp-content\\\/uploads\\\/2019\\\/06\\\/mta_solder_paste_dispensing_head.png\",\"datePublished\":\"2019-06-18T13:50:00+00:00\",\"dateModified\":\"2026-03-30T07:53:30+00:00\",\"description\":\"The soldering market is heading towards smaller and smaller applications. Therefore, the size of the solder wire and the influence of its contact with\",\"breadcrumb\":{\"@id\":\"https:\\\/\\\/mtarobotics.com\\\/products\\\/soldering-products\\\/soldering-heads\\\/solder-paste-dispensers\\\/#breadcrumb\"},\"inLanguage\":\"de\",\"potentialAction\":[{\"@type\":\"ReadAction\",\"target\":[\"https:\\\/\\\/mtarobotics.com\\\/products\\\/soldering-products\\\/soldering-heads\\\/solder-paste-dispensers\\\/\"]}]},{\"@type\":\"ImageObject\",\"inLanguage\":\"de\",\"@id\":\"https:\\\/\\\/mtarobotics.com\\\/products\\\/soldering-products\\\/soldering-heads\\\/solder-paste-dispensers\\\/#primaryimage\",\"url\":\"https:\\\/\\\/mtarobotics.com\\\/wp-content\\\/uploads\\\/2019\\\/06\\\/mta_solder_paste_dispensing_head.png\",\"contentUrl\":\"https:\\\/\\\/mtarobotics.com\\\/wp-content\\\/uploads\\\/2019\\\/06\\\/mta_solder_paste_dispensing_head.png\",\"width\":1343,\"height\":840,\"caption\":\"Solder paste dispensers for laser and induction\"},{\"@type\":\"BreadcrumbList\",\"@id\":\"https:\\\/\\\/mtarobotics.com\\\/products\\\/soldering-products\\\/soldering-heads\\\/solder-paste-dispensers\\\/#breadcrumb\",\"itemListElement\":[{\"@type\":\"ListItem\",\"position\":1,\"name\":\"Home\",\"item\":\"https:\\\/\\\/mtarobotics.com\\\/\"},{\"@type\":\"ListItem\",\"position\":2,\"name\":\"Global product range\",\"item\":\"https:\\\/\\\/mtarobotics.com\\\/products\\\/\"},{\"@type\":\"ListItem\",\"position\":3,\"name\":\"Solder paste dispensers\"}]},{\"@type\":\"WebSite\",\"@id\":\"https:\\\/\\\/mtarobotics.com\\\/#website\",\"url\":\"https:\\\/\\\/mtarobotics.com\\\/\",\"name\":\"mta robotics\",\"description\":\"Robotics for soldering and dispensing\",\"publisher\":{\"@id\":\"https:\\\/\\\/mtarobotics.com\\\/#organization\"},\"potentialAction\":[{\"@type\":\"SearchAction\",\"target\":{\"@type\":\"EntryPoint\",\"urlTemplate\":\"https:\\\/\\\/mtarobotics.com\\\/?s={search_term_string}\"},\"query-input\":{\"@type\":\"PropertyValueSpecification\",\"valueRequired\":true,\"valueName\":\"search_term_string\"}}],\"inLanguage\":\"de\"},{\"@type\":\"Organization\",\"@id\":\"https:\\\/\\\/mtarobotics.com\\\/#organization\",\"name\":\"Mta robotics\",\"url\":\"https:\\\/\\\/mtarobotics.com\\\/\",\"logo\":{\"@type\":\"ImageObject\",\"inLanguage\":\"de\",\"@id\":\"https:\\\/\\\/mtarobotics.com\\\/#\\\/schema\\\/logo\\\/image\\\/\",\"url\":\"https:\\\/\\\/mtarobotics.com\\\/wp-content\\\/uploads\\\/2019\\\/03\\\/mta.png\",\"contentUrl\":\"https:\\\/\\\/mtarobotics.com\\\/wp-content\\\/uploads\\\/2019\\\/03\\\/mta.png\",\"width\":170,\"height\":84,\"caption\":\"Mta robotics\"},\"image\":{\"@id\":\"https:\\\/\\\/mtarobotics.com\\\/#\\\/schema\\\/logo\\\/image\\\/\"}}]}<\/script>\n<!-- \/ Yoast SEO plugin. -->","yoast_head_json":{"title":"L\u00f6tpastendispenser f\u00fcr Laser und Induktion","description":"Der L\u00f6tmarkt tendiert zu immer kleineren Anwendungen. Daher sind die Gr\u00f6\u00dfe des L\u00f6tdrahts und der Einfluss seines Kontakts mit","robots":{"index":"index","follow":"follow","max-snippet":"max-snippet:-1","max-image-preview":"max-image-preview:large","max-video-preview":"max-video-preview:-1"},"canonical":"https:\/\/mtarobotics.com\/de\/produkte\/loetprodukte\/loetkopfe\/loetpasten-dispenser\/","og_locale":"de_DE","og_type":"article","og_title":"Solder paste dispensers for laser and induction","og_description":"The soldering market is heading towards smaller and smaller applications. Therefore, the size of the solder wire and the influence of its contact with","og_url":"https:\/\/mtarobotics.com\/de\/produkte\/loetprodukte\/loetkopfe\/loetpasten-dispenser\/","og_site_name":"mta robotics","article_modified_time":"2026-03-30T07:53:30+00:00","og_image":[{"width":1343,"height":840,"url":"https:\/\/mtarobotics.com\/wp-content\/uploads\/2019\/06\/mta_solder_paste_dispensing_head.png","type":"image\/png"}],"twitter_card":"summary_large_image","twitter_misc":{"Gesch\u00e4tzte Lesezeit":"2\u00a0Minuten"},"schema":{"@context":"https:\/\/schema.org","@graph":[{"@type":"WebPage","@id":"https:\/\/mtarobotics.com\/products\/soldering-products\/soldering-heads\/solder-paste-dispensers\/","url":"https:\/\/mtarobotics.com\/products\/soldering-products\/soldering-heads\/solder-paste-dispensers\/","name":"L\u00f6tpastendispenser f\u00fcr Laser und Induktion","isPartOf":{"@id":"https:\/\/mtarobotics.com\/#website"},"primaryImageOfPage":{"@id":"https:\/\/mtarobotics.com\/products\/soldering-products\/soldering-heads\/solder-paste-dispensers\/#primaryimage"},"image":{"@id":"https:\/\/mtarobotics.com\/products\/soldering-products\/soldering-heads\/solder-paste-dispensers\/#primaryimage"},"thumbnailUrl":"https:\/\/mtarobotics.com\/wp-content\/uploads\/2019\/06\/mta_solder_paste_dispensing_head.png","datePublished":"2019-06-18T13:50:00+00:00","dateModified":"2026-03-30T07:53:30+00:00","description":"Der L\u00f6tmarkt tendiert zu immer kleineren Anwendungen. Daher sind die Gr\u00f6\u00dfe des L\u00f6tdrahts und der Einfluss seines Kontakts mit","breadcrumb":{"@id":"https:\/\/mtarobotics.com\/products\/soldering-products\/soldering-heads\/solder-paste-dispensers\/#breadcrumb"},"inLanguage":"de","potentialAction":[{"@type":"ReadAction","target":["https:\/\/mtarobotics.com\/products\/soldering-products\/soldering-heads\/solder-paste-dispensers\/"]}]},{"@type":"ImageObject","inLanguage":"de","@id":"https:\/\/mtarobotics.com\/products\/soldering-products\/soldering-heads\/solder-paste-dispensers\/#primaryimage","url":"https:\/\/mtarobotics.com\/wp-content\/uploads\/2019\/06\/mta_solder_paste_dispensing_head.png","contentUrl":"https:\/\/mtarobotics.com\/wp-content\/uploads\/2019\/06\/mta_solder_paste_dispensing_head.png","width":1343,"height":840,"caption":"Solder paste dispensers for laser and induction"},{"@type":"BreadcrumbList","@id":"https:\/\/mtarobotics.com\/products\/soldering-products\/soldering-heads\/solder-paste-dispensers\/#breadcrumb","itemListElement":[{"@type":"ListItem","position":1,"name":"Home","item":"https:\/\/mtarobotics.com\/"},{"@type":"ListItem","position":2,"name":"Global product range","item":"https:\/\/mtarobotics.com\/products\/"},{"@type":"ListItem","position":3,"name":"Solder paste dispensers"}]},{"@type":"WebSite","@id":"https:\/\/mtarobotics.com\/#website","url":"https:\/\/mtarobotics.com\/","name":"mta robotics","description":"Robotertechnik f\u00fcr L\u00f6ten und Dosieren","publisher":{"@id":"https:\/\/mtarobotics.com\/#organization"},"potentialAction":[{"@type":"SearchAction","target":{"@type":"EntryPoint","urlTemplate":"https:\/\/mtarobotics.com\/?s={search_term_string}"},"query-input":{"@type":"PropertyValueSpecification","valueRequired":true,"valueName":"search_term_string"}}],"inLanguage":"de"},{"@type":"Organization","@id":"https:\/\/mtarobotics.com\/#organization","name":"Mta-Robotik","url":"https:\/\/mtarobotics.com\/","logo":{"@type":"ImageObject","inLanguage":"de","@id":"https:\/\/mtarobotics.com\/#\/schema\/logo\/image\/","url":"https:\/\/mtarobotics.com\/wp-content\/uploads\/2019\/03\/mta.png","contentUrl":"https:\/\/mtarobotics.com\/wp-content\/uploads\/2019\/03\/mta.png","width":170,"height":84,"caption":"Mta robotics"},"image":{"@id":"https:\/\/mtarobotics.com\/#\/schema\/logo\/image\/"}}]}},"_links":{"self":[{"href":"https:\/\/mtarobotics.com\/de\/wp-json\/wp\/v2\/product\/1445","targetHints":{"allow":["GET"]}}],"collection":[{"href":"https:\/\/mtarobotics.com\/de\/wp-json\/wp\/v2\/product"}],"about":[{"href":"https:\/\/mtarobotics.com\/de\/wp-json\/wp\/v2\/types\/product"}],"wp:featuredmedia":[{"embeddable":true,"href":"https:\/\/mtarobotics.com\/de\/wp-json\/wp\/v2\/media\/1446"}],"wp:attachment":[{"href":"https:\/\/mtarobotics.com\/de\/wp-json\/wp\/v2\/media?parent=1445"}],"wp:term":[{"taxonomy":"product_brand","embeddable":true,"href":"https:\/\/mtarobotics.com\/de\/wp-json\/wp\/v2\/product_brand?post=1445"},{"taxonomy":"product_cat","embeddable":true,"href":"https:\/\/mtarobotics.com\/de\/wp-json\/wp\/v2\/product_cat?post=1445"},{"taxonomy":"product_tag","embeddable":true,"href":"https:\/\/mtarobotics.com\/de\/wp-json\/wp\/v2\/product_tag?post=1445"}],"curies":[{"name":"wp","href":"https:\/\/api.w.org\/{rel}","templated":true}]}}