{"id":1529,"date":"2019-06-20T11:31:00","date_gmt":"2019-06-20T09:31:00","guid":{"rendered":"https:\/\/mta.925.unitechnologies.com\/?post_type=product&#038;p=1529"},"modified":"2025-11-05T09:36:05","modified_gmt":"2025-11-05T08:36:05","slug":"automatische-drahtloetanlage-mit-kollaborativem-roboter-mrc500","status":"publish","type":"product","link":"https:\/\/mtarobotics.com\/de\/products\/soldering-products\/soldering-robots\/mrc500-automatic-wire-soldering-cell\/","title":{"rendered":"Automatische Drahtl\u00f6tzelle mit kollaborativem Roboter MRC500"},"content":{"rendered":"<p>Haben Sie schon einmal einen kollaborierenden Roboter gesehen, der selbstst\u00e4ndig einen Draht abisoliert und verl\u00f6tet?<\/p>\n<p>Wir haben es geschafft, dank unserer robusten <a href=\"https:\/\/mtarobotics.com\/de\/produkte\/loetprodukte\/loetroboter\/loetroboterzelle-mrc500\/\" target=\"_blank\" rel=\"noopener\">L\u00f6troboterzelle MRC500<\/a> integriert mit einem kollaborierenden Roboter und einer automatischen Abisoliereinheit.<\/p>\n<p>Diese innovative L\u00f6sung erm\u00f6glicht das Schneiden, Abisolieren, Handhaben und L\u00f6ten eines Drahtes auf einer Leiterplatte und ist einzigartig auf dem Markt.<\/p>\n<h3>4 Gr\u00fcnde f\u00fcr die Wahl dieser innovativen integrierten L\u00f6sung<\/h3>\n<ol class=\"ol1\">\n<li>Pr\u00e4zises und voll einstellbares Schneiden und Abisolieren von Kabeln.<\/li>\n<li>Automatische Positionierung des Drahtes auf einer Leiterplatte mit einem kollaborierenden Roboter.<\/li>\n<li>Drahtl\u00f6ten mit einem kompakten 150-W-Kopf.<\/li>\n<li>Schnelle und einfache Einstellung aller Prozessparameter.<\/li>\n<\/ol>","protected":false},"excerpt":{"rendered":"<p>Haben Sie schon einmal einen kollaborierenden Roboter gesehen, der selbstst\u00e4ndig einen Draht abisoliert und verl\u00f6tet?<\/p>\n<p>Wir haben es geschafft, dank unserer robusten <a href=\"https:\/\/mtarobotics.com\/de\/produkte\/loetprodukte\/soldering-platforms\/loetroboterzelle-mrc500\/\" target=\"_blank\" rel=\"noopener\">L\u00f6troboterzelle MRC500<\/a> integriert mit einem kollaborierenden Roboter und einer automatischen Abisoliereinheit.<\/p>\n<p>Diese innovative L\u00f6sung erm\u00f6glicht das Schneiden, Abisolieren, Handhaben und L\u00f6ten eines Drahtes auf einer Leiterplatte und ist einzigartig auf dem Markt.<\/p>\n<h3>4 Gr\u00fcnde f\u00fcr die Wahl dieser innovativen integrierten L\u00f6sung<\/h3>\n<ol class=\"ol1\">\n<li>Pr\u00e4zises und voll einstellbares Schneiden und Abisolieren von Kabeln.<\/li>\n<li>Automatische Positionierung des Drahtes auf einer Leiterplatte mit einem kollaborierenden Roboter.<\/li>\n<li>Drahtl\u00f6ten mit einem kompakten 150-W-Kopf.<\/li>\n<li>Schnelle und einfache Einstellung aller Prozessparameter.<\/li>\n<\/ol>","protected":false},"featured_media":1530,"template":"","meta":{"_acf_changed":false},"product_brand":[],"product_cat":[94,27],"product_tag":[],"class_list":{"0":"post-1529","1":"product","2":"type-product","3":"status-publish","4":"has-post-thumbnail","6":"product_cat-soldering-products","7":"product_cat-soldering-robots","9":"first","10":"instock","11":"downloadable","12":"taxable","13":"shipping-taxable","14":"product-type-simple"},"acf":{"additionnal_product_infos":false,"infos_steps":"Minimum order quantity: 10.<br>\r\nDiscount available for higher volumes","contact_button":false,"promo_badge":false,"promo_badge_on_list":false,"text_promo_bage":"","couleur_promo_badge":"#038001"},"yoast_head":"<!-- This site is optimized with the Yoast SEO plugin v27.4 - https:\/\/yoast.com\/product\/yoast-seo-wordpress\/ -->\n<title>MRC500 automatic wire soldering cell<\/title>\n<meta name=\"description\" content=\"Have you ever seen a collaborative robot stripping a wire and soldering it independently?We made it thanks to our robust MRC500 soldering robotic cell\" \/>\n<meta name=\"robots\" content=\"index, follow, max-snippet:-1, max-image-preview:large, max-video-preview:-1\" \/>\n<link rel=\"canonical\" href=\"https:\/\/mtarobotics.com\/de\/produkte\/loetprodukte\/loetplattformen\/automatische-drahtloetanlage-mit-kollaborativem-roboter-mrc500\/\" \/>\n<meta property=\"og:locale\" content=\"de_DE\" \/>\n<meta property=\"og:type\" content=\"article\" \/>\n<meta property=\"og:title\" content=\"MRC500 automatic wire soldering cell\" \/>\n<meta property=\"og:description\" content=\"Have you ever seen a collaborative robot stripping a wire and soldering it independently?We made it thanks to our robust MRC500 soldering robotic cell\" \/>\n<meta property=\"og:url\" content=\"https:\/\/mtarobotics.com\/de\/produkte\/loetprodukte\/loetplattformen\/automatische-drahtloetanlage-mit-kollaborativem-roboter-mrc500\/\" \/>\n<meta property=\"og:site_name\" content=\"mta robotics\" \/>\n<meta property=\"article:modified_time\" content=\"2025-11-05T08:36:05+00:00\" \/>\n<meta property=\"og:image\" content=\"https:\/\/mtarobotics.com\/wp-content\/uploads\/2019\/06\/mta_mrc500_automatic_soldering_cell_integrated_with_yumi_robot_stripping_unit-987x1024.png\" \/>\n\t<meta property=\"og:image:width\" content=\"987\" \/>\n\t<meta property=\"og:image:height\" content=\"1024\" \/>\n\t<meta property=\"og:image:type\" content=\"image\/png\" \/>\n<meta name=\"twitter:card\" content=\"summary_large_image\" \/>\n<meta name=\"twitter:label1\" content=\"Gesch\u00e4tzte Lesezeit\" \/>\n\t<meta name=\"twitter:data1\" content=\"1\u00a0Minute\" \/>\n<script type=\"application\/ld+json\" class=\"yoast-schema-graph\">{\"@context\":\"https:\\\/\\\/schema.org\",\"@graph\":[{\"@type\":\"WebPage\",\"@id\":\"https:\\\/\\\/mtarobotics.com\\\/products\\\/loetprodukte\\\/loetplattformen\\\/mrc500-automatic-wire-soldering-cell\\\/\",\"url\":\"https:\\\/\\\/mtarobotics.com\\\/products\\\/loetprodukte\\\/loetplattformen\\\/mrc500-automatic-wire-soldering-cell\\\/\",\"name\":\"MRC500 automatic wire soldering cell\",\"isPartOf\":{\"@id\":\"https:\\\/\\\/mtarobotics.com\\\/#website\"},\"primaryImageOfPage\":{\"@id\":\"https:\\\/\\\/mtarobotics.com\\\/products\\\/loetprodukte\\\/loetplattformen\\\/mrc500-automatic-wire-soldering-cell\\\/#primaryimage\"},\"image\":{\"@id\":\"https:\\\/\\\/mtarobotics.com\\\/products\\\/loetprodukte\\\/loetplattformen\\\/mrc500-automatic-wire-soldering-cell\\\/#primaryimage\"},\"thumbnailUrl\":\"https:\\\/\\\/mtarobotics.com\\\/wp-content\\\/uploads\\\/2019\\\/06\\\/mta_mrc500_automatic_soldering_cell_integrated_with_yumi_robot_stripping_unit.png\",\"datePublished\":\"2019-06-20T09:31:00+00:00\",\"dateModified\":\"2025-11-05T08:36:05+00:00\",\"description\":\"Have you ever seen a collaborative robot stripping a wire and soldering it independently?We made it thanks to our robust MRC500 soldering robotic cell\",\"breadcrumb\":{\"@id\":\"https:\\\/\\\/mtarobotics.com\\\/products\\\/loetprodukte\\\/loetplattformen\\\/mrc500-automatic-wire-soldering-cell\\\/#breadcrumb\"},\"inLanguage\":\"de\",\"potentialAction\":[{\"@type\":\"ReadAction\",\"target\":[\"https:\\\/\\\/mtarobotics.com\\\/products\\\/loetprodukte\\\/loetplattformen\\\/mrc500-automatic-wire-soldering-cell\\\/\"]}]},{\"@type\":\"ImageObject\",\"inLanguage\":\"de\",\"@id\":\"https:\\\/\\\/mtarobotics.com\\\/products\\\/loetprodukte\\\/loetplattformen\\\/mrc500-automatic-wire-soldering-cell\\\/#primaryimage\",\"url\":\"https:\\\/\\\/mtarobotics.com\\\/wp-content\\\/uploads\\\/2019\\\/06\\\/mta_mrc500_automatic_soldering_cell_integrated_with_yumi_robot_stripping_unit.png\",\"contentUrl\":\"https:\\\/\\\/mtarobotics.com\\\/wp-content\\\/uploads\\\/2019\\\/06\\\/mta_mrc500_automatic_soldering_cell_integrated_with_yumi_robot_stripping_unit.png\",\"width\":1900,\"height\":1972,\"caption\":\"haut\"},{\"@type\":\"BreadcrumbList\",\"@id\":\"https:\\\/\\\/mtarobotics.com\\\/products\\\/loetprodukte\\\/loetplattformen\\\/mrc500-automatic-wire-soldering-cell\\\/#breadcrumb\",\"itemListElement\":[{\"@type\":\"ListItem\",\"position\":1,\"name\":\"Home\",\"item\":\"https:\\\/\\\/mtarobotics.com\\\/\"},{\"@type\":\"ListItem\",\"position\":2,\"name\":\"Global product range\",\"item\":\"https:\\\/\\\/mtarobotics.com\\\/products\\\/\"},{\"@type\":\"ListItem\",\"position\":3,\"name\":\"MRC500 automatic wire soldering cell with integrated collaborative robot\"}]},{\"@type\":\"WebSite\",\"@id\":\"https:\\\/\\\/mtarobotics.com\\\/#website\",\"url\":\"https:\\\/\\\/mtarobotics.com\\\/\",\"name\":\"mta robotics\",\"description\":\"Robotics for soldering and dispensing\",\"publisher\":{\"@id\":\"https:\\\/\\\/mtarobotics.com\\\/#organization\"},\"potentialAction\":[{\"@type\":\"SearchAction\",\"target\":{\"@type\":\"EntryPoint\",\"urlTemplate\":\"https:\\\/\\\/mtarobotics.com\\\/?s={search_term_string}\"},\"query-input\":{\"@type\":\"PropertyValueSpecification\",\"valueRequired\":true,\"valueName\":\"search_term_string\"}}],\"inLanguage\":\"de\"},{\"@type\":\"Organization\",\"@id\":\"https:\\\/\\\/mtarobotics.com\\\/#organization\",\"name\":\"Mta robotics\",\"url\":\"https:\\\/\\\/mtarobotics.com\\\/\",\"logo\":{\"@type\":\"ImageObject\",\"inLanguage\":\"de\",\"@id\":\"https:\\\/\\\/mtarobotics.com\\\/#\\\/schema\\\/logo\\\/image\\\/\",\"url\":\"https:\\\/\\\/mtarobotics.com\\\/wp-content\\\/uploads\\\/2019\\\/03\\\/mta.png\",\"contentUrl\":\"https:\\\/\\\/mtarobotics.com\\\/wp-content\\\/uploads\\\/2019\\\/03\\\/mta.png\",\"width\":170,\"height\":84,\"caption\":\"Mta robotics\"},\"image\":{\"@id\":\"https:\\\/\\\/mtarobotics.com\\\/#\\\/schema\\\/logo\\\/image\\\/\"}}]}<\/script>\n<!-- \/ Yoast SEO plugin. -->","yoast_head_json":{"title":"Automatische Drahtl\u00f6tzelle MRC500","description":"Haben Sie schon einmal einen kollaborierenden Roboter gesehen, der einen Draht abisoliert und selbstst\u00e4ndig l\u00f6tet? Wir haben es geschafft, dank unserer robusten MRC500-L\u00f6troboterzelle","robots":{"index":"index","follow":"follow","max-snippet":"max-snippet:-1","max-image-preview":"max-image-preview:large","max-video-preview":"max-video-preview:-1"},"canonical":"https:\/\/mtarobotics.com\/de\/produkte\/loetprodukte\/loetplattformen\/automatische-drahtloetanlage-mit-kollaborativem-roboter-mrc500\/","og_locale":"de_DE","og_type":"article","og_title":"MRC500 automatic wire soldering cell","og_description":"Have you ever seen a collaborative robot stripping a wire and soldering it independently?We made it thanks to our robust MRC500 soldering robotic cell","og_url":"https:\/\/mtarobotics.com\/de\/produkte\/loetprodukte\/loetplattformen\/automatische-drahtloetanlage-mit-kollaborativem-roboter-mrc500\/","og_site_name":"mta robotics","article_modified_time":"2025-11-05T08:36:05+00:00","og_image":[{"width":987,"height":1024,"url":"https:\/\/mtarobotics.com\/wp-content\/uploads\/2019\/06\/mta_mrc500_automatic_soldering_cell_integrated_with_yumi_robot_stripping_unit-987x1024.png","type":"image\/png"}],"twitter_card":"summary_large_image","twitter_misc":{"Gesch\u00e4tzte Lesezeit":"1\u00a0Minute"},"schema":{"@context":"https:\/\/schema.org","@graph":[{"@type":"WebPage","@id":"https:\/\/mtarobotics.com\/products\/loetprodukte\/loetplattformen\/mrc500-automatic-wire-soldering-cell\/","url":"https:\/\/mtarobotics.com\/products\/loetprodukte\/loetplattformen\/mrc500-automatic-wire-soldering-cell\/","name":"Automatische Drahtl\u00f6tzelle MRC500","isPartOf":{"@id":"https:\/\/mtarobotics.com\/#website"},"primaryImageOfPage":{"@id":"https:\/\/mtarobotics.com\/products\/loetprodukte\/loetplattformen\/mrc500-automatic-wire-soldering-cell\/#primaryimage"},"image":{"@id":"https:\/\/mtarobotics.com\/products\/loetprodukte\/loetplattformen\/mrc500-automatic-wire-soldering-cell\/#primaryimage"},"thumbnailUrl":"https:\/\/mtarobotics.com\/wp-content\/uploads\/2019\/06\/mta_mrc500_automatic_soldering_cell_integrated_with_yumi_robot_stripping_unit.png","datePublished":"2019-06-20T09:31:00+00:00","dateModified":"2025-11-05T08:36:05+00:00","description":"Haben Sie schon einmal einen kollaborierenden Roboter gesehen, der einen Draht abisoliert und selbstst\u00e4ndig l\u00f6tet? Wir haben es geschafft, dank unserer robusten MRC500-L\u00f6troboterzelle","breadcrumb":{"@id":"https:\/\/mtarobotics.com\/products\/loetprodukte\/loetplattformen\/mrc500-automatic-wire-soldering-cell\/#breadcrumb"},"inLanguage":"de","potentialAction":[{"@type":"ReadAction","target":["https:\/\/mtarobotics.com\/products\/loetprodukte\/loetplattformen\/mrc500-automatic-wire-soldering-cell\/"]}]},{"@type":"ImageObject","inLanguage":"de","@id":"https:\/\/mtarobotics.com\/products\/loetprodukte\/loetplattformen\/mrc500-automatic-wire-soldering-cell\/#primaryimage","url":"https:\/\/mtarobotics.com\/wp-content\/uploads\/2019\/06\/mta_mrc500_automatic_soldering_cell_integrated_with_yumi_robot_stripping_unit.png","contentUrl":"https:\/\/mtarobotics.com\/wp-content\/uploads\/2019\/06\/mta_mrc500_automatic_soldering_cell_integrated_with_yumi_robot_stripping_unit.png","width":1900,"height":1972,"caption":"haut"},{"@type":"BreadcrumbList","@id":"https:\/\/mtarobotics.com\/products\/loetprodukte\/loetplattformen\/mrc500-automatic-wire-soldering-cell\/#breadcrumb","itemListElement":[{"@type":"ListItem","position":1,"name":"Home","item":"https:\/\/mtarobotics.com\/"},{"@type":"ListItem","position":2,"name":"Global product range","item":"https:\/\/mtarobotics.com\/products\/"},{"@type":"ListItem","position":3,"name":"MRC500 automatic wire soldering cell with integrated collaborative robot"}]},{"@type":"WebSite","@id":"https:\/\/mtarobotics.com\/#website","url":"https:\/\/mtarobotics.com\/","name":"mta robotics","description":"Robotertechnik f\u00fcr L\u00f6ten und Dosieren","publisher":{"@id":"https:\/\/mtarobotics.com\/#organization"},"potentialAction":[{"@type":"SearchAction","target":{"@type":"EntryPoint","urlTemplate":"https:\/\/mtarobotics.com\/?s={search_term_string}"},"query-input":{"@type":"PropertyValueSpecification","valueRequired":true,"valueName":"search_term_string"}}],"inLanguage":"de"},{"@type":"Organization","@id":"https:\/\/mtarobotics.com\/#organization","name":"Mta-Robotik","url":"https:\/\/mtarobotics.com\/","logo":{"@type":"ImageObject","inLanguage":"de","@id":"https:\/\/mtarobotics.com\/#\/schema\/logo\/image\/","url":"https:\/\/mtarobotics.com\/wp-content\/uploads\/2019\/03\/mta.png","contentUrl":"https:\/\/mtarobotics.com\/wp-content\/uploads\/2019\/03\/mta.png","width":170,"height":84,"caption":"Mta robotics"},"image":{"@id":"https:\/\/mtarobotics.com\/#\/schema\/logo\/image\/"}}]}},"_links":{"self":[{"href":"https:\/\/mtarobotics.com\/de\/wp-json\/wp\/v2\/product\/1529","targetHints":{"allow":["GET"]}}],"collection":[{"href":"https:\/\/mtarobotics.com\/de\/wp-json\/wp\/v2\/product"}],"about":[{"href":"https:\/\/mtarobotics.com\/de\/wp-json\/wp\/v2\/types\/product"}],"wp:featuredmedia":[{"embeddable":true,"href":"https:\/\/mtarobotics.com\/de\/wp-json\/wp\/v2\/media\/1530"}],"wp:attachment":[{"href":"https:\/\/mtarobotics.com\/de\/wp-json\/wp\/v2\/media?parent=1529"}],"wp:term":[{"taxonomy":"product_brand","embeddable":true,"href":"https:\/\/mtarobotics.com\/de\/wp-json\/wp\/v2\/product_brand?post=1529"},{"taxonomy":"product_cat","embeddable":true,"href":"https:\/\/mtarobotics.com\/de\/wp-json\/wp\/v2\/product_cat?post=1529"},{"taxonomy":"product_tag","embeddable":true,"href":"https:\/\/mtarobotics.com\/de\/wp-json\/wp\/v2\/product_tag?post=1529"}],"curies":[{"name":"wp","href":"https:\/\/api.w.org\/{rel}","templated":true}]}}