{"id":1539,"date":"2019-06-20T15:22:29","date_gmt":"2019-06-20T13:22:29","guid":{"rendered":"https:\/\/mta.925.unitechnologies.com\/?post_type=product&#038;p=1539"},"modified":"2026-03-18T13:36:46","modified_gmt":"2026-03-18T12:36:46","slug":"nadelreiniger-mit-weissen-schwaemmen","status":"publish","type":"product","link":"https:\/\/mtarobotics.com\/de\/products\/dispensing-products\/dispensing-spare-parts\/cleaning-dispensing\/needle-cleaner-with-white-sponges\/","title":{"rendered":"Nadelreiniger mit wei\u00dfen Schw\u00e4mmen"},"content":{"rendered":"<p>Der mta Nadelreiniger mit wei\u00dfen Schw\u00e4mmen ist f\u00fcr die pr\u00e4zise und zuverl\u00e4ssige Reinigung von Nadelspitzen bei Dosiervorg\u00e4ngen konzipiert. Er verf\u00fcgt \u00fcber ein spezielles Design, das aus zwei rotierenden Schw\u00e4mmen besteht.<\/p>\n<p>Sie sorgt f\u00fcr eine gleichbleibende Leistung, verl\u00e4ngert die Lebensdauer der Nadel und tr\u00e4gt zu einer hohen Dosiergenauigkeit bei.<\/p>\n<p>Dieses Ger\u00e4t ist sofort einsatzbereit - ideal f\u00fcr professionelle Umgebungen, die eine gr\u00fcndliche, aber dennoch schonende Nadelreinigung erfordern.<\/p>\n<p>Das <a href=\"https:\/\/mtarobotics.com\/de\/produkte\/dosierprodukte\/dosier-ersatzteile\/weisse-schwaemme\/\" target=\"_blank\" rel=\"noopener\">Schw\u00e4mme<\/a> m\u00fcssen von Zeit zu Zeit ersetzt werden.<\/p>","protected":false},"excerpt":{"rendered":"<div class=\"wpb_row vc_row-fluid\" data-speedfactor=\"-0.6\">\n<div class=\"vc_span8 wpb_column column_container\">\n<div id=\"mk-text-block-920\" class=\"mk-text-block\">\n<p>Der mta Nadelreiniger mit wei\u00dfen Schw\u00e4mmen dient der pr\u00e4zisen und zuverl\u00e4ssigen Reinigung von Nadelspitzen bei Dosiervorg\u00e4ngen.<\/p>\n<\/div>\n<\/div>\n<\/div>","protected":false},"featured_media":2470,"template":"","meta":{"_acf_changed":false},"product_brand":[],"product_cat":[678],"product_tag":[],"class_list":{"0":"post-1539","1":"product","2":"type-product","3":"status-publish","4":"has-post-thumbnail","6":"product_cat-cleaning-dispensing","8":"first","9":"instock","10":"taxable","11":"shipping-taxable","12":"purchasable","13":"product-type-simple"},"acf":{"additionnal_product_infos":false,"infos_steps":"Minimum order quantity: 10.<br>\r\nDiscount available for higher volumes","contact_button":false,"promo_badge":false,"promo_badge_on_list":false,"text_promo_bage":"","couleur_promo_badge":"#038001"},"yoast_head":"<!-- This site is optimized with the Yoast SEO plugin v27.4 - https:\/\/yoast.com\/product\/yoast-seo-wordpress\/ -->\n<title>mta needle cleaner<\/title>\n<meta name=\"description\" content=\"The mta needle cleaner with white sponges is designed for precise and reliable cleaning of needle tips during dispensing operations.\" \/>\n<meta name=\"robots\" content=\"index, follow, max-snippet:-1, max-image-preview:large, max-video-preview:-1\" \/>\n<link rel=\"canonical\" href=\"https:\/\/mtarobotics.com\/de\/produkte\/dosierprodukte\/dosier-ersatzteile\/reinigung-dosieren\/nadelreiniger-mit-weissen-schwaemmen\/\" \/>\n<meta property=\"og:locale\" content=\"de_DE\" \/>\n<meta property=\"og:type\" content=\"article\" \/>\n<meta property=\"og:title\" content=\"mta needle cleaner\" \/>\n<meta property=\"og:description\" content=\"The mta needle cleaner with white sponges is designed for precise and reliable cleaning of needle tips during dispensing operations.\" \/>\n<meta property=\"og:url\" content=\"https:\/\/mtarobotics.com\/de\/produkte\/dosierprodukte\/dosier-ersatzteile\/reinigung-dosieren\/nadelreiniger-mit-weissen-schwaemmen\/\" \/>\n<meta property=\"og:site_name\" content=\"mta robotics\" \/>\n<meta property=\"article:modified_time\" content=\"2026-03-18T12:36:46+00:00\" \/>\n<meta property=\"og:image\" content=\"https:\/\/mtarobotics.com\/wp-content\/uploads\/2019\/07\/mta_dispensing_consumables_cleaning_sponges.png\" \/>\n\t<meta property=\"og:image:width\" content=\"1500\" \/>\n\t<meta property=\"og:image:height\" content=\"1000\" \/>\n\t<meta property=\"og:image:type\" content=\"image\/png\" \/>\n<meta name=\"twitter:card\" content=\"summary_large_image\" \/>\n<meta name=\"twitter:label1\" content=\"Gesch\u00e4tzte Lesezeit\" \/>\n\t<meta name=\"twitter:data1\" content=\"1\u00a0Minute\" \/>\n<script type=\"application\/ld+json\" class=\"yoast-schema-graph\">{\"@context\":\"https:\\\/\\\/schema.org\",\"@graph\":[{\"@type\":\"WebPage\",\"@id\":\"https:\\\/\\\/mtarobotics.com\\\/products\\\/dispensing-products\\\/dispensing-spare-parts\\\/cleaning-dispensing\\\/needle-cleaner-with-white-sponges\\\/\",\"url\":\"https:\\\/\\\/mtarobotics.com\\\/products\\\/dispensing-products\\\/dispensing-spare-parts\\\/cleaning-dispensing\\\/needle-cleaner-with-white-sponges\\\/\",\"name\":\"mta needle cleaner\",\"isPartOf\":{\"@id\":\"https:\\\/\\\/mtarobotics.com\\\/#website\"},\"primaryImageOfPage\":{\"@id\":\"https:\\\/\\\/mtarobotics.com\\\/products\\\/dispensing-products\\\/dispensing-spare-parts\\\/cleaning-dispensing\\\/needle-cleaner-with-white-sponges\\\/#primaryimage\"},\"image\":{\"@id\":\"https:\\\/\\\/mtarobotics.com\\\/products\\\/dispensing-products\\\/dispensing-spare-parts\\\/cleaning-dispensing\\\/needle-cleaner-with-white-sponges\\\/#primaryimage\"},\"thumbnailUrl\":\"https:\\\/\\\/mtarobotics.com\\\/wp-content\\\/uploads\\\/2019\\\/07\\\/mta_dispensing_consumables_cleaning_sponges.png\",\"datePublished\":\"2019-06-20T13:22:29+00:00\",\"dateModified\":\"2026-03-18T12:36:46+00:00\",\"description\":\"The mta needle cleaner with white sponges is designed for precise and reliable cleaning of needle tips during dispensing operations.\",\"breadcrumb\":{\"@id\":\"https:\\\/\\\/mtarobotics.com\\\/products\\\/dispensing-products\\\/dispensing-spare-parts\\\/cleaning-dispensing\\\/needle-cleaner-with-white-sponges\\\/#breadcrumb\"},\"inLanguage\":\"de\",\"potentialAction\":[{\"@type\":\"ReadAction\",\"target\":[\"https:\\\/\\\/mtarobotics.com\\\/products\\\/dispensing-products\\\/dispensing-spare-parts\\\/cleaning-dispensing\\\/needle-cleaner-with-white-sponges\\\/\"]}]},{\"@type\":\"ImageObject\",\"inLanguage\":\"de\",\"@id\":\"https:\\\/\\\/mtarobotics.com\\\/products\\\/dispensing-products\\\/dispensing-spare-parts\\\/cleaning-dispensing\\\/needle-cleaner-with-white-sponges\\\/#primaryimage\",\"url\":\"https:\\\/\\\/mtarobotics.com\\\/wp-content\\\/uploads\\\/2019\\\/07\\\/mta_dispensing_consumables_cleaning_sponges.png\",\"contentUrl\":\"https:\\\/\\\/mtarobotics.com\\\/wp-content\\\/uploads\\\/2019\\\/07\\\/mta_dispensing_consumables_cleaning_sponges.png\",\"width\":1500,\"height\":1000,\"caption\":\"mta needle cleaner with white sponges\"},{\"@type\":\"BreadcrumbList\",\"@id\":\"https:\\\/\\\/mtarobotics.com\\\/products\\\/dispensing-products\\\/dispensing-spare-parts\\\/cleaning-dispensing\\\/needle-cleaner-with-white-sponges\\\/#breadcrumb\",\"itemListElement\":[{\"@type\":\"ListItem\",\"position\":1,\"name\":\"Home\",\"item\":\"https:\\\/\\\/mtarobotics.com\\\/\"},{\"@type\":\"ListItem\",\"position\":2,\"name\":\"Global product range\",\"item\":\"https:\\\/\\\/mtarobotics.com\\\/products\\\/\"},{\"@type\":\"ListItem\",\"position\":3,\"name\":\"Needle cleaner with white sponges\"}]},{\"@type\":\"WebSite\",\"@id\":\"https:\\\/\\\/mtarobotics.com\\\/#website\",\"url\":\"https:\\\/\\\/mtarobotics.com\\\/\",\"name\":\"mta robotics\",\"description\":\"Robotics for soldering and dispensing\",\"publisher\":{\"@id\":\"https:\\\/\\\/mtarobotics.com\\\/#organization\"},\"potentialAction\":[{\"@type\":\"SearchAction\",\"target\":{\"@type\":\"EntryPoint\",\"urlTemplate\":\"https:\\\/\\\/mtarobotics.com\\\/?s={search_term_string}\"},\"query-input\":{\"@type\":\"PropertyValueSpecification\",\"valueRequired\":true,\"valueName\":\"search_term_string\"}}],\"inLanguage\":\"de\"},{\"@type\":\"Organization\",\"@id\":\"https:\\\/\\\/mtarobotics.com\\\/#organization\",\"name\":\"Mta robotics\",\"url\":\"https:\\\/\\\/mtarobotics.com\\\/\",\"logo\":{\"@type\":\"ImageObject\",\"inLanguage\":\"de\",\"@id\":\"https:\\\/\\\/mtarobotics.com\\\/#\\\/schema\\\/logo\\\/image\\\/\",\"url\":\"https:\\\/\\\/mtarobotics.com\\\/wp-content\\\/uploads\\\/2019\\\/03\\\/mta.png\",\"contentUrl\":\"https:\\\/\\\/mtarobotics.com\\\/wp-content\\\/uploads\\\/2019\\\/03\\\/mta.png\",\"width\":170,\"height\":84,\"caption\":\"Mta robotics\"},\"image\":{\"@id\":\"https:\\\/\\\/mtarobotics.com\\\/#\\\/schema\\\/logo\\\/image\\\/\"}}]}<\/script>\n<!-- \/ Yoast SEO plugin. -->","yoast_head_json":{"title":"mta Nadelreiniger","description":"Der mta Nadelreiniger mit wei\u00dfen Schw\u00e4mmen dient der pr\u00e4zisen und zuverl\u00e4ssigen Reinigung von Nadelspitzen bei Dosiervorg\u00e4ngen.","robots":{"index":"index","follow":"follow","max-snippet":"max-snippet:-1","max-image-preview":"max-image-preview:large","max-video-preview":"max-video-preview:-1"},"canonical":"https:\/\/mtarobotics.com\/de\/produkte\/dosierprodukte\/dosier-ersatzteile\/reinigung-dosieren\/nadelreiniger-mit-weissen-schwaemmen\/","og_locale":"de_DE","og_type":"article","og_title":"mta needle cleaner","og_description":"The mta needle cleaner with white sponges is designed for precise and reliable cleaning of needle tips during dispensing operations.","og_url":"https:\/\/mtarobotics.com\/de\/produkte\/dosierprodukte\/dosier-ersatzteile\/reinigung-dosieren\/nadelreiniger-mit-weissen-schwaemmen\/","og_site_name":"mta robotics","article_modified_time":"2026-03-18T12:36:46+00:00","og_image":[{"width":1500,"height":1000,"url":"https:\/\/mtarobotics.com\/wp-content\/uploads\/2019\/07\/mta_dispensing_consumables_cleaning_sponges.png","type":"image\/png"}],"twitter_card":"summary_large_image","twitter_misc":{"Gesch\u00e4tzte Lesezeit":"1\u00a0Minute"},"schema":{"@context":"https:\/\/schema.org","@graph":[{"@type":"WebPage","@id":"https:\/\/mtarobotics.com\/products\/dispensing-products\/dispensing-spare-parts\/cleaning-dispensing\/needle-cleaner-with-white-sponges\/","url":"https:\/\/mtarobotics.com\/products\/dispensing-products\/dispensing-spare-parts\/cleaning-dispensing\/needle-cleaner-with-white-sponges\/","name":"mta Nadelreiniger","isPartOf":{"@id":"https:\/\/mtarobotics.com\/#website"},"primaryImageOfPage":{"@id":"https:\/\/mtarobotics.com\/products\/dispensing-products\/dispensing-spare-parts\/cleaning-dispensing\/needle-cleaner-with-white-sponges\/#primaryimage"},"image":{"@id":"https:\/\/mtarobotics.com\/products\/dispensing-products\/dispensing-spare-parts\/cleaning-dispensing\/needle-cleaner-with-white-sponges\/#primaryimage"},"thumbnailUrl":"https:\/\/mtarobotics.com\/wp-content\/uploads\/2019\/07\/mta_dispensing_consumables_cleaning_sponges.png","datePublished":"2019-06-20T13:22:29+00:00","dateModified":"2026-03-18T12:36:46+00:00","description":"Der mta Nadelreiniger mit wei\u00dfen Schw\u00e4mmen dient der pr\u00e4zisen und zuverl\u00e4ssigen Reinigung von Nadelspitzen bei Dosiervorg\u00e4ngen.","breadcrumb":{"@id":"https:\/\/mtarobotics.com\/products\/dispensing-products\/dispensing-spare-parts\/cleaning-dispensing\/needle-cleaner-with-white-sponges\/#breadcrumb"},"inLanguage":"de","potentialAction":[{"@type":"ReadAction","target":["https:\/\/mtarobotics.com\/products\/dispensing-products\/dispensing-spare-parts\/cleaning-dispensing\/needle-cleaner-with-white-sponges\/"]}]},{"@type":"ImageObject","inLanguage":"de","@id":"https:\/\/mtarobotics.com\/products\/dispensing-products\/dispensing-spare-parts\/cleaning-dispensing\/needle-cleaner-with-white-sponges\/#primaryimage","url":"https:\/\/mtarobotics.com\/wp-content\/uploads\/2019\/07\/mta_dispensing_consumables_cleaning_sponges.png","contentUrl":"https:\/\/mtarobotics.com\/wp-content\/uploads\/2019\/07\/mta_dispensing_consumables_cleaning_sponges.png","width":1500,"height":1000,"caption":"mta needle cleaner with white sponges"},{"@type":"BreadcrumbList","@id":"https:\/\/mtarobotics.com\/products\/dispensing-products\/dispensing-spare-parts\/cleaning-dispensing\/needle-cleaner-with-white-sponges\/#breadcrumb","itemListElement":[{"@type":"ListItem","position":1,"name":"Home","item":"https:\/\/mtarobotics.com\/"},{"@type":"ListItem","position":2,"name":"Global product range","item":"https:\/\/mtarobotics.com\/products\/"},{"@type":"ListItem","position":3,"name":"Needle cleaner with white sponges"}]},{"@type":"WebSite","@id":"https:\/\/mtarobotics.com\/#website","url":"https:\/\/mtarobotics.com\/","name":"mta robotics","description":"Robotertechnik f\u00fcr L\u00f6ten und Dosieren","publisher":{"@id":"https:\/\/mtarobotics.com\/#organization"},"potentialAction":[{"@type":"SearchAction","target":{"@type":"EntryPoint","urlTemplate":"https:\/\/mtarobotics.com\/?s={search_term_string}"},"query-input":{"@type":"PropertyValueSpecification","valueRequired":true,"valueName":"search_term_string"}}],"inLanguage":"de"},{"@type":"Organization","@id":"https:\/\/mtarobotics.com\/#organization","name":"Mta-Robotik","url":"https:\/\/mtarobotics.com\/","logo":{"@type":"ImageObject","inLanguage":"de","@id":"https:\/\/mtarobotics.com\/#\/schema\/logo\/image\/","url":"https:\/\/mtarobotics.com\/wp-content\/uploads\/2019\/03\/mta.png","contentUrl":"https:\/\/mtarobotics.com\/wp-content\/uploads\/2019\/03\/mta.png","width":170,"height":84,"caption":"Mta robotics"},"image":{"@id":"https:\/\/mtarobotics.com\/#\/schema\/logo\/image\/"}}]}},"_links":{"self":[{"href":"https:\/\/mtarobotics.com\/de\/wp-json\/wp\/v2\/product\/1539","targetHints":{"allow":["GET"]}}],"collection":[{"href":"https:\/\/mtarobotics.com\/de\/wp-json\/wp\/v2\/product"}],"about":[{"href":"https:\/\/mtarobotics.com\/de\/wp-json\/wp\/v2\/types\/product"}],"wp:featuredmedia":[{"embeddable":true,"href":"https:\/\/mtarobotics.com\/de\/wp-json\/wp\/v2\/media\/2470"}],"wp:attachment":[{"href":"https:\/\/mtarobotics.com\/de\/wp-json\/wp\/v2\/media?parent=1539"}],"wp:term":[{"taxonomy":"product_brand","embeddable":true,"href":"https:\/\/mtarobotics.com\/de\/wp-json\/wp\/v2\/product_brand?post=1539"},{"taxonomy":"product_cat","embeddable":true,"href":"https:\/\/mtarobotics.com\/de\/wp-json\/wp\/v2\/product_cat?post=1539"},{"taxonomy":"product_tag","embeddable":true,"href":"https:\/\/mtarobotics.com\/de\/wp-json\/wp\/v2\/product_tag?post=1539"}],"curies":[{"name":"wp","href":"https:\/\/api.w.org\/{rel}","templated":true}]}}