{"id":1743,"date":"2019-07-03T11:54:54","date_gmt":"2019-07-03T09:54:54","guid":{"rendered":"https:\/\/mta.925.unitechnologies.com\/?post_type=product&#038;p=1743"},"modified":"2025-11-05T09:29:25","modified_gmt":"2025-11-05T08:29:25","slug":"kontinuierlicher-2k-dispenser-cbd","status":"publish","type":"product","link":"https:\/\/mtarobotics.com\/de\/products\/dispensing-products\/dispensing-heads\/cbd-continuous-flow-2k-dispenser\/","title":{"rendered":"Kontinuierlicher 2K-Dispenser CBD"},"content":{"rendered":"<p>Das volumetrische CBD-Dispenser f\u00fcr Zweikomponenten-Materialien mit kontinuierlichem Durchfluss verwendet <a href=\"https:\/\/mtarobotics.com\/de\/uber-uns\/exzenterschneckenpumpe\/\" target=\"_blank\" rel=\"noopener\">Exzenterschneckenpumpen-Technologie<\/a>. Das CBD ist eine Kombination aus zwei <a href=\"https:\/\/mtarobotics.com\/de\/produkt\/cfd-continuous-flow-mono-component-dispenser\/\" target=\"_blank\" rel=\"noopener\">CFD-Dispenser<\/a> mit einer Mischkammer. Der Dispenser ist \u00e4u\u00dferst vielseitig und kann niedrig- und hochviskose sowie gef\u00fcllte Materialien dosieren.<\/p>\n<p>Die CBD sind in verschiedenen Volumen- und F\u00f6rdermengengr\u00f6\u00dfen erh\u00e4ltlich. Die Rotoren, Statoren und Pumpengeh\u00e4use bestehen aus einer Vielzahl von Materialien, um die mechanische und chemische Kompatibilit\u00e4t mit einer breiten Palette von Materialien zu gew\u00e4hrleisten. Verschiedene Motoren, Steuerschnittstellen und mechanische Anschl\u00fcsse sind ebenfalls erh\u00e4ltlich.<\/p>\n<p>Dar\u00fcber hinaus wird die CBD je nach Bedarf als Einzelkomponente f\u00fcr integrierte L\u00f6sungen, mit einer eigenst\u00e4ndigen numerischen Steuerung von mta oder als schl\u00fcsselfertige L\u00f6sung mit einer unserer <a href=\"https:\/\/mtarobotics.com\/de\/produkt-kategorie\/dosierroboter\/\" target=\"_blank\" rel=\"noopener noreferrer\">Standard-Dosierroboter<\/a>\u00a0einschlie\u00dflich: MRC500, TR300, OEM und Station.<\/p>\n<p><strong>Zu den wichtigsten Merkmalen unseres CBD-Dispenser geh\u00f6ren:<\/strong><\/p>\n<ul>\n<li>Automatisches oder manuelles Dosieren von Zweikomponenten-Fl\u00fcssigkeit oder niedrigviskosen, hochviskosen und gef\u00fcllten Materialien<\/li>\n<li>Kontinuierliches volumetrisches Dosieren dank rotierendem Verdr\u00e4ngungssystem<\/li>\n<li>Einfache Festlegung der Dosierparameter dank numerischer Steuerung<\/li>\n<li>Breiter Durchflussbereich<\/li>\n<li>Verschiedene Motor-, Pumpen- und Rotor-\/Statorgr\u00f6\u00dfen<\/li>\n<li>Rotor hartverchromt oder DLC-beschichtet erh\u00e4ltlich<\/li>\n<li>Verschiedene Elastomere f\u00fcr Stator<\/li>\n<li>Geh\u00e4use aus Edelstahl oder PEEK<\/li>\n<li>Die Durchflussmenge ist direkt proportional zur Antriebsgeschwindigkeit<\/li>\n<li>Vorheizen des Dosiermediums m\u00f6glich<\/li>\n<\/ul>\n<p><strong>Typische Dosieranwendungen:<br \/>\n<\/strong>Kleben, Vergie\u00dfen, Wabenverguss, Punktauftrag, Linienauftrag, konforme Beschichtung und Glob-Top-Auftrag.<\/p>\n<p><strong>Typische Dosiermedien:<br \/>\n<\/strong>Dichtstoffe (z. B. Silikon, MS-Polymer, Polyurethan, Methylmethacrylat), Klebstoffe (z. B. anaerober Kleber, Epoxidharz, UV-Acrylat, Dispersionskleber), Spaltf\u00fcller und W\u00e4rmeleitpaste.<\/p>\n<p><strong>mta-Mischvorrichtung f\u00fcr den CBD-Dispenser<\/strong><\/p>\n<ul>\n<li>Mischen mit dynamischem oder statischem Mischer<\/li>\n<li>Geringes Volumen <a href=\"https:\/\/mtarobotics.com\/de\/produkt\/mischkammern\/\" target=\"_blank\" rel=\"noopener\">dynamische Mischkammer<\/a><\/li>\n<li>Programmierbares Mischungsverh\u00e4ltnis<\/li>\n<\/ul>","protected":false},"excerpt":{"rendered":"<p>Das volumetrische CBD-Dispenser f\u00fcr Zweikomponenten-Materialien mit kontinuierlichem Durchfluss verwendet <a href=\"https:\/\/mtarobotics.com\/de\/uber-uns\/exzenterschneckenpumpe\/\" target=\"_blank\" rel=\"noopener\">Exzenterschneckenpumpen-Technologie<\/a>. Das CBD ist eine Kombination aus zwei <a href=\"https:\/\/mtarobotics.com\/de\/produkt\/cfd-continuous-flow-mono-component-dispenser\/\" target=\"_blank\" rel=\"noopener\">CFD-Dispenser<\/a> mit einer Mischkammer. Der Dispenser ist \u00e4u\u00dferst vielseitig und kann niedrig- und hochviskose sowie gef\u00fcllte Materialien dosieren.<\/p>\n<p>Die CBD sind in verschiedenen Volumen- und F\u00f6rdermengengr\u00f6\u00dfen erh\u00e4ltlich. Die Rotoren, Statoren und Pumpengeh\u00e4use bestehen aus einer Vielzahl von Materialien, um die mechanische und chemische Kompatibilit\u00e4t mit einer breiten Palette von Materialien zu gew\u00e4hrleisten. Verschiedene Motoren, Steuerschnittstellen und mechanische Anschl\u00fcsse sind ebenfalls erh\u00e4ltlich.<\/p>\n<p>Dar\u00fcber hinaus wird die CBD je nach Bedarf als Einzelkomponente f\u00fcr integrierte L\u00f6sungen, mit einer eigenst\u00e4ndigen numerischen Steuerung von mta oder als schl\u00fcsselfertige L\u00f6sung mit einer unserer <a href=\"https:\/\/mtarobotics.com\/de\/produkt-kategorie\/dispensing-platforms\/\" target=\"_blank\" rel=\"noopener noreferrer\">Standard-Dosierplattformen<\/a> einschlie\u00dflich: MRC500, TR300, OEM und Station.<\/p>\n<p><strong>Zu den wichtigsten Merkmalen unseres CBD-Dispenser geh\u00f6ren:<\/strong><\/p>\n<ul>\n<li>Automatisches oder manuelles Dosieren von Zweikomponenten-Fl\u00fcssigkeit oder niedrigviskosen, hochviskosen und gef\u00fcllten Materialien<\/li>\n<li>Kontinuierliches volumetrisches Dosieren dank rotierendem Verdr\u00e4ngungssystem<\/li>\n<li>Einfache Festlegung der Dosierparameter dank numerischer Steuerung<\/li>\n<li>Breiter Durchflussbereich<\/li>\n<li>Verschiedene Motor-, Pumpen- und Rotor-\/Statorgr\u00f6\u00dfen<\/li>\n<li>Rotor hartverchromt oder DLC-beschichtet erh\u00e4ltlich<\/li>\n<li>Verschiedene Elastomere f\u00fcr Stator<\/li>\n<li>Geh\u00e4use aus Edelstahl oder PEEK<\/li>\n<li>Die Durchflussmenge ist direkt proportional zur Antriebsgeschwindigkeit<\/li>\n<li>Vorheizen des Dosiermediums m\u00f6glich<\/li>\n<\/ul>\n<p><strong>Typische Dosieranwendungen:<br \/>\n<\/strong>Kleben, Vergie\u00dfen, Wabenverguss, Punktauftrag, Linienauftrag, konforme Beschichtung und Glob-Top-Auftrag.<\/p>\n<p><strong>Typische Dosiermedien:<br \/>\n<\/strong>Dichtstoffe (z. B. Silikon, MS-Polymer, Polyurethan, Methylmethacrylat), Klebstoffe (z. B. anaerober Kleber, Epoxidharz, UV-Acrylat, Dispersionskleber), Spaltf\u00fcller und W\u00e4rmeleitpaste.<\/p>\n<p><strong>mta-Mischvorrichtung f\u00fcr den CBD-Dispenser<\/strong><\/p>\n<ul>\n<li>Mischen mit dynamischem oder statischem Mischer<\/li>\n<li>Geringes Volumen <a href=\"https:\/\/mtarobotics.com\/de\/produkt\/mischkammern\/\" target=\"_blank\" rel=\"noopener\">dynamische Mischkammer<\/a><\/li>\n<li>Programmierbares Mischungsverh\u00e4ltnis<\/li>\n<\/ul>","protected":false},"featured_media":26030,"template":"","meta":{"_acf_changed":false},"product_brand":[],"product_cat":[58,31],"product_tag":[],"class_list":{"0":"post-1743","1":"product","2":"type-product","3":"status-publish","4":"has-post-thumbnail","6":"product_cat-dispensing-heads","7":"product_cat-dispensing-products","9":"first","10":"instock","11":"taxable","12":"shipping-taxable","13":"product-type-simple"},"acf":{"additionnal_product_infos":false,"infos_steps":"Minimum order quantity: 10.<br>\r\nDiscount available for higher volumes","contact_button":false,"promo_badge":false,"promo_badge_on_list":false,"text_promo_bage":"","couleur_promo_badge":"#038001"},"yoast_head":"<!-- This site is optimized with the Yoast SEO plugin v27.4 - https:\/\/yoast.com\/product\/yoast-seo-wordpress\/ -->\n<title>Continuous flow volumetric dispenser for two-component materials<\/title>\n<meta name=\"description\" content=\"The CBD dispenser for two-component materials uses continuous flow progressive cavity pump technology and a mixing chamber.\" \/>\n<meta name=\"robots\" content=\"index, follow, max-snippet:-1, max-image-preview:large, max-video-preview:-1\" \/>\n<link rel=\"canonical\" href=\"https:\/\/mtarobotics.com\/de\/produkte\/dosierprodukte\/dosierkoepfe\/kontinuierlicher-2k-dispenser-cbd\/\" \/>\n<meta property=\"og:locale\" content=\"de_DE\" \/>\n<meta property=\"og:type\" content=\"article\" \/>\n<meta property=\"og:title\" content=\"Continuous flow volumetric dispenser for two-component materials\" \/>\n<meta property=\"og:description\" content=\"The CBD dispenser for two-component materials uses continuous flow progressive cavity pump technology and a mixing chamber.\" \/>\n<meta property=\"og:url\" content=\"https:\/\/mtarobotics.com\/de\/produkte\/dosierprodukte\/dosierkoepfe\/kontinuierlicher-2k-dispenser-cbd\/\" \/>\n<meta property=\"og:site_name\" content=\"mta robotics\" \/>\n<meta property=\"article:modified_time\" content=\"2025-11-05T08:29:25+00:00\" \/>\n<meta property=\"og:image\" content=\"https:\/\/mtarobotics.com\/wp-content\/uploads\/2019\/07\/mta_cbd_continuous_flow_dispenser_2022_v2_1.webp\" \/>\n\t<meta property=\"og:image:width\" content=\"1200\" \/>\n\t<meta property=\"og:image:height\" content=\"1404\" \/>\n\t<meta property=\"og:image:type\" content=\"image\/webp\" \/>\n<meta name=\"twitter:card\" content=\"summary_large_image\" \/>\n<meta name=\"twitter:label1\" content=\"Gesch\u00e4tzte Lesezeit\" \/>\n\t<meta name=\"twitter:data1\" content=\"2\u00a0Minuten\" \/>\n<script type=\"application\/ld+json\" class=\"yoast-schema-graph\">{\"@context\":\"https:\\\/\\\/schema.org\",\"@graph\":[{\"@type\":\"WebPage\",\"@id\":\"https:\\\/\\\/mtarobotics.com\\\/products\\\/dosierprodukte\\\/dosierkoepfe\\\/cbd-continuous-flow-2k-dispenser\\\/\",\"url\":\"https:\\\/\\\/mtarobotics.com\\\/products\\\/dosierprodukte\\\/dosierkoepfe\\\/cbd-continuous-flow-2k-dispenser\\\/\",\"name\":\"Continuous flow volumetric dispenser for two-component materials\",\"isPartOf\":{\"@id\":\"https:\\\/\\\/mtarobotics.com\\\/#website\"},\"primaryImageOfPage\":{\"@id\":\"https:\\\/\\\/mtarobotics.com\\\/products\\\/dosierprodukte\\\/dosierkoepfe\\\/cbd-continuous-flow-2k-dispenser\\\/#primaryimage\"},\"image\":{\"@id\":\"https:\\\/\\\/mtarobotics.com\\\/products\\\/dosierprodukte\\\/dosierkoepfe\\\/cbd-continuous-flow-2k-dispenser\\\/#primaryimage\"},\"thumbnailUrl\":\"https:\\\/\\\/mtarobotics.com\\\/wp-content\\\/uploads\\\/2019\\\/07\\\/mta_cbd_continuous_flow_dispenser_2022_v2_1.webp\",\"datePublished\":\"2019-07-03T09:54:54+00:00\",\"dateModified\":\"2025-11-05T08:29:25+00:00\",\"description\":\"The CBD dispenser for two-component materials uses continuous flow progressive cavity pump technology and a mixing chamber.\",\"breadcrumb\":{\"@id\":\"https:\\\/\\\/mtarobotics.com\\\/products\\\/dosierprodukte\\\/dosierkoepfe\\\/cbd-continuous-flow-2k-dispenser\\\/#breadcrumb\"},\"inLanguage\":\"de\",\"potentialAction\":[{\"@type\":\"ReadAction\",\"target\":[\"https:\\\/\\\/mtarobotics.com\\\/products\\\/dosierprodukte\\\/dosierkoepfe\\\/cbd-continuous-flow-2k-dispenser\\\/\"]}]},{\"@type\":\"ImageObject\",\"inLanguage\":\"de\",\"@id\":\"https:\\\/\\\/mtarobotics.com\\\/products\\\/dosierprodukte\\\/dosierkoepfe\\\/cbd-continuous-flow-2k-dispenser\\\/#primaryimage\",\"url\":\"https:\\\/\\\/mtarobotics.com\\\/wp-content\\\/uploads\\\/2019\\\/07\\\/mta_cbd_continuous_flow_dispenser_2022_v2_1.webp\",\"contentUrl\":\"https:\\\/\\\/mtarobotics.com\\\/wp-content\\\/uploads\\\/2019\\\/07\\\/mta_cbd_continuous_flow_dispenser_2022_v2_1.webp\",\"width\":1200,\"height\":1404,\"caption\":\"Mta Cbd Continuous Flow Dispenser 2022 V2 1\"},{\"@type\":\"BreadcrumbList\",\"@id\":\"https:\\\/\\\/mtarobotics.com\\\/products\\\/dosierprodukte\\\/dosierkoepfe\\\/cbd-continuous-flow-2k-dispenser\\\/#breadcrumb\",\"itemListElement\":[{\"@type\":\"ListItem\",\"position\":1,\"name\":\"Home\",\"item\":\"https:\\\/\\\/mtarobotics.com\\\/\"},{\"@type\":\"ListItem\",\"position\":2,\"name\":\"Global product range\",\"item\":\"https:\\\/\\\/mtarobotics.com\\\/products\\\/\"},{\"@type\":\"ListItem\",\"position\":3,\"name\":\"CBD continuous flow 2K dispenser\"}]},{\"@type\":\"WebSite\",\"@id\":\"https:\\\/\\\/mtarobotics.com\\\/#website\",\"url\":\"https:\\\/\\\/mtarobotics.com\\\/\",\"name\":\"mta robotics\",\"description\":\"Robotics for soldering and dispensing\",\"publisher\":{\"@id\":\"https:\\\/\\\/mtarobotics.com\\\/#organization\"},\"potentialAction\":[{\"@type\":\"SearchAction\",\"target\":{\"@type\":\"EntryPoint\",\"urlTemplate\":\"https:\\\/\\\/mtarobotics.com\\\/?s={search_term_string}\"},\"query-input\":{\"@type\":\"PropertyValueSpecification\",\"valueRequired\":true,\"valueName\":\"search_term_string\"}}],\"inLanguage\":\"de\"},{\"@type\":\"Organization\",\"@id\":\"https:\\\/\\\/mtarobotics.com\\\/#organization\",\"name\":\"Mta robotics\",\"url\":\"https:\\\/\\\/mtarobotics.com\\\/\",\"logo\":{\"@type\":\"ImageObject\",\"inLanguage\":\"de\",\"@id\":\"https:\\\/\\\/mtarobotics.com\\\/#\\\/schema\\\/logo\\\/image\\\/\",\"url\":\"https:\\\/\\\/mtarobotics.com\\\/wp-content\\\/uploads\\\/2019\\\/03\\\/mta.png\",\"contentUrl\":\"https:\\\/\\\/mtarobotics.com\\\/wp-content\\\/uploads\\\/2019\\\/03\\\/mta.png\",\"width\":170,\"height\":84,\"caption\":\"Mta robotics\"},\"image\":{\"@id\":\"https:\\\/\\\/mtarobotics.com\\\/#\\\/schema\\\/logo\\\/image\\\/\"}}]}<\/script>\n<!-- \/ Yoast SEO plugin. -->","yoast_head_json":{"title":"Volumetrisches Dosierger\u00e4t mit kontinuierlichem Durchfluss f\u00fcr Zweikomponenten-Materialien","description":"Das CBD-Dosierger\u00e4t f\u00fcr Zweikomponenten-Materialien verwendet die Technologie der Exzenterschneckenpumpe mit kontinuierlichem Durchfluss und eine Mischkammer.","robots":{"index":"index","follow":"follow","max-snippet":"max-snippet:-1","max-image-preview":"max-image-preview:large","max-video-preview":"max-video-preview:-1"},"canonical":"https:\/\/mtarobotics.com\/de\/produkte\/dosierprodukte\/dosierkoepfe\/kontinuierlicher-2k-dispenser-cbd\/","og_locale":"de_DE","og_type":"article","og_title":"Continuous flow volumetric dispenser for two-component materials","og_description":"The CBD dispenser for two-component materials uses continuous flow progressive cavity pump technology and a mixing chamber.","og_url":"https:\/\/mtarobotics.com\/de\/produkte\/dosierprodukte\/dosierkoepfe\/kontinuierlicher-2k-dispenser-cbd\/","og_site_name":"mta robotics","article_modified_time":"2025-11-05T08:29:25+00:00","og_image":[{"width":1200,"height":1404,"url":"https:\/\/mtarobotics.com\/wp-content\/uploads\/2019\/07\/mta_cbd_continuous_flow_dispenser_2022_v2_1.webp","type":"image\/webp"}],"twitter_card":"summary_large_image","twitter_misc":{"Gesch\u00e4tzte Lesezeit":"2\u00a0Minuten"},"schema":{"@context":"https:\/\/schema.org","@graph":[{"@type":"WebPage","@id":"https:\/\/mtarobotics.com\/products\/dosierprodukte\/dosierkoepfe\/cbd-continuous-flow-2k-dispenser\/","url":"https:\/\/mtarobotics.com\/products\/dosierprodukte\/dosierkoepfe\/cbd-continuous-flow-2k-dispenser\/","name":"Volumetrisches Dosierger\u00e4t mit kontinuierlichem Durchfluss f\u00fcr Zweikomponenten-Materialien","isPartOf":{"@id":"https:\/\/mtarobotics.com\/#website"},"primaryImageOfPage":{"@id":"https:\/\/mtarobotics.com\/products\/dosierprodukte\/dosierkoepfe\/cbd-continuous-flow-2k-dispenser\/#primaryimage"},"image":{"@id":"https:\/\/mtarobotics.com\/products\/dosierprodukte\/dosierkoepfe\/cbd-continuous-flow-2k-dispenser\/#primaryimage"},"thumbnailUrl":"https:\/\/mtarobotics.com\/wp-content\/uploads\/2019\/07\/mta_cbd_continuous_flow_dispenser_2022_v2_1.webp","datePublished":"2019-07-03T09:54:54+00:00","dateModified":"2025-11-05T08:29:25+00:00","description":"Das CBD-Dosierger\u00e4t f\u00fcr Zweikomponenten-Materialien verwendet die Technologie der Exzenterschneckenpumpe mit kontinuierlichem Durchfluss und eine Mischkammer.","breadcrumb":{"@id":"https:\/\/mtarobotics.com\/products\/dosierprodukte\/dosierkoepfe\/cbd-continuous-flow-2k-dispenser\/#breadcrumb"},"inLanguage":"de","potentialAction":[{"@type":"ReadAction","target":["https:\/\/mtarobotics.com\/products\/dosierprodukte\/dosierkoepfe\/cbd-continuous-flow-2k-dispenser\/"]}]},{"@type":"ImageObject","inLanguage":"de","@id":"https:\/\/mtarobotics.com\/products\/dosierprodukte\/dosierkoepfe\/cbd-continuous-flow-2k-dispenser\/#primaryimage","url":"https:\/\/mtarobotics.com\/wp-content\/uploads\/2019\/07\/mta_cbd_continuous_flow_dispenser_2022_v2_1.webp","contentUrl":"https:\/\/mtarobotics.com\/wp-content\/uploads\/2019\/07\/mta_cbd_continuous_flow_dispenser_2022_v2_1.webp","width":1200,"height":1404,"caption":"Mta Cbd Continuous Flow Dispenser 2022 V2 1"},{"@type":"BreadcrumbList","@id":"https:\/\/mtarobotics.com\/products\/dosierprodukte\/dosierkoepfe\/cbd-continuous-flow-2k-dispenser\/#breadcrumb","itemListElement":[{"@type":"ListItem","position":1,"name":"Home","item":"https:\/\/mtarobotics.com\/"},{"@type":"ListItem","position":2,"name":"Global product range","item":"https:\/\/mtarobotics.com\/products\/"},{"@type":"ListItem","position":3,"name":"CBD continuous flow 2K dispenser"}]},{"@type":"WebSite","@id":"https:\/\/mtarobotics.com\/#website","url":"https:\/\/mtarobotics.com\/","name":"mta robotics","description":"Robotertechnik f\u00fcr L\u00f6ten und Dosieren","publisher":{"@id":"https:\/\/mtarobotics.com\/#organization"},"potentialAction":[{"@type":"SearchAction","target":{"@type":"EntryPoint","urlTemplate":"https:\/\/mtarobotics.com\/?s={search_term_string}"},"query-input":{"@type":"PropertyValueSpecification","valueRequired":true,"valueName":"search_term_string"}}],"inLanguage":"de"},{"@type":"Organization","@id":"https:\/\/mtarobotics.com\/#organization","name":"Mta-Robotik","url":"https:\/\/mtarobotics.com\/","logo":{"@type":"ImageObject","inLanguage":"de","@id":"https:\/\/mtarobotics.com\/#\/schema\/logo\/image\/","url":"https:\/\/mtarobotics.com\/wp-content\/uploads\/2019\/03\/mta.png","contentUrl":"https:\/\/mtarobotics.com\/wp-content\/uploads\/2019\/03\/mta.png","width":170,"height":84,"caption":"Mta robotics"},"image":{"@id":"https:\/\/mtarobotics.com\/#\/schema\/logo\/image\/"}}]}},"_links":{"self":[{"href":"https:\/\/mtarobotics.com\/de\/wp-json\/wp\/v2\/product\/1743","targetHints":{"allow":["GET"]}}],"collection":[{"href":"https:\/\/mtarobotics.com\/de\/wp-json\/wp\/v2\/product"}],"about":[{"href":"https:\/\/mtarobotics.com\/de\/wp-json\/wp\/v2\/types\/product"}],"wp:featuredmedia":[{"embeddable":true,"href":"https:\/\/mtarobotics.com\/de\/wp-json\/wp\/v2\/media\/26030"}],"wp:attachment":[{"href":"https:\/\/mtarobotics.com\/de\/wp-json\/wp\/v2\/media?parent=1743"}],"wp:term":[{"taxonomy":"product_brand","embeddable":true,"href":"https:\/\/mtarobotics.com\/de\/wp-json\/wp\/v2\/product_brand?post=1743"},{"taxonomy":"product_cat","embeddable":true,"href":"https:\/\/mtarobotics.com\/de\/wp-json\/wp\/v2\/product_cat?post=1743"},{"taxonomy":"product_tag","embeddable":true,"href":"https:\/\/mtarobotics.com\/de\/wp-json\/wp\/v2\/product_tag?post=1743"}],"curies":[{"name":"wp","href":"https:\/\/api.w.org\/{rel}","templated":true}]}}