{"id":1762,"date":"2019-07-04T08:53:00","date_gmt":"2019-07-04T06:53:00","guid":{"rendered":"https:\/\/mta.925.unitechnologies.com\/?post_type=product&#038;p=1762"},"modified":"2026-03-18T07:32:19","modified_gmt":"2026-03-18T06:32:19","slug":"jet-mikrodosierventil-pdos-x1","status":"publish","type":"product","link":"https:\/\/mtarobotics.com\/de\/products\/dispensing-products\/dispensing-heads\/pdos-x1-micro-dispensing-jet-valve\/","title":{"rendered":"Jet-Mikrodosierventil PDos X1"},"content":{"rendered":"<p class=\"translation-block\">Das Jet-Mikrodosierventil PDos X1 ist ein innovatives, ber\u00fchrungsloses, pneumatisch angetriebenes Jetventil, das aus jahrelanger Erfahrung in der automatisierten Mikrodosierung f\u00fcr verschiedene <a href=\"https:\/\/mtarobotics.com\/de\/produkte\/jet-mikrodosierventil-pdos-x1\/#ywtm-custom-tab-1479\" target=\"_self\"> M\u00e4rkte <\/a> enstanden ist.<\/p>\n<p>Die patentierte Aktuatortechnologie erh\u00f6ht die Reaktionsgeschwindigkeit des St\u00f6\u00dfeltriebs in der Schlie\u00dfphase. Durch die optimierte Bewegungscharakteristik des St\u00f6\u00dfels werden k\u00fcrzere Gesamt\u00f6ffnungszeiten erreicht und h\u00f6here Kr\u00e4fte erzeugt. Das Ergebnis sind \u00e4u\u00dferst feine, pr\u00e4zise und wiederholgenaue Dosierergebnisse. Siehe <a href=\"https:\/\/mtarobotics.com\/de\/produkte\/jet-mikrodosierventil-pdos-x1\/#ywtm-custom-tab-1198\">typische Dosieranwendungen und Materialien<\/a>.<\/p>\n<p>Die Leistungsf\u00e4higkeit des PDos X1 bezogen auf die Einzeltropfendosierung, liegt damit auf dem Niveau von Piezo-elektrisch-angetriebenen Systemen.<\/p>\n<p>Die kopfseitig angebrachte Einstellschraube mit Skala begrenzt den Hub der St\u00f6\u00dfelbewegung und damit die St\u00f6\u00dfelgeschwindigkeit. Bei Bedarf kann -genau dosiert- eine Nachjustage erfolgen, um z.B. auf Chargenschwankungen im Material Einfluss zu nehmen. Die Skalenteilung ist daf\u00fcr optimiert, und die Beschriftung wurde so positioniert, dass die Indikatorstriche unabh\u00e4ngig von der Einbaulage gut sichtbar sind.<\/p>\n<p>Die fluidf\u00fchrenden Bauteile k\u00f6nnen unabh\u00e4ngig vom Aktuator in 90\u00b0-Schritten ausgerichtet werden. In der Standardkonfiguration ist der D\u00fcsenbereich von drei Seiten mit einem Abstand von 10 mm zur \u00e4u\u00dferen Geh\u00e4usekontur zug\u00e4nglich, was eine einfache Integration auch bei beengten Platzverh\u00e4ltnissen erm\u00f6glicht.<\/p>\n<p>Fluidk\u00f6rper (Fluidik) und Heizung sind so gestaltet, dass das Substrat mit der D\u00fcse au\u00dfergew\u00f6hnlich gut zug\u00e4nglich ist und sich eine gute Sichtbarkeit f\u00fcr den Bediener ergibt. Gleichzeitig wird ein optimaler W\u00e4rme\u00fcbergang bis tief in den D\u00fcsenbereich gew\u00e4hrleistet. Das Heizelement ist als unabh\u00e4ngiges, separates Modul ausgef\u00fchrt. Bei Wartungsarbeiten kommt die Heizung nicht mit dem zu dosierenden Fluid oder Reinigungsmitteln in Kontakt.<\/p>\n<p>Die Schl\u00fcsselweiten aller relevanten Schraubverbindungen sind dabei einheitlich ausgef\u00fchrt.<\/p>\n<h4>High-End-Dosierl\u00f6sung<\/h4>\n<p>Das Jet-Mikrodosierventil PDos X1 kann entweder als eigenst\u00e4ndige Einheit mit numerischer Steuerung oder als schl\u00fcsselfertige High-End-L\u00f6sung geliefert werden. Letztere l\u00e4sst sich nahtlos in unsere automatisierten <a href=\"https:\/\/mtarobotics.com\/de\/produkt-kategorie\/dosierprodukte\/dosierroboter\/\" target=\"_blank\" rel=\"noopener noreferrer\">Standard-Dosierplattformen<\/a> integrieren, einschlie\u00dflich: MRC500, TR300 und OEM-Konfigurationen.<\/p>\n<h4>Prozessvalidierung - Personalisierte Dienstleistung<\/h4>\n<p>Wir setzen auf das Fachwissen unserer hochqualifizierten Spezialisten, um eine umfassende\u00a0 <a href=\"https:\/\/mtarobotics.com\/de\/uber-uns\/dienstleistungen\/#dispensingprocessvalidation\" target=\"_blank\" rel=\"noopener\">Prozessvalidierung<\/a> in unserem hochmodernen Testlabor durchzuf\u00fchren.<\/p>\n<p>Das Ziel unseres Testprogramms ist es, die Machbarkeit des gew\u00fcnschten Prozesses zu \u00fcberpr\u00fcfen und eine ma\u00dfgeschneiderte Prozessgarantie zu bieten. Dieser Ansatz erm\u00f6glicht es unseren Kunden, eine fundierte Konzeptvalidierung durchzuf\u00fchren, bevor sie in eine Produktionsanlage investieren.<\/p>","protected":false},"excerpt":{"rendered":"<p class=\"translation-block\">Das Jet-Mikrodosierventil PDos X1 ist ein innovatives, ber\u00fchrungsloses, pneumatisch angetriebenes Jetventil, das aus jahrelanger Erfahrung in der automatisierten Mikrodosierung f\u00fcr verschiedene <a href=\"https:\/\/mtarobotics.com\/de\/produkte\/jet-mikrodosierventil-pdos-x1\/#ywtm-custom-tab-1479\" target=\"_self\"> M\u00e4rkte <\/a> enstanden ist.<\/p>","protected":false},"featured_media":24446,"template":"","meta":{"_acf_changed":false},"product_brand":[],"product_cat":[31,58],"product_tag":[],"class_list":{"0":"post-1762","1":"product","2":"type-product","3":"status-publish","4":"has-post-thumbnail","6":"product_cat-dispensing-products","7":"product_cat-dispensing-heads","9":"first","10":"instock","11":"taxable","12":"shipping-taxable","13":"product-type-simple"},"acf":{"additionnal_product_infos":false,"infos_steps":"Minimum order quantity: 10.<br>\r\nDiscount available for higher volumes","contact_button":false,"promo_badge":false,"promo_badge_on_list":false,"text_promo_bage":"","couleur_promo_badge":"#038001"},"yoast_head":"<!-- This site is optimized with the Yoast SEO plugin v27.4 - https:\/\/yoast.com\/product\/yoast-seo-wordpress\/ -->\n<title>PDos X1 micro-dispensing jet valve - mta robotics<\/title>\n<meta name=\"description\" content=\"The PDos X1 is an innovative, pneumatically driven dispensing jet valve, which is the result of years of experience in automated micro-dispensing.\" \/>\n<meta name=\"robots\" content=\"index, follow, max-snippet:-1, max-image-preview:large, max-video-preview:-1\" \/>\n<link rel=\"canonical\" href=\"https:\/\/mtarobotics.com\/de\/produkte\/dosierprodukte\/dosierkoepfe\/jet-mikrodosierventil-pdos-x1\/\" \/>\n<meta property=\"og:locale\" content=\"de_DE\" \/>\n<meta property=\"og:type\" content=\"article\" \/>\n<meta property=\"og:title\" content=\"PDos X1 micro-dispensing jet valve - mta robotics\" \/>\n<meta property=\"og:description\" content=\"The PDos X1 is an innovative, pneumatically driven dispensing jet valve, which is the result of years of experience in automated micro-dispensing.\" \/>\n<meta property=\"og:url\" content=\"https:\/\/mtarobotics.com\/de\/produkte\/dosierprodukte\/dosierkoepfe\/jet-mikrodosierventil-pdos-x1\/\" \/>\n<meta property=\"og:site_name\" content=\"mta robotics\" \/>\n<meta property=\"article:modified_time\" content=\"2026-03-18T06:32:19+00:00\" \/>\n<meta property=\"og:image\" content=\"https:\/\/mtarobotics.com\/wp-content\/uploads\/2019\/07\/mta_perfecdos_pdosx1_micro_dispensing_jet_valve_092024_web-852x1024.png\" \/>\n\t<meta property=\"og:image:width\" content=\"852\" \/>\n\t<meta property=\"og:image:height\" content=\"1024\" \/>\n\t<meta property=\"og:image:type\" content=\"image\/png\" \/>\n<meta name=\"twitter:card\" content=\"summary_large_image\" \/>\n<meta name=\"twitter:label1\" content=\"Gesch\u00e4tzte Lesezeit\" \/>\n\t<meta name=\"twitter:data1\" content=\"2\u00a0Minuten\" \/>\n<script type=\"application\/ld+json\" class=\"yoast-schema-graph\">{\"@context\":\"https:\\\/\\\/schema.org\",\"@graph\":[{\"@type\":\"WebPage\",\"@id\":\"https:\\\/\\\/mtarobotics.com\\\/products\\\/dispensing-products\\\/dispensing-heads\\\/pdos-x1-micro-dispensing-jet-valve\\\/\",\"url\":\"https:\\\/\\\/mtarobotics.com\\\/products\\\/dispensing-products\\\/dispensing-heads\\\/pdos-x1-micro-dispensing-jet-valve\\\/\",\"name\":\"PDos X1 micro-dispensing jet valve - mta robotics\",\"isPartOf\":{\"@id\":\"https:\\\/\\\/mtarobotics.com\\\/#website\"},\"primaryImageOfPage\":{\"@id\":\"https:\\\/\\\/mtarobotics.com\\\/products\\\/dispensing-products\\\/dispensing-heads\\\/pdos-x1-micro-dispensing-jet-valve\\\/#primaryimage\"},\"image\":{\"@id\":\"https:\\\/\\\/mtarobotics.com\\\/products\\\/dispensing-products\\\/dispensing-heads\\\/pdos-x1-micro-dispensing-jet-valve\\\/#primaryimage\"},\"thumbnailUrl\":\"https:\\\/\\\/mtarobotics.com\\\/wp-content\\\/uploads\\\/2019\\\/07\\\/mta_perfecdos_pdosx1_micro_dispensing_jet_valve_092024_web.png\",\"datePublished\":\"2019-07-04T06:53:00+00:00\",\"dateModified\":\"2026-03-18T06:32:19+00:00\",\"description\":\"The PDos X1 is an innovative, pneumatically driven dispensing jet valve, which is the result of years of experience in automated micro-dispensing.\",\"breadcrumb\":{\"@id\":\"https:\\\/\\\/mtarobotics.com\\\/products\\\/dispensing-products\\\/dispensing-heads\\\/pdos-x1-micro-dispensing-jet-valve\\\/#breadcrumb\"},\"inLanguage\":\"de\",\"potentialAction\":[{\"@type\":\"ReadAction\",\"target\":[\"https:\\\/\\\/mtarobotics.com\\\/products\\\/dispensing-products\\\/dispensing-heads\\\/pdos-x1-micro-dispensing-jet-valve\\\/\"]}]},{\"@type\":\"ImageObject\",\"inLanguage\":\"de\",\"@id\":\"https:\\\/\\\/mtarobotics.com\\\/products\\\/dispensing-products\\\/dispensing-heads\\\/pdos-x1-micro-dispensing-jet-valve\\\/#primaryimage\",\"url\":\"https:\\\/\\\/mtarobotics.com\\\/wp-content\\\/uploads\\\/2019\\\/07\\\/mta_perfecdos_pdosx1_micro_dispensing_jet_valve_092024_web.png\",\"contentUrl\":\"https:\\\/\\\/mtarobotics.com\\\/wp-content\\\/uploads\\\/2019\\\/07\\\/mta_perfecdos_pdosx1_micro_dispensing_jet_valve_092024_web.png\",\"width\":2210,\"height\":2657,\"caption\":\"mta perfecdos PDos X1 microdispensing jet valve\"},{\"@type\":\"BreadcrumbList\",\"@id\":\"https:\\\/\\\/mtarobotics.com\\\/products\\\/dispensing-products\\\/dispensing-heads\\\/pdos-x1-micro-dispensing-jet-valve\\\/#breadcrumb\",\"itemListElement\":[{\"@type\":\"ListItem\",\"position\":1,\"name\":\"Home\",\"item\":\"https:\\\/\\\/mtarobotics.com\\\/\"},{\"@type\":\"ListItem\",\"position\":2,\"name\":\"Global product range\",\"item\":\"https:\\\/\\\/mtarobotics.com\\\/products\\\/\"},{\"@type\":\"ListItem\",\"position\":3,\"name\":\"PDos X1 micro-dispensing jet valve\"}]},{\"@type\":\"WebSite\",\"@id\":\"https:\\\/\\\/mtarobotics.com\\\/#website\",\"url\":\"https:\\\/\\\/mtarobotics.com\\\/\",\"name\":\"mta robotics\",\"description\":\"Robotics for soldering and dispensing\",\"publisher\":{\"@id\":\"https:\\\/\\\/mtarobotics.com\\\/#organization\"},\"potentialAction\":[{\"@type\":\"SearchAction\",\"target\":{\"@type\":\"EntryPoint\",\"urlTemplate\":\"https:\\\/\\\/mtarobotics.com\\\/?s={search_term_string}\"},\"query-input\":{\"@type\":\"PropertyValueSpecification\",\"valueRequired\":true,\"valueName\":\"search_term_string\"}}],\"inLanguage\":\"de\"},{\"@type\":\"Organization\",\"@id\":\"https:\\\/\\\/mtarobotics.com\\\/#organization\",\"name\":\"Mta robotics\",\"url\":\"https:\\\/\\\/mtarobotics.com\\\/\",\"logo\":{\"@type\":\"ImageObject\",\"inLanguage\":\"de\",\"@id\":\"https:\\\/\\\/mtarobotics.com\\\/#\\\/schema\\\/logo\\\/image\\\/\",\"url\":\"https:\\\/\\\/mtarobotics.com\\\/wp-content\\\/uploads\\\/2019\\\/03\\\/mta.png\",\"contentUrl\":\"https:\\\/\\\/mtarobotics.com\\\/wp-content\\\/uploads\\\/2019\\\/03\\\/mta.png\",\"width\":170,\"height\":84,\"caption\":\"Mta robotics\"},\"image\":{\"@id\":\"https:\\\/\\\/mtarobotics.com\\\/#\\\/schema\\\/logo\\\/image\\\/\"}}]}<\/script>\n<!-- \/ Yoast SEO plugin. -->","yoast_head_json":{"title":"PDos X1 Mikro-Mikrodosierventil - mta robotics","description":"Das PDos X1 ist ein innovatives, pneumatisch angetriebenes Dosierstrahlventil, das das Ergebnis jahrelanger Erfahrung in der automatisierten Mikrodosierung ist.","robots":{"index":"index","follow":"follow","max-snippet":"max-snippet:-1","max-image-preview":"max-image-preview:large","max-video-preview":"max-video-preview:-1"},"canonical":"https:\/\/mtarobotics.com\/de\/produkte\/dosierprodukte\/dosierkoepfe\/jet-mikrodosierventil-pdos-x1\/","og_locale":"de_DE","og_type":"article","og_title":"PDos X1 micro-dispensing jet valve - mta robotics","og_description":"The PDos X1 is an innovative, pneumatically driven dispensing jet valve, which is the result of years of experience in automated micro-dispensing.","og_url":"https:\/\/mtarobotics.com\/de\/produkte\/dosierprodukte\/dosierkoepfe\/jet-mikrodosierventil-pdos-x1\/","og_site_name":"mta robotics","article_modified_time":"2026-03-18T06:32:19+00:00","og_image":[{"width":852,"height":1024,"url":"https:\/\/mtarobotics.com\/wp-content\/uploads\/2019\/07\/mta_perfecdos_pdosx1_micro_dispensing_jet_valve_092024_web-852x1024.png","type":"image\/png"}],"twitter_card":"summary_large_image","twitter_misc":{"Gesch\u00e4tzte Lesezeit":"2\u00a0Minuten"},"schema":{"@context":"https:\/\/schema.org","@graph":[{"@type":"WebPage","@id":"https:\/\/mtarobotics.com\/products\/dispensing-products\/dispensing-heads\/pdos-x1-micro-dispensing-jet-valve\/","url":"https:\/\/mtarobotics.com\/products\/dispensing-products\/dispensing-heads\/pdos-x1-micro-dispensing-jet-valve\/","name":"PDos X1 Mikro-Mikrodosierventil - mta robotics","isPartOf":{"@id":"https:\/\/mtarobotics.com\/#website"},"primaryImageOfPage":{"@id":"https:\/\/mtarobotics.com\/products\/dispensing-products\/dispensing-heads\/pdos-x1-micro-dispensing-jet-valve\/#primaryimage"},"image":{"@id":"https:\/\/mtarobotics.com\/products\/dispensing-products\/dispensing-heads\/pdos-x1-micro-dispensing-jet-valve\/#primaryimage"},"thumbnailUrl":"https:\/\/mtarobotics.com\/wp-content\/uploads\/2019\/07\/mta_perfecdos_pdosx1_micro_dispensing_jet_valve_092024_web.png","datePublished":"2019-07-04T06:53:00+00:00","dateModified":"2026-03-18T06:32:19+00:00","description":"Das PDos X1 ist ein innovatives, pneumatisch angetriebenes Dosierstrahlventil, das das Ergebnis jahrelanger Erfahrung in der automatisierten Mikrodosierung ist.","breadcrumb":{"@id":"https:\/\/mtarobotics.com\/products\/dispensing-products\/dispensing-heads\/pdos-x1-micro-dispensing-jet-valve\/#breadcrumb"},"inLanguage":"de","potentialAction":[{"@type":"ReadAction","target":["https:\/\/mtarobotics.com\/products\/dispensing-products\/dispensing-heads\/pdos-x1-micro-dispensing-jet-valve\/"]}]},{"@type":"ImageObject","inLanguage":"de","@id":"https:\/\/mtarobotics.com\/products\/dispensing-products\/dispensing-heads\/pdos-x1-micro-dispensing-jet-valve\/#primaryimage","url":"https:\/\/mtarobotics.com\/wp-content\/uploads\/2019\/07\/mta_perfecdos_pdosx1_micro_dispensing_jet_valve_092024_web.png","contentUrl":"https:\/\/mtarobotics.com\/wp-content\/uploads\/2019\/07\/mta_perfecdos_pdosx1_micro_dispensing_jet_valve_092024_web.png","width":2210,"height":2657,"caption":"mta perfecdos PDos X1 microdispensing jet valve"},{"@type":"BreadcrumbList","@id":"https:\/\/mtarobotics.com\/products\/dispensing-products\/dispensing-heads\/pdos-x1-micro-dispensing-jet-valve\/#breadcrumb","itemListElement":[{"@type":"ListItem","position":1,"name":"Home","item":"https:\/\/mtarobotics.com\/"},{"@type":"ListItem","position":2,"name":"Global product range","item":"https:\/\/mtarobotics.com\/products\/"},{"@type":"ListItem","position":3,"name":"PDos X1 micro-dispensing jet valve"}]},{"@type":"WebSite","@id":"https:\/\/mtarobotics.com\/#website","url":"https:\/\/mtarobotics.com\/","name":"mta robotics","description":"Robotertechnik f\u00fcr L\u00f6ten und Dosieren","publisher":{"@id":"https:\/\/mtarobotics.com\/#organization"},"potentialAction":[{"@type":"SearchAction","target":{"@type":"EntryPoint","urlTemplate":"https:\/\/mtarobotics.com\/?s={search_term_string}"},"query-input":{"@type":"PropertyValueSpecification","valueRequired":true,"valueName":"search_term_string"}}],"inLanguage":"de"},{"@type":"Organization","@id":"https:\/\/mtarobotics.com\/#organization","name":"Mta-Robotik","url":"https:\/\/mtarobotics.com\/","logo":{"@type":"ImageObject","inLanguage":"de","@id":"https:\/\/mtarobotics.com\/#\/schema\/logo\/image\/","url":"https:\/\/mtarobotics.com\/wp-content\/uploads\/2019\/03\/mta.png","contentUrl":"https:\/\/mtarobotics.com\/wp-content\/uploads\/2019\/03\/mta.png","width":170,"height":84,"caption":"Mta robotics"},"image":{"@id":"https:\/\/mtarobotics.com\/#\/schema\/logo\/image\/"}}]}},"_links":{"self":[{"href":"https:\/\/mtarobotics.com\/de\/wp-json\/wp\/v2\/product\/1762","targetHints":{"allow":["GET"]}}],"collection":[{"href":"https:\/\/mtarobotics.com\/de\/wp-json\/wp\/v2\/product"}],"about":[{"href":"https:\/\/mtarobotics.com\/de\/wp-json\/wp\/v2\/types\/product"}],"wp:featuredmedia":[{"embeddable":true,"href":"https:\/\/mtarobotics.com\/de\/wp-json\/wp\/v2\/media\/24446"}],"wp:attachment":[{"href":"https:\/\/mtarobotics.com\/de\/wp-json\/wp\/v2\/media?parent=1762"}],"wp:term":[{"taxonomy":"product_brand","embeddable":true,"href":"https:\/\/mtarobotics.com\/de\/wp-json\/wp\/v2\/product_brand?post=1762"},{"taxonomy":"product_cat","embeddable":true,"href":"https:\/\/mtarobotics.com\/de\/wp-json\/wp\/v2\/product_cat?post=1762"},{"taxonomy":"product_tag","embeddable":true,"href":"https:\/\/mtarobotics.com\/de\/wp-json\/wp\/v2\/product_tag?post=1762"}],"curies":[{"name":"wp","href":"https:\/\/api.w.org\/{rel}","templated":true}]}}