{"id":1864,"date":"2019-07-08T10:48:05","date_gmt":"2019-07-08T08:48:05","guid":{"rendered":"https:\/\/mta.925.unitechnologies.com\/?post_type=product&#038;p=1864"},"modified":"2025-12-03T15:15:59","modified_gmt":"2025-12-03T14:15:59","slug":"dosierroboterzelle-mrc500","status":"publish","type":"product","link":"https:\/\/mtarobotics.com\/de\/products\/dispensing-products\/dispensing-robots\/mrc500-dispensing-robotic-cell\/","title":{"rendered":"Dosierroboterzelle MRC500"},"content":{"rendered":"<p>Die mta MRC500 Dosierroboterzelle ist eine freistehende Maschinenzelle. Unsere Konstrukteure haben die MRC500 speziell f\u00fcr Dosieranwendungen entwickelt und dann das Design standardisiert. Wir haben unsere eigene Plattform entwickelt, damit wir keine Kompromisse bei der Funktionalit\u00e4t eingehen m\u00fcssen, die auf den Einschr\u00e4nkungen von Ger\u00e4ten anderer Hersteller beruhen. Die Standardisierung des Designs bietet drei Hauptvorteile: Es ist erprobt, schneller verf\u00fcgbar und kostet weniger als kundenspezifische Designs. Obwohl das Design standardisiert ist, ist es \u00e4u\u00dferst flexibel.<\/p>\n<p>Wir haben die mechanische Struktur so konzipiert, dass sie mit einer breiten Palette von Prozessausr\u00fcstungen, Materialtransport- und Schutzsystemen zusammenarbeitet. In ihrer Grundkonfiguration ist die MRC500 eine freistehende, halbautomatische Maschine. Im anderen Extremfall k\u00f6nnen wir sie mit SMEMA-F\u00f6rderern, Drehtischen und vielen anderen Systemen ausstatten. Ebenso haben unsere Software-Ingenieure flexible Module in unsere MotionEditor-Software aufgenommen, um eine breite Palette von Standard- und Sonderoptionen schnell zu integrieren.<\/p>\n<p>Wir k\u00f6nnen den MRC500 mit jedem unserer\u00a0<a href=\"https:\/\/mtarobotics.com\/de\/produkt-kategorie\/dosierkoepfe\/\" target=\"_blank\" rel=\"noopener noreferrer\">Dosierk\u00f6pfe<\/a>: CFD-Dispenser mit kontinuierlichem Durchfluss (1K), CBD-Dispenser mit kontinuierlichem Durchfluss (2K), PDos X1-Jet-Mikrodosierventil, NVD-Dispenser mit volumetrischem Durchfluss (1K), NBD-Dispenser mit volumetrischem Durchfluss (2K), Mini-NVD-Dosierger\u00e4t mit volumetrischem Durchfluss (1K), Mini-NBD-Dispenser mit volumetrischem Durchfluss (2K) und CD-Dispenser mit 1K-Kartusche. Da richtig konstruierte K\u00f6pfe ziemlich schwer sind, ist der MRC500 mit gro\u00dfen Gleichstrom-Schrittmotoren ausgestattet, um gen\u00fcgend Kraft f\u00fcr die schnelle Bet\u00e4tigung des Kopfes zu haben. Die X-, Y- und Z-Achse sind mit robusten Kugelumlaufspindeln ausgestattet, die eine pr\u00e4zise Bet\u00e4tigung erm\u00f6glichen. Die Wiederholgenauigkeit von 20 Mikrometern gew\u00e4hrleistet einen pr\u00e4zisen Dosierprozess und eine gleichbleibende Qualit\u00e4t.<\/p>\n<p><strong>Zu den wichtigsten Merkmalen unserer MRC500-Plattform geh\u00f6ren:\u00a0<\/strong>geschwei\u00dfte Rahmenkonstruktion, kartesischer 3-Achsen-Roboter mit optionaler Drehachse am Kopf, 500x500mm Arbeitsbereich, Industrie-PC-Steuerung mit Embedded Windows\u00ae-Betriebssystem und intuitiver men\u00fcgef\u00fchrter Software mta MotionEditor.<\/p>\n<h3>5 Gr\u00fcnde f\u00fcr die Wahl der mta MRC500 Dosierroboterzelle<\/h3>\n<ol>\n<li>Sie ben\u00f6tigen eine gr\u00f6\u00dfere Arbeitsfl\u00e4che (500x500mm).<\/li>\n<li>Ihr Prozess ist halbautomatisch, aber Sie brauchen eine freistehende Station.<\/li>\n<li>Die Produktion erfolgt inline und erfordert F\u00f6rderb\u00e4nder.<\/li>\n<li>Ihr Prozess ist offline, aber Sie ben\u00f6tigen eine andere Form der Materialhandhabung (Drehtisch, kollaborierender Roboter usw.).<\/li>\n<li>Das Geh\u00e4use ist gro\u00df genug, um zus\u00e4tzliche Verfahren wie die automatische optische Pr\u00fcfung zu unterst\u00fctzen.<\/li>\n<\/ol>\n<p>Siehe auch unsere weiteren\u00a0<a href=\"https:\/\/mtarobotics.com\/de\/produkt-kategorie\/dosierprodukte\/dosierroboter\/\" target=\"_blank\" rel=\"noopener\">Standard-Dosierplattformen<\/a>.<\/p>","protected":false},"excerpt":{"rendered":"<p>Die mta MRC500 Dosierroboterzelle ist eine freistehende Maschinenzelle. Unsere Konstrukteure haben die MRC500 speziell f\u00fcr Dosieranwendungen entwickelt und dann das Design standardisiert. Wir haben unsere eigene Plattform entwickelt, damit wir keine Kompromisse bei der Funktionalit\u00e4t eingehen m\u00fcssen, die auf den Einschr\u00e4nkungen von Ger\u00e4ten anderer Hersteller beruhen. Die Standardisierung des Designs bietet drei Hauptvorteile: Es ist erprobt, schneller verf\u00fcgbar und kostet weniger als kundenspezifische Designs. Obwohl das Design standardisiert ist, ist es \u00e4u\u00dferst flexibel.<\/p>\n<p>Wir haben die mechanische Struktur so konzipiert, dass sie mit einer breiten Palette von Prozessausr\u00fcstungen, Materialtransport- und Schutzsystemen zusammenarbeitet. In ihrer Grundkonfiguration ist die MRC500 eine freistehende, halbautomatische Maschine. Im anderen Extremfall k\u00f6nnen wir sie mit SMEMA-F\u00f6rderern, Drehtischen und vielen anderen Systemen ausstatten. Ebenso haben unsere Software-Ingenieure flexible Module in unsere MotionEditor-Software aufgenommen, um eine breite Palette von Standard- und Sonderoptionen schnell zu integrieren.<\/p>\n<p>Wir k\u00f6nnen den MRC500 mit jedem unserer\u00a0<a href=\"https:\/\/mtarobotics.com\/de\/produkt-kategorie\/dosierkoepfe\/\" target=\"_blank\" rel=\"noopener noreferrer\">Dosierk\u00f6pfe<\/a>: CFD-Dispenser mit kontinuierlichem Durchfluss (1K), CBD-Dispenser mit kontinuierlichem Durchfluss (2K), PDos X1-Jet-Mikrodosierventil, NVD-Dispenser mit volumetrischem Durchfluss (1K), NBD-Dispenser mit volumetrischem Durchfluss (2K), Mini-NVD-Dosierger\u00e4t mit volumetrischem Durchfluss (1K), Mini-NBD-Dispenser mit volumetrischem Durchfluss (2K) und CD-Dispenser mit 1K-Kartusche. Da richtig konstruierte K\u00f6pfe ziemlich schwer sind, ist der MRC500 mit gro\u00dfen Gleichstrom-Schrittmotoren ausgestattet, um gen\u00fcgend Kraft f\u00fcr die schnelle Bet\u00e4tigung des Kopfes zu haben. Die X-, Y- und Z-Achse sind mit robusten Kugelumlaufspindeln ausgestattet, die eine pr\u00e4zise Bet\u00e4tigung erm\u00f6glichen. Die Wiederholgenauigkeit von 20 Mikrometern gew\u00e4hrleistet einen pr\u00e4zisen Dosierprozess und eine gleichbleibende Qualit\u00e4t.<\/p>\n<p><strong>Zu den wichtigsten Merkmalen unserer MRC500-Plattform geh\u00f6ren:\u00a0<\/strong>geschwei\u00dfte Rahmenkonstruktion, kartesischer 3-Achsen-Roboter mit optionaler Drehachse am Kopf, 500x500mm Arbeitsbereich, Industrie-PC-Steuerung mit Embedded Windows\u00ae-Betriebssystem und intuitiver men\u00fcgef\u00fchrter Software mta MotionEditor.<\/p>\n<h3>5 Gr\u00fcnde f\u00fcr die Wahl der mta MRC500 Dosierroboterzelle<\/h3>\n<ol>\n<li>Sie ben\u00f6tigen eine gr\u00f6\u00dfere Arbeitsfl\u00e4che (500x500mm).<\/li>\n<li>Ihr Prozess ist halbautomatisch, aber Sie brauchen eine freistehende Station.<\/li>\n<li>Die Produktion erfolgt inline und erfordert F\u00f6rderb\u00e4nder.<\/li>\n<li>Ihr Prozess ist offline, aber Sie ben\u00f6tigen eine andere Form der Materialhandhabung (Drehtisch, kollaborierender Roboter usw.).<\/li>\n<li>Das Geh\u00e4use ist gro\u00df genug, um zus\u00e4tzliche Verfahren wie die automatische optische Pr\u00fcfung zu unterst\u00fctzen.<\/li>\n<\/ol>\n<p>Siehe auch unsere weiteren\u00a0<a href=\"https:\/\/mtarobotics.com\/de\/produkt-kategorie\/mta-dispensing-products\/dispensing-platforms\/\" target=\"_blank\" rel=\"noopener\">Standard-Dosierplattformen<\/a>.<\/p>","protected":false},"featured_media":24835,"template":"","meta":{"_acf_changed":false},"product_brand":[],"product_cat":[31,114],"product_tag":[],"class_list":{"0":"post-1864","1":"product","2":"type-product","3":"status-publish","4":"has-post-thumbnail","6":"product_cat-dispensing-products","7":"product_cat-dispensing-robots","9":"first","10":"instock","11":"downloadable","12":"taxable","13":"shipping-taxable","14":"product-type-simple"},"acf":{"additionnal_product_infos":false,"infos_steps":"Minimum order quantity: 10.<br>\r\nDiscount available for higher volumes","contact_button":false,"promo_badge":false,"promo_badge_on_list":false,"text_promo_bage":"","couleur_promo_badge":"#038001"},"yoast_head":"<!-- This site is optimized with the Yoast SEO plugin v27.5 - https:\/\/yoast.com\/product\/yoast-seo-wordpress\/ -->\n<title>MRC500 dispensing robotic cell | mta robotics<\/title>\n<meta name=\"description\" content=\"he mta MRC500 dispensing robotic cell is a free-standing machine cell. Our design engineers purposes-built the MRC500 for dispensing applications\" \/>\n<meta name=\"robots\" content=\"index, follow, max-snippet:-1, max-image-preview:large, max-video-preview:-1\" \/>\n<link rel=\"canonical\" href=\"https:\/\/mtarobotics.com\/de\/produkte\/dosierprodukte\/dosierplattformen\/dosierroboterzelle-mrc500\/\" \/>\n<meta property=\"og:locale\" content=\"de_DE\" \/>\n<meta property=\"og:type\" content=\"article\" \/>\n<meta property=\"og:title\" content=\"MRC500 dispensing robotic cell | mta robotics\" \/>\n<meta property=\"og:description\" content=\"he mta MRC500 dispensing robotic cell is a free-standing machine cell. Our design engineers purposes-built the MRC500 for dispensing applications\" \/>\n<meta property=\"og:url\" content=\"https:\/\/mtarobotics.com\/de\/produkte\/dosierprodukte\/dosierplattformen\/dosierroboterzelle-mrc500\/\" \/>\n<meta property=\"og:site_name\" content=\"mta robotics\" \/>\n<meta property=\"article:modified_time\" content=\"2025-12-03T14:15:59+00:00\" \/>\n<meta property=\"og:image\" content=\"https:\/\/mtarobotics.com\/wp-content\/uploads\/2019\/07\/mta_MRC500_dispensing_robotic_cell_08-2023.png\" \/>\n\t<meta property=\"og:image:width\" content=\"800\" \/>\n\t<meta property=\"og:image:height\" content=\"1183\" \/>\n\t<meta property=\"og:image:type\" content=\"image\/png\" \/>\n<meta name=\"twitter:card\" content=\"summary_large_image\" \/>\n<meta name=\"twitter:label1\" content=\"Gesch\u00e4tzte Lesezeit\" \/>\n\t<meta name=\"twitter:data1\" content=\"2\u00a0Minuten\" \/>\n<script type=\"application\/ld+json\" class=\"yoast-schema-graph\">{\"@context\":\"https:\\\/\\\/schema.org\",\"@graph\":[{\"@type\":\"WebPage\",\"@id\":\"https:\\\/\\\/mtarobotics.com\\\/products\\\/dosierprodukte\\\/dosierplattformen\\\/mrc500-dispensing-robotic-cell\\\/\",\"url\":\"https:\\\/\\\/mtarobotics.com\\\/products\\\/dosierprodukte\\\/dosierplattformen\\\/mrc500-dispensing-robotic-cell\\\/\",\"name\":\"MRC500 dispensing robotic cell | mta robotics\",\"isPartOf\":{\"@id\":\"https:\\\/\\\/mtarobotics.com\\\/#website\"},\"primaryImageOfPage\":{\"@id\":\"https:\\\/\\\/mtarobotics.com\\\/products\\\/dosierprodukte\\\/dosierplattformen\\\/mrc500-dispensing-robotic-cell\\\/#primaryimage\"},\"image\":{\"@id\":\"https:\\\/\\\/mtarobotics.com\\\/products\\\/dosierprodukte\\\/dosierplattformen\\\/mrc500-dispensing-robotic-cell\\\/#primaryimage\"},\"thumbnailUrl\":\"https:\\\/\\\/mtarobotics.com\\\/wp-content\\\/uploads\\\/2019\\\/07\\\/mta_MRC500_dispensing_robotic_cell_08-2023.png\",\"datePublished\":\"2019-07-08T08:48:05+00:00\",\"dateModified\":\"2025-12-03T14:15:59+00:00\",\"description\":\"he mta MRC500 dispensing robotic cell is a free-standing machine cell. Our design engineers purposes-built the MRC500 for dispensing applications\",\"breadcrumb\":{\"@id\":\"https:\\\/\\\/mtarobotics.com\\\/products\\\/dosierprodukte\\\/dosierplattformen\\\/mrc500-dispensing-robotic-cell\\\/#breadcrumb\"},\"inLanguage\":\"de\",\"potentialAction\":[{\"@type\":\"ReadAction\",\"target\":[\"https:\\\/\\\/mtarobotics.com\\\/products\\\/dosierprodukte\\\/dosierplattformen\\\/mrc500-dispensing-robotic-cell\\\/\"]}]},{\"@type\":\"ImageObject\",\"inLanguage\":\"de\",\"@id\":\"https:\\\/\\\/mtarobotics.com\\\/products\\\/dosierprodukte\\\/dosierplattformen\\\/mrc500-dispensing-robotic-cell\\\/#primaryimage\",\"url\":\"https:\\\/\\\/mtarobotics.com\\\/wp-content\\\/uploads\\\/2019\\\/07\\\/mta_MRC500_dispensing_robotic_cell_08-2023.png\",\"contentUrl\":\"https:\\\/\\\/mtarobotics.com\\\/wp-content\\\/uploads\\\/2019\\\/07\\\/mta_MRC500_dispensing_robotic_cell_08-2023.png\",\"width\":800,\"height\":1183,\"caption\":\"mta robotics MRC500 dispensing robotic cell\"},{\"@type\":\"BreadcrumbList\",\"@id\":\"https:\\\/\\\/mtarobotics.com\\\/products\\\/dosierprodukte\\\/dosierplattformen\\\/mrc500-dispensing-robotic-cell\\\/#breadcrumb\",\"itemListElement\":[{\"@type\":\"ListItem\",\"position\":1,\"name\":\"Home\",\"item\":\"https:\\\/\\\/mtarobotics.com\\\/\"},{\"@type\":\"ListItem\",\"position\":2,\"name\":\"Global product range\",\"item\":\"https:\\\/\\\/mtarobotics.com\\\/products\\\/\"},{\"@type\":\"ListItem\",\"position\":3,\"name\":\"MRC500 dispensing robotic cell\"}]},{\"@type\":\"WebSite\",\"@id\":\"https:\\\/\\\/mtarobotics.com\\\/#website\",\"url\":\"https:\\\/\\\/mtarobotics.com\\\/\",\"name\":\"mta robotics\",\"description\":\"Robotics for soldering and dispensing\",\"publisher\":{\"@id\":\"https:\\\/\\\/mtarobotics.com\\\/#organization\"},\"potentialAction\":[{\"@type\":\"SearchAction\",\"target\":{\"@type\":\"EntryPoint\",\"urlTemplate\":\"https:\\\/\\\/mtarobotics.com\\\/?s={search_term_string}\"},\"query-input\":{\"@type\":\"PropertyValueSpecification\",\"valueRequired\":true,\"valueName\":\"search_term_string\"}}],\"inLanguage\":\"de\"},{\"@type\":\"Organization\",\"@id\":\"https:\\\/\\\/mtarobotics.com\\\/#organization\",\"name\":\"Mta robotics\",\"url\":\"https:\\\/\\\/mtarobotics.com\\\/\",\"logo\":{\"@type\":\"ImageObject\",\"inLanguage\":\"de\",\"@id\":\"https:\\\/\\\/mtarobotics.com\\\/#\\\/schema\\\/logo\\\/image\\\/\",\"url\":\"https:\\\/\\\/mtarobotics.com\\\/wp-content\\\/uploads\\\/2019\\\/03\\\/mta.png\",\"contentUrl\":\"https:\\\/\\\/mtarobotics.com\\\/wp-content\\\/uploads\\\/2019\\\/03\\\/mta.png\",\"width\":170,\"height\":84,\"caption\":\"Mta robotics\"},\"image\":{\"@id\":\"https:\\\/\\\/mtarobotics.com\\\/#\\\/schema\\\/logo\\\/image\\\/\"}}]}<\/script>\n<!-- \/ Yoast SEO plugin. -->","yoast_head_json":{"title":"MRC500 Dosierroboterzelle | mta robotics","description":"ie mta MRC500 Dosierroboterzelle ist eine freistehende Maschinenzelle. Unsere Konstrukteure haben die MRC500 speziell f\u00fcr Dosieranwendungen entwickelt","robots":{"index":"index","follow":"follow","max-snippet":"max-snippet:-1","max-image-preview":"max-image-preview:large","max-video-preview":"max-video-preview:-1"},"canonical":"https:\/\/mtarobotics.com\/de\/produkte\/dosierprodukte\/dosierplattformen\/dosierroboterzelle-mrc500\/","og_locale":"de_DE","og_type":"article","og_title":"MRC500 dispensing robotic cell | mta robotics","og_description":"he mta MRC500 dispensing robotic cell is a free-standing machine cell. Our design engineers purposes-built the MRC500 for dispensing applications","og_url":"https:\/\/mtarobotics.com\/de\/produkte\/dosierprodukte\/dosierplattformen\/dosierroboterzelle-mrc500\/","og_site_name":"mta robotics","article_modified_time":"2025-12-03T14:15:59+00:00","og_image":[{"width":800,"height":1183,"url":"https:\/\/mtarobotics.com\/wp-content\/uploads\/2019\/07\/mta_MRC500_dispensing_robotic_cell_08-2023.png","type":"image\/png"}],"twitter_card":"summary_large_image","twitter_misc":{"Gesch\u00e4tzte Lesezeit":"2\u00a0Minuten"},"schema":{"@context":"https:\/\/schema.org","@graph":[{"@type":"WebPage","@id":"https:\/\/mtarobotics.com\/products\/dosierprodukte\/dosierplattformen\/mrc500-dispensing-robotic-cell\/","url":"https:\/\/mtarobotics.com\/products\/dosierprodukte\/dosierplattformen\/mrc500-dispensing-robotic-cell\/","name":"MRC500 Dosierroboterzelle | mta robotics","isPartOf":{"@id":"https:\/\/mtarobotics.com\/#website"},"primaryImageOfPage":{"@id":"https:\/\/mtarobotics.com\/products\/dosierprodukte\/dosierplattformen\/mrc500-dispensing-robotic-cell\/#primaryimage"},"image":{"@id":"https:\/\/mtarobotics.com\/products\/dosierprodukte\/dosierplattformen\/mrc500-dispensing-robotic-cell\/#primaryimage"},"thumbnailUrl":"https:\/\/mtarobotics.com\/wp-content\/uploads\/2019\/07\/mta_MRC500_dispensing_robotic_cell_08-2023.png","datePublished":"2019-07-08T08:48:05+00:00","dateModified":"2025-12-03T14:15:59+00:00","description":"ie mta MRC500 Dosierroboterzelle ist eine freistehende Maschinenzelle. Unsere Konstrukteure haben die MRC500 speziell f\u00fcr Dosieranwendungen entwickelt","breadcrumb":{"@id":"https:\/\/mtarobotics.com\/products\/dosierprodukte\/dosierplattformen\/mrc500-dispensing-robotic-cell\/#breadcrumb"},"inLanguage":"de","potentialAction":[{"@type":"ReadAction","target":["https:\/\/mtarobotics.com\/products\/dosierprodukte\/dosierplattformen\/mrc500-dispensing-robotic-cell\/"]}]},{"@type":"ImageObject","inLanguage":"de","@id":"https:\/\/mtarobotics.com\/products\/dosierprodukte\/dosierplattformen\/mrc500-dispensing-robotic-cell\/#primaryimage","url":"https:\/\/mtarobotics.com\/wp-content\/uploads\/2019\/07\/mta_MRC500_dispensing_robotic_cell_08-2023.png","contentUrl":"https:\/\/mtarobotics.com\/wp-content\/uploads\/2019\/07\/mta_MRC500_dispensing_robotic_cell_08-2023.png","width":800,"height":1183,"caption":"mta robotics MRC500 dispensing robotic cell"},{"@type":"BreadcrumbList","@id":"https:\/\/mtarobotics.com\/products\/dosierprodukte\/dosierplattformen\/mrc500-dispensing-robotic-cell\/#breadcrumb","itemListElement":[{"@type":"ListItem","position":1,"name":"Home","item":"https:\/\/mtarobotics.com\/"},{"@type":"ListItem","position":2,"name":"Global product range","item":"https:\/\/mtarobotics.com\/products\/"},{"@type":"ListItem","position":3,"name":"MRC500 dispensing robotic cell"}]},{"@type":"WebSite","@id":"https:\/\/mtarobotics.com\/#website","url":"https:\/\/mtarobotics.com\/","name":"mta robotics","description":"Robotertechnik f\u00fcr L\u00f6ten und Dosieren","publisher":{"@id":"https:\/\/mtarobotics.com\/#organization"},"potentialAction":[{"@type":"SearchAction","target":{"@type":"EntryPoint","urlTemplate":"https:\/\/mtarobotics.com\/?s={search_term_string}"},"query-input":{"@type":"PropertyValueSpecification","valueRequired":true,"valueName":"search_term_string"}}],"inLanguage":"de"},{"@type":"Organization","@id":"https:\/\/mtarobotics.com\/#organization","name":"Mta-Robotik","url":"https:\/\/mtarobotics.com\/","logo":{"@type":"ImageObject","inLanguage":"de","@id":"https:\/\/mtarobotics.com\/#\/schema\/logo\/image\/","url":"https:\/\/mtarobotics.com\/wp-content\/uploads\/2019\/03\/mta.png","contentUrl":"https:\/\/mtarobotics.com\/wp-content\/uploads\/2019\/03\/mta.png","width":170,"height":84,"caption":"Mta robotics"},"image":{"@id":"https:\/\/mtarobotics.com\/#\/schema\/logo\/image\/"}}]}},"_links":{"self":[{"href":"https:\/\/mtarobotics.com\/de\/wp-json\/wp\/v2\/product\/1864","targetHints":{"allow":["GET"]}}],"collection":[{"href":"https:\/\/mtarobotics.com\/de\/wp-json\/wp\/v2\/product"}],"about":[{"href":"https:\/\/mtarobotics.com\/de\/wp-json\/wp\/v2\/types\/product"}],"wp:featuredmedia":[{"embeddable":true,"href":"https:\/\/mtarobotics.com\/de\/wp-json\/wp\/v2\/media\/24835"}],"wp:attachment":[{"href":"https:\/\/mtarobotics.com\/de\/wp-json\/wp\/v2\/media?parent=1864"}],"wp:term":[{"taxonomy":"product_brand","embeddable":true,"href":"https:\/\/mtarobotics.com\/de\/wp-json\/wp\/v2\/product_brand?post=1864"},{"taxonomy":"product_cat","embeddable":true,"href":"https:\/\/mtarobotics.com\/de\/wp-json\/wp\/v2\/product_cat?post=1864"},{"taxonomy":"product_tag","embeddable":true,"href":"https:\/\/mtarobotics.com\/de\/wp-json\/wp\/v2\/product_tag?post=1864"}],"curies":[{"name":"wp","href":"https:\/\/api.w.org\/{rel}","templated":true}]}}