{"id":1875,"date":"2019-07-08T14:22:53","date_gmt":"2019-07-08T12:22:53","guid":{"rendered":"https:\/\/mta.925.unitechnologies.com\/?post_type=product&#038;p=1875"},"modified":"2026-03-17T11:49:39","modified_gmt":"2026-03-17T10:49:39","slug":"tisch-dosierroboter-tr300","status":"publish","type":"product","link":"https:\/\/mtarobotics.com\/de\/products\/dispensing-products\/dispensing-robots\/tr300-dispensing-table-top-robot\/","title":{"rendered":"Tisch-Dosierroboter TR300"},"content":{"rendered":"<p>Die mta TR300 ist eine Tisch-Dosierroboterplattform, die f\u00fcr semi-automatisierte Anwendungen entwickelt wurde, die hochpr\u00e4zises Dosieren erfordern. Sie verarbeitet fl\u00fcssige, niedrig- bis hochviskose und gef\u00fcllte Materialien pr\u00e4zise und zuverl\u00e4ssig. Der speziell entwickelte und standardisierte Tischroboter TR300 gew\u00e4hrleistet eine konstante Leistung in anspruchsvollen Anwendungen.<\/p>\n<p>Die steigenden Anforderungen von Kunden hinsichtlich Qualit\u00e4t, Pr\u00e4zision und Wiederholgenauigkeit f\u00fchren zu einem zunehmenden Automatisierungsgrad. Wenn jedoch die Produktionsst\u00fcckzahlen klein oder die Produkte stark unterschiedlich sind, k\u00f6nnen die Kosten f\u00fcr hochentwickelte Ger\u00e4te die Automatisierung f\u00fcr viele potenzielle Anwender unerschwinglich machen. Daher kombiniert die TR300 Flexibilit\u00e4t mit den erforderlichen hohen Prozessqualit\u00e4ts- und Wiederholgenauigkeitsniveaus zu angemessenen Kosten.<\/p>\n<p>Diese Roboterplattform f\u00fcr Dosiertische ist auch ideal f\u00fcr Anwendungen, bei denen menschliche Fingerfertigkeit zum Positionieren der Teile erforderlich ist. Tats\u00e4chlich k\u00f6nnen Bediener die Teile in Offline-Vorrichtungen laden und entladen, um Ausfallzeiten der Maschine zu minimieren.<\/p>\n<p><strong>Die Hauptmerkmale unseres TR300 Dosier-Tischroboters sind: <\/strong>stabiler Aluminiumrahmen, 3-Achsen-Dosierroboter, 300x300mm Arbeitsbereich, 0,02mm Wiederholgenauigkeit, Industrie-PC-Steuerung mit Windows 11 Betriebssystem, intuitive men\u00fcgef\u00fchrte mta MotionEditor Software, Luftaufbereitung und w\u00e4hlbare 110\/230VAC Stromanschl\u00fcsse.<\/p>\n<p>Als zweckgebundene L\u00f6sung unterst\u00fctzt der TR300 nahtlos jede <a href=\"https:\/\/mtarobotics.com\/de\/produkt-kategorie\/dosierkoepfe\/\" target=\"_blank\" rel=\"noopener noreferrer\">mta-Dosierk\u00f6pfe<\/a> ohne Kompromisse. Die Spender basieren auf verschiedenen Technologien, darunter Verdr\u00e4ngerpumpen, Kolben-Zylinder-Pumpen, Jetting und Kartuschen.<\/p>\n<p>Die drei Achsen des TR300 sind vollst\u00e4ndig \u00fcber die mta MotionEditor Software programmierbar, einschlie\u00dflich Dispensierparametern wie:<\/p>\n<ul>\n<li>Abzugebendes Volumen,<\/li>\n<li>Abgabegeschwindigkeit<\/li>\n<li>Mischungsverh\u00e4ltnis<\/li>\n<li>Weitere verwandte Abgabeparameter wie unbegrenzte Punktanzahl, lineare oder zirkulare N\u00e4hte.<\/li>\n<\/ul>\n<p>Siehe auch unsere anderen <a href=\"https:\/\/mtarobotics.com\/de\/produkt-kategorie\/dosierprodukte\/dosierroboter\/\" target=\"_blank\" rel=\"noopener\">Standardplattformen<\/a>.<\/p>","protected":false},"excerpt":{"rendered":"<p>Die mta TR300 ist eine Tisch-Dosierroboterplattform, die f\u00fcr semi-automatisierte Anwendungen entwickelt wurde, die hochpr\u00e4zises Dosieren erfordern. Sie verarbeitet fl\u00fcssige, niedrig- bis hochviskose und gef\u00fcllte Materialien pr\u00e4zise und zuverl\u00e4ssig. Der speziell entwickelte und standardisierte Tischroboter TR300 gew\u00e4hrleistet eine konstante Leistung in anspruchsvollen Anwendungen.<\/p>\n<p>Die steigenden Anforderungen von Kunden hinsichtlich Qualit\u00e4t, Pr\u00e4zision und Wiederholgenauigkeit f\u00fchren zu einem zunehmenden Automatisierungsgrad. Wenn jedoch die Produktionsst\u00fcckzahlen klein oder die Produkte stark unterschiedlich sind, k\u00f6nnen die Kosten f\u00fcr hochentwickelte Ger\u00e4te die Automatisierung f\u00fcr viele potenzielle Anwender unerschwinglich machen. Daher kombiniert die TR300 Flexibilit\u00e4t mit den erforderlichen hohen Prozessqualit\u00e4ts- und Wiederholgenauigkeitsniveaus zu angemessenen Kosten.<\/p>\n<p>Diese Roboterplattform f\u00fcr Dosiertische ist auch ideal f\u00fcr Anwendungen, bei denen menschliche Fingerfertigkeit zum Positionieren der Teile erforderlich ist. Tats\u00e4chlich k\u00f6nnen Bediener die Teile in Offline-Vorrichtungen laden und entladen, um Ausfallzeiten der Maschine zu minimieren.<\/p>\n<p><strong>Die Hauptmerkmale unseres TR300 Dosier-Tischroboters sind: <\/strong>stabiler Aluminiumrahmen, 3-Achsen-Dispenser-Roboter, 300x300mm Arbeitsbereich, 0,02mm Wiederholgenauigkeit, Industrie-PC-Steuerung mit Windows 10 Betriebssystem, intuitive men\u00fcgef\u00fchrte mta MotionEditor Software, Luftaufbereitung und w\u00e4hlbare 110\/220VAC Stromanschl\u00fcsse.<\/p>\n<p>Als zweckgebundene L\u00f6sung unterst\u00fctzt der TR300 nahtlos jede <a href=\"https:\/\/mtarobotics.com\/de\/produkt-kategorie\/dosierkoepfe\/\" target=\"_blank\" rel=\"noopener noreferrer\">mta-Dosierk\u00f6pfe<\/a> ohne Kompromisse. Die Spender basieren auf verschiedenen Technologien, darunter Verdr\u00e4ngerpumpen, Kolben-Zylinder-Pumpen, Jetting und Kartuschen.<\/p>\n<p>Die drei Achsen des TR300 sind vollst\u00e4ndig \u00fcber die mta MotionEditor Software programmierbar, einschlie\u00dflich Dispensierparametern wie:<\/p>\n<ul>\n<li>Abzugebendes Volumen,<\/li>\n<li>Abgabegeschwindigkeit<\/li>\n<li>Mischungsverh\u00e4ltnis<\/li>\n<li>Weitere verwandte Abgabeparameter wie unbegrenzte Punktanzahl, lineare oder zirkulare N\u00e4hte.<\/li>\n<\/ul>\n<p>Siehe auch unsere anderen <a href=\"https:\/\/mtarobotics.com\/de\/produkt-kategorie\/mta-dispensing-products\/dispensing-platforms\/\" target=\"_blank\" rel=\"noopener\">Standardplattformen<\/a>.<\/p>","protected":false},"featured_media":1881,"template":"","meta":{"_acf_changed":false},"product_brand":[],"product_cat":[31,114],"product_tag":[],"class_list":{"0":"post-1875","1":"product","2":"type-product","3":"status-publish","4":"has-post-thumbnail","6":"product_cat-dispensing-products","7":"product_cat-dispensing-robots","9":"first","10":"instock","11":"downloadable","12":"taxable","13":"shipping-taxable","14":"product-type-simple"},"acf":{"additionnal_product_infos":false,"infos_steps":"Minimum order quantity: 10.<br>\r\nDiscount available for higher volumes","contact_button":false,"promo_badge":false,"promo_badge_on_list":false,"text_promo_bage":"","couleur_promo_badge":"#038001"},"yoast_head":"<!-- This site is optimized with the Yoast SEO plugin v27.4 - https:\/\/yoast.com\/product\/yoast-seo-wordpress\/ -->\n<title>Dispensing platforms - mta TR300 dispensing table-top robot<\/title>\n<meta name=\"description\" content=\"The mta TR300 is a table-top dispensing robot platform designed for semi-automated operations requiring high-precision dispensing.\" \/>\n<meta name=\"robots\" content=\"index, follow, max-snippet:-1, max-image-preview:large, max-video-preview:-1\" \/>\n<link rel=\"canonical\" href=\"https:\/\/mtarobotics.com\/de\/produkte\/dosierprodukte\/dosierroboter\/tisch-dosierroboter-tr300\/\" \/>\n<meta property=\"og:locale\" content=\"de_DE\" \/>\n<meta property=\"og:type\" content=\"article\" \/>\n<meta property=\"og:title\" content=\"Dispensing platforms - mta TR300 dispensing table-top robot\" \/>\n<meta property=\"og:description\" content=\"The mta TR300 is a table-top dispensing robot platform designed for semi-automated operations requiring high-precision dispensing.\" \/>\n<meta property=\"og:url\" content=\"https:\/\/mtarobotics.com\/de\/produkte\/dosierprodukte\/dosierroboter\/tisch-dosierroboter-tr300\/\" \/>\n<meta property=\"og:site_name\" content=\"mta robotics\" \/>\n<meta property=\"article:modified_time\" content=\"2026-03-17T10:49:39+00:00\" \/>\n<meta property=\"og:image\" content=\"https:\/\/mtarobotics.com\/wp-content\/uploads\/2021\/02\/mta_tr300_dispensing_tabletop_robot.png\" \/>\n\t<meta property=\"og:image:width\" content=\"1750\" \/>\n\t<meta property=\"og:image:height\" content=\"1631\" \/>\n\t<meta property=\"og:image:type\" content=\"image\/png\" \/>\n<meta name=\"twitter:card\" content=\"summary_large_image\" \/>\n<meta name=\"twitter:label1\" content=\"Gesch\u00e4tzte Lesezeit\" \/>\n\t<meta name=\"twitter:data1\" content=\"2\u00a0Minuten\" \/>\n<script type=\"application\/ld+json\" class=\"yoast-schema-graph\">{\"@context\":\"https:\\\/\\\/schema.org\",\"@graph\":[{\"@type\":\"WebPage\",\"@id\":\"https:\\\/\\\/mtarobotics.com\\\/products\\\/dispensing-products\\\/dispensing-robots\\\/tr300-dispensing-table-top-robot\\\/\",\"url\":\"https:\\\/\\\/mtarobotics.com\\\/products\\\/dispensing-products\\\/dispensing-robots\\\/tr300-dispensing-table-top-robot\\\/\",\"name\":\"Dispensing platforms - mta TR300 dispensing table-top robot\",\"isPartOf\":{\"@id\":\"https:\\\/\\\/mtarobotics.com\\\/#website\"},\"primaryImageOfPage\":{\"@id\":\"https:\\\/\\\/mtarobotics.com\\\/products\\\/dispensing-products\\\/dispensing-robots\\\/tr300-dispensing-table-top-robot\\\/#primaryimage\"},\"image\":{\"@id\":\"https:\\\/\\\/mtarobotics.com\\\/products\\\/dispensing-products\\\/dispensing-robots\\\/tr300-dispensing-table-top-robot\\\/#primaryimage\"},\"thumbnailUrl\":\"https:\\\/\\\/mtarobotics.com\\\/wp-content\\\/uploads\\\/2021\\\/02\\\/mta_tr300_dispensing_tabletop_robot.png\",\"datePublished\":\"2019-07-08T12:22:53+00:00\",\"dateModified\":\"2026-03-17T10:49:39+00:00\",\"description\":\"The mta TR300 is a table-top dispensing robot platform designed for semi-automated operations requiring high-precision dispensing.\",\"breadcrumb\":{\"@id\":\"https:\\\/\\\/mtarobotics.com\\\/products\\\/dispensing-products\\\/dispensing-robots\\\/tr300-dispensing-table-top-robot\\\/#breadcrumb\"},\"inLanguage\":\"de\",\"potentialAction\":[{\"@type\":\"ReadAction\",\"target\":[\"https:\\\/\\\/mtarobotics.com\\\/products\\\/dispensing-products\\\/dispensing-robots\\\/tr300-dispensing-table-top-robot\\\/\"]}]},{\"@type\":\"ImageObject\",\"inLanguage\":\"de\",\"@id\":\"https:\\\/\\\/mtarobotics.com\\\/products\\\/dispensing-products\\\/dispensing-robots\\\/tr300-dispensing-table-top-robot\\\/#primaryimage\",\"url\":\"https:\\\/\\\/mtarobotics.com\\\/wp-content\\\/uploads\\\/2021\\\/02\\\/mta_tr300_dispensing_tabletop_robot.png\",\"contentUrl\":\"https:\\\/\\\/mtarobotics.com\\\/wp-content\\\/uploads\\\/2021\\\/02\\\/mta_tr300_dispensing_tabletop_robot.png\",\"width\":1750,\"height\":1631,\"caption\":\"haut\"},{\"@type\":\"BreadcrumbList\",\"@id\":\"https:\\\/\\\/mtarobotics.com\\\/products\\\/dispensing-products\\\/dispensing-robots\\\/tr300-dispensing-table-top-robot\\\/#breadcrumb\",\"itemListElement\":[{\"@type\":\"ListItem\",\"position\":1,\"name\":\"Home\",\"item\":\"https:\\\/\\\/mtarobotics.com\\\/\"},{\"@type\":\"ListItem\",\"position\":2,\"name\":\"Global product range\",\"item\":\"https:\\\/\\\/mtarobotics.com\\\/products\\\/\"},{\"@type\":\"ListItem\",\"position\":3,\"name\":\"TR300 dispensing table-top robot\"}]},{\"@type\":\"WebSite\",\"@id\":\"https:\\\/\\\/mtarobotics.com\\\/#website\",\"url\":\"https:\\\/\\\/mtarobotics.com\\\/\",\"name\":\"mta robotics\",\"description\":\"Robotics for soldering and dispensing\",\"publisher\":{\"@id\":\"https:\\\/\\\/mtarobotics.com\\\/#organization\"},\"potentialAction\":[{\"@type\":\"SearchAction\",\"target\":{\"@type\":\"EntryPoint\",\"urlTemplate\":\"https:\\\/\\\/mtarobotics.com\\\/?s={search_term_string}\"},\"query-input\":{\"@type\":\"PropertyValueSpecification\",\"valueRequired\":true,\"valueName\":\"search_term_string\"}}],\"inLanguage\":\"de\"},{\"@type\":\"Organization\",\"@id\":\"https:\\\/\\\/mtarobotics.com\\\/#organization\",\"name\":\"Mta robotics\",\"url\":\"https:\\\/\\\/mtarobotics.com\\\/\",\"logo\":{\"@type\":\"ImageObject\",\"inLanguage\":\"de\",\"@id\":\"https:\\\/\\\/mtarobotics.com\\\/#\\\/schema\\\/logo\\\/image\\\/\",\"url\":\"https:\\\/\\\/mtarobotics.com\\\/wp-content\\\/uploads\\\/2019\\\/03\\\/mta.png\",\"contentUrl\":\"https:\\\/\\\/mtarobotics.com\\\/wp-content\\\/uploads\\\/2019\\\/03\\\/mta.png\",\"width\":170,\"height\":84,\"caption\":\"Mta robotics\"},\"image\":{\"@id\":\"https:\\\/\\\/mtarobotics.com\\\/#\\\/schema\\\/logo\\\/image\\\/\"}}]}<\/script>\n<!-- \/ Yoast SEO plugin. -->","yoast_head_json":{"title":"Dosierplattformen - MTA TR300 Tischdosierroboter","description":"Der mta TR300 ist eine Tisch-Spenderroboterplattform, die f\u00fcr teilautomatisierte Anwendungen entwickelt wurde, die eine hochpr\u00e4zise Dosierung erfordern.","robots":{"index":"index","follow":"follow","max-snippet":"max-snippet:-1","max-image-preview":"max-image-preview:large","max-video-preview":"max-video-preview:-1"},"canonical":"https:\/\/mtarobotics.com\/de\/produkte\/dosierprodukte\/dosierroboter\/tisch-dosierroboter-tr300\/","og_locale":"de_DE","og_type":"article","og_title":"Dispensing platforms - mta TR300 dispensing table-top robot","og_description":"The mta TR300 is a table-top dispensing robot platform designed for semi-automated operations requiring high-precision dispensing.","og_url":"https:\/\/mtarobotics.com\/de\/produkte\/dosierprodukte\/dosierroboter\/tisch-dosierroboter-tr300\/","og_site_name":"mta robotics","article_modified_time":"2026-03-17T10:49:39+00:00","og_image":[{"width":1750,"height":1631,"url":"https:\/\/mtarobotics.com\/wp-content\/uploads\/2021\/02\/mta_tr300_dispensing_tabletop_robot.png","type":"image\/png"}],"twitter_card":"summary_large_image","twitter_misc":{"Gesch\u00e4tzte Lesezeit":"2\u00a0Minuten"},"schema":{"@context":"https:\/\/schema.org","@graph":[{"@type":"WebPage","@id":"https:\/\/mtarobotics.com\/products\/dispensing-products\/dispensing-robots\/tr300-dispensing-table-top-robot\/","url":"https:\/\/mtarobotics.com\/products\/dispensing-products\/dispensing-robots\/tr300-dispensing-table-top-robot\/","name":"Dosierplattformen - MTA TR300 Tischdosierroboter","isPartOf":{"@id":"https:\/\/mtarobotics.com\/#website"},"primaryImageOfPage":{"@id":"https:\/\/mtarobotics.com\/products\/dispensing-products\/dispensing-robots\/tr300-dispensing-table-top-robot\/#primaryimage"},"image":{"@id":"https:\/\/mtarobotics.com\/products\/dispensing-products\/dispensing-robots\/tr300-dispensing-table-top-robot\/#primaryimage"},"thumbnailUrl":"https:\/\/mtarobotics.com\/wp-content\/uploads\/2021\/02\/mta_tr300_dispensing_tabletop_robot.png","datePublished":"2019-07-08T12:22:53+00:00","dateModified":"2026-03-17T10:49:39+00:00","description":"Der mta TR300 ist eine Tisch-Spenderroboterplattform, die f\u00fcr teilautomatisierte Anwendungen entwickelt wurde, die eine hochpr\u00e4zise Dosierung erfordern.","breadcrumb":{"@id":"https:\/\/mtarobotics.com\/products\/dispensing-products\/dispensing-robots\/tr300-dispensing-table-top-robot\/#breadcrumb"},"inLanguage":"de","potentialAction":[{"@type":"ReadAction","target":["https:\/\/mtarobotics.com\/products\/dispensing-products\/dispensing-robots\/tr300-dispensing-table-top-robot\/"]}]},{"@type":"ImageObject","inLanguage":"de","@id":"https:\/\/mtarobotics.com\/products\/dispensing-products\/dispensing-robots\/tr300-dispensing-table-top-robot\/#primaryimage","url":"https:\/\/mtarobotics.com\/wp-content\/uploads\/2021\/02\/mta_tr300_dispensing_tabletop_robot.png","contentUrl":"https:\/\/mtarobotics.com\/wp-content\/uploads\/2021\/02\/mta_tr300_dispensing_tabletop_robot.png","width":1750,"height":1631,"caption":"haut"},{"@type":"BreadcrumbList","@id":"https:\/\/mtarobotics.com\/products\/dispensing-products\/dispensing-robots\/tr300-dispensing-table-top-robot\/#breadcrumb","itemListElement":[{"@type":"ListItem","position":1,"name":"Home","item":"https:\/\/mtarobotics.com\/"},{"@type":"ListItem","position":2,"name":"Global product range","item":"https:\/\/mtarobotics.com\/products\/"},{"@type":"ListItem","position":3,"name":"TR300 dispensing table-top robot"}]},{"@type":"WebSite","@id":"https:\/\/mtarobotics.com\/#website","url":"https:\/\/mtarobotics.com\/","name":"mta robotics","description":"Robotertechnik f\u00fcr L\u00f6ten und Dosieren","publisher":{"@id":"https:\/\/mtarobotics.com\/#organization"},"potentialAction":[{"@type":"SearchAction","target":{"@type":"EntryPoint","urlTemplate":"https:\/\/mtarobotics.com\/?s={search_term_string}"},"query-input":{"@type":"PropertyValueSpecification","valueRequired":true,"valueName":"search_term_string"}}],"inLanguage":"de"},{"@type":"Organization","@id":"https:\/\/mtarobotics.com\/#organization","name":"Mta-Robotik","url":"https:\/\/mtarobotics.com\/","logo":{"@type":"ImageObject","inLanguage":"de","@id":"https:\/\/mtarobotics.com\/#\/schema\/logo\/image\/","url":"https:\/\/mtarobotics.com\/wp-content\/uploads\/2019\/03\/mta.png","contentUrl":"https:\/\/mtarobotics.com\/wp-content\/uploads\/2019\/03\/mta.png","width":170,"height":84,"caption":"Mta robotics"},"image":{"@id":"https:\/\/mtarobotics.com\/#\/schema\/logo\/image\/"}}]}},"_links":{"self":[{"href":"https:\/\/mtarobotics.com\/de\/wp-json\/wp\/v2\/product\/1875","targetHints":{"allow":["GET"]}}],"collection":[{"href":"https:\/\/mtarobotics.com\/de\/wp-json\/wp\/v2\/product"}],"about":[{"href":"https:\/\/mtarobotics.com\/de\/wp-json\/wp\/v2\/types\/product"}],"wp:featuredmedia":[{"embeddable":true,"href":"https:\/\/mtarobotics.com\/de\/wp-json\/wp\/v2\/media\/1881"}],"wp:attachment":[{"href":"https:\/\/mtarobotics.com\/de\/wp-json\/wp\/v2\/media?parent=1875"}],"wp:term":[{"taxonomy":"product_brand","embeddable":true,"href":"https:\/\/mtarobotics.com\/de\/wp-json\/wp\/v2\/product_brand?post=1875"},{"taxonomy":"product_cat","embeddable":true,"href":"https:\/\/mtarobotics.com\/de\/wp-json\/wp\/v2\/product_cat?post=1875"},{"taxonomy":"product_tag","embeddable":true,"href":"https:\/\/mtarobotics.com\/de\/wp-json\/wp\/v2\/product_tag?post=1875"}],"curies":[{"name":"wp","href":"https:\/\/api.w.org\/{rel}","templated":true}]}}