{"id":1885,"date":"2019-07-08T15:08:35","date_gmt":"2019-07-08T13:08:35","guid":{"rendered":"https:\/\/mta.925.unitechnologies.com\/?post_type=product&#038;p=1885"},"modified":"2025-12-03T15:16:42","modified_gmt":"2025-12-03T14:16:42","slug":"oem-dosierroboter-fuer-integratoren","status":"publish","type":"product","link":"https:\/\/mtarobotics.com\/de\/products\/dispensing-products\/dispensing-robots\/oem-dispensing-robot-for-integrator\/","title":{"rendered":"OEM-Dosierroboter f\u00fcr Integratoren"},"content":{"rendered":"<p>Der mta OEM-Dosierroboter f\u00fcr Integrator ist f\u00fcr halb- oder vollautomatische volumetrische und kontaktlose Dosiervorg\u00e4nge konzipiert.<\/p>\n<p>Dank seines einzigartigen Konzepts verf\u00fcgt es \u00fcber eine Prozessgarantie und wird direkt an den Anlagenhersteller geliefert.<\/p>\n<p>Der Roboter ist kompatibel mit allen <a href=\"https:\/\/mtarobotics.com\/de\/produkt-kategorie\/dosierkoepfe\/\" target=\"_blank\" rel=\"noopener noreferrer\">mta-Dosierk\u00f6pfe:<\/a>CFD kontinuierlicher Fluss 1K-Dispenser, CBD kontinuierlicher Fluss 2K-Dispenser, PDos X1 Jet-Mikrodosierventil, NVD volumetrischer 1K-Dispenser, NBD volumetrischer 2K-Dispenser, mini-NVD volumetrischer 1K-Dispenser, mini-NBD volumetrischer 2K-Dispenser und CD 1K-Kartuschendispenser.<\/p>\n<p>Die 3 Achsen des OEM-Roboters sind \u00fcber die mta MotionEditor-Software vollst\u00e4ndig programmierbar, einschlie\u00dflich der Dosierparameter wie z. B.:<\/p>\n<p>- Abzugebende Menge<br \/>\n- Dosiergeschwindigkeit<br \/>\n- Mischungsverh\u00e4ltnis<br \/>\n- Andere Dosierparameter, z.B. unbegrenzte Anzahl von Punkten, linearen oder runden Perlen<\/p>\n<p>Dar\u00fcber hinaus erm\u00f6glicht das flexible, modulare Design eine nahtlose Integration in automatisierte Produktionslinien.<\/p>\n<h3>4 Gr\u00fcnde, sich f\u00fcr den mta OEM-Dosierroboter zu entscheiden<\/h3>\n<ol class=\"ol1\">\n<li><span class=\"black\">Die X-, Y- und Z-Achsen verwenden Kugelumlaufspindeln f\u00fcr eine pr\u00e4zise Bet\u00e4tigung mit einer Wiederholgenauigkeit von \u00b120 \u03bcm. Dies gew\u00e4hrleistet die Genauigkeit des Prozesses und eine gleichbleibende Qualit\u00e4t.<\/span><\/li>\n<li><span class=\"black\">Richtig konstruierte K\u00f6pfe sind ziemlich schwer, daher verwenden wir gro\u00dfe DC-Schrittmotoren.  Sie bieten die n\u00f6tige Kraft, um den Kopf schnell zu bet\u00e4tigen.<\/span><\/li>\n<li><span class=\"black\">Die OEM-Plattform bietet eine hohe Flexibilit\u00e4t in Bezug auf die mechanische und elektrische Integration, d.h. sie kann einfach und sicher in die Maschine des Kunden integriert werden.<\/span><\/li>\n<li>Intuitive men\u00fcgesteuerte mta MotionEditor Software.<\/li>\n<\/ol>","protected":false},"excerpt":{"rendered":"<p>Der mta OEM-Dosierroboter f\u00fcr Integrator ist f\u00fcr halb- oder vollautomatische volumetrische und kontaktlose Dosiervorg\u00e4nge konzipiert.<\/p>\n<p>Dank seines einzigartigen Konzepts verf\u00fcgt es \u00fcber eine Prozessgarantie und wird direkt an den Anlagenhersteller geliefert.<\/p>\n<p>Der Roboter ist kompatibel mit allen <a href=\"https:\/\/mtarobotics.com\/de\/produkt-kategorie\/dosierkoepfe\/\" target=\"_blank\" rel=\"noopener noreferrer\">mta-Dosierk\u00f6pfe:<\/a>CFD kontinuierlicher Fluss 1K-Dispenser, CBD kontinuierlicher Fluss 2K-Dispenser, PDos X1 Jet-Mikrodosierventil, NVD volumetrischer 1K-Dispenser, NBD volumetrischer 2K-Dispenser, mini-NVD volumetrischer 1K-Dispenser, mini-NBD volumetrischer 2K-Dispenser und CD 1K-Kartuschendispenser.<\/p>\n<p>Die 3 Achsen des OEM-Roboters sind \u00fcber die mta MotionEditor-Software vollst\u00e4ndig programmierbar, einschlie\u00dflich der Dosierparameter wie z. B.:<\/p>\n<p>- Abzugebende Menge<br \/>\n- Dosiergeschwindigkeit<br \/>\n- Mischungsverh\u00e4ltnis<br \/>\n- Andere Dosierparameter, z.B. unbegrenzte Anzahl von Punkten, linearen oder runden Perlen<\/p>\n<p>Dar\u00fcber hinaus erm\u00f6glicht das flexible, modulare Design eine nahtlose Integration in automatisierte Produktionslinien.<\/p>\n<h3>4 Gr\u00fcnde, sich f\u00fcr den mta OEM-Dosierroboter zu entscheiden<\/h3>\n<ol class=\"ol1\">\n<li><span class=\"black\">Die X-, Y- und Z-Achsen verwenden Kugelumlaufspindeln f\u00fcr eine pr\u00e4zise Bet\u00e4tigung mit einer Wiederholgenauigkeit von \u00b120 \u03bcm. Dies gew\u00e4hrleistet die Genauigkeit des Prozesses und eine gleichbleibende Qualit\u00e4t.<\/span><\/li>\n<li><span class=\"black\">Richtig konstruierte K\u00f6pfe sind ziemlich schwer, daher verwenden wir gro\u00dfe DC-Schrittmotoren.  Sie bieten die n\u00f6tige Kraft, um den Kopf schnell zu bet\u00e4tigen.<\/span><\/li>\n<li><span class=\"black\">Die OEM-Plattform bietet eine hohe Flexibilit\u00e4t in Bezug auf die mechanische und elektrische Integration, d.h. sie kann einfach und sicher in die Maschine des Kunden integriert werden.<\/span><\/li>\n<li>Intuitive men\u00fcgesteuerte mta MotionEditor Software.<\/li>\n<\/ol>","protected":false},"featured_media":1893,"template":"","meta":{"_acf_changed":false},"product_brand":[],"product_cat":[31,114],"product_tag":[],"class_list":{"0":"post-1885","1":"product","2":"type-product","3":"status-publish","4":"has-post-thumbnail","6":"product_cat-dispensing-products","7":"product_cat-dispensing-robots","9":"first","10":"instock","11":"downloadable","12":"taxable","13":"shipping-taxable","14":"product-type-simple"},"acf":{"additionnal_product_infos":false,"infos_steps":"Minimum order quantity: 10.<br>\r\nDiscount available for higher volumes","contact_button":false,"promo_badge":false,"promo_badge_on_list":false,"text_promo_bage":"","couleur_promo_badge":"#038001"},"yoast_head":"<!-- This site is optimized with the Yoast SEO plugin v27.4 - https:\/\/yoast.com\/product\/yoast-seo-wordpress\/ -->\n<title>OEM dispensing robot for integrator | mta robotics<\/title>\n<meta name=\"description\" content=\"The mta OEM dispensing robot for integrator is designed for handling semi or fully automatic volumetric and contactless dipsensing operations.\" \/>\n<meta name=\"robots\" content=\"index, follow, max-snippet:-1, max-image-preview:large, max-video-preview:-1\" \/>\n<link rel=\"canonical\" href=\"https:\/\/mtarobotics.com\/de\/produkte\/dosierprodukte\/dosierplattformen\/oem-dosierroboter-fuer-integratoren\/\" \/>\n<meta property=\"og:locale\" content=\"de_DE\" \/>\n<meta property=\"og:type\" content=\"article\" \/>\n<meta property=\"og:title\" content=\"OEM dispensing robot for integrator | mta robotics\" \/>\n<meta property=\"og:description\" content=\"The mta OEM dispensing robot for integrator is designed for handling semi or fully automatic volumetric and contactless dipsensing operations.\" \/>\n<meta property=\"og:url\" content=\"https:\/\/mtarobotics.com\/de\/produkte\/dosierprodukte\/dosierplattformen\/oem-dosierroboter-fuer-integratoren\/\" \/>\n<meta property=\"og:site_name\" content=\"mta robotics\" \/>\n<meta property=\"article:modified_time\" content=\"2025-12-03T14:16:42+00:00\" \/>\n<meta property=\"og:image\" content=\"https:\/\/mtarobotics.com\/wp-content\/uploads\/2019\/07\/Unitechnologies_mta_OEM_dispensing_robot-957x1024.png\" \/>\n\t<meta property=\"og:image:width\" content=\"957\" \/>\n\t<meta property=\"og:image:height\" content=\"1024\" \/>\n\t<meta property=\"og:image:type\" content=\"image\/png\" \/>\n<meta name=\"twitter:card\" content=\"summary_large_image\" \/>\n<meta name=\"twitter:label1\" content=\"Gesch\u00e4tzte Lesezeit\" \/>\n\t<meta name=\"twitter:data1\" content=\"2\u00a0Minuten\" \/>\n<script type=\"application\/ld+json\" class=\"yoast-schema-graph\">{\"@context\":\"https:\\\/\\\/schema.org\",\"@graph\":[{\"@type\":\"WebPage\",\"@id\":\"https:\\\/\\\/mtarobotics.com\\\/products\\\/dosierprodukte\\\/dosierplattformen\\\/oem-dispensing-robot-for-integrator\\\/\",\"url\":\"https:\\\/\\\/mtarobotics.com\\\/products\\\/dosierprodukte\\\/dosierplattformen\\\/oem-dispensing-robot-for-integrator\\\/\",\"name\":\"OEM dispensing robot for integrator | mta robotics\",\"isPartOf\":{\"@id\":\"https:\\\/\\\/mtarobotics.com\\\/#website\"},\"primaryImageOfPage\":{\"@id\":\"https:\\\/\\\/mtarobotics.com\\\/products\\\/dosierprodukte\\\/dosierplattformen\\\/oem-dispensing-robot-for-integrator\\\/#primaryimage\"},\"image\":{\"@id\":\"https:\\\/\\\/mtarobotics.com\\\/products\\\/dosierprodukte\\\/dosierplattformen\\\/oem-dispensing-robot-for-integrator\\\/#primaryimage\"},\"thumbnailUrl\":\"https:\\\/\\\/mtarobotics.com\\\/wp-content\\\/uploads\\\/2019\\\/07\\\/Unitechnologies_mta_OEM_dispensing_robot.png\",\"datePublished\":\"2019-07-08T13:08:35+00:00\",\"dateModified\":\"2025-12-03T14:16:42+00:00\",\"description\":\"The mta OEM dispensing robot for integrator is designed for handling semi or fully automatic volumetric and contactless dipsensing operations.\",\"breadcrumb\":{\"@id\":\"https:\\\/\\\/mtarobotics.com\\\/products\\\/dosierprodukte\\\/dosierplattformen\\\/oem-dispensing-robot-for-integrator\\\/#breadcrumb\"},\"inLanguage\":\"de\",\"potentialAction\":[{\"@type\":\"ReadAction\",\"target\":[\"https:\\\/\\\/mtarobotics.com\\\/products\\\/dosierprodukte\\\/dosierplattformen\\\/oem-dispensing-robot-for-integrator\\\/\"]}]},{\"@type\":\"ImageObject\",\"inLanguage\":\"de\",\"@id\":\"https:\\\/\\\/mtarobotics.com\\\/products\\\/dosierprodukte\\\/dosierplattformen\\\/oem-dispensing-robot-for-integrator\\\/#primaryimage\",\"url\":\"https:\\\/\\\/mtarobotics.com\\\/wp-content\\\/uploads\\\/2019\\\/07\\\/Unitechnologies_mta_OEM_dispensing_robot.png\",\"contentUrl\":\"https:\\\/\\\/mtarobotics.com\\\/wp-content\\\/uploads\\\/2019\\\/07\\\/Unitechnologies_mta_OEM_dispensing_robot.png\",\"width\":1775,\"height\":1900,\"caption\":\"haut\"},{\"@type\":\"BreadcrumbList\",\"@id\":\"https:\\\/\\\/mtarobotics.com\\\/products\\\/dosierprodukte\\\/dosierplattformen\\\/oem-dispensing-robot-for-integrator\\\/#breadcrumb\",\"itemListElement\":[{\"@type\":\"ListItem\",\"position\":1,\"name\":\"Home\",\"item\":\"https:\\\/\\\/mtarobotics.com\\\/\"},{\"@type\":\"ListItem\",\"position\":2,\"name\":\"Global product range\",\"item\":\"https:\\\/\\\/mtarobotics.com\\\/products\\\/\"},{\"@type\":\"ListItem\",\"position\":3,\"name\":\"OEM dispensing robot for integrator\"}]},{\"@type\":\"WebSite\",\"@id\":\"https:\\\/\\\/mtarobotics.com\\\/#website\",\"url\":\"https:\\\/\\\/mtarobotics.com\\\/\",\"name\":\"mta robotics\",\"description\":\"Robotics for soldering and dispensing\",\"publisher\":{\"@id\":\"https:\\\/\\\/mtarobotics.com\\\/#organization\"},\"potentialAction\":[{\"@type\":\"SearchAction\",\"target\":{\"@type\":\"EntryPoint\",\"urlTemplate\":\"https:\\\/\\\/mtarobotics.com\\\/?s={search_term_string}\"},\"query-input\":{\"@type\":\"PropertyValueSpecification\",\"valueRequired\":true,\"valueName\":\"search_term_string\"}}],\"inLanguage\":\"de\"},{\"@type\":\"Organization\",\"@id\":\"https:\\\/\\\/mtarobotics.com\\\/#organization\",\"name\":\"Mta robotics\",\"url\":\"https:\\\/\\\/mtarobotics.com\\\/\",\"logo\":{\"@type\":\"ImageObject\",\"inLanguage\":\"de\",\"@id\":\"https:\\\/\\\/mtarobotics.com\\\/#\\\/schema\\\/logo\\\/image\\\/\",\"url\":\"https:\\\/\\\/mtarobotics.com\\\/wp-content\\\/uploads\\\/2019\\\/03\\\/mta.png\",\"contentUrl\":\"https:\\\/\\\/mtarobotics.com\\\/wp-content\\\/uploads\\\/2019\\\/03\\\/mta.png\",\"width\":170,\"height\":84,\"caption\":\"Mta robotics\"},\"image\":{\"@id\":\"https:\\\/\\\/mtarobotics.com\\\/#\\\/schema\\\/logo\\\/image\\\/\"}}]}<\/script>\n<!-- \/ Yoast SEO plugin. -->","yoast_head_json":{"title":"OEM-Dosierroboter f\u00fcr Integrator | mta robotics","description":"Der mta OEM-Dosierroboter f\u00fcr Integrator ist f\u00fcr halb- oder vollautomatische volumetrische und kontaktlose Dosiervorg\u00e4nge konzipiert.","robots":{"index":"index","follow":"follow","max-snippet":"max-snippet:-1","max-image-preview":"max-image-preview:large","max-video-preview":"max-video-preview:-1"},"canonical":"https:\/\/mtarobotics.com\/de\/produkte\/dosierprodukte\/dosierplattformen\/oem-dosierroboter-fuer-integratoren\/","og_locale":"de_DE","og_type":"article","og_title":"OEM dispensing robot for integrator | mta robotics","og_description":"The mta OEM dispensing robot for integrator is designed for handling semi or fully automatic volumetric and contactless dipsensing operations.","og_url":"https:\/\/mtarobotics.com\/de\/produkte\/dosierprodukte\/dosierplattformen\/oem-dosierroboter-fuer-integratoren\/","og_site_name":"mta robotics","article_modified_time":"2025-12-03T14:16:42+00:00","og_image":[{"width":957,"height":1024,"url":"https:\/\/mtarobotics.com\/wp-content\/uploads\/2019\/07\/Unitechnologies_mta_OEM_dispensing_robot-957x1024.png","type":"image\/png"}],"twitter_card":"summary_large_image","twitter_misc":{"Gesch\u00e4tzte Lesezeit":"2\u00a0Minuten"},"schema":{"@context":"https:\/\/schema.org","@graph":[{"@type":"WebPage","@id":"https:\/\/mtarobotics.com\/products\/dosierprodukte\/dosierplattformen\/oem-dispensing-robot-for-integrator\/","url":"https:\/\/mtarobotics.com\/products\/dosierprodukte\/dosierplattformen\/oem-dispensing-robot-for-integrator\/","name":"OEM-Dosierroboter f\u00fcr Integrator | mta robotics","isPartOf":{"@id":"https:\/\/mtarobotics.com\/#website"},"primaryImageOfPage":{"@id":"https:\/\/mtarobotics.com\/products\/dosierprodukte\/dosierplattformen\/oem-dispensing-robot-for-integrator\/#primaryimage"},"image":{"@id":"https:\/\/mtarobotics.com\/products\/dosierprodukte\/dosierplattformen\/oem-dispensing-robot-for-integrator\/#primaryimage"},"thumbnailUrl":"https:\/\/mtarobotics.com\/wp-content\/uploads\/2019\/07\/Unitechnologies_mta_OEM_dispensing_robot.png","datePublished":"2019-07-08T13:08:35+00:00","dateModified":"2025-12-03T14:16:42+00:00","description":"Der mta OEM-Dosierroboter f\u00fcr Integrator ist f\u00fcr halb- oder vollautomatische volumetrische und kontaktlose Dosiervorg\u00e4nge konzipiert.","breadcrumb":{"@id":"https:\/\/mtarobotics.com\/products\/dosierprodukte\/dosierplattformen\/oem-dispensing-robot-for-integrator\/#breadcrumb"},"inLanguage":"de","potentialAction":[{"@type":"ReadAction","target":["https:\/\/mtarobotics.com\/products\/dosierprodukte\/dosierplattformen\/oem-dispensing-robot-for-integrator\/"]}]},{"@type":"ImageObject","inLanguage":"de","@id":"https:\/\/mtarobotics.com\/products\/dosierprodukte\/dosierplattformen\/oem-dispensing-robot-for-integrator\/#primaryimage","url":"https:\/\/mtarobotics.com\/wp-content\/uploads\/2019\/07\/Unitechnologies_mta_OEM_dispensing_robot.png","contentUrl":"https:\/\/mtarobotics.com\/wp-content\/uploads\/2019\/07\/Unitechnologies_mta_OEM_dispensing_robot.png","width":1775,"height":1900,"caption":"haut"},{"@type":"BreadcrumbList","@id":"https:\/\/mtarobotics.com\/products\/dosierprodukte\/dosierplattformen\/oem-dispensing-robot-for-integrator\/#breadcrumb","itemListElement":[{"@type":"ListItem","position":1,"name":"Home","item":"https:\/\/mtarobotics.com\/"},{"@type":"ListItem","position":2,"name":"Global product range","item":"https:\/\/mtarobotics.com\/products\/"},{"@type":"ListItem","position":3,"name":"OEM dispensing robot for integrator"}]},{"@type":"WebSite","@id":"https:\/\/mtarobotics.com\/#website","url":"https:\/\/mtarobotics.com\/","name":"mta robotics","description":"Robotertechnik f\u00fcr L\u00f6ten und Dosieren","publisher":{"@id":"https:\/\/mtarobotics.com\/#organization"},"potentialAction":[{"@type":"SearchAction","target":{"@type":"EntryPoint","urlTemplate":"https:\/\/mtarobotics.com\/?s={search_term_string}"},"query-input":{"@type":"PropertyValueSpecification","valueRequired":true,"valueName":"search_term_string"}}],"inLanguage":"de"},{"@type":"Organization","@id":"https:\/\/mtarobotics.com\/#organization","name":"Mta-Robotik","url":"https:\/\/mtarobotics.com\/","logo":{"@type":"ImageObject","inLanguage":"de","@id":"https:\/\/mtarobotics.com\/#\/schema\/logo\/image\/","url":"https:\/\/mtarobotics.com\/wp-content\/uploads\/2019\/03\/mta.png","contentUrl":"https:\/\/mtarobotics.com\/wp-content\/uploads\/2019\/03\/mta.png","width":170,"height":84,"caption":"Mta robotics"},"image":{"@id":"https:\/\/mtarobotics.com\/#\/schema\/logo\/image\/"}}]}},"_links":{"self":[{"href":"https:\/\/mtarobotics.com\/de\/wp-json\/wp\/v2\/product\/1885","targetHints":{"allow":["GET"]}}],"collection":[{"href":"https:\/\/mtarobotics.com\/de\/wp-json\/wp\/v2\/product"}],"about":[{"href":"https:\/\/mtarobotics.com\/de\/wp-json\/wp\/v2\/types\/product"}],"wp:featuredmedia":[{"embeddable":true,"href":"https:\/\/mtarobotics.com\/de\/wp-json\/wp\/v2\/media\/1893"}],"wp:attachment":[{"href":"https:\/\/mtarobotics.com\/de\/wp-json\/wp\/v2\/media?parent=1885"}],"wp:term":[{"taxonomy":"product_brand","embeddable":true,"href":"https:\/\/mtarobotics.com\/de\/wp-json\/wp\/v2\/product_brand?post=1885"},{"taxonomy":"product_cat","embeddable":true,"href":"https:\/\/mtarobotics.com\/de\/wp-json\/wp\/v2\/product_cat?post=1885"},{"taxonomy":"product_tag","embeddable":true,"href":"https:\/\/mtarobotics.com\/de\/wp-json\/wp\/v2\/product_tag?post=1885"}],"curies":[{"name":"wp","href":"https:\/\/api.w.org\/{rel}","templated":true}]}}