{"id":2016,"date":"2019-07-10T11:22:43","date_gmt":"2019-07-10T09:22:43","guid":{"rendered":"https:\/\/mta.925.unitechnologies.com\/?post_type=product&#038;p=2016"},"modified":"2026-01-14T10:22:03","modified_gmt":"2026-01-14T09:22:03","slug":"dosierstation-fuer-integratoren","status":"publish","type":"product","link":"https:\/\/mtarobotics.com\/de\/products\/dispensing-products\/dispensing-robots\/dispensing-station-for-integrator\/","title":{"rendered":"Dosierstation f\u00fcr Integratoren"},"content":{"rendered":"<p>F\u00fcr Anwendungen, die nicht die Flexibilit\u00e4t eines Roboters erfordern, steht eine einfache Abf\u00fcllstation zur Verf\u00fcgung. Sie erm\u00f6glicht halb- oder vollautomatische volumetrische Abf\u00fcllvorg\u00e4nge.<\/p>\n<p>Die Modularit\u00e4t von Rutschen und Standardelementen erm\u00f6glicht es, eine L\u00f6sung zu finden, die an die Anwendung des Kunden angepasst ist.<\/p>\n<p>Die Station kann mit allen etablierten <a href=\"https:\/\/mtarobotics.com\/de\/produkt-kategorie\/dosierkoepfe\/\" target=\"_blank\" rel=\"noopener noreferrer\">mta-Dosierk\u00f6pfe:<\/a>CFD kontinuierlicher Fluss 1K-Dispenser, CBD kontinuierlicher Fluss 2K-Dispenser, PDos X1 Jet-Mikrodosierventil, NVD volumetrischer 1K-Dispenser, NBD volumetrischer 2K-Dispenser, mini-NVD volumetrischer 1K-Dispenser, mini-NBD volumetrischer 2K-Dispenser und CD 1K-Kartuschendispenser.<\/p>\n<p>Dank seines modularen Konzepts l\u00e4sst sich die mta Dosierstation f\u00fcr Integratoren in eine Linie oder auf einen Rundschalttisch integrieren.<\/p>\n<h3>2 Gr\u00fcnde, sich f\u00fcr die mta-Dosierstation zu entscheiden<\/h3>\n<ol class=\"ol1\">\n<li><span class=\"black\">Hohe Flexibilit\u00e4t hinsichtlich mechanischer und elektrischer Integration.<\/span><\/li>\n<li><span class=\"black\">Garantierter schl\u00fcsselfertiger Prozess zu vertretbaren Kosten.<\/span><\/li>\n<\/ol>","protected":false},"excerpt":{"rendered":"<p>F\u00fcr Anwendungen, die nicht die Flexibilit\u00e4t eines Roboters erfordern, steht eine einfache Abf\u00fcllstation zur Verf\u00fcgung. Sie erm\u00f6glicht halb- oder vollautomatische volumetrische Abf\u00fcllvorg\u00e4nge.<\/p>\n<p>Die Modularit\u00e4t von Rutschen und Standardelementen erm\u00f6glicht es, eine L\u00f6sung zu finden, die an die Anwendung des Kunden angepasst ist.<\/p>\n<p>Die Station kann mit allen etablierten <a href=\"https:\/\/mtarobotics.com\/de\/produkt-kategorie\/dosierkoepfe\/\" target=\"_blank\" rel=\"noopener noreferrer\">mta-Dosierk\u00f6pfe:<\/a>: \u00a0CFD continuous flow 1K dispenser, CBD continuous flow 2K dispenser, PDos X1 micro-dispensing jet valve, NVD volumetric 1K dispenser, NBD volumetric 2K dispenser, mini-NVD volumetric 1K dispenser, mini-NBD volumetric 2K dispenser and CD 1K cartridge dispenser.<\/p>\n<p>Thanks to its modular concept, the station can be integrated into a line or onto a rotary table.<\/p>\n<h3>2 Gr\u00fcnde, sich f\u00fcr die mta-Dosierstation zu entscheiden<\/h3>\n<ol class=\"ol1\">\n<li><span class=\"black\">Hohe Flexibilit\u00e4t hinsichtlich mechanischer und elektrischer Integration.<\/span><\/li>\n<li><span class=\"black\">Garantierter schl\u00fcsselfertiger Prozess zu vertretbaren Kosten.<\/span><\/li>\n<\/ol>","protected":false},"featured_media":2021,"template":"","meta":{"_acf_changed":false},"product_brand":[],"product_cat":[31,114],"product_tag":[],"class_list":{"0":"post-2016","1":"product","2":"type-product","3":"status-publish","4":"has-post-thumbnail","6":"product_cat-dispensing-products","7":"product_cat-dispensing-robots","9":"first","10":"instock","11":"downloadable","12":"taxable","13":"shipping-taxable","14":"product-type-simple"},"acf":{"additionnal_product_infos":false,"infos_steps":"Minimum order quantity: 10.<br>\r\nDiscount available for higher volumes","contact_button":false,"promo_badge":false,"promo_badge_on_list":false,"text_promo_bage":"","couleur_promo_badge":"#038001"},"yoast_head":"<!-- This site is optimized with the Yoast SEO plugin v27.5 - https:\/\/yoast.com\/product\/yoast-seo-wordpress\/ -->\n<title>mta dispensing station for integrator<\/title>\n<meta name=\"description\" content=\"For applications that do not require the flexibility of a robot, a simple dispensing station is available. It allows semi automatic volumetric dispensing.\" \/>\n<meta name=\"robots\" content=\"index, follow, max-snippet:-1, max-image-preview:large, max-video-preview:-1\" \/>\n<link rel=\"canonical\" href=\"https:\/\/mtarobotics.com\/de\/produkte\/dosierprodukte\/dosierroboter\/dosierstation-fuer-integratoren\/\" \/>\n<meta property=\"og:locale\" content=\"de_DE\" \/>\n<meta property=\"og:type\" content=\"article\" \/>\n<meta property=\"og:title\" content=\"mta dispensing station for integrator\" \/>\n<meta property=\"og:description\" content=\"For applications that do not require the flexibility of a robot, a simple dispensing station is available. It allows semi automatic volumetric dispensing.\" \/>\n<meta property=\"og:url\" content=\"https:\/\/mtarobotics.com\/de\/produkte\/dosierprodukte\/dosierroboter\/dosierstation-fuer-integratoren\/\" \/>\n<meta property=\"og:site_name\" content=\"mta robotics\" \/>\n<meta property=\"article:modified_time\" content=\"2026-01-14T09:22:03+00:00\" \/>\n<meta property=\"og:image\" content=\"https:\/\/mtarobotics.com\/wp-content\/uploads\/2019\/07\/mta_dispensing_station.png\" \/>\n\t<meta property=\"og:image:width\" content=\"1775\" \/>\n\t<meta property=\"og:image:height\" content=\"1900\" \/>\n\t<meta property=\"og:image:type\" content=\"image\/png\" \/>\n<meta name=\"twitter:card\" content=\"summary_large_image\" \/>\n<meta name=\"twitter:label1\" content=\"Gesch\u00e4tzte Lesezeit\" \/>\n\t<meta name=\"twitter:data1\" content=\"1\u00a0Minute\" \/>\n<script type=\"application\/ld+json\" class=\"yoast-schema-graph\">{\"@context\":\"https:\\\/\\\/schema.org\",\"@graph\":[{\"@type\":\"WebPage\",\"@id\":\"https:\\\/\\\/mtarobotics.com\\\/products\\\/dispensing-products\\\/dispensing-robots\\\/dispensing-station-for-integrator\\\/\",\"url\":\"https:\\\/\\\/mtarobotics.com\\\/products\\\/dispensing-products\\\/dispensing-robots\\\/dispensing-station-for-integrator\\\/\",\"name\":\"mta dispensing station for integrator\",\"isPartOf\":{\"@id\":\"https:\\\/\\\/mtarobotics.com\\\/#website\"},\"primaryImageOfPage\":{\"@id\":\"https:\\\/\\\/mtarobotics.com\\\/products\\\/dispensing-products\\\/dispensing-robots\\\/dispensing-station-for-integrator\\\/#primaryimage\"},\"image\":{\"@id\":\"https:\\\/\\\/mtarobotics.com\\\/products\\\/dispensing-products\\\/dispensing-robots\\\/dispensing-station-for-integrator\\\/#primaryimage\"},\"thumbnailUrl\":\"https:\\\/\\\/mtarobotics.com\\\/wp-content\\\/uploads\\\/2019\\\/07\\\/mta_dispensing_station.png\",\"datePublished\":\"2019-07-10T09:22:43+00:00\",\"dateModified\":\"2026-01-14T09:22:03+00:00\",\"description\":\"For applications that do not require the flexibility of a robot, a simple dispensing station is available. It allows semi automatic volumetric dispensing.\",\"breadcrumb\":{\"@id\":\"https:\\\/\\\/mtarobotics.com\\\/products\\\/dispensing-products\\\/dispensing-robots\\\/dispensing-station-for-integrator\\\/#breadcrumb\"},\"inLanguage\":\"de\",\"potentialAction\":[{\"@type\":\"ReadAction\",\"target\":[\"https:\\\/\\\/mtarobotics.com\\\/products\\\/dispensing-products\\\/dispensing-robots\\\/dispensing-station-for-integrator\\\/\"]}]},{\"@type\":\"ImageObject\",\"inLanguage\":\"de\",\"@id\":\"https:\\\/\\\/mtarobotics.com\\\/products\\\/dispensing-products\\\/dispensing-robots\\\/dispensing-station-for-integrator\\\/#primaryimage\",\"url\":\"https:\\\/\\\/mtarobotics.com\\\/wp-content\\\/uploads\\\/2019\\\/07\\\/mta_dispensing_station.png\",\"contentUrl\":\"https:\\\/\\\/mtarobotics.com\\\/wp-content\\\/uploads\\\/2019\\\/07\\\/mta_dispensing_station.png\",\"width\":1775,\"height\":1900,\"caption\":\"haut\"},{\"@type\":\"BreadcrumbList\",\"@id\":\"https:\\\/\\\/mtarobotics.com\\\/products\\\/dispensing-products\\\/dispensing-robots\\\/dispensing-station-for-integrator\\\/#breadcrumb\",\"itemListElement\":[{\"@type\":\"ListItem\",\"position\":1,\"name\":\"Home\",\"item\":\"https:\\\/\\\/mtarobotics.com\\\/\"},{\"@type\":\"ListItem\",\"position\":2,\"name\":\"Global product range\",\"item\":\"https:\\\/\\\/mtarobotics.com\\\/products\\\/\"},{\"@type\":\"ListItem\",\"position\":3,\"name\":\"Dispensing station for integrator\"}]},{\"@type\":\"WebSite\",\"@id\":\"https:\\\/\\\/mtarobotics.com\\\/#website\",\"url\":\"https:\\\/\\\/mtarobotics.com\\\/\",\"name\":\"mta robotics\",\"description\":\"Robotics for soldering and dispensing\",\"publisher\":{\"@id\":\"https:\\\/\\\/mtarobotics.com\\\/#organization\"},\"potentialAction\":[{\"@type\":\"SearchAction\",\"target\":{\"@type\":\"EntryPoint\",\"urlTemplate\":\"https:\\\/\\\/mtarobotics.com\\\/?s={search_term_string}\"},\"query-input\":{\"@type\":\"PropertyValueSpecification\",\"valueRequired\":true,\"valueName\":\"search_term_string\"}}],\"inLanguage\":\"de\"},{\"@type\":\"Organization\",\"@id\":\"https:\\\/\\\/mtarobotics.com\\\/#organization\",\"name\":\"Mta robotics\",\"url\":\"https:\\\/\\\/mtarobotics.com\\\/\",\"logo\":{\"@type\":\"ImageObject\",\"inLanguage\":\"de\",\"@id\":\"https:\\\/\\\/mtarobotics.com\\\/#\\\/schema\\\/logo\\\/image\\\/\",\"url\":\"https:\\\/\\\/mtarobotics.com\\\/wp-content\\\/uploads\\\/2019\\\/03\\\/mta.png\",\"contentUrl\":\"https:\\\/\\\/mtarobotics.com\\\/wp-content\\\/uploads\\\/2019\\\/03\\\/mta.png\",\"width\":170,\"height\":84,\"caption\":\"Mta robotics\"},\"image\":{\"@id\":\"https:\\\/\\\/mtarobotics.com\\\/#\\\/schema\\\/logo\\\/image\\\/\"}}]}<\/script>\n<!-- \/ Yoast SEO plugin. -->","yoast_head_json":{"title":"MTA-Dispenser f\u00fcr Integrator","description":"F\u00fcr Applikationen, die keine Flexibilit\u00e4t eines Roboters erfordern, steht eine einfache Dosierstation zur Verf\u00fcgung. Diese erm\u00f6glicht ein halbautomatisches volumetrisches Dosieren.","robots":{"index":"index","follow":"follow","max-snippet":"max-snippet:-1","max-image-preview":"max-image-preview:large","max-video-preview":"max-video-preview:-1"},"canonical":"https:\/\/mtarobotics.com\/de\/produkte\/dosierprodukte\/dosierroboter\/dosierstation-fuer-integratoren\/","og_locale":"de_DE","og_type":"article","og_title":"mta dispensing station for integrator","og_description":"For applications that do not require the flexibility of a robot, a simple dispensing station is available. It allows semi automatic volumetric dispensing.","og_url":"https:\/\/mtarobotics.com\/de\/produkte\/dosierprodukte\/dosierroboter\/dosierstation-fuer-integratoren\/","og_site_name":"mta robotics","article_modified_time":"2026-01-14T09:22:03+00:00","og_image":[{"width":1775,"height":1900,"url":"https:\/\/mtarobotics.com\/wp-content\/uploads\/2019\/07\/mta_dispensing_station.png","type":"image\/png"}],"twitter_card":"summary_large_image","twitter_misc":{"Gesch\u00e4tzte Lesezeit":"1\u00a0Minute"},"schema":{"@context":"https:\/\/schema.org","@graph":[{"@type":"WebPage","@id":"https:\/\/mtarobotics.com\/products\/dispensing-products\/dispensing-robots\/dispensing-station-for-integrator\/","url":"https:\/\/mtarobotics.com\/products\/dispensing-products\/dispensing-robots\/dispensing-station-for-integrator\/","name":"MTA-Dispenser f\u00fcr Integrator","isPartOf":{"@id":"https:\/\/mtarobotics.com\/#website"},"primaryImageOfPage":{"@id":"https:\/\/mtarobotics.com\/products\/dispensing-products\/dispensing-robots\/dispensing-station-for-integrator\/#primaryimage"},"image":{"@id":"https:\/\/mtarobotics.com\/products\/dispensing-products\/dispensing-robots\/dispensing-station-for-integrator\/#primaryimage"},"thumbnailUrl":"https:\/\/mtarobotics.com\/wp-content\/uploads\/2019\/07\/mta_dispensing_station.png","datePublished":"2019-07-10T09:22:43+00:00","dateModified":"2026-01-14T09:22:03+00:00","description":"F\u00fcr Applikationen, die keine Flexibilit\u00e4t eines Roboters erfordern, steht eine einfache Dosierstation zur Verf\u00fcgung. Diese erm\u00f6glicht ein halbautomatisches volumetrisches Dosieren.","breadcrumb":{"@id":"https:\/\/mtarobotics.com\/products\/dispensing-products\/dispensing-robots\/dispensing-station-for-integrator\/#breadcrumb"},"inLanguage":"de","potentialAction":[{"@type":"ReadAction","target":["https:\/\/mtarobotics.com\/products\/dispensing-products\/dispensing-robots\/dispensing-station-for-integrator\/"]}]},{"@type":"ImageObject","inLanguage":"de","@id":"https:\/\/mtarobotics.com\/products\/dispensing-products\/dispensing-robots\/dispensing-station-for-integrator\/#primaryimage","url":"https:\/\/mtarobotics.com\/wp-content\/uploads\/2019\/07\/mta_dispensing_station.png","contentUrl":"https:\/\/mtarobotics.com\/wp-content\/uploads\/2019\/07\/mta_dispensing_station.png","width":1775,"height":1900,"caption":"haut"},{"@type":"BreadcrumbList","@id":"https:\/\/mtarobotics.com\/products\/dispensing-products\/dispensing-robots\/dispensing-station-for-integrator\/#breadcrumb","itemListElement":[{"@type":"ListItem","position":1,"name":"Home","item":"https:\/\/mtarobotics.com\/"},{"@type":"ListItem","position":2,"name":"Global product range","item":"https:\/\/mtarobotics.com\/products\/"},{"@type":"ListItem","position":3,"name":"Dispensing station for integrator"}]},{"@type":"WebSite","@id":"https:\/\/mtarobotics.com\/#website","url":"https:\/\/mtarobotics.com\/","name":"mta robotics","description":"Robotertechnik f\u00fcr L\u00f6ten und Dosieren","publisher":{"@id":"https:\/\/mtarobotics.com\/#organization"},"potentialAction":[{"@type":"SearchAction","target":{"@type":"EntryPoint","urlTemplate":"https:\/\/mtarobotics.com\/?s={search_term_string}"},"query-input":{"@type":"PropertyValueSpecification","valueRequired":true,"valueName":"search_term_string"}}],"inLanguage":"de"},{"@type":"Organization","@id":"https:\/\/mtarobotics.com\/#organization","name":"Mta-Robotik","url":"https:\/\/mtarobotics.com\/","logo":{"@type":"ImageObject","inLanguage":"de","@id":"https:\/\/mtarobotics.com\/#\/schema\/logo\/image\/","url":"https:\/\/mtarobotics.com\/wp-content\/uploads\/2019\/03\/mta.png","contentUrl":"https:\/\/mtarobotics.com\/wp-content\/uploads\/2019\/03\/mta.png","width":170,"height":84,"caption":"Mta robotics"},"image":{"@id":"https:\/\/mtarobotics.com\/#\/schema\/logo\/image\/"}}]}},"_links":{"self":[{"href":"https:\/\/mtarobotics.com\/de\/wp-json\/wp\/v2\/product\/2016","targetHints":{"allow":["GET"]}}],"collection":[{"href":"https:\/\/mtarobotics.com\/de\/wp-json\/wp\/v2\/product"}],"about":[{"href":"https:\/\/mtarobotics.com\/de\/wp-json\/wp\/v2\/types\/product"}],"wp:featuredmedia":[{"embeddable":true,"href":"https:\/\/mtarobotics.com\/de\/wp-json\/wp\/v2\/media\/2021"}],"wp:attachment":[{"href":"https:\/\/mtarobotics.com\/de\/wp-json\/wp\/v2\/media?parent=2016"}],"wp:term":[{"taxonomy":"product_brand","embeddable":true,"href":"https:\/\/mtarobotics.com\/de\/wp-json\/wp\/v2\/product_brand?post=2016"},{"taxonomy":"product_cat","embeddable":true,"href":"https:\/\/mtarobotics.com\/de\/wp-json\/wp\/v2\/product_cat?post=2016"},{"taxonomy":"product_tag","embeddable":true,"href":"https:\/\/mtarobotics.com\/de\/wp-json\/wp\/v2\/product_tag?post=2016"}],"curies":[{"name":"wp","href":"https:\/\/api.w.org\/{rel}","templated":true}]}}