{"id":2065,"date":"2019-07-10T15:44:56","date_gmt":"2019-07-10T13:44:56","guid":{"rendered":"https:\/\/mta.925.unitechnologies.com\/?post_type=product&#038;p=2065"},"modified":"2025-12-03T15:17:22","modified_gmt":"2025-12-03T14:17:22","slug":"multiflex-mehrfachdosiersystem","status":"publish","type":"product","link":"https:\/\/mtarobotics.com\/de\/products\/dispensing-products\/dispensing-robots\/multiflex-dispensing-system\/","title":{"rendered":"MultiFlex-Mehrfachdosiersystem"},"content":{"rendered":"<p>Das MuliFlex Hochpr\u00e4zisions-Multidosiersystem ist die L\u00f6sung f\u00fcr die volumetrische Multidosierung geringer Produktmengen. Dieses System wird haupts\u00e4chlich f\u00fcr Anwendungen in der Medizintechnik, Pharmaindustrie, Lebensmittelindustrie oder Verpackungsindustrie eingesetzt.<\/p>\n<p>Der MultiFlex ist eine sehr kompakte L\u00f6sung f\u00fcr den Bedarf an mehreren Dosiersystemen. Er besteht aus einer Reihe von <a href=\"https:\/\/mtarobotics.com\/de\/produkte\/mta-dispensing-products\/dosierkoepfe\/volumetrischer-1k-dispenser-mini-nvd\/\" target=\"_blank\" rel=\"noopener noreferrer\">mta Mini-NVD Ein-Komponenten-Dispenser<\/a>\u00a0die unabh\u00e4ngig voneinander gesteuert werden k\u00f6nnen.<\/p>\n<p>Dar\u00fcber hinaus ist jeder Mini-NVD-Spender mit einer eigenen elektrischen Steuerung ausgestattet und kann mit spezifischen Dosiereinstellungen programmiert werden. Diese intelligente L\u00f6sung bietet zahlreiche Vorteile, insbesondere im Hinblick auf die Wartung. Dar\u00fcber hinaus ist dank des \u00abPlug and Play\u00bb-Systems der Wechsel des Spenders im Handumdrehen erledigt.<\/p>\n<p>Die MultiFlex-Systemkonfiguration wird mit bis zu mehreren hundert Einheiten, die parallel arbeiten, an die Kundenanforderungen angepasst.<\/p>\n<h3>5 Gr\u00fcnde f\u00fcr das mta MultiFlex Dosiersystem<\/h3>\n<ol>\n<li>Die volumetrische Dosierung bietet im Vergleich zu anderen Dosiertechniken eine sehr hohe Pr\u00e4zision.<\/li>\n<li>Keine Dichtungen im Kolben-Zylinder-System, was zu reduziertem Wartungsaufwand f\u00fchrt \u2013 einfache Umr\u00fcstung jeder Einheit mit einem Plug-and-Play-System.<\/li>\n<li>Kann mit oder ohne Elektrosteuerung angeboten werden \u2013 jede Mini-NVD hat ihre eigene integrierte Steuerung.<\/li>\n<li>Einfache Einstellung der Dosierparameter.<\/li>\n<li>Sehr kompakte L\u00f6sungen f\u00fcr Mehrfachdosierzwecke.<\/li>\n<\/ol>","protected":false},"excerpt":{"rendered":"<p>Das MuliFlex Hochpr\u00e4zisions-Multidosiersystem ist die L\u00f6sung f\u00fcr die volumetrische Multidosierung geringer Produktmengen. Dieses System wird haupts\u00e4chlich f\u00fcr Anwendungen in der Medizintechnik, Pharmaindustrie, Lebensmittelindustrie oder Verpackungsindustrie eingesetzt.<\/p>\n<p>Der MultiFlex ist eine sehr kompakte L\u00f6sung f\u00fcr den Bedarf an mehreren Dosiersystemen. Er besteht aus einer Reihe von <a href=\"https:\/\/mtarobotics.com\/de\/produkte\/mta-dispensing-products\/dosierkoepfe\/volumetrischer-1k-dispenser-mini-nvd\/\" target=\"_blank\" rel=\"noopener noreferrer\">mta Mini-NVD Ein-Komponenten-Dispenser<\/a>\u00a0die unabh\u00e4ngig voneinander gesteuert werden k\u00f6nnen.<\/p>\n<p>Dar\u00fcber hinaus ist jeder Mini-NVD-Spender mit einer eigenen elektrischen Steuerung ausgestattet und kann mit spezifischen Dosiereinstellungen programmiert werden. Diese intelligente L\u00f6sung bietet zahlreiche Vorteile, insbesondere im Hinblick auf die Wartung. Dar\u00fcber hinaus ist dank des \u00abPlug and Play\u00bb-Systems der Wechsel des Spenders im Handumdrehen erledigt.<\/p>\n<p>Die MultiFlex-Systemkonfiguration wird mit bis zu mehreren hundert Einheiten, die parallel arbeiten, an die Kundenanforderungen angepasst.<\/p>\n<h3>5 Gr\u00fcnde f\u00fcr das mta MultiFlex Dosiersystem<\/h3>\n<ol>\n<li>Die volumetrische Dosierung bietet im Vergleich zu anderen Dosiertechniken eine sehr hohe Pr\u00e4zision.<\/li>\n<li>Keine Dichtungen im Kolben-Zylinder-System, was zu reduziertem Wartungsaufwand f\u00fchrt \u2013 einfache Umr\u00fcstung jeder Einheit mit einem Plug-and-Play-System.<\/li>\n<li>Kann mit oder ohne Elektrosteuerung angeboten werden \u2013 jede Mini-NVD hat ihre eigene integrierte Steuerung.<\/li>\n<li>Einfache Einstellung der Dosierparameter.<\/li>\n<li>Sehr kompakte L\u00f6sungen f\u00fcr Mehrfachdosierzwecke.<\/li>\n<\/ol>","protected":false},"featured_media":2080,"template":"","meta":{"_acf_changed":false},"product_brand":[],"product_cat":[31,114],"product_tag":[],"class_list":{"0":"post-2065","1":"product","2":"type-product","3":"status-publish","4":"has-post-thumbnail","6":"product_cat-dispensing-products","7":"product_cat-dispensing-robots","9":"first","10":"instock","11":"downloadable","12":"taxable","13":"shipping-taxable","14":"product-type-simple"},"acf":{"additionnal_product_infos":false,"infos_steps":"Minimum order quantity: 10.<br>\r\nDiscount available for higher volumes","contact_button":false,"promo_badge":false,"promo_badge_on_list":false,"text_promo_bage":"","couleur_promo_badge":"#038001"},"yoast_head":"<!-- This site is optimized with the Yoast SEO plugin v27.4 - https:\/\/yoast.com\/product\/yoast-seo-wordpress\/ -->\n<title>MultiFlex dispensing system | mta robotics<\/title>\n<meta name=\"description\" content=\"The MuliFlex high precision multidispensing system is the solution for volumetric multidispensing of small product quantities.The MuliFlex high precision\" \/>\n<meta name=\"robots\" content=\"index, follow, max-snippet:-1, max-image-preview:large, max-video-preview:-1\" \/>\n<link rel=\"canonical\" href=\"https:\/\/mtarobotics.com\/de\/produkte\/dosierprodukte\/dosierplattformen\/multiflex-mehrfachdosiersystem\/\" \/>\n<meta property=\"og:locale\" content=\"de_DE\" \/>\n<meta property=\"og:type\" content=\"article\" \/>\n<meta property=\"og:title\" content=\"MultiFlex dispensing system | mta robotics\" \/>\n<meta property=\"og:description\" content=\"The MuliFlex high precision multidispensing system is the solution for volumetric multidispensing of small product quantities.The MuliFlex high precision\" \/>\n<meta property=\"og:url\" content=\"https:\/\/mtarobotics.com\/de\/produkte\/dosierprodukte\/dosierplattformen\/multiflex-mehrfachdosiersystem\/\" \/>\n<meta property=\"og:site_name\" content=\"mta robotics\" \/>\n<meta property=\"article:modified_time\" content=\"2025-12-03T14:17:22+00:00\" \/>\n<meta property=\"og:image\" content=\"https:\/\/mtarobotics.com\/wp-content\/uploads\/2019\/07\/Unitechnologies_mta_MultiFlex_dispensing_system.png\" \/>\n\t<meta property=\"og:image:width\" content=\"1775\" \/>\n\t<meta property=\"og:image:height\" content=\"1900\" \/>\n\t<meta property=\"og:image:type\" content=\"image\/png\" \/>\n<meta name=\"twitter:card\" content=\"summary_large_image\" \/>\n<meta name=\"twitter:label1\" content=\"Gesch\u00e4tzte Lesezeit\" \/>\n\t<meta name=\"twitter:data1\" content=\"2\u00a0Minuten\" \/>\n<script type=\"application\/ld+json\" class=\"yoast-schema-graph\">{\"@context\":\"https:\\\/\\\/schema.org\",\"@graph\":[{\"@type\":\"WebPage\",\"@id\":\"https:\\\/\\\/mtarobotics.com\\\/products\\\/dosierprodukte\\\/dosierplattformen\\\/multiflex-dispensing-system\\\/\",\"url\":\"https:\\\/\\\/mtarobotics.com\\\/products\\\/dosierprodukte\\\/dosierplattformen\\\/multiflex-dispensing-system\\\/\",\"name\":\"MultiFlex dispensing system | mta robotics\",\"isPartOf\":{\"@id\":\"https:\\\/\\\/mtarobotics.com\\\/#website\"},\"primaryImageOfPage\":{\"@id\":\"https:\\\/\\\/mtarobotics.com\\\/products\\\/dosierprodukte\\\/dosierplattformen\\\/multiflex-dispensing-system\\\/#primaryimage\"},\"image\":{\"@id\":\"https:\\\/\\\/mtarobotics.com\\\/products\\\/dosierprodukte\\\/dosierplattformen\\\/multiflex-dispensing-system\\\/#primaryimage\"},\"thumbnailUrl\":\"https:\\\/\\\/mtarobotics.com\\\/wp-content\\\/uploads\\\/2019\\\/07\\\/Unitechnologies_mta_MultiFlex_dispensing_system.png\",\"datePublished\":\"2019-07-10T13:44:56+00:00\",\"dateModified\":\"2025-12-03T14:17:22+00:00\",\"description\":\"The MuliFlex high precision multidispensing system is the solution for volumetric multidispensing of small product quantities.The MuliFlex high precision\",\"breadcrumb\":{\"@id\":\"https:\\\/\\\/mtarobotics.com\\\/products\\\/dosierprodukte\\\/dosierplattformen\\\/multiflex-dispensing-system\\\/#breadcrumb\"},\"inLanguage\":\"de\",\"potentialAction\":[{\"@type\":\"ReadAction\",\"target\":[\"https:\\\/\\\/mtarobotics.com\\\/products\\\/dosierprodukte\\\/dosierplattformen\\\/multiflex-dispensing-system\\\/\"]}]},{\"@type\":\"ImageObject\",\"inLanguage\":\"de\",\"@id\":\"https:\\\/\\\/mtarobotics.com\\\/products\\\/dosierprodukte\\\/dosierplattformen\\\/multiflex-dispensing-system\\\/#primaryimage\",\"url\":\"https:\\\/\\\/mtarobotics.com\\\/wp-content\\\/uploads\\\/2019\\\/07\\\/Unitechnologies_mta_MultiFlex_dispensing_system.png\",\"contentUrl\":\"https:\\\/\\\/mtarobotics.com\\\/wp-content\\\/uploads\\\/2019\\\/07\\\/Unitechnologies_mta_MultiFlex_dispensing_system.png\",\"width\":1775,\"height\":1900,\"caption\":\"mta MultiFlex dispensing system\"},{\"@type\":\"BreadcrumbList\",\"@id\":\"https:\\\/\\\/mtarobotics.com\\\/products\\\/dosierprodukte\\\/dosierplattformen\\\/multiflex-dispensing-system\\\/#breadcrumb\",\"itemListElement\":[{\"@type\":\"ListItem\",\"position\":1,\"name\":\"Home\",\"item\":\"https:\\\/\\\/mtarobotics.com\\\/\"},{\"@type\":\"ListItem\",\"position\":2,\"name\":\"Global product range\",\"item\":\"https:\\\/\\\/mtarobotics.com\\\/products\\\/\"},{\"@type\":\"ListItem\",\"position\":3,\"name\":\"MultiFlex dispensing system\"}]},{\"@type\":\"WebSite\",\"@id\":\"https:\\\/\\\/mtarobotics.com\\\/#website\",\"url\":\"https:\\\/\\\/mtarobotics.com\\\/\",\"name\":\"mta robotics\",\"description\":\"Robotics for soldering and dispensing\",\"publisher\":{\"@id\":\"https:\\\/\\\/mtarobotics.com\\\/#organization\"},\"potentialAction\":[{\"@type\":\"SearchAction\",\"target\":{\"@type\":\"EntryPoint\",\"urlTemplate\":\"https:\\\/\\\/mtarobotics.com\\\/?s={search_term_string}\"},\"query-input\":{\"@type\":\"PropertyValueSpecification\",\"valueRequired\":true,\"valueName\":\"search_term_string\"}}],\"inLanguage\":\"de\"},{\"@type\":\"Organization\",\"@id\":\"https:\\\/\\\/mtarobotics.com\\\/#organization\",\"name\":\"Mta robotics\",\"url\":\"https:\\\/\\\/mtarobotics.com\\\/\",\"logo\":{\"@type\":\"ImageObject\",\"inLanguage\":\"de\",\"@id\":\"https:\\\/\\\/mtarobotics.com\\\/#\\\/schema\\\/logo\\\/image\\\/\",\"url\":\"https:\\\/\\\/mtarobotics.com\\\/wp-content\\\/uploads\\\/2019\\\/03\\\/mta.png\",\"contentUrl\":\"https:\\\/\\\/mtarobotics.com\\\/wp-content\\\/uploads\\\/2019\\\/03\\\/mta.png\",\"width\":170,\"height\":84,\"caption\":\"Mta robotics\"},\"image\":{\"@id\":\"https:\\\/\\\/mtarobotics.com\\\/#\\\/schema\\\/logo\\\/image\\\/\"}}]}<\/script>\n<!-- \/ Yoast SEO plugin. -->","yoast_head_json":{"title":"MultiFlex Dosiersystem | mta robotics","description":"Das MuliFlex Hochpr\u00e4zisions-Multidosiersystem ist die L\u00f6sung f\u00fcr die volumetrische Multidosierung kleiner Produktmengen. Das MuliFlex Hochpr\u00e4zisions-","robots":{"index":"index","follow":"follow","max-snippet":"max-snippet:-1","max-image-preview":"max-image-preview:large","max-video-preview":"max-video-preview:-1"},"canonical":"https:\/\/mtarobotics.com\/de\/produkte\/dosierprodukte\/dosierplattformen\/multiflex-mehrfachdosiersystem\/","og_locale":"de_DE","og_type":"article","og_title":"MultiFlex dispensing system | mta robotics","og_description":"The MuliFlex high precision multidispensing system is the solution for volumetric multidispensing of small product quantities.The MuliFlex high precision","og_url":"https:\/\/mtarobotics.com\/de\/produkte\/dosierprodukte\/dosierplattformen\/multiflex-mehrfachdosiersystem\/","og_site_name":"mta robotics","article_modified_time":"2025-12-03T14:17:22+00:00","og_image":[{"width":1775,"height":1900,"url":"https:\/\/mtarobotics.com\/wp-content\/uploads\/2019\/07\/Unitechnologies_mta_MultiFlex_dispensing_system.png","type":"image\/png"}],"twitter_card":"summary_large_image","twitter_misc":{"Gesch\u00e4tzte Lesezeit":"2\u00a0Minuten"},"schema":{"@context":"https:\/\/schema.org","@graph":[{"@type":"WebPage","@id":"https:\/\/mtarobotics.com\/products\/dosierprodukte\/dosierplattformen\/multiflex-dispensing-system\/","url":"https:\/\/mtarobotics.com\/products\/dosierprodukte\/dosierplattformen\/multiflex-dispensing-system\/","name":"MultiFlex Dosiersystem | mta robotics","isPartOf":{"@id":"https:\/\/mtarobotics.com\/#website"},"primaryImageOfPage":{"@id":"https:\/\/mtarobotics.com\/products\/dosierprodukte\/dosierplattformen\/multiflex-dispensing-system\/#primaryimage"},"image":{"@id":"https:\/\/mtarobotics.com\/products\/dosierprodukte\/dosierplattformen\/multiflex-dispensing-system\/#primaryimage"},"thumbnailUrl":"https:\/\/mtarobotics.com\/wp-content\/uploads\/2019\/07\/Unitechnologies_mta_MultiFlex_dispensing_system.png","datePublished":"2019-07-10T13:44:56+00:00","dateModified":"2025-12-03T14:17:22+00:00","description":"Das MuliFlex Hochpr\u00e4zisions-Multidosiersystem ist die L\u00f6sung f\u00fcr die volumetrische Multidosierung kleiner Produktmengen. Das MuliFlex Hochpr\u00e4zisions-","breadcrumb":{"@id":"https:\/\/mtarobotics.com\/products\/dosierprodukte\/dosierplattformen\/multiflex-dispensing-system\/#breadcrumb"},"inLanguage":"de","potentialAction":[{"@type":"ReadAction","target":["https:\/\/mtarobotics.com\/products\/dosierprodukte\/dosierplattformen\/multiflex-dispensing-system\/"]}]},{"@type":"ImageObject","inLanguage":"de","@id":"https:\/\/mtarobotics.com\/products\/dosierprodukte\/dosierplattformen\/multiflex-dispensing-system\/#primaryimage","url":"https:\/\/mtarobotics.com\/wp-content\/uploads\/2019\/07\/Unitechnologies_mta_MultiFlex_dispensing_system.png","contentUrl":"https:\/\/mtarobotics.com\/wp-content\/uploads\/2019\/07\/Unitechnologies_mta_MultiFlex_dispensing_system.png","width":1775,"height":1900,"caption":"mta MultiFlex dispensing system"},{"@type":"BreadcrumbList","@id":"https:\/\/mtarobotics.com\/products\/dosierprodukte\/dosierplattformen\/multiflex-dispensing-system\/#breadcrumb","itemListElement":[{"@type":"ListItem","position":1,"name":"Home","item":"https:\/\/mtarobotics.com\/"},{"@type":"ListItem","position":2,"name":"Global product range","item":"https:\/\/mtarobotics.com\/products\/"},{"@type":"ListItem","position":3,"name":"MultiFlex dispensing system"}]},{"@type":"WebSite","@id":"https:\/\/mtarobotics.com\/#website","url":"https:\/\/mtarobotics.com\/","name":"mta robotics","description":"Robotertechnik f\u00fcr L\u00f6ten und Dosieren","publisher":{"@id":"https:\/\/mtarobotics.com\/#organization"},"potentialAction":[{"@type":"SearchAction","target":{"@type":"EntryPoint","urlTemplate":"https:\/\/mtarobotics.com\/?s={search_term_string}"},"query-input":{"@type":"PropertyValueSpecification","valueRequired":true,"valueName":"search_term_string"}}],"inLanguage":"de"},{"@type":"Organization","@id":"https:\/\/mtarobotics.com\/#organization","name":"Mta-Robotik","url":"https:\/\/mtarobotics.com\/","logo":{"@type":"ImageObject","inLanguage":"de","@id":"https:\/\/mtarobotics.com\/#\/schema\/logo\/image\/","url":"https:\/\/mtarobotics.com\/wp-content\/uploads\/2019\/03\/mta.png","contentUrl":"https:\/\/mtarobotics.com\/wp-content\/uploads\/2019\/03\/mta.png","width":170,"height":84,"caption":"Mta robotics"},"image":{"@id":"https:\/\/mtarobotics.com\/#\/schema\/logo\/image\/"}}]}},"_links":{"self":[{"href":"https:\/\/mtarobotics.com\/de\/wp-json\/wp\/v2\/product\/2065","targetHints":{"allow":["GET"]}}],"collection":[{"href":"https:\/\/mtarobotics.com\/de\/wp-json\/wp\/v2\/product"}],"about":[{"href":"https:\/\/mtarobotics.com\/de\/wp-json\/wp\/v2\/types\/product"}],"wp:featuredmedia":[{"embeddable":true,"href":"https:\/\/mtarobotics.com\/de\/wp-json\/wp\/v2\/media\/2080"}],"wp:attachment":[{"href":"https:\/\/mtarobotics.com\/de\/wp-json\/wp\/v2\/media?parent=2065"}],"wp:term":[{"taxonomy":"product_brand","embeddable":true,"href":"https:\/\/mtarobotics.com\/de\/wp-json\/wp\/v2\/product_brand?post=2065"},{"taxonomy":"product_cat","embeddable":true,"href":"https:\/\/mtarobotics.com\/de\/wp-json\/wp\/v2\/product_cat?post=2065"},{"taxonomy":"product_tag","embeddable":true,"href":"https:\/\/mtarobotics.com\/de\/wp-json\/wp\/v2\/product_tag?post=2065"}],"curies":[{"name":"wp","href":"https:\/\/api.w.org\/{rel}","templated":true}]}}