{"id":2161,"date":"2019-07-17T10:44:14","date_gmt":"2019-07-17T08:44:14","guid":{"rendered":"https:\/\/mta.925.unitechnologies.com\/?post_type=product&#038;p=2161"},"modified":"2026-03-18T13:37:34","modified_gmt":"2026-03-18T12:37:34","slug":"dosierduesen","status":"publish","type":"product","link":"https:\/\/mtarobotics.com\/de\/products\/dispensing-products\/dispensing-spare-parts\/dispensing-consumables\/dispensing-nozzles\/","title":{"rendered":"Dosierd\u00fcsen"},"content":{"rendered":"<p>Die Prozessgarantie von mta umfasst auch die Auswahl der am besten geeigneten Dosierd\u00fcsen f\u00fcr die spezifischen Anwendungen des Kunden, wie sie bei den Tests in den Labors definiert wurden. Basierend auf einer nachgewiesenen Erfahrung im Bereich der Dosierung k\u00f6nnen die geeigneten D\u00fcsen aus einer sehr gro\u00dfen Auswahl an Komponenten ausgew\u00e4hlt werden.<\/p>","protected":false},"excerpt":{"rendered":"<div class=\"wpb_row vc_row-fluid\" data-speedfactor=\"-0.6\">\n<div class=\"vc_span8 wpb_column column_container\">\n<div id=\"mk-text-block-920\" class=\"mk-text-block\">\n<div class=\"vc_span8 wpb_column column_container\">\n<div id=\"mk-text-block-761\" class=\"mk-text-block\">\n<p>The mta process guarantee also includes the selection of the most suitable dispensing nozzles for customer\u2019s specific applications, as defined during the tests in the laboratories.<\/p>\n<p>Based on a proven experience in the dispensing field, the\u00a0appropriate nozzles can be selected from among a very large choice of components.<\/p>\n<p>Dispensing nozzles are available in different sizes, shapes and material. Most of the variants are available from stock. Custom designed nozzles are also offered.<\/p>\n<div class=\"clearboth\"><\/div>\n<\/div>\n<\/div>\n<\/div>\n<\/div>\n<\/div>","protected":false},"featured_media":2162,"template":"","meta":{"_acf_changed":false},"product_brand":[],"product_cat":[679],"product_tag":[],"class_list":{"0":"post-2161","1":"product","2":"type-product","3":"status-publish","4":"has-post-thumbnail","6":"product_cat-dispensing-consumables","8":"first","9":"instock","10":"taxable","11":"shipping-taxable","12":"product-type-simple"},"acf":{"additionnal_product_infos":false,"infos_steps":"Minimum order quantity: 10.<br>\r\nDiscount available for higher volumes","contact_button":false,"promo_badge":false,"promo_badge_on_list":false,"text_promo_bage":"","couleur_promo_badge":"#038001"},"yoast_head":"<!-- This site is optimized with the Yoast SEO plugin v27.4 - https:\/\/yoast.com\/product\/yoast-seo-wordpress\/ -->\n<title>mta dispensing nozzles<\/title>\n<meta name=\"description\" content=\"The mta process guarantee also includes the selection of the most suitable dispensing nozzles for customer\u2019s specific applications.\" \/>\n<meta name=\"robots\" content=\"index, follow, max-snippet:-1, max-image-preview:large, max-video-preview:-1\" \/>\n<link rel=\"canonical\" href=\"https:\/\/mtarobotics.com\/de\/produkte\/dosierprodukte\/dosier-ersatzteile\/dosierverbrauchsmaterialien\/dosierduesen\/\" \/>\n<meta property=\"og:locale\" content=\"de_DE\" \/>\n<meta property=\"og:type\" content=\"article\" \/>\n<meta property=\"og:title\" content=\"mta dispensing nozzles\" \/>\n<meta property=\"og:description\" content=\"The mta process guarantee also includes the selection of the most suitable dispensing nozzles for customer\u2019s specific applications.\" \/>\n<meta property=\"og:url\" content=\"https:\/\/mtarobotics.com\/de\/produkte\/dosierprodukte\/dosier-ersatzteile\/dosierverbrauchsmaterialien\/dosierduesen\/\" \/>\n<meta property=\"og:site_name\" content=\"mta robotics\" \/>\n<meta property=\"article:modified_time\" content=\"2026-03-18T12:37:34+00:00\" \/>\n<meta property=\"og:image\" content=\"https:\/\/mtarobotics.com\/wp-content\/uploads\/2019\/07\/Unitechnologies_mta_dispensing_consumables_nozzles.png\" \/>\n\t<meta property=\"og:image:width\" content=\"1750\" \/>\n\t<meta property=\"og:image:height\" content=\"1300\" \/>\n\t<meta property=\"og:image:type\" content=\"image\/png\" \/>\n<meta name=\"twitter:card\" content=\"summary_large_image\" \/>\n<meta name=\"twitter:label1\" content=\"Gesch\u00e4tzte Lesezeit\" \/>\n\t<meta name=\"twitter:data1\" content=\"1\u00a0Minute\" \/>\n<script type=\"application\/ld+json\" class=\"yoast-schema-graph\">{\"@context\":\"https:\\\/\\\/schema.org\",\"@graph\":[{\"@type\":\"WebPage\",\"@id\":\"https:\\\/\\\/mtarobotics.com\\\/products\\\/dispensing-products\\\/dispensing-spare-parts\\\/dispensing-consumables\\\/dispensing-nozzles\\\/\",\"url\":\"https:\\\/\\\/mtarobotics.com\\\/products\\\/dispensing-products\\\/dispensing-spare-parts\\\/dispensing-consumables\\\/dispensing-nozzles\\\/\",\"name\":\"mta dispensing nozzles\",\"isPartOf\":{\"@id\":\"https:\\\/\\\/mtarobotics.com\\\/#website\"},\"primaryImageOfPage\":{\"@id\":\"https:\\\/\\\/mtarobotics.com\\\/products\\\/dispensing-products\\\/dispensing-spare-parts\\\/dispensing-consumables\\\/dispensing-nozzles\\\/#primaryimage\"},\"image\":{\"@id\":\"https:\\\/\\\/mtarobotics.com\\\/products\\\/dispensing-products\\\/dispensing-spare-parts\\\/dispensing-consumables\\\/dispensing-nozzles\\\/#primaryimage\"},\"thumbnailUrl\":\"https:\\\/\\\/mtarobotics.com\\\/wp-content\\\/uploads\\\/2019\\\/07\\\/Unitechnologies_mta_dispensing_consumables_nozzles.png\",\"datePublished\":\"2019-07-17T08:44:14+00:00\",\"dateModified\":\"2026-03-18T12:37:34+00:00\",\"description\":\"The mta process guarantee also includes the selection of the most suitable dispensing nozzles for customer\u2019s specific applications.\",\"breadcrumb\":{\"@id\":\"https:\\\/\\\/mtarobotics.com\\\/products\\\/dispensing-products\\\/dispensing-spare-parts\\\/dispensing-consumables\\\/dispensing-nozzles\\\/#breadcrumb\"},\"inLanguage\":\"de\",\"potentialAction\":[{\"@type\":\"ReadAction\",\"target\":[\"https:\\\/\\\/mtarobotics.com\\\/products\\\/dispensing-products\\\/dispensing-spare-parts\\\/dispensing-consumables\\\/dispensing-nozzles\\\/\"]}]},{\"@type\":\"ImageObject\",\"inLanguage\":\"de\",\"@id\":\"https:\\\/\\\/mtarobotics.com\\\/products\\\/dispensing-products\\\/dispensing-spare-parts\\\/dispensing-consumables\\\/dispensing-nozzles\\\/#primaryimage\",\"url\":\"https:\\\/\\\/mtarobotics.com\\\/wp-content\\\/uploads\\\/2019\\\/07\\\/Unitechnologies_mta_dispensing_consumables_nozzles.png\",\"contentUrl\":\"https:\\\/\\\/mtarobotics.com\\\/wp-content\\\/uploads\\\/2019\\\/07\\\/Unitechnologies_mta_dispensing_consumables_nozzles.png\",\"width\":1750,\"height\":1300,\"caption\":\"Unitechnologies Mta Dispensing Consumables Nozzles\"},{\"@type\":\"BreadcrumbList\",\"@id\":\"https:\\\/\\\/mtarobotics.com\\\/products\\\/dispensing-products\\\/dispensing-spare-parts\\\/dispensing-consumables\\\/dispensing-nozzles\\\/#breadcrumb\",\"itemListElement\":[{\"@type\":\"ListItem\",\"position\":1,\"name\":\"Home\",\"item\":\"https:\\\/\\\/mtarobotics.com\\\/\"},{\"@type\":\"ListItem\",\"position\":2,\"name\":\"Global product range\",\"item\":\"https:\\\/\\\/mtarobotics.com\\\/products\\\/\"},{\"@type\":\"ListItem\",\"position\":3,\"name\":\"Dispensing nozzles\"}]},{\"@type\":\"WebSite\",\"@id\":\"https:\\\/\\\/mtarobotics.com\\\/#website\",\"url\":\"https:\\\/\\\/mtarobotics.com\\\/\",\"name\":\"mta robotics\",\"description\":\"Robotics for soldering and dispensing\",\"publisher\":{\"@id\":\"https:\\\/\\\/mtarobotics.com\\\/#organization\"},\"potentialAction\":[{\"@type\":\"SearchAction\",\"target\":{\"@type\":\"EntryPoint\",\"urlTemplate\":\"https:\\\/\\\/mtarobotics.com\\\/?s={search_term_string}\"},\"query-input\":{\"@type\":\"PropertyValueSpecification\",\"valueRequired\":true,\"valueName\":\"search_term_string\"}}],\"inLanguage\":\"de\"},{\"@type\":\"Organization\",\"@id\":\"https:\\\/\\\/mtarobotics.com\\\/#organization\",\"name\":\"Mta robotics\",\"url\":\"https:\\\/\\\/mtarobotics.com\\\/\",\"logo\":{\"@type\":\"ImageObject\",\"inLanguage\":\"de\",\"@id\":\"https:\\\/\\\/mtarobotics.com\\\/#\\\/schema\\\/logo\\\/image\\\/\",\"url\":\"https:\\\/\\\/mtarobotics.com\\\/wp-content\\\/uploads\\\/2019\\\/03\\\/mta.png\",\"contentUrl\":\"https:\\\/\\\/mtarobotics.com\\\/wp-content\\\/uploads\\\/2019\\\/03\\\/mta.png\",\"width\":170,\"height\":84,\"caption\":\"Mta robotics\"},\"image\":{\"@id\":\"https:\\\/\\\/mtarobotics.com\\\/#\\\/schema\\\/logo\\\/image\\\/\"}}]}<\/script>\n<!-- \/ Yoast SEO plugin. -->","yoast_head_json":{"title":"mta-Abgabed\u00fcsen","description":"Die mta Prozessgarantie umfasst auch die Auswahl der am besten geeigneten Dosierd\u00fcsen f\u00fcr die spezifischen Anwendungen des Kunden.","robots":{"index":"index","follow":"follow","max-snippet":"max-snippet:-1","max-image-preview":"max-image-preview:large","max-video-preview":"max-video-preview:-1"},"canonical":"https:\/\/mtarobotics.com\/de\/produkte\/dosierprodukte\/dosier-ersatzteile\/dosierverbrauchsmaterialien\/dosierduesen\/","og_locale":"de_DE","og_type":"article","og_title":"mta dispensing nozzles","og_description":"The mta process guarantee also includes the selection of the most suitable dispensing nozzles for customer\u2019s specific applications.","og_url":"https:\/\/mtarobotics.com\/de\/produkte\/dosierprodukte\/dosier-ersatzteile\/dosierverbrauchsmaterialien\/dosierduesen\/","og_site_name":"mta robotics","article_modified_time":"2026-03-18T12:37:34+00:00","og_image":[{"width":1750,"height":1300,"url":"https:\/\/mtarobotics.com\/wp-content\/uploads\/2019\/07\/Unitechnologies_mta_dispensing_consumables_nozzles.png","type":"image\/png"}],"twitter_card":"summary_large_image","twitter_misc":{"Gesch\u00e4tzte Lesezeit":"1\u00a0Minute"},"schema":{"@context":"https:\/\/schema.org","@graph":[{"@type":"WebPage","@id":"https:\/\/mtarobotics.com\/products\/dispensing-products\/dispensing-spare-parts\/dispensing-consumables\/dispensing-nozzles\/","url":"https:\/\/mtarobotics.com\/products\/dispensing-products\/dispensing-spare-parts\/dispensing-consumables\/dispensing-nozzles\/","name":"mta-Abgabed\u00fcsen","isPartOf":{"@id":"https:\/\/mtarobotics.com\/#website"},"primaryImageOfPage":{"@id":"https:\/\/mtarobotics.com\/products\/dispensing-products\/dispensing-spare-parts\/dispensing-consumables\/dispensing-nozzles\/#primaryimage"},"image":{"@id":"https:\/\/mtarobotics.com\/products\/dispensing-products\/dispensing-spare-parts\/dispensing-consumables\/dispensing-nozzles\/#primaryimage"},"thumbnailUrl":"https:\/\/mtarobotics.com\/wp-content\/uploads\/2019\/07\/Unitechnologies_mta_dispensing_consumables_nozzles.png","datePublished":"2019-07-17T08:44:14+00:00","dateModified":"2026-03-18T12:37:34+00:00","description":"Die mta Prozessgarantie umfasst auch die Auswahl der am besten geeigneten Dosierd\u00fcsen f\u00fcr die spezifischen Anwendungen des Kunden.","breadcrumb":{"@id":"https:\/\/mtarobotics.com\/products\/dispensing-products\/dispensing-spare-parts\/dispensing-consumables\/dispensing-nozzles\/#breadcrumb"},"inLanguage":"de","potentialAction":[{"@type":"ReadAction","target":["https:\/\/mtarobotics.com\/products\/dispensing-products\/dispensing-spare-parts\/dispensing-consumables\/dispensing-nozzles\/"]}]},{"@type":"ImageObject","inLanguage":"de","@id":"https:\/\/mtarobotics.com\/products\/dispensing-products\/dispensing-spare-parts\/dispensing-consumables\/dispensing-nozzles\/#primaryimage","url":"https:\/\/mtarobotics.com\/wp-content\/uploads\/2019\/07\/Unitechnologies_mta_dispensing_consumables_nozzles.png","contentUrl":"https:\/\/mtarobotics.com\/wp-content\/uploads\/2019\/07\/Unitechnologies_mta_dispensing_consumables_nozzles.png","width":1750,"height":1300,"caption":"Unitechnologies Mta Dispensing Consumables Nozzles"},{"@type":"BreadcrumbList","@id":"https:\/\/mtarobotics.com\/products\/dispensing-products\/dispensing-spare-parts\/dispensing-consumables\/dispensing-nozzles\/#breadcrumb","itemListElement":[{"@type":"ListItem","position":1,"name":"Home","item":"https:\/\/mtarobotics.com\/"},{"@type":"ListItem","position":2,"name":"Global product range","item":"https:\/\/mtarobotics.com\/products\/"},{"@type":"ListItem","position":3,"name":"Dispensing nozzles"}]},{"@type":"WebSite","@id":"https:\/\/mtarobotics.com\/#website","url":"https:\/\/mtarobotics.com\/","name":"mta robotics","description":"Robotertechnik f\u00fcr L\u00f6ten und Dosieren","publisher":{"@id":"https:\/\/mtarobotics.com\/#organization"},"potentialAction":[{"@type":"SearchAction","target":{"@type":"EntryPoint","urlTemplate":"https:\/\/mtarobotics.com\/?s={search_term_string}"},"query-input":{"@type":"PropertyValueSpecification","valueRequired":true,"valueName":"search_term_string"}}],"inLanguage":"de"},{"@type":"Organization","@id":"https:\/\/mtarobotics.com\/#organization","name":"Mta-Robotik","url":"https:\/\/mtarobotics.com\/","logo":{"@type":"ImageObject","inLanguage":"de","@id":"https:\/\/mtarobotics.com\/#\/schema\/logo\/image\/","url":"https:\/\/mtarobotics.com\/wp-content\/uploads\/2019\/03\/mta.png","contentUrl":"https:\/\/mtarobotics.com\/wp-content\/uploads\/2019\/03\/mta.png","width":170,"height":84,"caption":"Mta robotics"},"image":{"@id":"https:\/\/mtarobotics.com\/#\/schema\/logo\/image\/"}}]}},"_links":{"self":[{"href":"https:\/\/mtarobotics.com\/de\/wp-json\/wp\/v2\/product\/2161","targetHints":{"allow":["GET"]}}],"collection":[{"href":"https:\/\/mtarobotics.com\/de\/wp-json\/wp\/v2\/product"}],"about":[{"href":"https:\/\/mtarobotics.com\/de\/wp-json\/wp\/v2\/types\/product"}],"wp:featuredmedia":[{"embeddable":true,"href":"https:\/\/mtarobotics.com\/de\/wp-json\/wp\/v2\/media\/2162"}],"wp:attachment":[{"href":"https:\/\/mtarobotics.com\/de\/wp-json\/wp\/v2\/media?parent=2161"}],"wp:term":[{"taxonomy":"product_brand","embeddable":true,"href":"https:\/\/mtarobotics.com\/de\/wp-json\/wp\/v2\/product_brand?post=2161"},{"taxonomy":"product_cat","embeddable":true,"href":"https:\/\/mtarobotics.com\/de\/wp-json\/wp\/v2\/product_cat?post=2161"},{"taxonomy":"product_tag","embeddable":true,"href":"https:\/\/mtarobotics.com\/de\/wp-json\/wp\/v2\/product_tag?post=2161"}],"curies":[{"name":"wp","href":"https:\/\/api.w.org\/{rel}","templated":true}]}}