{"id":2167,"date":"2019-07-17T11:13:36","date_gmt":"2019-07-17T09:13:36","guid":{"rendered":"https:\/\/mta.925.unitechnologies.com\/?post_type=product&#038;p=2167"},"modified":"2026-03-30T08:59:04","modified_gmt":"2026-03-30T06:59:04","slug":"materialaufbereitung-und-zufuehrung","status":"publish","type":"product","link":"https:\/\/mtarobotics.com\/de\/products\/dispensing-products\/dispensing-robots\/material-preparation-systems\/","title":{"rendered":"Materialaufbereitung und -zuf\u00fchrung"},"content":{"rendered":"<p>F\u00fcr die Materialaufbereitung und -versorgung bieten wir flexible L\u00f6sungen an, um eine hohe Qualit\u00e4t des dosierten Materials zu gew\u00e4hrleisten.<\/p>\n<p>Ob bei Polyurethanen, Epoxidharzen, Silikonen, Fetten oder anderen Fl\u00fcssigkeiten, oft ist es notwendig, die Materialien vor der Verarbeitung aufzubereiten. Dies ist haupts\u00e4chlich auf Sedimentation, Luftblasen oder gel\u00f6ste Luft im Material zur\u00fcckzuf\u00fchren. Dank der umfangreichen Erfahrung von mta mit Dosierprozessen und Automatisierung bieten wir die richtigen technischen L\u00f6sungen von der Bereitstellung bis zur Aufbereitung des dosierten Materials.<\/p>\n<p>Zu den Zubereitungsarten geh\u00f6ren vor allem Entgasung und Homogenisierung.<\/p>\n<h3>Entgasung<\/h3>\n<p>Wenn das Material Luftblasen und gel\u00f6ste Luft enth\u00e4lt, kann es mittels Vakuum entgast werden.<\/p>\n<p>Um das entgaste Material der nachfolgenden Dosiertechnik zuzuf\u00fchren, w\u00e4re der Einsatz von Druckluft kontraproduktiv, da dies zu Lufteinschl\u00fcssen oder bei der Verwendung von Silikonen zu einer Lufts\u00e4ttigung f\u00fchren w\u00fcrde. Daher wird das mta <a href=\"https:\/\/mtarobotics.com\/de\/produkt-kategorie\/dosierprodukte\/dosierkoepfe\/kontinuierliche-1k-dosierkits-cfd\/\" target=\"_blank\" rel=\"noopener\">CFD-Dispenser<\/a>, basierend auf einer Exzenterschneckenpumpe, wird zur Entnahme des Materials aus dem Vorratsbeh\u00e4lter verwendet.<\/p>\n<p>Zus\u00e4tzlich wird eine Pumpe eingesetzt, die das Material nach l\u00e4ngeren Stillst\u00e4nden ohne Vakuumanwendung \u00fcber eine Bypassleitung zur\u00fcckf\u00fchrt und so m\u00f6gliche Probleme verhindert.<\/p>\n<h3>Homogenisierung und Entgasung<\/h3>\n<p>Bei gef\u00fcllten Produkten ist es notwendig, das Material zu homogenisieren und gleichzeitig Luftblasen zu eliminieren. Um dies zu erreichen, erm\u00f6glichen die mta-Systeme das parallele Mischen und Entgasen des Materials. Die Kombination dieser beiden Prozesse garantiert ein homogenes, luftfreies Produkt.<\/p>\n<p>F\u00fcr die Versorgung der Zapfs\u00e4ule werden mehrere Optionen vorgeschlagen, die vom Tank zu einem der mta's f\u00fchren <a href=\"https:\/\/mtarobotics.com\/de\/produkt-kategorie\/dosierprodukte\/dosierkoepfe\/kontinuierliche-1k-dosierkits-cfd\/\" target=\"_blank\" rel=\"noopener\">CFD<\/a> oder <a href=\"https:\/\/mtarobotics.com\/de\/produkte\/dosierprodukte\/dosierkoepfe\/nvd-mono-component-dispenser\/\" target=\"_blank\" rel=\"noopener\">NVD-Dispenser<\/a>.<\/p>\n<p>Bei Materialien mit niedriger Viskosit\u00e4t wird der Tankauslass oberhalb des Spenders positioniert, um einen Schwerkraftfluss zu erm\u00f6glichen.<\/p>\n<p>Drucktanks werden f\u00fcr Materialien mit niedriger bis mittlerer Viskosit\u00e4t verwendet. Diese Tanks werden pneumatisch unter Druck gesetzt, so dass die Fl\u00fcssigkeit den Spender erreichen kann.<\/p>\n<p>F\u00fcr hochviskose Fl\u00fcssigkeiten und gef\u00fcllte Materialien wird eine Versorgungspumpe unter dem Tank installiert. Bei hohen Druckverlusten ist der Einbau dieser Pumpe notwendig, z. B. wenn der Abstand zwischen Materialaufbereitungsanlage und Zapfs\u00e4ule gro\u00df ist oder wenn der Eingangsdruck zur Zapfs\u00e4ule hoch ist.<\/p>","protected":false},"excerpt":{"rendered":"<p>F\u00fcr die Materialaufbereitung und -versorgung bieten wir flexible L\u00f6sungen an, um eine hohe Qualit\u00e4t des dosierten Materials zu gew\u00e4hrleisten.<\/p>","protected":false},"featured_media":23773,"template":"","meta":{"_acf_changed":false},"product_brand":[],"product_cat":[31,114],"product_tag":[],"class_list":{"0":"post-2167","1":"product","2":"type-product","3":"status-publish","4":"has-post-thumbnail","6":"product_cat-dispensing-products","7":"product_cat-dispensing-robots","9":"first","10":"instock","11":"downloadable","12":"taxable","13":"shipping-taxable","14":"product-type-simple"},"acf":{"additionnal_product_infos":false,"infos_steps":"Minimum order quantity: 10.<br>\r\nDiscount available for higher volumes","contact_button":false,"promo_badge":false,"promo_badge_on_list":false,"text_promo_bage":"","couleur_promo_badge":"#038001"},"yoast_head":"<!-- This site is optimized with the Yoast SEO plugin v27.4 - https:\/\/yoast.com\/product\/yoast-seo-wordpress\/ -->\n<title>Material preparation and supply systems<\/title>\n<meta name=\"description\" content=\"For material preparation and supply, mta robotics offers flexible solutions to ensure high quality of dispensed material.\" \/>\n<meta name=\"robots\" content=\"index, follow, max-snippet:-1, max-image-preview:large, max-video-preview:-1\" \/>\n<link rel=\"canonical\" href=\"https:\/\/mtarobotics.com\/de\/produkte\/dosierprodukte\/dosierroboter\/materialaufbereitung-und-zufuehrung\/\" \/>\n<meta property=\"og:locale\" content=\"de_DE\" \/>\n<meta property=\"og:type\" content=\"article\" \/>\n<meta property=\"og:title\" content=\"Material preparation and supply systems\" \/>\n<meta property=\"og:description\" content=\"For material preparation and supply, mta robotics offers flexible solutions to ensure high quality of dispensed material.\" \/>\n<meta property=\"og:url\" content=\"https:\/\/mtarobotics.com\/de\/produkte\/dosierprodukte\/dosierroboter\/materialaufbereitung-und-zufuehrung\/\" \/>\n<meta property=\"og:site_name\" content=\"mta robotics\" \/>\n<meta property=\"article:modified_time\" content=\"2026-03-30T06:59:04+00:00\" \/>\n<meta property=\"og:image\" content=\"https:\/\/mtarobotics.com\/wp-content\/uploads\/2019\/07\/mta_robotics_material_preparation_supply_systems_MRC500_robotic_cell-1024x929.png\" \/>\n\t<meta property=\"og:image:width\" content=\"1024\" \/>\n\t<meta property=\"og:image:height\" content=\"929\" \/>\n\t<meta property=\"og:image:type\" content=\"image\/png\" \/>\n<meta name=\"twitter:card\" content=\"summary_large_image\" \/>\n<meta name=\"twitter:label1\" content=\"Gesch\u00e4tzte Lesezeit\" \/>\n\t<meta name=\"twitter:data1\" content=\"2\u00a0Minuten\" \/>\n<script type=\"application\/ld+json\" class=\"yoast-schema-graph\">{\"@context\":\"https:\\\/\\\/schema.org\",\"@graph\":[{\"@type\":\"WebPage\",\"@id\":\"https:\\\/\\\/mtarobotics.com\\\/products\\\/dispensing-products\\\/dispensing-robots\\\/material-preparation-systems\\\/\",\"url\":\"https:\\\/\\\/mtarobotics.com\\\/products\\\/dispensing-products\\\/dispensing-robots\\\/material-preparation-systems\\\/\",\"name\":\"Material preparation and supply systems\",\"isPartOf\":{\"@id\":\"https:\\\/\\\/mtarobotics.com\\\/#website\"},\"primaryImageOfPage\":{\"@id\":\"https:\\\/\\\/mtarobotics.com\\\/products\\\/dispensing-products\\\/dispensing-robots\\\/material-preparation-systems\\\/#primaryimage\"},\"image\":{\"@id\":\"https:\\\/\\\/mtarobotics.com\\\/products\\\/dispensing-products\\\/dispensing-robots\\\/material-preparation-systems\\\/#primaryimage\"},\"thumbnailUrl\":\"https:\\\/\\\/mtarobotics.com\\\/wp-content\\\/uploads\\\/2019\\\/07\\\/mta_robotics_material_preparation_supply_systems_MRC500_robotic_cell.png\",\"datePublished\":\"2019-07-17T09:13:36+00:00\",\"dateModified\":\"2026-03-30T06:59:04+00:00\",\"description\":\"For material preparation and supply, mta robotics offers flexible solutions to ensure high quality of dispensed material.\",\"breadcrumb\":{\"@id\":\"https:\\\/\\\/mtarobotics.com\\\/products\\\/dispensing-products\\\/dispensing-robots\\\/material-preparation-systems\\\/#breadcrumb\"},\"inLanguage\":\"de\",\"potentialAction\":[{\"@type\":\"ReadAction\",\"target\":[\"https:\\\/\\\/mtarobotics.com\\\/products\\\/dispensing-products\\\/dispensing-robots\\\/material-preparation-systems\\\/\"]}]},{\"@type\":\"ImageObject\",\"inLanguage\":\"de\",\"@id\":\"https:\\\/\\\/mtarobotics.com\\\/products\\\/dispensing-products\\\/dispensing-robots\\\/material-preparation-systems\\\/#primaryimage\",\"url\":\"https:\\\/\\\/mtarobotics.com\\\/wp-content\\\/uploads\\\/2019\\\/07\\\/mta_robotics_material_preparation_supply_systems_MRC500_robotic_cell.png\",\"contentUrl\":\"https:\\\/\\\/mtarobotics.com\\\/wp-content\\\/uploads\\\/2019\\\/07\\\/mta_robotics_material_preparation_supply_systems_MRC500_robotic_cell.png\",\"width\":2000,\"height\":1814,\"caption\":\"mta material preparation and supply systems\"},{\"@type\":\"BreadcrumbList\",\"@id\":\"https:\\\/\\\/mtarobotics.com\\\/products\\\/dispensing-products\\\/dispensing-robots\\\/material-preparation-systems\\\/#breadcrumb\",\"itemListElement\":[{\"@type\":\"ListItem\",\"position\":1,\"name\":\"Home\",\"item\":\"https:\\\/\\\/mtarobotics.com\\\/\"},{\"@type\":\"ListItem\",\"position\":2,\"name\":\"Global product range\",\"item\":\"https:\\\/\\\/mtarobotics.com\\\/products\\\/\"},{\"@type\":\"ListItem\",\"position\":3,\"name\":\"Material preparation &#038; supply systems\"}]},{\"@type\":\"WebSite\",\"@id\":\"https:\\\/\\\/mtarobotics.com\\\/#website\",\"url\":\"https:\\\/\\\/mtarobotics.com\\\/\",\"name\":\"mta robotics\",\"description\":\"Robotics for soldering and dispensing\",\"publisher\":{\"@id\":\"https:\\\/\\\/mtarobotics.com\\\/#organization\"},\"potentialAction\":[{\"@type\":\"SearchAction\",\"target\":{\"@type\":\"EntryPoint\",\"urlTemplate\":\"https:\\\/\\\/mtarobotics.com\\\/?s={search_term_string}\"},\"query-input\":{\"@type\":\"PropertyValueSpecification\",\"valueRequired\":true,\"valueName\":\"search_term_string\"}}],\"inLanguage\":\"de\"},{\"@type\":\"Organization\",\"@id\":\"https:\\\/\\\/mtarobotics.com\\\/#organization\",\"name\":\"Mta robotics\",\"url\":\"https:\\\/\\\/mtarobotics.com\\\/\",\"logo\":{\"@type\":\"ImageObject\",\"inLanguage\":\"de\",\"@id\":\"https:\\\/\\\/mtarobotics.com\\\/#\\\/schema\\\/logo\\\/image\\\/\",\"url\":\"https:\\\/\\\/mtarobotics.com\\\/wp-content\\\/uploads\\\/2019\\\/03\\\/mta.png\",\"contentUrl\":\"https:\\\/\\\/mtarobotics.com\\\/wp-content\\\/uploads\\\/2019\\\/03\\\/mta.png\",\"width\":170,\"height\":84,\"caption\":\"Mta robotics\"},\"image\":{\"@id\":\"https:\\\/\\\/mtarobotics.com\\\/#\\\/schema\\\/logo\\\/image\\\/\"}}]}<\/script>\n<!-- \/ Yoast SEO plugin. -->","yoast_head_json":{"title":"Materialaufbereitung und Versorgungssysteme","description":"F\u00fcr die Materialaufbereitung und -zufuhr bietet mta robotics flexible L\u00f6sungen, um eine hohe Qualit\u00e4t des dosierten Materials zu gew\u00e4hrleisten.","robots":{"index":"index","follow":"follow","max-snippet":"max-snippet:-1","max-image-preview":"max-image-preview:large","max-video-preview":"max-video-preview:-1"},"canonical":"https:\/\/mtarobotics.com\/de\/produkte\/dosierprodukte\/dosierroboter\/materialaufbereitung-und-zufuehrung\/","og_locale":"de_DE","og_type":"article","og_title":"Material preparation and supply systems","og_description":"For material preparation and supply, mta robotics offers flexible solutions to ensure high quality of dispensed material.","og_url":"https:\/\/mtarobotics.com\/de\/produkte\/dosierprodukte\/dosierroboter\/materialaufbereitung-und-zufuehrung\/","og_site_name":"mta robotics","article_modified_time":"2026-03-30T06:59:04+00:00","og_image":[{"width":1024,"height":929,"url":"https:\/\/mtarobotics.com\/wp-content\/uploads\/2019\/07\/mta_robotics_material_preparation_supply_systems_MRC500_robotic_cell-1024x929.png","type":"image\/png"}],"twitter_card":"summary_large_image","twitter_misc":{"Gesch\u00e4tzte Lesezeit":"2\u00a0Minuten"},"schema":{"@context":"https:\/\/schema.org","@graph":[{"@type":"WebPage","@id":"https:\/\/mtarobotics.com\/products\/dispensing-products\/dispensing-robots\/material-preparation-systems\/","url":"https:\/\/mtarobotics.com\/products\/dispensing-products\/dispensing-robots\/material-preparation-systems\/","name":"Materialaufbereitung und Versorgungssysteme","isPartOf":{"@id":"https:\/\/mtarobotics.com\/#website"},"primaryImageOfPage":{"@id":"https:\/\/mtarobotics.com\/products\/dispensing-products\/dispensing-robots\/material-preparation-systems\/#primaryimage"},"image":{"@id":"https:\/\/mtarobotics.com\/products\/dispensing-products\/dispensing-robots\/material-preparation-systems\/#primaryimage"},"thumbnailUrl":"https:\/\/mtarobotics.com\/wp-content\/uploads\/2019\/07\/mta_robotics_material_preparation_supply_systems_MRC500_robotic_cell.png","datePublished":"2019-07-17T09:13:36+00:00","dateModified":"2026-03-30T06:59:04+00:00","description":"F\u00fcr die Materialaufbereitung und -zufuhr bietet mta robotics flexible L\u00f6sungen, um eine hohe Qualit\u00e4t des dosierten Materials zu gew\u00e4hrleisten.","breadcrumb":{"@id":"https:\/\/mtarobotics.com\/products\/dispensing-products\/dispensing-robots\/material-preparation-systems\/#breadcrumb"},"inLanguage":"de","potentialAction":[{"@type":"ReadAction","target":["https:\/\/mtarobotics.com\/products\/dispensing-products\/dispensing-robots\/material-preparation-systems\/"]}]},{"@type":"ImageObject","inLanguage":"de","@id":"https:\/\/mtarobotics.com\/products\/dispensing-products\/dispensing-robots\/material-preparation-systems\/#primaryimage","url":"https:\/\/mtarobotics.com\/wp-content\/uploads\/2019\/07\/mta_robotics_material_preparation_supply_systems_MRC500_robotic_cell.png","contentUrl":"https:\/\/mtarobotics.com\/wp-content\/uploads\/2019\/07\/mta_robotics_material_preparation_supply_systems_MRC500_robotic_cell.png","width":2000,"height":1814,"caption":"mta material preparation and supply systems"},{"@type":"BreadcrumbList","@id":"https:\/\/mtarobotics.com\/products\/dispensing-products\/dispensing-robots\/material-preparation-systems\/#breadcrumb","itemListElement":[{"@type":"ListItem","position":1,"name":"Home","item":"https:\/\/mtarobotics.com\/"},{"@type":"ListItem","position":2,"name":"Global product range","item":"https:\/\/mtarobotics.com\/products\/"},{"@type":"ListItem","position":3,"name":"Material preparation &#038; supply systems"}]},{"@type":"WebSite","@id":"https:\/\/mtarobotics.com\/#website","url":"https:\/\/mtarobotics.com\/","name":"mta robotics","description":"Robotertechnik f\u00fcr L\u00f6ten und Dosieren","publisher":{"@id":"https:\/\/mtarobotics.com\/#organization"},"potentialAction":[{"@type":"SearchAction","target":{"@type":"EntryPoint","urlTemplate":"https:\/\/mtarobotics.com\/?s={search_term_string}"},"query-input":{"@type":"PropertyValueSpecification","valueRequired":true,"valueName":"search_term_string"}}],"inLanguage":"de"},{"@type":"Organization","@id":"https:\/\/mtarobotics.com\/#organization","name":"Mta-Robotik","url":"https:\/\/mtarobotics.com\/","logo":{"@type":"ImageObject","inLanguage":"de","@id":"https:\/\/mtarobotics.com\/#\/schema\/logo\/image\/","url":"https:\/\/mtarobotics.com\/wp-content\/uploads\/2019\/03\/mta.png","contentUrl":"https:\/\/mtarobotics.com\/wp-content\/uploads\/2019\/03\/mta.png","width":170,"height":84,"caption":"Mta robotics"},"image":{"@id":"https:\/\/mtarobotics.com\/#\/schema\/logo\/image\/"}}]}},"_links":{"self":[{"href":"https:\/\/mtarobotics.com\/de\/wp-json\/wp\/v2\/product\/2167","targetHints":{"allow":["GET"]}}],"collection":[{"href":"https:\/\/mtarobotics.com\/de\/wp-json\/wp\/v2\/product"}],"about":[{"href":"https:\/\/mtarobotics.com\/de\/wp-json\/wp\/v2\/types\/product"}],"wp:featuredmedia":[{"embeddable":true,"href":"https:\/\/mtarobotics.com\/de\/wp-json\/wp\/v2\/media\/23773"}],"wp:attachment":[{"href":"https:\/\/mtarobotics.com\/de\/wp-json\/wp\/v2\/media?parent=2167"}],"wp:term":[{"taxonomy":"product_brand","embeddable":true,"href":"https:\/\/mtarobotics.com\/de\/wp-json\/wp\/v2\/product_brand?post=2167"},{"taxonomy":"product_cat","embeddable":true,"href":"https:\/\/mtarobotics.com\/de\/wp-json\/wp\/v2\/product_cat?post=2167"},{"taxonomy":"product_tag","embeddable":true,"href":"https:\/\/mtarobotics.com\/de\/wp-json\/wp\/v2\/product_tag?post=2167"}],"curies":[{"name":"wp","href":"https:\/\/api.w.org\/{rel}","templated":true}]}}