{"id":26468,"date":"2025-09-09T15:15:47","date_gmt":"2025-09-09T13:15:47","guid":{"rendered":"https:\/\/mtarobotics.com\/?post_type=product&#038;p=26468"},"modified":"2026-02-12T15:49:39","modified_gmt":"2026-02-12T14:49:39","slug":"entgasungssystem","status":"publish","type":"product","link":"https:\/\/mtarobotics.com\/de\/products\/dispensing-products\/dispensing-heads\/degassing-system\/","title":{"rendered":"Entgasungssystem"},"content":{"rendered":"<h3 data-start=\"157\" data-end=\"211\"><strong data-start=\"157\" data-end=\"209\">Effiziente Entgasung von hochviskosen Materialien<\/strong><\/h3>\n<p data-start=\"81\" data-end=\"277\">Das Entgasungssystem wird mit allem geliefert <a href=\"https:\/\/mtarobotics.com\/de\/produkte\/mta-dispensing-products\/dosier-ersatzteile\/entgasungssystem\/#ywtm-custom-tab-724\">mitgelieferte Ausr\u00fcstung<\/a> detailliert unten. Speziell f\u00fcr hochviskose Materialien entwickelt, die sich nicht selbst entgasen, entfernt es effizient Gas- und Luftblasen, um eine zuverl\u00e4ssige, gleichm\u00e4\u00dfige und fehlerfreie Dosierung in Druckanwendungen zu gew\u00e4hrleisten.<\/p>\n<p data-start=\"279\" data-end=\"550\">Die Entgasung findet direkt im Beh\u00e4lter statt. Mit einer Auswahl an R\u00fchrern und Steigungen kann das System an unterschiedliche Produkte angepasst werden. Dank robuster Bauweise und dem Verzicht auf verschlei\u00dfanf\u00e4llige Dichtungen zeichnet sich das Entgasungssystem durch Langlebigkeit und geringen Wartungsaufwand aus.<\/p>\n<p data-start=\"552\" data-end=\"756\">In Kombination mit dem Tank bereitet die Entgasungseinheit Produkte vor der Ausgabe vor. Eine spezielle <a href=\"https:\/\/mtarobotics.com\/de\/produkte\/mta-dispensing-products\/dosier-ersatzteile\/entgasungssystem\/#tab-ywtm_26487\">Steuerung<\/a> verwaltet den Prozess f\u00fcr einfache Vorg\u00e4nge. Zus\u00e4tzlich steht optional eine Vakuumpumpe zur Verf\u00fcgung.<\/p>\n<h3 data-start=\"147\" data-end=\"187\">Regelm\u00e4\u00dfige Inspektion und Wartung<\/h3>\n<p data-start=\"116\" data-end=\"312\">Das Entgasungssystem erfordert nur eine begrenzte Wartung. Regelm\u00e4\u00dfige \u00dcberpr\u00fcfungen des Klingenzustands werden jedoch empfohlen und ein Austausch sollte erfolgen, sobald Verschlei\u00dferscheinungen auftreten.<\/p>\n<p data-start=\"314\" data-end=\"572\">Zus\u00e4tzlich k\u00f6nnen Wartungsarbeiten entweder bei Bedarf oder nach Betriebsstunden durchgef\u00fchrt werden. F\u00fcr gr\u00f6\u00dferen Komfort k\u00f6nnen Sie auch Unterst\u00fctzung von mta robotics anfordern, damit erfahrene Spezialisten diese Dienstleistungen \u00fcbernehmen k\u00f6nnen.<\/p>\n<p data-start=\"574\" data-end=\"790\">Sowohl die Messer als auch die Steigung k\u00f6nnen ausgetauscht oder an das zu verarbeitende Produkt angepasst werden. Dadurch bietet das System maximale Flexibilit\u00e4t und gew\u00e4hrleistet eine gleichbleibende Leistung sowie eine langfristige Zuverl\u00e4ssigkeit.<\/p>\n<h3 data-start=\"147\" data-end=\"187\"><span style=\"font-size: 18.72px;\">3 Gr\u00fcnde, sich f\u00fcr das Entgasungssystem zu entscheiden<\/span><\/h3>\n<ol>\n<li><strong data-start=\"114\" data-end=\"144\">Zuverl\u00e4ssig und benutzerfreundlich<\/strong> \u2013 Perfekt konzipiert f\u00fcr die m\u00fchelose Verarbeitung von hochviskosen Materialien.<\/li>\n<li><strong data-start=\"219\" data-end=\"242\">Blasenfreie Ergebnisse<\/strong> \u2013 Stellen Sie eine makellose, konsistente Ausgabe f\u00fcr Ihre n\u00e4chste Dosieranwendung sicher.<\/li>\n<li><strong data-start=\"324\" data-end=\"354\">Leicht zu reinigen und zu pflegen<\/strong> \u2013 Minimieren Sie Ausfallzeiten mit einem System, das f\u00fcr schnelle Wartung ausgelegt ist.<\/li>\n<\/ol>","protected":false},"excerpt":{"rendered":"<h3 data-start=\"157\" data-end=\"211\"><strong data-start=\"157\" data-end=\"209\">Effiziente Entgasung von hochviskosen Materialien<\/strong><\/h3>\n<p data-start=\"81\" data-end=\"277\">Das Entgasungssystem wird mit allem geliefert <a href=\"https:\/\/mtarobotics.com\/de\/produkte\/mta-dispensing-products\/dosier-ersatzteile\/entgasungssystem\/#ywtm-custom-tab-724\">mitgelieferte Ausr\u00fcstung<\/a> detailliert unten. Speziell f\u00fcr hochviskose Materialien entwickelt, die sich nicht selbst entgasen, entfernt es effizient Gas- und Luftblasen, um eine zuverl\u00e4ssige, gleichm\u00e4\u00dfige und fehlerfreie Dosierung in Druckanwendungen zu gew\u00e4hrleisten.<\/p>\n<p data-start=\"279\" data-end=\"550\">Die Entgasung findet direkt im Beh\u00e4lter statt. Mit einer Auswahl an R\u00fchrern und Steigungen kann das System an unterschiedliche Produkte angepasst werden. Dank robuster Bauweise und dem Verzicht auf verschlei\u00dfanf\u00e4llige Dichtungen zeichnet sich das Entgasungssystem durch Langlebigkeit und geringen Wartungsaufwand aus.<\/p>\n<p data-start=\"552\" data-end=\"756\">In Kombination mit dem Tank bereitet die Entgasungseinheit Produkte vor der Ausgabe vor. Eine spezielle <a href=\"https:\/\/mtarobotics.com\/de\/produkte\/mta-dispensing-products\/dosier-ersatzteile\/entgasungssystem\/#tab-ywtm_26487\">Steuerung<\/a> verwaltet den Prozess f\u00fcr einfache Vorg\u00e4nge. Zus\u00e4tzlich steht optional eine Vakuumpumpe zur Verf\u00fcgung.<\/p>\n<h3 data-start=\"147\" data-end=\"187\">Regelm\u00e4\u00dfige Inspektion und Wartung<\/h3>\n<p data-start=\"116\" data-end=\"312\">Das Entgasungssystem erfordert nur eine begrenzte Wartung. Regelm\u00e4\u00dfige \u00dcberpr\u00fcfungen des Klingenzustands werden jedoch empfohlen und ein Austausch sollte erfolgen, sobald Verschlei\u00dferscheinungen auftreten.<\/p>\n<p data-start=\"314\" data-end=\"572\">Zus\u00e4tzlich k\u00f6nnen Wartungsarbeiten entweder bei Bedarf oder nach Betriebsstunden durchgef\u00fchrt werden. F\u00fcr gr\u00f6\u00dferen Komfort k\u00f6nnen Sie auch Unterst\u00fctzung von mta robotics anfordern, damit erfahrene Spezialisten diese Dienstleistungen \u00fcbernehmen k\u00f6nnen.<\/p>\n<p data-start=\"574\" data-end=\"790\">Sowohl die Messer als auch die Steigung k\u00f6nnen ausgetauscht oder an das zu verarbeitende Produkt angepasst werden. Dadurch bietet das System maximale Flexibilit\u00e4t und gew\u00e4hrleistet eine gleichbleibende Leistung sowie eine langfristige Zuverl\u00e4ssigkeit.<\/p>\n<h3 data-start=\"147\" data-end=\"187\"><span style=\"font-size: 18.72px;\">3 Gr\u00fcnde, sich f\u00fcr das Entgasungssystem zu entscheiden<\/span><\/h3>\n<ol>\n<li><strong data-start=\"114\" data-end=\"144\">Zuverl\u00e4ssig und benutzerfreundlich<\/strong> \u2013 Perfekt konzipiert f\u00fcr die m\u00fchelose Verarbeitung von hochviskosen Materialien.<\/li>\n<li><strong data-start=\"219\" data-end=\"242\">Blasenfreie Ergebnisse<\/strong> \u2013 Stellen Sie eine makellose, konsistente Ausgabe f\u00fcr Ihre n\u00e4chste Dosieranwendung sicher.<\/li>\n<li><strong data-start=\"324\" data-end=\"354\">Leicht zu reinigen und zu pflegen<\/strong> \u2013 Minimieren Sie Ausfallzeiten mit einem System, das f\u00fcr schnelle Wartung ausgelegt ist.<\/li>\n<\/ol>","protected":false},"featured_media":26477,"template":"","meta":{"_acf_changed":false},"product_brand":[],"product_cat":[58,31],"product_tag":[],"class_list":{"0":"post-26468","1":"product","2":"type-product","3":"status-publish","4":"has-post-thumbnail","6":"product_cat-dispensing-heads","7":"product_cat-dispensing-products","9":"first","10":"instock","11":"taxable","12":"shipping-taxable","13":"purchasable","14":"product-type-simple"},"acf":{"additionnal_product_infos":false,"infos_steps":"Minimum order quantity: 10.<br>\r\nDiscount available for higher volumes","contact_button":true,"promo_badge":false,"promo_badge_on_list":false,"text_promo_bage":"badge","couleur_promo_badge":"#02cfdd"},"yoast_head":"<!-- This site is optimized with the Yoast SEO plugin v27.5 - https:\/\/yoast.com\/product\/yoast-seo-wordpress\/ -->\n<title>Degassing system - buy online<\/title>\n<meta name=\"description\" content=\"The degassing system comes with all the equipment detailed below. Specially designed for high-viscosity materials that do not self-degas,\" \/>\n<meta name=\"robots\" content=\"index, follow, max-snippet:-1, max-image-preview:large, max-video-preview:-1\" \/>\n<link rel=\"canonical\" href=\"https:\/\/mtarobotics.com\/de\/produkte\/dosierprodukte\/dosierkoepfe\/entgasungssystem\/\" \/>\n<meta property=\"og:locale\" content=\"de_DE\" \/>\n<meta property=\"og:type\" content=\"article\" \/>\n<meta property=\"og:title\" content=\"Degassing system - buy online\" \/>\n<meta property=\"og:description\" content=\"The degassing system comes with all the equipment detailed below. Specially designed for high-viscosity materials that do not self-degas,\" \/>\n<meta property=\"og:url\" content=\"https:\/\/mtarobotics.com\/de\/produkte\/dosierprodukte\/dosierkoepfe\/entgasungssystem\/\" \/>\n<meta property=\"og:site_name\" content=\"mta robotics\" \/>\n<meta property=\"article:modified_time\" content=\"2026-02-12T14:49:39+00:00\" \/>\n<meta property=\"og:image\" content=\"https:\/\/mtarobotics.com\/wp-content\/uploads\/2025\/09\/mta_robotics-dispensing-degassing-system-09-2025.png\" \/>\n\t<meta property=\"og:image:width\" content=\"1003\" \/>\n\t<meta property=\"og:image:height\" content=\"1208\" \/>\n\t<meta property=\"og:image:type\" content=\"image\/png\" \/>\n<meta name=\"twitter:card\" content=\"summary_large_image\" \/>\n<meta name=\"twitter:label1\" content=\"Gesch\u00e4tzte Lesezeit\" \/>\n\t<meta name=\"twitter:data1\" content=\"2\u00a0Minuten\" \/>\n<script type=\"application\/ld+json\" class=\"yoast-schema-graph\">{\"@context\":\"https:\\\/\\\/schema.org\",\"@graph\":[{\"@type\":\"WebPage\",\"@id\":\"https:\\\/\\\/mtarobotics.com\\\/products\\\/dispensing-products\\\/dispensing-heads\\\/degassing-system\\\/\",\"url\":\"https:\\\/\\\/mtarobotics.com\\\/products\\\/dispensing-products\\\/dispensing-heads\\\/degassing-system\\\/\",\"name\":\"Degassing system - buy online\",\"isPartOf\":{\"@id\":\"https:\\\/\\\/mtarobotics.com\\\/#website\"},\"primaryImageOfPage\":{\"@id\":\"https:\\\/\\\/mtarobotics.com\\\/products\\\/dispensing-products\\\/dispensing-heads\\\/degassing-system\\\/#primaryimage\"},\"image\":{\"@id\":\"https:\\\/\\\/mtarobotics.com\\\/products\\\/dispensing-products\\\/dispensing-heads\\\/degassing-system\\\/#primaryimage\"},\"thumbnailUrl\":\"https:\\\/\\\/mtarobotics.com\\\/wp-content\\\/uploads\\\/2025\\\/09\\\/mta_robotics-dispensing-degassing-system-09-2025.png\",\"datePublished\":\"2025-09-09T13:15:47+00:00\",\"dateModified\":\"2026-02-12T14:49:39+00:00\",\"description\":\"The degassing system comes with all the equipment detailed below. Specially designed for high-viscosity materials that do not self-degas,\",\"breadcrumb\":{\"@id\":\"https:\\\/\\\/mtarobotics.com\\\/products\\\/dispensing-products\\\/dispensing-heads\\\/degassing-system\\\/#breadcrumb\"},\"inLanguage\":\"de\",\"potentialAction\":[{\"@type\":\"ReadAction\",\"target\":[\"https:\\\/\\\/mtarobotics.com\\\/products\\\/dispensing-products\\\/dispensing-heads\\\/degassing-system\\\/\"]}]},{\"@type\":\"ImageObject\",\"inLanguage\":\"de\",\"@id\":\"https:\\\/\\\/mtarobotics.com\\\/products\\\/dispensing-products\\\/dispensing-heads\\\/degassing-system\\\/#primaryimage\",\"url\":\"https:\\\/\\\/mtarobotics.com\\\/wp-content\\\/uploads\\\/2025\\\/09\\\/mta_robotics-dispensing-degassing-system-09-2025.png\",\"contentUrl\":\"https:\\\/\\\/mtarobotics.com\\\/wp-content\\\/uploads\\\/2025\\\/09\\\/mta_robotics-dispensing-degassing-system-09-2025.png\",\"width\":1003,\"height\":1208,\"caption\":\"mta robotics degassing system\"},{\"@type\":\"BreadcrumbList\",\"@id\":\"https:\\\/\\\/mtarobotics.com\\\/products\\\/dispensing-products\\\/dispensing-heads\\\/degassing-system\\\/#breadcrumb\",\"itemListElement\":[{\"@type\":\"ListItem\",\"position\":1,\"name\":\"Home\",\"item\":\"https:\\\/\\\/mtarobotics.com\\\/\"},{\"@type\":\"ListItem\",\"position\":2,\"name\":\"Global product range\",\"item\":\"https:\\\/\\\/mtarobotics.com\\\/products\\\/\"},{\"@type\":\"ListItem\",\"position\":3,\"name\":\"Degassing system\"}]},{\"@type\":\"WebSite\",\"@id\":\"https:\\\/\\\/mtarobotics.com\\\/#website\",\"url\":\"https:\\\/\\\/mtarobotics.com\\\/\",\"name\":\"mta robotics\",\"description\":\"Robotics for soldering and dispensing\",\"publisher\":{\"@id\":\"https:\\\/\\\/mtarobotics.com\\\/#organization\"},\"potentialAction\":[{\"@type\":\"SearchAction\",\"target\":{\"@type\":\"EntryPoint\",\"urlTemplate\":\"https:\\\/\\\/mtarobotics.com\\\/?s={search_term_string}\"},\"query-input\":{\"@type\":\"PropertyValueSpecification\",\"valueRequired\":true,\"valueName\":\"search_term_string\"}}],\"inLanguage\":\"de\"},{\"@type\":\"Organization\",\"@id\":\"https:\\\/\\\/mtarobotics.com\\\/#organization\",\"name\":\"Mta robotics\",\"url\":\"https:\\\/\\\/mtarobotics.com\\\/\",\"logo\":{\"@type\":\"ImageObject\",\"inLanguage\":\"de\",\"@id\":\"https:\\\/\\\/mtarobotics.com\\\/#\\\/schema\\\/logo\\\/image\\\/\",\"url\":\"https:\\\/\\\/mtarobotics.com\\\/wp-content\\\/uploads\\\/2019\\\/03\\\/mta.png\",\"contentUrl\":\"https:\\\/\\\/mtarobotics.com\\\/wp-content\\\/uploads\\\/2019\\\/03\\\/mta.png\",\"width\":170,\"height\":84,\"caption\":\"Mta robotics\"},\"image\":{\"@id\":\"https:\\\/\\\/mtarobotics.com\\\/#\\\/schema\\\/logo\\\/image\\\/\"}}]}<\/script>\n<!-- \/ Yoast SEO plugin. -->","yoast_head_json":{"title":"Entgasungssystem - online kaufen","description":"Das Entgasungssystem wird mit der unten aufgef\u00fchrten Ausr\u00fcstung geliefert. Speziell entwickelt f\u00fcr hochviskose Materialien, die sich nicht selbst entgasen,","robots":{"index":"index","follow":"follow","max-snippet":"max-snippet:-1","max-image-preview":"max-image-preview:large","max-video-preview":"max-video-preview:-1"},"canonical":"https:\/\/mtarobotics.com\/de\/produkte\/dosierprodukte\/dosierkoepfe\/entgasungssystem\/","og_locale":"de_DE","og_type":"article","og_title":"Degassing system - buy online","og_description":"The degassing system comes with all the equipment detailed below. Specially designed for high-viscosity materials that do not self-degas,","og_url":"https:\/\/mtarobotics.com\/de\/produkte\/dosierprodukte\/dosierkoepfe\/entgasungssystem\/","og_site_name":"mta robotics","article_modified_time":"2026-02-12T14:49:39+00:00","og_image":[{"width":1003,"height":1208,"url":"https:\/\/mtarobotics.com\/wp-content\/uploads\/2025\/09\/mta_robotics-dispensing-degassing-system-09-2025.png","type":"image\/png"}],"twitter_card":"summary_large_image","twitter_misc":{"Gesch\u00e4tzte Lesezeit":"2\u00a0Minuten"},"schema":{"@context":"https:\/\/schema.org","@graph":[{"@type":"WebPage","@id":"https:\/\/mtarobotics.com\/products\/dispensing-products\/dispensing-heads\/degassing-system\/","url":"https:\/\/mtarobotics.com\/products\/dispensing-products\/dispensing-heads\/degassing-system\/","name":"Entgasungssystem - online kaufen","isPartOf":{"@id":"https:\/\/mtarobotics.com\/#website"},"primaryImageOfPage":{"@id":"https:\/\/mtarobotics.com\/products\/dispensing-products\/dispensing-heads\/degassing-system\/#primaryimage"},"image":{"@id":"https:\/\/mtarobotics.com\/products\/dispensing-products\/dispensing-heads\/degassing-system\/#primaryimage"},"thumbnailUrl":"https:\/\/mtarobotics.com\/wp-content\/uploads\/2025\/09\/mta_robotics-dispensing-degassing-system-09-2025.png","datePublished":"2025-09-09T13:15:47+00:00","dateModified":"2026-02-12T14:49:39+00:00","description":"Das Entgasungssystem wird mit der unten aufgef\u00fchrten Ausr\u00fcstung geliefert. Speziell entwickelt f\u00fcr hochviskose Materialien, die sich nicht selbst entgasen,","breadcrumb":{"@id":"https:\/\/mtarobotics.com\/products\/dispensing-products\/dispensing-heads\/degassing-system\/#breadcrumb"},"inLanguage":"de","potentialAction":[{"@type":"ReadAction","target":["https:\/\/mtarobotics.com\/products\/dispensing-products\/dispensing-heads\/degassing-system\/"]}]},{"@type":"ImageObject","inLanguage":"de","@id":"https:\/\/mtarobotics.com\/products\/dispensing-products\/dispensing-heads\/degassing-system\/#primaryimage","url":"https:\/\/mtarobotics.com\/wp-content\/uploads\/2025\/09\/mta_robotics-dispensing-degassing-system-09-2025.png","contentUrl":"https:\/\/mtarobotics.com\/wp-content\/uploads\/2025\/09\/mta_robotics-dispensing-degassing-system-09-2025.png","width":1003,"height":1208,"caption":"mta robotics degassing system"},{"@type":"BreadcrumbList","@id":"https:\/\/mtarobotics.com\/products\/dispensing-products\/dispensing-heads\/degassing-system\/#breadcrumb","itemListElement":[{"@type":"ListItem","position":1,"name":"Home","item":"https:\/\/mtarobotics.com\/"},{"@type":"ListItem","position":2,"name":"Global product range","item":"https:\/\/mtarobotics.com\/products\/"},{"@type":"ListItem","position":3,"name":"Degassing system"}]},{"@type":"WebSite","@id":"https:\/\/mtarobotics.com\/#website","url":"https:\/\/mtarobotics.com\/","name":"mta robotics","description":"Robotertechnik f\u00fcr L\u00f6ten und Dosieren","publisher":{"@id":"https:\/\/mtarobotics.com\/#organization"},"potentialAction":[{"@type":"SearchAction","target":{"@type":"EntryPoint","urlTemplate":"https:\/\/mtarobotics.com\/?s={search_term_string}"},"query-input":{"@type":"PropertyValueSpecification","valueRequired":true,"valueName":"search_term_string"}}],"inLanguage":"de"},{"@type":"Organization","@id":"https:\/\/mtarobotics.com\/#organization","name":"Mta-Robotik","url":"https:\/\/mtarobotics.com\/","logo":{"@type":"ImageObject","inLanguage":"de","@id":"https:\/\/mtarobotics.com\/#\/schema\/logo\/image\/","url":"https:\/\/mtarobotics.com\/wp-content\/uploads\/2019\/03\/mta.png","contentUrl":"https:\/\/mtarobotics.com\/wp-content\/uploads\/2019\/03\/mta.png","width":170,"height":84,"caption":"Mta robotics"},"image":{"@id":"https:\/\/mtarobotics.com\/#\/schema\/logo\/image\/"}}]}},"_links":{"self":[{"href":"https:\/\/mtarobotics.com\/de\/wp-json\/wp\/v2\/product\/26468","targetHints":{"allow":["GET"]}}],"collection":[{"href":"https:\/\/mtarobotics.com\/de\/wp-json\/wp\/v2\/product"}],"about":[{"href":"https:\/\/mtarobotics.com\/de\/wp-json\/wp\/v2\/types\/product"}],"wp:featuredmedia":[{"embeddable":true,"href":"https:\/\/mtarobotics.com\/de\/wp-json\/wp\/v2\/media\/26477"}],"wp:attachment":[{"href":"https:\/\/mtarobotics.com\/de\/wp-json\/wp\/v2\/media?parent=26468"}],"wp:term":[{"taxonomy":"product_brand","embeddable":true,"href":"https:\/\/mtarobotics.com\/de\/wp-json\/wp\/v2\/product_brand?post=26468"},{"taxonomy":"product_cat","embeddable":true,"href":"https:\/\/mtarobotics.com\/de\/wp-json\/wp\/v2\/product_cat?post=26468"},{"taxonomy":"product_tag","embeddable":true,"href":"https:\/\/mtarobotics.com\/de\/wp-json\/wp\/v2\/product_tag?post=26468"}],"curies":[{"name":"wp","href":"https:\/\/api.w.org\/{rel}","templated":true}]}}