{"id":26530,"date":"2025-10-02T14:35:41","date_gmt":"2025-10-02T12:35:41","guid":{"rendered":"https:\/\/mtarobotics.com\/?post_type=product&#038;p=26530"},"modified":"2026-02-12T15:49:42","modified_gmt":"2026-02-12T14:49:42","slug":"stationeditor-box-4-kit","status":"publish","type":"product","link":"https:\/\/mtarobotics.com\/de\/products\/dispensing-products\/dispensing-heads\/station-editor-box-4-kit\/","title":{"rendered":"StationEditor Box 4 Kit"},"content":{"rendered":"<h3 data-start=\"157\" data-end=\"211\"><strong data-start=\"157\" data-end=\"209\">Station Editor Box 4 Kit - Intelligente Steuerung f\u00fcr Mehrfachspender<\/strong><\/h3>\n<p data-start=\"394\" data-end=\"534\">Die SEB <strong>S<\/strong>tation <strong>E<\/strong>ditor <strong>B<\/strong>ox 4 kit ist eine kompakte, fortschrittliche Steuerung, die von mta robotics entwickelt wurde. Sie steuert bis zu vier mta CFD-Dispenser und ist damit eine vielseitige L\u00f6sung f\u00fcr modernes Dispensen.<\/p>\n<p data-start=\"536\" data-end=\"871\">Um maximale Flexibilit\u00e4t zu bieten, unterst\u00fctzt der SEB sowohl den Standalone-Betrieb als auch den automatischen Slave-Modus, der von einem Master-Ger\u00e4t gesteuert wird. Diese duale Konfiguration vereinfacht die Integration in Maschinen und Produktionslinien, wo die SEB einfach \u00fcber diskrete digitale E\/A oder Ethernet (TCP-IP) Kommunikation angeschlossen werden kann.<\/p>\n<p data-start=\"873\" data-end=\"1040\">Dar\u00fcber hinaus bietet der integrierte 7-Zoll-Touchscreen eine benutzerfreundliche Schnittstelle. Er erm\u00f6glicht den Bedienern eine pr\u00e4zise Anpassung der Parameter und eine Feinabstimmung der Dosiereinstellungen.<\/p>\n<p data-start=\"1042\" data-end=\"1263\">Dank ihres kompakten Designs, der vielseitigen Betriebsarten und der leistungsstarken Steuerungsfunktionen rationalisiert die Station Editor Box die Dosierprozesse f\u00fcr Fl\u00fcssigkeiten. Dadurch gew\u00e4hrleistet sie einen effizienten Betrieb in einer Vielzahl von Anwendungen.<\/p>\n<h3 data-start=\"147\" data-end=\"187\">Motorsteuerung mit Stationseditor-Box<\/h3>\n<p data-start=\"323\" data-end=\"431\">Der SEB erm\u00f6glicht die Steuerung von bis zu vier Motoren. Seine Konfigurationsm\u00f6glichkeiten umfassen:<\/p>\n<ul data-start=\"466\" data-end=\"722\">\n<li data-start=\"466\" data-end=\"554\">\n<p data-start=\"468\" data-end=\"554\">Es k\u00f6nnen bis zu vier mta CFD-Dispenser gleichzeitig angeschlossen werden.<\/p>\n<\/li>\n<li data-start=\"466\" data-end=\"554\">\n<p data-start=\"468\" data-end=\"554\">Integration eines dynamischen Mischers: Wenn ein dynamischer Mischer verwendet wird, belegt er den Anschluss 4. In dieser Konfiguration k\u00f6nnen bis zu drei CFDs an die Anschl\u00fcsse 1-3 angeschlossen werden.<\/p>\n<\/li>\n<\/ul>\n<p data-start=\"724\" data-end=\"857\">Dieser flexible Aufbau gew\u00e4hrleistet eine effiziente Verwaltung mehrerer Dispenser bei gleichzeitiger nahtloser Integration mit dynamischen Mischern.<b><i><\/i><\/b><\/p>","protected":false},"excerpt":{"rendered":"<p data-start=\"394\" data-end=\"534\">Die SEB <strong>S<\/strong>tation <strong>E<\/strong>ditor <strong>B<\/strong>ox 4 kit ist eine kompakte, fortschrittliche Steuerung, die von mta robotics entwickelt wurde. Sie steuert bis zu vier mta CFD-Dispenser und ist damit eine vielseitige L\u00f6sung f\u00fcr modernes Dispensen.<\/p>\n<p>&nbsp;<\/p>","protected":false},"featured_media":26541,"template":"","meta":{"_acf_changed":false},"product_brand":[],"product_cat":[58,31],"product_tag":[],"class_list":{"0":"post-26530","1":"product","2":"type-product","3":"status-publish","4":"has-post-thumbnail","6":"product_cat-dispensing-heads","7":"product_cat-dispensing-products","9":"first","10":"instock","11":"taxable","12":"shipping-taxable","13":"purchasable","14":"product-type-simple"},"acf":{"additionnal_product_infos":false,"infos_steps":"Minimum order quantity: 10.<br>\r\nDiscount available for higher volumes","contact_button":false,"promo_badge":false,"promo_badge_on_list":false,"text_promo_bage":"","couleur_promo_badge":"#038001"},"yoast_head":"<!-- This site is optimized with the Yoast SEO plugin v27.4 - https:\/\/yoast.com\/product\/yoast-seo-wordpress\/ -->\n<title>Station Editor Box 4 - buy online<\/title>\n<meta name=\"description\" content=\"The SEB Station Editor Box 4 kit is a compact, advanced controller developed by mta robotics. It operates up to four mta CFD dispensers,\" \/>\n<meta name=\"robots\" content=\"index, follow, max-snippet:-1, max-image-preview:large, max-video-preview:-1\" \/>\n<link rel=\"canonical\" href=\"https:\/\/mtarobotics.com\/de\/produkte\/dosierprodukte\/dosierkoepfe\/stationeditor-box-4-kit\/\" \/>\n<meta property=\"og:locale\" content=\"de_DE\" \/>\n<meta property=\"og:type\" content=\"article\" \/>\n<meta property=\"og:title\" content=\"Station Editor Box 4 - buy online\" \/>\n<meta property=\"og:description\" content=\"The SEB Station Editor Box 4 kit is a compact, advanced controller developed by mta robotics. It operates up to four mta CFD dispensers,\" \/>\n<meta property=\"og:url\" content=\"https:\/\/mtarobotics.com\/de\/produkte\/dosierprodukte\/dosierkoepfe\/stationeditor-box-4-kit\/\" \/>\n<meta property=\"og:site_name\" content=\"mta robotics\" \/>\n<meta property=\"article:modified_time\" content=\"2026-02-12T14:49:42+00:00\" \/>\n<meta property=\"og:image\" content=\"https:\/\/mtarobotics.com\/wp-content\/uploads\/2025\/10\/mta-robotics-Station-Editor-Box-4-10-2025-01.png\" \/>\n\t<meta property=\"og:image:width\" content=\"1500\" \/>\n\t<meta property=\"og:image:height\" content=\"1039\" \/>\n\t<meta property=\"og:image:type\" content=\"image\/png\" \/>\n<meta name=\"twitter:card\" content=\"summary_large_image\" \/>\n<meta name=\"twitter:label1\" content=\"Gesch\u00e4tzte Lesezeit\" \/>\n\t<meta name=\"twitter:data1\" content=\"2\u00a0Minuten\" \/>\n<script type=\"application\/ld+json\" class=\"yoast-schema-graph\">{\"@context\":\"https:\\\/\\\/schema.org\",\"@graph\":[{\"@type\":\"WebPage\",\"@id\":\"https:\\\/\\\/mtarobotics.com\\\/products\\\/dispensing-products\\\/dispensing-heads\\\/station-editor-box-4-kit\\\/\",\"url\":\"https:\\\/\\\/mtarobotics.com\\\/products\\\/dispensing-products\\\/dispensing-heads\\\/station-editor-box-4-kit\\\/\",\"name\":\"Station Editor Box 4 - buy online\",\"isPartOf\":{\"@id\":\"https:\\\/\\\/mtarobotics.com\\\/#website\"},\"primaryImageOfPage\":{\"@id\":\"https:\\\/\\\/mtarobotics.com\\\/products\\\/dispensing-products\\\/dispensing-heads\\\/station-editor-box-4-kit\\\/#primaryimage\"},\"image\":{\"@id\":\"https:\\\/\\\/mtarobotics.com\\\/products\\\/dispensing-products\\\/dispensing-heads\\\/station-editor-box-4-kit\\\/#primaryimage\"},\"thumbnailUrl\":\"https:\\\/\\\/mtarobotics.com\\\/wp-content\\\/uploads\\\/2025\\\/10\\\/mta-robotics-Station-Editor-Box-4-10-2025-01.png\",\"datePublished\":\"2025-10-02T12:35:41+00:00\",\"dateModified\":\"2026-02-12T14:49:42+00:00\",\"description\":\"The SEB Station Editor Box 4 kit is a compact, advanced controller developed by mta robotics. It operates up to four mta CFD dispensers,\",\"breadcrumb\":{\"@id\":\"https:\\\/\\\/mtarobotics.com\\\/products\\\/dispensing-products\\\/dispensing-heads\\\/station-editor-box-4-kit\\\/#breadcrumb\"},\"inLanguage\":\"de\",\"potentialAction\":[{\"@type\":\"ReadAction\",\"target\":[\"https:\\\/\\\/mtarobotics.com\\\/products\\\/dispensing-products\\\/dispensing-heads\\\/station-editor-box-4-kit\\\/\"]}]},{\"@type\":\"ImageObject\",\"inLanguage\":\"de\",\"@id\":\"https:\\\/\\\/mtarobotics.com\\\/products\\\/dispensing-products\\\/dispensing-heads\\\/station-editor-box-4-kit\\\/#primaryimage\",\"url\":\"https:\\\/\\\/mtarobotics.com\\\/wp-content\\\/uploads\\\/2025\\\/10\\\/mta-robotics-Station-Editor-Box-4-10-2025-01.png\",\"contentUrl\":\"https:\\\/\\\/mtarobotics.com\\\/wp-content\\\/uploads\\\/2025\\\/10\\\/mta-robotics-Station-Editor-Box-4-10-2025-01.png\",\"width\":1500,\"height\":1039,\"caption\":\"mta robotics Station Editor Box 4 for CFD dispensers\"},{\"@type\":\"BreadcrumbList\",\"@id\":\"https:\\\/\\\/mtarobotics.com\\\/products\\\/dispensing-products\\\/dispensing-heads\\\/station-editor-box-4-kit\\\/#breadcrumb\",\"itemListElement\":[{\"@type\":\"ListItem\",\"position\":1,\"name\":\"Home\",\"item\":\"https:\\\/\\\/mtarobotics.com\\\/\"},{\"@type\":\"ListItem\",\"position\":2,\"name\":\"Global product range\",\"item\":\"https:\\\/\\\/mtarobotics.com\\\/products\\\/\"},{\"@type\":\"ListItem\",\"position\":3,\"name\":\"Station Editor Box 4 kit\"}]},{\"@type\":\"WebSite\",\"@id\":\"https:\\\/\\\/mtarobotics.com\\\/#website\",\"url\":\"https:\\\/\\\/mtarobotics.com\\\/\",\"name\":\"mta robotics\",\"description\":\"Robotics for soldering and dispensing\",\"publisher\":{\"@id\":\"https:\\\/\\\/mtarobotics.com\\\/#organization\"},\"potentialAction\":[{\"@type\":\"SearchAction\",\"target\":{\"@type\":\"EntryPoint\",\"urlTemplate\":\"https:\\\/\\\/mtarobotics.com\\\/?s={search_term_string}\"},\"query-input\":{\"@type\":\"PropertyValueSpecification\",\"valueRequired\":true,\"valueName\":\"search_term_string\"}}],\"inLanguage\":\"de\"},{\"@type\":\"Organization\",\"@id\":\"https:\\\/\\\/mtarobotics.com\\\/#organization\",\"name\":\"Mta robotics\",\"url\":\"https:\\\/\\\/mtarobotics.com\\\/\",\"logo\":{\"@type\":\"ImageObject\",\"inLanguage\":\"de\",\"@id\":\"https:\\\/\\\/mtarobotics.com\\\/#\\\/schema\\\/logo\\\/image\\\/\",\"url\":\"https:\\\/\\\/mtarobotics.com\\\/wp-content\\\/uploads\\\/2019\\\/03\\\/mta.png\",\"contentUrl\":\"https:\\\/\\\/mtarobotics.com\\\/wp-content\\\/uploads\\\/2019\\\/03\\\/mta.png\",\"width\":170,\"height\":84,\"caption\":\"Mta robotics\"},\"image\":{\"@id\":\"https:\\\/\\\/mtarobotics.com\\\/#\\\/schema\\\/logo\\\/image\\\/\"}}]}<\/script>\n<!-- \/ Yoast SEO plugin. -->","yoast_head_json":{"title":"Station Editor Box 4 - online kaufen","description":"Das SEB Station Editor Box 4 Kit ist eine kompakte, fortschrittliche Steuerung, die von mta robotics entwickelt wurde. Sie steuert bis zu vier mta CFD-Dispenser,","robots":{"index":"index","follow":"follow","max-snippet":"max-snippet:-1","max-image-preview":"max-image-preview:large","max-video-preview":"max-video-preview:-1"},"canonical":"https:\/\/mtarobotics.com\/de\/produkte\/dosierprodukte\/dosierkoepfe\/stationeditor-box-4-kit\/","og_locale":"de_DE","og_type":"article","og_title":"Station Editor Box 4 - buy online","og_description":"The SEB Station Editor Box 4 kit is a compact, advanced controller developed by mta robotics. It operates up to four mta CFD dispensers,","og_url":"https:\/\/mtarobotics.com\/de\/produkte\/dosierprodukte\/dosierkoepfe\/stationeditor-box-4-kit\/","og_site_name":"mta robotics","article_modified_time":"2026-02-12T14:49:42+00:00","og_image":[{"width":1500,"height":1039,"url":"https:\/\/mtarobotics.com\/wp-content\/uploads\/2025\/10\/mta-robotics-Station-Editor-Box-4-10-2025-01.png","type":"image\/png"}],"twitter_card":"summary_large_image","twitter_misc":{"Gesch\u00e4tzte Lesezeit":"2\u00a0Minuten"},"schema":{"@context":"https:\/\/schema.org","@graph":[{"@type":"WebPage","@id":"https:\/\/mtarobotics.com\/products\/dispensing-products\/dispensing-heads\/station-editor-box-4-kit\/","url":"https:\/\/mtarobotics.com\/products\/dispensing-products\/dispensing-heads\/station-editor-box-4-kit\/","name":"Station Editor Box 4 - online kaufen","isPartOf":{"@id":"https:\/\/mtarobotics.com\/#website"},"primaryImageOfPage":{"@id":"https:\/\/mtarobotics.com\/products\/dispensing-products\/dispensing-heads\/station-editor-box-4-kit\/#primaryimage"},"image":{"@id":"https:\/\/mtarobotics.com\/products\/dispensing-products\/dispensing-heads\/station-editor-box-4-kit\/#primaryimage"},"thumbnailUrl":"https:\/\/mtarobotics.com\/wp-content\/uploads\/2025\/10\/mta-robotics-Station-Editor-Box-4-10-2025-01.png","datePublished":"2025-10-02T12:35:41+00:00","dateModified":"2026-02-12T14:49:42+00:00","description":"Das SEB Station Editor Box 4 Kit ist eine kompakte, fortschrittliche Steuerung, die von mta robotics entwickelt wurde. Sie steuert bis zu vier mta CFD-Dispenser,","breadcrumb":{"@id":"https:\/\/mtarobotics.com\/products\/dispensing-products\/dispensing-heads\/station-editor-box-4-kit\/#breadcrumb"},"inLanguage":"de","potentialAction":[{"@type":"ReadAction","target":["https:\/\/mtarobotics.com\/products\/dispensing-products\/dispensing-heads\/station-editor-box-4-kit\/"]}]},{"@type":"ImageObject","inLanguage":"de","@id":"https:\/\/mtarobotics.com\/products\/dispensing-products\/dispensing-heads\/station-editor-box-4-kit\/#primaryimage","url":"https:\/\/mtarobotics.com\/wp-content\/uploads\/2025\/10\/mta-robotics-Station-Editor-Box-4-10-2025-01.png","contentUrl":"https:\/\/mtarobotics.com\/wp-content\/uploads\/2025\/10\/mta-robotics-Station-Editor-Box-4-10-2025-01.png","width":1500,"height":1039,"caption":"mta robotics Station Editor Box 4 for CFD dispensers"},{"@type":"BreadcrumbList","@id":"https:\/\/mtarobotics.com\/products\/dispensing-products\/dispensing-heads\/station-editor-box-4-kit\/#breadcrumb","itemListElement":[{"@type":"ListItem","position":1,"name":"Home","item":"https:\/\/mtarobotics.com\/"},{"@type":"ListItem","position":2,"name":"Global product range","item":"https:\/\/mtarobotics.com\/products\/"},{"@type":"ListItem","position":3,"name":"Station Editor Box 4 kit"}]},{"@type":"WebSite","@id":"https:\/\/mtarobotics.com\/#website","url":"https:\/\/mtarobotics.com\/","name":"mta robotics","description":"Robotertechnik f\u00fcr L\u00f6ten und Dosieren","publisher":{"@id":"https:\/\/mtarobotics.com\/#organization"},"potentialAction":[{"@type":"SearchAction","target":{"@type":"EntryPoint","urlTemplate":"https:\/\/mtarobotics.com\/?s={search_term_string}"},"query-input":{"@type":"PropertyValueSpecification","valueRequired":true,"valueName":"search_term_string"}}],"inLanguage":"de"},{"@type":"Organization","@id":"https:\/\/mtarobotics.com\/#organization","name":"Mta-Robotik","url":"https:\/\/mtarobotics.com\/","logo":{"@type":"ImageObject","inLanguage":"de","@id":"https:\/\/mtarobotics.com\/#\/schema\/logo\/image\/","url":"https:\/\/mtarobotics.com\/wp-content\/uploads\/2019\/03\/mta.png","contentUrl":"https:\/\/mtarobotics.com\/wp-content\/uploads\/2019\/03\/mta.png","width":170,"height":84,"caption":"Mta robotics"},"image":{"@id":"https:\/\/mtarobotics.com\/#\/schema\/logo\/image\/"}}]}},"_links":{"self":[{"href":"https:\/\/mtarobotics.com\/de\/wp-json\/wp\/v2\/product\/26530","targetHints":{"allow":["GET"]}}],"collection":[{"href":"https:\/\/mtarobotics.com\/de\/wp-json\/wp\/v2\/product"}],"about":[{"href":"https:\/\/mtarobotics.com\/de\/wp-json\/wp\/v2\/types\/product"}],"wp:featuredmedia":[{"embeddable":true,"href":"https:\/\/mtarobotics.com\/de\/wp-json\/wp\/v2\/media\/26541"}],"wp:attachment":[{"href":"https:\/\/mtarobotics.com\/de\/wp-json\/wp\/v2\/media?parent=26530"}],"wp:term":[{"taxonomy":"product_brand","embeddable":true,"href":"https:\/\/mtarobotics.com\/de\/wp-json\/wp\/v2\/product_brand?post=26530"},{"taxonomy":"product_cat","embeddable":true,"href":"https:\/\/mtarobotics.com\/de\/wp-json\/wp\/v2\/product_cat?post=26530"},{"taxonomy":"product_tag","embeddable":true,"href":"https:\/\/mtarobotics.com\/de\/wp-json\/wp\/v2\/product_tag?post=26530"}],"curies":[{"name":"wp","href":"https:\/\/api.w.org\/{rel}","templated":true}]}}