{"id":26898,"date":"2025-11-20T10:51:48","date_gmt":"2025-11-20T09:51:48","guid":{"rendered":"https:\/\/mtarobotics.com\/?post_type=product&#038;p=26898"},"modified":"2026-03-18T13:37:55","modified_gmt":"2026-03-18T12:37:55","slug":"kartuschenabdeckung-fuer-dispenser-30-50-cc","status":"publish","type":"product","link":"https:\/\/mtarobotics.com\/de\/products\/dispensing-products\/dispensing-spare-parts\/dispensing-consumables\/dispensing-cartridge-cover-30-50-cc\/","title":{"rendered":"Kartuschenabdeckung f\u00fcr Dispenser 30cc\/50cc"},"content":{"rendered":"<div class=\"wpb_row vc_row-fluid\" data-speedfactor=\"-0.6\">\n<div class=\"vc_span8 wpb_column column_container\">\n<div id=\"mk-text-block-920\" class=\"mk-text-block\">\n<p>Eine robuste, ergonomisch gestaltete mta-Kartuschenabdeckung, die zur Vereinfachung und Rationalisierung der t\u00e4glichen Dosiervorg\u00e4nge entwickelt wurde. Die optimierte Geometrie sorgt f\u00fcr eine sichere Handhabung, einfache Manipulation und erh\u00f6hten Benutzerkomfort beim Kartuschenwechsel.<\/p>\n<p>Geeignet f\u00fcr Kartuschen mit einem Volumen von 30 bis 50 cc.<\/p>\n<\/div>\n<h3>Wesentliche Merkmale<\/h3>\n<div id=\"mk-text-block-920\" class=\"mk-text-block\">\n<p data-start=\"483\" data-end=\"618\"><strong data-start=\"485\" data-end=\"516\">Elegantes und funktionelles Design<\/strong><br data-start=\"516\" data-end=\"519\" \/>Glatte Konturen und eine ausgefeilte Geometrie sorgen f\u00fcr einen erstklassigen Look und verbessern gleichzeitig Grip und Kontrolle.<\/p>\n<p data-start=\"620\" data-end=\"760\"><strong data-start=\"622\" data-end=\"644\">Ergonomische Handhabung<\/strong><br data-start=\"644\" data-end=\"647\" \/>Das Design liegt gut in der Hand, verringert die Erm\u00fcdung des Bedieners und erm\u00f6glicht einen schnellen, intuitiven Patronenwechsel.<\/p>\n<p data-start=\"762\" data-end=\"895\"><strong data-start=\"764\" data-end=\"790\">Einfache Montage der Kartusche<\/strong><br data-start=\"790\" data-end=\"793\" \/>Der Deckel l\u00e4sst sich m\u00fchelos auf die Dosierkartusche aufstecken und gew\u00e4hrleistet eine stabile und zuverl\u00e4ssige Verbindung.<\/p>\n<p data-start=\"897\" data-end=\"1069\"><strong data-start=\"899\" data-end=\"931\">Schneller Anschluss an den Luftdruck<\/strong><br data-start=\"931\" data-end=\"934\" \/>Ausgestattet mit einem schnellen Plug-and-Play-System f\u00fcr ein schnelles Anbringen und Abnehmen des Druckluftschlauchs, was die Effizienz des Arbeitsablaufs verbessert.<\/p>\n<p data-start=\"1071\" data-end=\"1216\"><strong data-start=\"1073\" data-end=\"1093\">Auswechselbare Dichtung<\/strong><br data-start=\"1093\" data-end=\"1096\" \/>Ausgestattet mit einem modularen Dichtungssystem, das den Austausch der Dichtung bei Bedarf erm\u00f6glicht und so die Lebensdauer des Produkts verl\u00e4ngert.<\/p>\n<p data-start=\"1071\" data-end=\"1216\"><strong data-start=\"1220\" data-end=\"1242\">Hohe Kompatibilit\u00e4t<\/strong><br data-start=\"1242\" data-end=\"1245\" \/>Kompatibel mit den folgenden Patronenmarken: EFD, Semco, und viele mehr.<\/p>\n<\/div>\n<\/div>\n<\/div>","protected":false},"excerpt":{"rendered":"<div class=\"wpb_row vc_row-fluid\" data-speedfactor=\"-0.6\">\n<div class=\"vc_span8 wpb_column column_container\">\n<div id=\"mk-text-block-920\" class=\"mk-text-block\">\n<div class=\"wpb_row vc_row-fluid\" data-speedfactor=\"-0.6\">\n<div class=\"vc_span8 wpb_column column_container\">\n<div id=\"mk-text-block-920\" class=\"mk-text-block\">\n<div class=\"wpb_row vc_row-fluid\" data-speedfactor=\"-0.6\">\n<div class=\"vc_span8 wpb_column column_container\">\n<div id=\"mk-text-block-920\" class=\"mk-text-block\">\n<div class=\"wpb_row vc_row-fluid\" data-speedfactor=\"-0.6\">\n<div class=\"vc_span8 wpb_column column_container\">\n<div id=\"mk-text-block-920\" class=\"mk-text-block\">\n<p>mta Dosierkartuschenabdeckung sorgt daf\u00fcr, dass die Druckluft, die z.B. von einer Zapfs\u00e4ule bereitgestellt wird, verlustfrei zugef\u00fchrt wird.<\/p>\n<\/div>\n<\/div>\n<\/div>\n<\/div>\n<\/div>\n<\/div>\n<\/div>\n<\/div>\n<\/div>\n<\/div>\n<\/div>\n<\/div>","protected":false},"featured_media":26902,"template":"","meta":{"_acf_changed":false},"product_brand":[],"product_cat":[679],"product_tag":[],"class_list":{"0":"post-26898","1":"product","2":"type-product","3":"status-publish","4":"has-post-thumbnail","6":"product_cat-dispensing-consumables","8":"first","9":"instock","10":"taxable","11":"shipping-taxable","12":"purchasable","13":"product-type-simple"},"acf":{"additionnal_product_infos":false,"infos_steps":"Minimum order quantity: 10.<br>\r\nDiscount available for higher volumes","contact_button":false,"promo_badge":false,"promo_badge_on_list":false,"text_promo_bage":"","couleur_promo_badge":"#038001"},"yoast_head":"<!-- This site is optimized with the Yoast SEO plugin v27.5 - https:\/\/yoast.com\/product\/yoast-seo-wordpress\/ -->\n<title>mta dispensing cartridge cover 30cc\/50cc<\/title>\n<meta name=\"description\" content=\"A robust, ergonomically designed mta cartridge cover engineered to simplify and streamline daily dispensing operations. Its optimized geometry ensures\" \/>\n<meta name=\"robots\" content=\"index, follow, max-snippet:-1, max-image-preview:large, max-video-preview:-1\" \/>\n<link rel=\"canonical\" href=\"https:\/\/mtarobotics.com\/de\/produkte\/dosierprodukte\/dosier-ersatzteile\/dosierverbrauchsmaterialien\/kartuschenabdeckung-fuer-dispenser-30-50-cc\/\" \/>\n<meta property=\"og:locale\" content=\"de_DE\" \/>\n<meta property=\"og:type\" content=\"article\" \/>\n<meta property=\"og:title\" content=\"mta dispensing cartridge cover 30cc\/50cc\" \/>\n<meta property=\"og:description\" content=\"A robust, ergonomically designed mta cartridge cover engineered to simplify and streamline daily dispensing operations. Its optimized geometry ensures\" \/>\n<meta property=\"og:url\" content=\"https:\/\/mtarobotics.com\/de\/produkte\/dosierprodukte\/dosier-ersatzteile\/dosierverbrauchsmaterialien\/kartuschenabdeckung-fuer-dispenser-30-50-cc\/\" \/>\n<meta property=\"og:site_name\" content=\"mta robotics\" \/>\n<meta property=\"article:modified_time\" content=\"2026-03-18T12:37:55+00:00\" \/>\n<meta property=\"og:image\" content=\"https:\/\/mtarobotics.com\/wp-content\/uploads\/2025\/11\/mta-dispensing-cartridge-cover-3C00730-99-901-000-1.png\" \/>\n\t<meta property=\"og:image:width\" content=\"1024\" \/>\n\t<meta property=\"og:image:height\" content=\"1024\" \/>\n\t<meta property=\"og:image:type\" content=\"image\/png\" \/>\n<meta name=\"twitter:card\" content=\"summary_large_image\" \/>\n<meta name=\"twitter:label1\" content=\"Gesch\u00e4tzte Lesezeit\" \/>\n\t<meta name=\"twitter:data1\" content=\"1\u00a0Minute\" \/>\n<script type=\"application\/ld+json\" class=\"yoast-schema-graph\">{\"@context\":\"https:\\\/\\\/schema.org\",\"@graph\":[{\"@type\":\"WebPage\",\"@id\":\"https:\\\/\\\/mtarobotics.com\\\/products\\\/dispensing-products\\\/dispensing-spare-parts\\\/dispensing-consumables\\\/dispensing-cartridge-cover-30-50-cc\\\/\",\"url\":\"https:\\\/\\\/mtarobotics.com\\\/products\\\/dispensing-products\\\/dispensing-spare-parts\\\/dispensing-consumables\\\/dispensing-cartridge-cover-30-50-cc\\\/\",\"name\":\"mta dispensing cartridge cover 30cc\\\/50cc\",\"isPartOf\":{\"@id\":\"https:\\\/\\\/mtarobotics.com\\\/#website\"},\"primaryImageOfPage\":{\"@id\":\"https:\\\/\\\/mtarobotics.com\\\/products\\\/dispensing-products\\\/dispensing-spare-parts\\\/dispensing-consumables\\\/dispensing-cartridge-cover-30-50-cc\\\/#primaryimage\"},\"image\":{\"@id\":\"https:\\\/\\\/mtarobotics.com\\\/products\\\/dispensing-products\\\/dispensing-spare-parts\\\/dispensing-consumables\\\/dispensing-cartridge-cover-30-50-cc\\\/#primaryimage\"},\"thumbnailUrl\":\"https:\\\/\\\/mtarobotics.com\\\/wp-content\\\/uploads\\\/2025\\\/11\\\/mta-dispensing-cartridge-cover-3C00730-99-901-000-1.png\",\"datePublished\":\"2025-11-20T09:51:48+00:00\",\"dateModified\":\"2026-03-18T12:37:55+00:00\",\"description\":\"A robust, ergonomically designed mta cartridge cover engineered to simplify and streamline daily dispensing operations. Its optimized geometry ensures\",\"breadcrumb\":{\"@id\":\"https:\\\/\\\/mtarobotics.com\\\/products\\\/dispensing-products\\\/dispensing-spare-parts\\\/dispensing-consumables\\\/dispensing-cartridge-cover-30-50-cc\\\/#breadcrumb\"},\"inLanguage\":\"de\",\"potentialAction\":[{\"@type\":\"ReadAction\",\"target\":[\"https:\\\/\\\/mtarobotics.com\\\/products\\\/dispensing-products\\\/dispensing-spare-parts\\\/dispensing-consumables\\\/dispensing-cartridge-cover-30-50-cc\\\/\"]}]},{\"@type\":\"ImageObject\",\"inLanguage\":\"de\",\"@id\":\"https:\\\/\\\/mtarobotics.com\\\/products\\\/dispensing-products\\\/dispensing-spare-parts\\\/dispensing-consumables\\\/dispensing-cartridge-cover-30-50-cc\\\/#primaryimage\",\"url\":\"https:\\\/\\\/mtarobotics.com\\\/wp-content\\\/uploads\\\/2025\\\/11\\\/mta-dispensing-cartridge-cover-3C00730-99-901-000-1.png\",\"contentUrl\":\"https:\\\/\\\/mtarobotics.com\\\/wp-content\\\/uploads\\\/2025\\\/11\\\/mta-dispensing-cartridge-cover-3C00730-99-901-000-1.png\",\"width\":1024,\"height\":1024,\"caption\":\"mta dispensing cartridge cover 3C00730-99-901-000\"},{\"@type\":\"BreadcrumbList\",\"@id\":\"https:\\\/\\\/mtarobotics.com\\\/products\\\/dispensing-products\\\/dispensing-spare-parts\\\/dispensing-consumables\\\/dispensing-cartridge-cover-30-50-cc\\\/#breadcrumb\",\"itemListElement\":[{\"@type\":\"ListItem\",\"position\":1,\"name\":\"Home\",\"item\":\"https:\\\/\\\/mtarobotics.com\\\/\"},{\"@type\":\"ListItem\",\"position\":2,\"name\":\"Global product range\",\"item\":\"https:\\\/\\\/mtarobotics.com\\\/products\\\/\"},{\"@type\":\"ListItem\",\"position\":3,\"name\":\"Dispensing cartridge cover 30cc\\\/50cc\"}]},{\"@type\":\"WebSite\",\"@id\":\"https:\\\/\\\/mtarobotics.com\\\/#website\",\"url\":\"https:\\\/\\\/mtarobotics.com\\\/\",\"name\":\"mta robotics\",\"description\":\"Robotics for soldering and dispensing\",\"publisher\":{\"@id\":\"https:\\\/\\\/mtarobotics.com\\\/#organization\"},\"potentialAction\":[{\"@type\":\"SearchAction\",\"target\":{\"@type\":\"EntryPoint\",\"urlTemplate\":\"https:\\\/\\\/mtarobotics.com\\\/?s={search_term_string}\"},\"query-input\":{\"@type\":\"PropertyValueSpecification\",\"valueRequired\":true,\"valueName\":\"search_term_string\"}}],\"inLanguage\":\"de\"},{\"@type\":\"Organization\",\"@id\":\"https:\\\/\\\/mtarobotics.com\\\/#organization\",\"name\":\"Mta robotics\",\"url\":\"https:\\\/\\\/mtarobotics.com\\\/\",\"logo\":{\"@type\":\"ImageObject\",\"inLanguage\":\"de\",\"@id\":\"https:\\\/\\\/mtarobotics.com\\\/#\\\/schema\\\/logo\\\/image\\\/\",\"url\":\"https:\\\/\\\/mtarobotics.com\\\/wp-content\\\/uploads\\\/2019\\\/03\\\/mta.png\",\"contentUrl\":\"https:\\\/\\\/mtarobotics.com\\\/wp-content\\\/uploads\\\/2019\\\/03\\\/mta.png\",\"width\":170,\"height\":84,\"caption\":\"Mta robotics\"},\"image\":{\"@id\":\"https:\\\/\\\/mtarobotics.com\\\/#\\\/schema\\\/logo\\\/image\\\/\"}}]}<\/script>\n<!-- \/ Yoast SEO plugin. -->","yoast_head_json":{"title":"Abdeckung der mta-Dosierkartusche 30cc\/50cc","description":"Eine robuste, ergonomisch gestaltete mta-Kartuschenabdeckung, die entwickelt wurde, um die t\u00e4glichen Dosiervorg\u00e4nge zu vereinfachen und zu rationalisieren. Seine optimierte Geometrie gew\u00e4hrleistet","robots":{"index":"index","follow":"follow","max-snippet":"max-snippet:-1","max-image-preview":"max-image-preview:large","max-video-preview":"max-video-preview:-1"},"canonical":"https:\/\/mtarobotics.com\/de\/produkte\/dosierprodukte\/dosier-ersatzteile\/dosierverbrauchsmaterialien\/kartuschenabdeckung-fuer-dispenser-30-50-cc\/","og_locale":"de_DE","og_type":"article","og_title":"mta dispensing cartridge cover 30cc\/50cc","og_description":"A robust, ergonomically designed mta cartridge cover engineered to simplify and streamline daily dispensing operations. Its optimized geometry ensures","og_url":"https:\/\/mtarobotics.com\/de\/produkte\/dosierprodukte\/dosier-ersatzteile\/dosierverbrauchsmaterialien\/kartuschenabdeckung-fuer-dispenser-30-50-cc\/","og_site_name":"mta robotics","article_modified_time":"2026-03-18T12:37:55+00:00","og_image":[{"width":1024,"height":1024,"url":"https:\/\/mtarobotics.com\/wp-content\/uploads\/2025\/11\/mta-dispensing-cartridge-cover-3C00730-99-901-000-1.png","type":"image\/png"}],"twitter_card":"summary_large_image","twitter_misc":{"Gesch\u00e4tzte Lesezeit":"1\u00a0Minute"},"schema":{"@context":"https:\/\/schema.org","@graph":[{"@type":"WebPage","@id":"https:\/\/mtarobotics.com\/products\/dispensing-products\/dispensing-spare-parts\/dispensing-consumables\/dispensing-cartridge-cover-30-50-cc\/","url":"https:\/\/mtarobotics.com\/products\/dispensing-products\/dispensing-spare-parts\/dispensing-consumables\/dispensing-cartridge-cover-30-50-cc\/","name":"Abdeckung der mta-Dosierkartusche 30cc\/50cc","isPartOf":{"@id":"https:\/\/mtarobotics.com\/#website"},"primaryImageOfPage":{"@id":"https:\/\/mtarobotics.com\/products\/dispensing-products\/dispensing-spare-parts\/dispensing-consumables\/dispensing-cartridge-cover-30-50-cc\/#primaryimage"},"image":{"@id":"https:\/\/mtarobotics.com\/products\/dispensing-products\/dispensing-spare-parts\/dispensing-consumables\/dispensing-cartridge-cover-30-50-cc\/#primaryimage"},"thumbnailUrl":"https:\/\/mtarobotics.com\/wp-content\/uploads\/2025\/11\/mta-dispensing-cartridge-cover-3C00730-99-901-000-1.png","datePublished":"2025-11-20T09:51:48+00:00","dateModified":"2026-03-18T12:37:55+00:00","description":"Eine robuste, ergonomisch gestaltete mta-Kartuschenabdeckung, die entwickelt wurde, um die t\u00e4glichen Dosiervorg\u00e4nge zu vereinfachen und zu rationalisieren. Seine optimierte Geometrie gew\u00e4hrleistet","breadcrumb":{"@id":"https:\/\/mtarobotics.com\/products\/dispensing-products\/dispensing-spare-parts\/dispensing-consumables\/dispensing-cartridge-cover-30-50-cc\/#breadcrumb"},"inLanguage":"de","potentialAction":[{"@type":"ReadAction","target":["https:\/\/mtarobotics.com\/products\/dispensing-products\/dispensing-spare-parts\/dispensing-consumables\/dispensing-cartridge-cover-30-50-cc\/"]}]},{"@type":"ImageObject","inLanguage":"de","@id":"https:\/\/mtarobotics.com\/products\/dispensing-products\/dispensing-spare-parts\/dispensing-consumables\/dispensing-cartridge-cover-30-50-cc\/#primaryimage","url":"https:\/\/mtarobotics.com\/wp-content\/uploads\/2025\/11\/mta-dispensing-cartridge-cover-3C00730-99-901-000-1.png","contentUrl":"https:\/\/mtarobotics.com\/wp-content\/uploads\/2025\/11\/mta-dispensing-cartridge-cover-3C00730-99-901-000-1.png","width":1024,"height":1024,"caption":"mta dispensing cartridge cover 3C00730-99-901-000"},{"@type":"BreadcrumbList","@id":"https:\/\/mtarobotics.com\/products\/dispensing-products\/dispensing-spare-parts\/dispensing-consumables\/dispensing-cartridge-cover-30-50-cc\/#breadcrumb","itemListElement":[{"@type":"ListItem","position":1,"name":"Home","item":"https:\/\/mtarobotics.com\/"},{"@type":"ListItem","position":2,"name":"Global product range","item":"https:\/\/mtarobotics.com\/products\/"},{"@type":"ListItem","position":3,"name":"Dispensing cartridge cover 30cc\/50cc"}]},{"@type":"WebSite","@id":"https:\/\/mtarobotics.com\/#website","url":"https:\/\/mtarobotics.com\/","name":"mta robotics","description":"Robotertechnik f\u00fcr L\u00f6ten und Dosieren","publisher":{"@id":"https:\/\/mtarobotics.com\/#organization"},"potentialAction":[{"@type":"SearchAction","target":{"@type":"EntryPoint","urlTemplate":"https:\/\/mtarobotics.com\/?s={search_term_string}"},"query-input":{"@type":"PropertyValueSpecification","valueRequired":true,"valueName":"search_term_string"}}],"inLanguage":"de"},{"@type":"Organization","@id":"https:\/\/mtarobotics.com\/#organization","name":"Mta-Robotik","url":"https:\/\/mtarobotics.com\/","logo":{"@type":"ImageObject","inLanguage":"de","@id":"https:\/\/mtarobotics.com\/#\/schema\/logo\/image\/","url":"https:\/\/mtarobotics.com\/wp-content\/uploads\/2019\/03\/mta.png","contentUrl":"https:\/\/mtarobotics.com\/wp-content\/uploads\/2019\/03\/mta.png","width":170,"height":84,"caption":"Mta robotics"},"image":{"@id":"https:\/\/mtarobotics.com\/#\/schema\/logo\/image\/"}}]}},"_links":{"self":[{"href":"https:\/\/mtarobotics.com\/de\/wp-json\/wp\/v2\/product\/26898","targetHints":{"allow":["GET"]}}],"collection":[{"href":"https:\/\/mtarobotics.com\/de\/wp-json\/wp\/v2\/product"}],"about":[{"href":"https:\/\/mtarobotics.com\/de\/wp-json\/wp\/v2\/types\/product"}],"wp:featuredmedia":[{"embeddable":true,"href":"https:\/\/mtarobotics.com\/de\/wp-json\/wp\/v2\/media\/26902"}],"wp:attachment":[{"href":"https:\/\/mtarobotics.com\/de\/wp-json\/wp\/v2\/media?parent=26898"}],"wp:term":[{"taxonomy":"product_brand","embeddable":true,"href":"https:\/\/mtarobotics.com\/de\/wp-json\/wp\/v2\/product_brand?post=26898"},{"taxonomy":"product_cat","embeddable":true,"href":"https:\/\/mtarobotics.com\/de\/wp-json\/wp\/v2\/product_cat?post=26898"},{"taxonomy":"product_tag","embeddable":true,"href":"https:\/\/mtarobotics.com\/de\/wp-json\/wp\/v2\/product_tag?post=26898"}],"curies":[{"name":"wp","href":"https:\/\/api.w.org\/{rel}","templated":true}]}}