{"id":27072,"date":"2025-12-09T13:38:24","date_gmt":"2025-12-09T12:38:24","guid":{"rendered":"https:\/\/mtarobotics.com\/?post_type=product&#038;p=27072"},"modified":"2026-03-18T13:36:52","modified_gmt":"2026-03-18T12:36:52","slug":"weisse-schwaemme","status":"publish","type":"product","link":"https:\/\/mtarobotics.com\/de\/products\/dispensing-products\/dispensing-spare-parts\/cleaning-dispensing\/white-sponges\/","title":{"rendered":"Wei\u00dfe Schw\u00e4mme"},"content":{"rendered":"<div class=\"wpb_row vc_row-fluid\" data-speedfactor=\"-0.6\">\n<div class=\"vc_span8 wpb_column column_container\">\n<div id=\"mk-text-block-920\" class=\"mk-text-block\">\n<div class=\"wpb_row vc_row-fluid\" data-speedfactor=\"-0.6\">\n<div class=\"vc_span8 wpb_column column_container\">\n<div id=\"mk-text-block-920\" class=\"mk-text-block\">\n<p>Die wei\u00dfen Schw\u00e4mme f\u00fcr das Nadelreinigungsger\u00e4t m\u00fcssen von Zeit zu Zeit ausgetauscht werden.<\/p>\n<\/div>\n<\/div>\n<\/div>\n<div class=\"wpb_row vc_row-fluid\" data-speedfactor=\"-0.6\">\n<div class=\"vc_span6 wpb_column column_container\">\n<div class=\"\">\n<div class=\"mk-fancy-table mk-shortcode table-style1\">mta robotics hat eine eigene Konstruktion f\u00fcr die <a href=\"https:\/\/mtarobotics.com\/de\/produkte\/dosierprodukte\/dosier-ersatzteile\/nadelreiniger-mit-weissen-schwaemmen\/\" target=\"_blank\" rel=\"noopener\">Nadelreiniger<\/a> System, das aus zwei rotierenden Schw\u00e4mmen besteht.<\/div>\n<div>\n<p data-start=\"296\" data-end=\"357\">Diese Artikel sind ab einer Mindestbestellmenge von 2 St\u00fcck erh\u00e4ltlich.<\/p>\n<h3 data-start=\"359\" data-end=\"385\"><\/h3>\n<\/div>\n<\/div>\n<\/div>\n<\/div>\n<\/div>\n<\/div>\n<\/div>","protected":false},"excerpt":{"rendered":"<div class=\"wpb_row vc_row-fluid\" data-speedfactor=\"-0.6\">\n<div class=\"vc_span8 wpb_column column_container\">\n<div id=\"mk-text-block-920\" class=\"mk-text-block\">\n<div class=\"wpb_row vc_row-fluid\" data-speedfactor=\"-0.6\">\n<div class=\"vc_span8 wpb_column column_container\">\n<div id=\"mk-text-block-920\" class=\"mk-text-block\">\n<div class=\"wpb_row vc_row-fluid\" data-speedfactor=\"-0.6\">\n<div class=\"vc_span8 wpb_column column_container\">\n<div id=\"mk-text-block-920\" class=\"mk-text-block\">\n<div class=\"wpb_row vc_row-fluid\" data-speedfactor=\"-0.6\">\n<div class=\"vc_span8 wpb_column column_container\">\n<div id=\"mk-text-block-920\" class=\"mk-text-block\">\n<div class=\"wpb_row vc_row-fluid\" data-speedfactor=\"-0.6\">\n<div class=\"vc_span8 wpb_column column_container\">\n<div id=\"mk-text-block-920\" class=\"mk-text-block\">\n<div class=\"wpb_row vc_row-fluid\" data-speedfactor=\"-0.6\">\n<div class=\"vc_span8 wpb_column column_container\">\n<div id=\"mk-text-block-920\" class=\"mk-text-block\">\n<div class=\"wpb_row vc_row-fluid\" data-speedfactor=\"-0.6\">\n<div class=\"vc_span8 wpb_column column_container\">\n<div id=\"mk-text-block-920\" class=\"mk-text-block\">\n<p>Die wei\u00dfen Schw\u00e4mme f\u00fcr das Nadelreinigungsger\u00e4t m\u00fcssen von Zeit zu Zeit ausgetauscht werden.<\/p>\n<\/div>\n<\/div>\n<\/div>\n<\/div>\n<\/div>\n<\/div>\n<\/div>\n<\/div>\n<\/div>\n<\/div>\n<\/div>\n<\/div>\n<\/div>\n<\/div>\n<\/div>\n<\/div>\n<\/div>\n<\/div>\n<\/div>\n<\/div>\n<\/div>","protected":false},"featured_media":27077,"template":"","meta":{"_acf_changed":false},"product_brand":[],"product_cat":[678],"product_tag":[],"class_list":{"0":"post-27072","1":"product","2":"type-product","3":"status-publish","4":"has-post-thumbnail","6":"product_cat-cleaning-dispensing","8":"first","9":"instock","10":"taxable","11":"shipping-taxable","12":"purchasable","13":"product-type-simple"},"acf":{"additionnal_product_infos":false,"infos_steps":"Minimum order quantity: 10.<br>\r\nDiscount available for higher volumes","contact_button":false,"promo_badge":false,"promo_badge_on_list":false,"text_promo_bage":"","couleur_promo_badge":"#038001"},"yoast_head":"<!-- This site is optimized with the Yoast SEO plugin v27.4 - https:\/\/yoast.com\/product\/yoast-seo-wordpress\/ -->\n<title>mta white sponges<\/title>\n<meta name=\"description\" content=\"The sponges for the needle cleaning unit have to be replaced from time to time. mta has a proprietary design for the needle cleaner which consist\" \/>\n<meta name=\"robots\" content=\"index, follow, max-snippet:-1, max-image-preview:large, max-video-preview:-1\" \/>\n<link rel=\"canonical\" href=\"https:\/\/mtarobotics.com\/de\/produkte\/dosierprodukte\/dosier-ersatzteile\/reinigung-dosieren\/weisse-schwaemme\/\" \/>\n<meta property=\"og:locale\" content=\"de_DE\" \/>\n<meta property=\"og:type\" content=\"article\" \/>\n<meta property=\"og:title\" content=\"mta white sponges\" \/>\n<meta property=\"og:description\" content=\"The sponges for the needle cleaning unit have to be replaced from time to time. mta has a proprietary design for the needle cleaner which consist\" \/>\n<meta property=\"og:url\" content=\"https:\/\/mtarobotics.com\/de\/produkte\/dosierprodukte\/dosier-ersatzteile\/reinigung-dosieren\/weisse-schwaemme\/\" \/>\n<meta property=\"og:site_name\" content=\"mta robotics\" \/>\n<meta property=\"article:modified_time\" content=\"2026-03-18T12:36:52+00:00\" \/>\n<meta property=\"og:image\" content=\"https:\/\/mtarobotics.com\/wp-content\/uploads\/2025\/12\/mta-robotics-white-sponges-4-0135-90-011-00.png\" \/>\n\t<meta property=\"og:image:width\" content=\"1536\" \/>\n\t<meta property=\"og:image:height\" content=\"1024\" \/>\n\t<meta property=\"og:image:type\" content=\"image\/png\" \/>\n<meta name=\"twitter:card\" content=\"summary_large_image\" \/>\n<meta name=\"twitter:label1\" content=\"Gesch\u00e4tzte Lesezeit\" \/>\n\t<meta name=\"twitter:data1\" content=\"1\u00a0Minute\" \/>\n<script type=\"application\/ld+json\" class=\"yoast-schema-graph\">{\"@context\":\"https:\\\/\\\/schema.org\",\"@graph\":[{\"@type\":\"WebPage\",\"@id\":\"https:\\\/\\\/mtarobotics.com\\\/products\\\/dispensing-products\\\/dispensing-spare-parts\\\/cleaning-dispensing\\\/white-sponges\\\/\",\"url\":\"https:\\\/\\\/mtarobotics.com\\\/products\\\/dispensing-products\\\/dispensing-spare-parts\\\/cleaning-dispensing\\\/white-sponges\\\/\",\"name\":\"mta white sponges\",\"isPartOf\":{\"@id\":\"https:\\\/\\\/mtarobotics.com\\\/#website\"},\"primaryImageOfPage\":{\"@id\":\"https:\\\/\\\/mtarobotics.com\\\/products\\\/dispensing-products\\\/dispensing-spare-parts\\\/cleaning-dispensing\\\/white-sponges\\\/#primaryimage\"},\"image\":{\"@id\":\"https:\\\/\\\/mtarobotics.com\\\/products\\\/dispensing-products\\\/dispensing-spare-parts\\\/cleaning-dispensing\\\/white-sponges\\\/#primaryimage\"},\"thumbnailUrl\":\"https:\\\/\\\/mtarobotics.com\\\/wp-content\\\/uploads\\\/2025\\\/12\\\/mta-robotics-white-sponges-4-0135-90-011-00.png\",\"datePublished\":\"2025-12-09T12:38:24+00:00\",\"dateModified\":\"2026-03-18T12:36:52+00:00\",\"description\":\"The sponges for the needle cleaning unit have to be replaced from time to time. mta has a proprietary design for the needle cleaner which consist\",\"breadcrumb\":{\"@id\":\"https:\\\/\\\/mtarobotics.com\\\/products\\\/dispensing-products\\\/dispensing-spare-parts\\\/cleaning-dispensing\\\/white-sponges\\\/#breadcrumb\"},\"inLanguage\":\"de\",\"potentialAction\":[{\"@type\":\"ReadAction\",\"target\":[\"https:\\\/\\\/mtarobotics.com\\\/products\\\/dispensing-products\\\/dispensing-spare-parts\\\/cleaning-dispensing\\\/white-sponges\\\/\"]}]},{\"@type\":\"ImageObject\",\"inLanguage\":\"de\",\"@id\":\"https:\\\/\\\/mtarobotics.com\\\/products\\\/dispensing-products\\\/dispensing-spare-parts\\\/cleaning-dispensing\\\/white-sponges\\\/#primaryimage\",\"url\":\"https:\\\/\\\/mtarobotics.com\\\/wp-content\\\/uploads\\\/2025\\\/12\\\/mta-robotics-white-sponges-4-0135-90-011-00.png\",\"contentUrl\":\"https:\\\/\\\/mtarobotics.com\\\/wp-content\\\/uploads\\\/2025\\\/12\\\/mta-robotics-white-sponges-4-0135-90-011-00.png\",\"width\":1536,\"height\":1024,\"caption\":\"mta robotics white sponges 4-0135-90-011-00\"},{\"@type\":\"BreadcrumbList\",\"@id\":\"https:\\\/\\\/mtarobotics.com\\\/products\\\/dispensing-products\\\/dispensing-spare-parts\\\/cleaning-dispensing\\\/white-sponges\\\/#breadcrumb\",\"itemListElement\":[{\"@type\":\"ListItem\",\"position\":1,\"name\":\"Home\",\"item\":\"https:\\\/\\\/mtarobotics.com\\\/\"},{\"@type\":\"ListItem\",\"position\":2,\"name\":\"Global product range\",\"item\":\"https:\\\/\\\/mtarobotics.com\\\/products\\\/\"},{\"@type\":\"ListItem\",\"position\":3,\"name\":\"White sponges\"}]},{\"@type\":\"WebSite\",\"@id\":\"https:\\\/\\\/mtarobotics.com\\\/#website\",\"url\":\"https:\\\/\\\/mtarobotics.com\\\/\",\"name\":\"mta robotics\",\"description\":\"Robotics for soldering and dispensing\",\"publisher\":{\"@id\":\"https:\\\/\\\/mtarobotics.com\\\/#organization\"},\"potentialAction\":[{\"@type\":\"SearchAction\",\"target\":{\"@type\":\"EntryPoint\",\"urlTemplate\":\"https:\\\/\\\/mtarobotics.com\\\/?s={search_term_string}\"},\"query-input\":{\"@type\":\"PropertyValueSpecification\",\"valueRequired\":true,\"valueName\":\"search_term_string\"}}],\"inLanguage\":\"de\"},{\"@type\":\"Organization\",\"@id\":\"https:\\\/\\\/mtarobotics.com\\\/#organization\",\"name\":\"Mta robotics\",\"url\":\"https:\\\/\\\/mtarobotics.com\\\/\",\"logo\":{\"@type\":\"ImageObject\",\"inLanguage\":\"de\",\"@id\":\"https:\\\/\\\/mtarobotics.com\\\/#\\\/schema\\\/logo\\\/image\\\/\",\"url\":\"https:\\\/\\\/mtarobotics.com\\\/wp-content\\\/uploads\\\/2019\\\/03\\\/mta.png\",\"contentUrl\":\"https:\\\/\\\/mtarobotics.com\\\/wp-content\\\/uploads\\\/2019\\\/03\\\/mta.png\",\"width\":170,\"height\":84,\"caption\":\"Mta robotics\"},\"image\":{\"@id\":\"https:\\\/\\\/mtarobotics.com\\\/#\\\/schema\\\/logo\\\/image\\\/\"}}]}<\/script>\n<!-- \/ Yoast SEO plugin. -->","yoast_head_json":{"title":"mta wei\u00dfe Schw\u00e4mme","description":"Die Schw\u00e4mme f\u00fcr die Nadelreinigungseinheit m\u00fcssen von Zeit zu Zeit ausgetauscht werden. mta hat eine eigene Konstruktion f\u00fcr den Nadelreiniger, die aus","robots":{"index":"index","follow":"follow","max-snippet":"max-snippet:-1","max-image-preview":"max-image-preview:large","max-video-preview":"max-video-preview:-1"},"canonical":"https:\/\/mtarobotics.com\/de\/produkte\/dosierprodukte\/dosier-ersatzteile\/reinigung-dosieren\/weisse-schwaemme\/","og_locale":"de_DE","og_type":"article","og_title":"mta white sponges","og_description":"The sponges for the needle cleaning unit have to be replaced from time to time. mta has a proprietary design for the needle cleaner which consist","og_url":"https:\/\/mtarobotics.com\/de\/produkte\/dosierprodukte\/dosier-ersatzteile\/reinigung-dosieren\/weisse-schwaemme\/","og_site_name":"mta robotics","article_modified_time":"2026-03-18T12:36:52+00:00","og_image":[{"width":1536,"height":1024,"url":"https:\/\/mtarobotics.com\/wp-content\/uploads\/2025\/12\/mta-robotics-white-sponges-4-0135-90-011-00.png","type":"image\/png"}],"twitter_card":"summary_large_image","twitter_misc":{"Gesch\u00e4tzte Lesezeit":"1\u00a0Minute"},"schema":{"@context":"https:\/\/schema.org","@graph":[{"@type":"WebPage","@id":"https:\/\/mtarobotics.com\/products\/dispensing-products\/dispensing-spare-parts\/cleaning-dispensing\/white-sponges\/","url":"https:\/\/mtarobotics.com\/products\/dispensing-products\/dispensing-spare-parts\/cleaning-dispensing\/white-sponges\/","name":"mta wei\u00dfe Schw\u00e4mme","isPartOf":{"@id":"https:\/\/mtarobotics.com\/#website"},"primaryImageOfPage":{"@id":"https:\/\/mtarobotics.com\/products\/dispensing-products\/dispensing-spare-parts\/cleaning-dispensing\/white-sponges\/#primaryimage"},"image":{"@id":"https:\/\/mtarobotics.com\/products\/dispensing-products\/dispensing-spare-parts\/cleaning-dispensing\/white-sponges\/#primaryimage"},"thumbnailUrl":"https:\/\/mtarobotics.com\/wp-content\/uploads\/2025\/12\/mta-robotics-white-sponges-4-0135-90-011-00.png","datePublished":"2025-12-09T12:38:24+00:00","dateModified":"2026-03-18T12:36:52+00:00","description":"Die Schw\u00e4mme f\u00fcr die Nadelreinigungseinheit m\u00fcssen von Zeit zu Zeit ausgetauscht werden. mta hat eine eigene Konstruktion f\u00fcr den Nadelreiniger, die aus","breadcrumb":{"@id":"https:\/\/mtarobotics.com\/products\/dispensing-products\/dispensing-spare-parts\/cleaning-dispensing\/white-sponges\/#breadcrumb"},"inLanguage":"de","potentialAction":[{"@type":"ReadAction","target":["https:\/\/mtarobotics.com\/products\/dispensing-products\/dispensing-spare-parts\/cleaning-dispensing\/white-sponges\/"]}]},{"@type":"ImageObject","inLanguage":"de","@id":"https:\/\/mtarobotics.com\/products\/dispensing-products\/dispensing-spare-parts\/cleaning-dispensing\/white-sponges\/#primaryimage","url":"https:\/\/mtarobotics.com\/wp-content\/uploads\/2025\/12\/mta-robotics-white-sponges-4-0135-90-011-00.png","contentUrl":"https:\/\/mtarobotics.com\/wp-content\/uploads\/2025\/12\/mta-robotics-white-sponges-4-0135-90-011-00.png","width":1536,"height":1024,"caption":"mta robotics white sponges 4-0135-90-011-00"},{"@type":"BreadcrumbList","@id":"https:\/\/mtarobotics.com\/products\/dispensing-products\/dispensing-spare-parts\/cleaning-dispensing\/white-sponges\/#breadcrumb","itemListElement":[{"@type":"ListItem","position":1,"name":"Home","item":"https:\/\/mtarobotics.com\/"},{"@type":"ListItem","position":2,"name":"Global product range","item":"https:\/\/mtarobotics.com\/products\/"},{"@type":"ListItem","position":3,"name":"White sponges"}]},{"@type":"WebSite","@id":"https:\/\/mtarobotics.com\/#website","url":"https:\/\/mtarobotics.com\/","name":"mta robotics","description":"Robotertechnik f\u00fcr L\u00f6ten und Dosieren","publisher":{"@id":"https:\/\/mtarobotics.com\/#organization"},"potentialAction":[{"@type":"SearchAction","target":{"@type":"EntryPoint","urlTemplate":"https:\/\/mtarobotics.com\/?s={search_term_string}"},"query-input":{"@type":"PropertyValueSpecification","valueRequired":true,"valueName":"search_term_string"}}],"inLanguage":"de"},{"@type":"Organization","@id":"https:\/\/mtarobotics.com\/#organization","name":"Mta-Robotik","url":"https:\/\/mtarobotics.com\/","logo":{"@type":"ImageObject","inLanguage":"de","@id":"https:\/\/mtarobotics.com\/#\/schema\/logo\/image\/","url":"https:\/\/mtarobotics.com\/wp-content\/uploads\/2019\/03\/mta.png","contentUrl":"https:\/\/mtarobotics.com\/wp-content\/uploads\/2019\/03\/mta.png","width":170,"height":84,"caption":"Mta robotics"},"image":{"@id":"https:\/\/mtarobotics.com\/#\/schema\/logo\/image\/"}}]}},"_links":{"self":[{"href":"https:\/\/mtarobotics.com\/de\/wp-json\/wp\/v2\/product\/27072","targetHints":{"allow":["GET"]}}],"collection":[{"href":"https:\/\/mtarobotics.com\/de\/wp-json\/wp\/v2\/product"}],"about":[{"href":"https:\/\/mtarobotics.com\/de\/wp-json\/wp\/v2\/types\/product"}],"wp:featuredmedia":[{"embeddable":true,"href":"https:\/\/mtarobotics.com\/de\/wp-json\/wp\/v2\/media\/27077"}],"wp:attachment":[{"href":"https:\/\/mtarobotics.com\/de\/wp-json\/wp\/v2\/media?parent=27072"}],"wp:term":[{"taxonomy":"product_brand","embeddable":true,"href":"https:\/\/mtarobotics.com\/de\/wp-json\/wp\/v2\/product_brand?post=27072"},{"taxonomy":"product_cat","embeddable":true,"href":"https:\/\/mtarobotics.com\/de\/wp-json\/wp\/v2\/product_cat?post=27072"},{"taxonomy":"product_tag","embeddable":true,"href":"https:\/\/mtarobotics.com\/de\/wp-json\/wp\/v2\/product_tag?post=27072"}],"curies":[{"name":"wp","href":"https:\/\/api.w.org\/{rel}","templated":true}]}}