{"id":27119,"date":"2025-12-14T14:13:42","date_gmt":"2025-12-14T13:13:42","guid":{"rendered":"https:\/\/mtarobotics.com\/?post_type=product&#038;p=27119"},"modified":"2026-03-18T13:34:46","modified_gmt":"2026-03-18T12:34:46","slug":"cfd-1-rotor-0-05-ml-u-passive-dlc-beschichtung","status":"publish","type":"product","link":"https:\/\/mtarobotics.com\/de\/products\/dispensing-products\/dispensing-spare-parts\/rotors\/cfd-1-rotor-0-05-ml-passive-dlc-coating\/","title":{"rendered":"CFD-1 Rotor 0,05 ml\/U passive DLC-Beschichtung"},"content":{"rendered":"<div class=\"wpb_row vc_row-fluid\" data-speedfactor=\"-0.6\">\n<div class=\"vc_span8 wpb_column column_container\">\n<div id=\"mk-text-block-920\" class=\"mk-text-block\">\n<p>Das <a class=\"iml-iframe\" href=\"https:\/\/mtarobotics.com\/de\/produkt-kategorie\/dosierprodukte\/dosierkoepfe\/kontinuierliche-1k-dosierkits-cfd\/\">CFD<\/a>-1 Rotor unterst\u00fctzt ein Dosiervolumen von 0,05 ml\/Umdrehung. Diese Rotoreinheit ist konzipiert f\u00fcr <a class=\"iml-iframe\" href=\"https:\/\/mtarobotics.com\/de\/produkte\/dosierprodukte\/dosier-ersatzteile\/cfd-1-stator-0-003-mta-acrylic\/\" rel=\"noopener\">Statoren<\/a> mit identischer Konstruktion, die nahtlose Kompatibilit\u00e4t und zuverl\u00e4ssige Leistung gew\u00e4hrleistet.<\/p>\n<p>Er verf\u00fcgt \u00fcber einen einstufigen Rotor f\u00fcr eine breite Palette von F\u00f6rderanwendungen und umfasst eine integrierte Antriebseinheit mit einer hochflexiblen Welle. Die Wellenbeschichtung ist au\u00dferordentlich widerstandsf\u00e4hig und anpassungsf\u00e4hig und liefert auch bei schwierigen Materialien hervorragende Ergebnisse.<\/p>\n<p>Der Rotor wird aus hochwertigem Edelstahl 1.4571 (V4A) gefertigt. Er ist mit einer fein geschliffenen, hartverchromten und passivierten DLC-Beschichtung f\u00fcr \u00fcberlegene Haltbarkeit versehen. Das Antriebsaggregat ist an der Dichtungsfl\u00e4che ebenfalls hartverchromt und f\u00fcr optimale Leistung pr\u00e4zisionsgeschliffen. Eingepresste Lager und fortschrittliche Beschichtungsmaterialien gew\u00e4hrleisten eine langlebige Zuverl\u00e4ssigkeit und Effizienz in jeder Anwendung.<\/p>\n<\/div>\n<\/div>\n<\/div>","protected":false},"excerpt":{"rendered":"<div class=\"wpb_row vc_row-fluid\" data-speedfactor=\"-0.6\">\n<div class=\"vc_span8 wpb_column column_container\">\n<div id=\"mk-text-block-920\" class=\"mk-text-block\">\n<div class=\"wpb_row vc_row-fluid\" data-speedfactor=\"-0.6\">\n<div class=\"vc_span8 wpb_column column_container\">\n<div id=\"mk-text-block-920\" class=\"mk-text-block\">\n<div class=\"wpb_row vc_row-fluid\" data-speedfactor=\"-0.6\">\n<div class=\"vc_span8 wpb_column column_container\">\n<div id=\"mk-text-block-920\" class=\"mk-text-block\">\n<div class=\"wpb_row vc_row-fluid\" data-speedfactor=\"-0.6\">\n<div class=\"vc_span8 wpb_column column_container\">\n<div id=\"mk-text-block-920\" class=\"mk-text-block\">\n<p>Das <a class=\"iml-iframe\" href=\"https:\/\/mtarobotics.com\/de\/produkt-kategorie\/dosierprodukte\/dosierkoepfe\/kontinuierliche-1k-dosierkits-cfd\/\">CFD<\/a>-1 Rotor unterst\u00fctzt ein Dosiervolumen von 0,05 ml\/Umdrehung. Diese Rotoreinheit ist konzipiert f\u00fcr <a class=\"iml-iframe\" href=\"https:\/\/mtarobotics.com\/de\/produkte\/dosierprodukte\/dosier-ersatzteile\/cfd-1-stator-0-003-mta-acrylic\/\" rel=\"noopener\">Statoren<\/a> mit identischer Konstruktion, die nahtlose Kompatibilit\u00e4t und zuverl\u00e4ssige Leistung gew\u00e4hrleistet.<\/p>\n<\/div>\n<\/div>\n<\/div>\n<\/div>\n<\/div>\n<\/div>\n<\/div>\n<\/div>\n<\/div>\n<\/div>\n<\/div>\n<\/div>","protected":false},"featured_media":27122,"template":"","meta":{"_acf_changed":false},"product_brand":[],"product_cat":[677],"product_tag":[],"class_list":{"0":"post-27119","1":"product","2":"type-product","3":"status-publish","4":"has-post-thumbnail","6":"product_cat-rotors","8":"first","9":"instock","10":"taxable","11":"shipping-taxable","12":"purchasable","13":"product-type-simple"},"acf":{"additionnal_product_infos":false,"infos_steps":"Minimum order quantity: 10.<br>\r\nDiscount available for higher volumes","contact_button":false,"promo_badge":false,"promo_badge_on_list":false,"text_promo_bage":"","couleur_promo_badge":"#038001"},"yoast_head":"<!-- This site is optimized with the Yoast SEO plugin v27.5 - https:\/\/yoast.com\/product\/yoast-seo-wordpress\/ -->\n<title>CFD-1 rotor 0.05 ml\/turn passive DLC coating<\/title>\n<meta name=\"description\" content=\"The mta CFD-1 rotor supports a dispensing volume of 0.05 ml\/turn. This rotor unit is designed for stators with identical construction, ensuring seamless\" \/>\n<meta name=\"robots\" content=\"index, follow, max-snippet:-1, max-image-preview:large, max-video-preview:-1\" \/>\n<link rel=\"canonical\" href=\"https:\/\/mtarobotics.com\/de\/produkte\/dosierprodukte\/dosier-ersatzteile\/rotoren\/cfd-1-rotor-0-05-ml-u-passive-dlc-beschichtung\/\" \/>\n<meta property=\"og:locale\" content=\"de_DE\" \/>\n<meta property=\"og:type\" content=\"article\" \/>\n<meta property=\"og:title\" content=\"CFD-1 rotor 0.05 ml\/turn passive DLC coating\" \/>\n<meta property=\"og:description\" content=\"The mta CFD-1 rotor supports a dispensing volume of 0.05 ml\/turn. This rotor unit is designed for stators with identical construction, ensuring seamless\" \/>\n<meta property=\"og:url\" content=\"https:\/\/mtarobotics.com\/de\/produkte\/dosierprodukte\/dosier-ersatzteile\/rotoren\/cfd-1-rotor-0-05-ml-u-passive-dlc-beschichtung\/\" \/>\n<meta property=\"og:site_name\" content=\"mta robotics\" \/>\n<meta property=\"article:modified_time\" content=\"2026-03-18T12:34:46+00:00\" \/>\n<meta property=\"og:image\" content=\"https:\/\/mtarobotics.com\/wp-content\/uploads\/2025\/12\/mta-robotics-CFD-rotor-sample-image-1.png\" \/>\n\t<meta property=\"og:image:width\" content=\"1536\" \/>\n\t<meta property=\"og:image:height\" content=\"1024\" \/>\n\t<meta property=\"og:image:type\" content=\"image\/png\" \/>\n<meta name=\"twitter:card\" content=\"summary_large_image\" \/>\n<meta name=\"twitter:label1\" content=\"Gesch\u00e4tzte Lesezeit\" \/>\n\t<meta name=\"twitter:data1\" content=\"1\u00a0Minute\" \/>\n<script type=\"application\/ld+json\" class=\"yoast-schema-graph\">{\"@context\":\"https:\\\/\\\/schema.org\",\"@graph\":[{\"@type\":\"WebPage\",\"@id\":\"https:\\\/\\\/mtarobotics.com\\\/products\\\/dispensing-products\\\/dispensing-spare-parts\\\/rotors\\\/cfd-1-rotor-0-05-ml-passive-dlc-coating\\\/\",\"url\":\"https:\\\/\\\/mtarobotics.com\\\/products\\\/dispensing-products\\\/dispensing-spare-parts\\\/rotors\\\/cfd-1-rotor-0-05-ml-passive-dlc-coating\\\/\",\"name\":\"CFD-1 rotor 0.05 ml\\\/turn passive DLC coating\",\"isPartOf\":{\"@id\":\"https:\\\/\\\/mtarobotics.com\\\/#website\"},\"primaryImageOfPage\":{\"@id\":\"https:\\\/\\\/mtarobotics.com\\\/products\\\/dispensing-products\\\/dispensing-spare-parts\\\/rotors\\\/cfd-1-rotor-0-05-ml-passive-dlc-coating\\\/#primaryimage\"},\"image\":{\"@id\":\"https:\\\/\\\/mtarobotics.com\\\/products\\\/dispensing-products\\\/dispensing-spare-parts\\\/rotors\\\/cfd-1-rotor-0-05-ml-passive-dlc-coating\\\/#primaryimage\"},\"thumbnailUrl\":\"https:\\\/\\\/mtarobotics.com\\\/wp-content\\\/uploads\\\/2025\\\/12\\\/mta-robotics-CFD-rotor-sample-image-1.png\",\"datePublished\":\"2025-12-14T13:13:42+00:00\",\"dateModified\":\"2026-03-18T12:34:46+00:00\",\"description\":\"The mta CFD-1 rotor supports a dispensing volume of 0.05 ml\\\/turn. This rotor unit is designed for stators with identical construction, ensuring seamless\",\"breadcrumb\":{\"@id\":\"https:\\\/\\\/mtarobotics.com\\\/products\\\/dispensing-products\\\/dispensing-spare-parts\\\/rotors\\\/cfd-1-rotor-0-05-ml-passive-dlc-coating\\\/#breadcrumb\"},\"inLanguage\":\"de\",\"potentialAction\":[{\"@type\":\"ReadAction\",\"target\":[\"https:\\\/\\\/mtarobotics.com\\\/products\\\/dispensing-products\\\/dispensing-spare-parts\\\/rotors\\\/cfd-1-rotor-0-05-ml-passive-dlc-coating\\\/\"]}]},{\"@type\":\"ImageObject\",\"inLanguage\":\"de\",\"@id\":\"https:\\\/\\\/mtarobotics.com\\\/products\\\/dispensing-products\\\/dispensing-spare-parts\\\/rotors\\\/cfd-1-rotor-0-05-ml-passive-dlc-coating\\\/#primaryimage\",\"url\":\"https:\\\/\\\/mtarobotics.com\\\/wp-content\\\/uploads\\\/2025\\\/12\\\/mta-robotics-CFD-rotor-sample-image-1.png\",\"contentUrl\":\"https:\\\/\\\/mtarobotics.com\\\/wp-content\\\/uploads\\\/2025\\\/12\\\/mta-robotics-CFD-rotor-sample-image-1.png\",\"width\":1536,\"height\":1024,\"caption\":\"mta robotics CFD rotor sample image 1\"},{\"@type\":\"BreadcrumbList\",\"@id\":\"https:\\\/\\\/mtarobotics.com\\\/products\\\/dispensing-products\\\/dispensing-spare-parts\\\/rotors\\\/cfd-1-rotor-0-05-ml-passive-dlc-coating\\\/#breadcrumb\",\"itemListElement\":[{\"@type\":\"ListItem\",\"position\":1,\"name\":\"Home\",\"item\":\"https:\\\/\\\/mtarobotics.com\\\/\"},{\"@type\":\"ListItem\",\"position\":2,\"name\":\"Global product range\",\"item\":\"https:\\\/\\\/mtarobotics.com\\\/products\\\/\"},{\"@type\":\"ListItem\",\"position\":3,\"name\":\"CFD-1 rotor 0.05 ml\\\/turn passive DLC coating\"}]},{\"@type\":\"WebSite\",\"@id\":\"https:\\\/\\\/mtarobotics.com\\\/#website\",\"url\":\"https:\\\/\\\/mtarobotics.com\\\/\",\"name\":\"mta robotics\",\"description\":\"Robotics for soldering and dispensing\",\"publisher\":{\"@id\":\"https:\\\/\\\/mtarobotics.com\\\/#organization\"},\"potentialAction\":[{\"@type\":\"SearchAction\",\"target\":{\"@type\":\"EntryPoint\",\"urlTemplate\":\"https:\\\/\\\/mtarobotics.com\\\/?s={search_term_string}\"},\"query-input\":{\"@type\":\"PropertyValueSpecification\",\"valueRequired\":true,\"valueName\":\"search_term_string\"}}],\"inLanguage\":\"de\"},{\"@type\":\"Organization\",\"@id\":\"https:\\\/\\\/mtarobotics.com\\\/#organization\",\"name\":\"Mta robotics\",\"url\":\"https:\\\/\\\/mtarobotics.com\\\/\",\"logo\":{\"@type\":\"ImageObject\",\"inLanguage\":\"de\",\"@id\":\"https:\\\/\\\/mtarobotics.com\\\/#\\\/schema\\\/logo\\\/image\\\/\",\"url\":\"https:\\\/\\\/mtarobotics.com\\\/wp-content\\\/uploads\\\/2019\\\/03\\\/mta.png\",\"contentUrl\":\"https:\\\/\\\/mtarobotics.com\\\/wp-content\\\/uploads\\\/2019\\\/03\\\/mta.png\",\"width\":170,\"height\":84,\"caption\":\"Mta robotics\"},\"image\":{\"@id\":\"https:\\\/\\\/mtarobotics.com\\\/#\\\/schema\\\/logo\\\/image\\\/\"}}]}<\/script>\n<!-- \/ Yoast SEO plugin. -->","yoast_head_json":{"title":"CFD-1 Rotor 0,05 ml\/U passive DLC-Beschichtung","description":"Der mta CFD-1 Rotor unterst\u00fctzt ein Verteilvolumen von 0,05 ml\/Umdrehung. Diese Rotoreinheit ist f\u00fcr Stator mit identischer Konstruktion ausgelegt, was eine nahtlose","robots":{"index":"index","follow":"follow","max-snippet":"max-snippet:-1","max-image-preview":"max-image-preview:large","max-video-preview":"max-video-preview:-1"},"canonical":"https:\/\/mtarobotics.com\/de\/produkte\/dosierprodukte\/dosier-ersatzteile\/rotoren\/cfd-1-rotor-0-05-ml-u-passive-dlc-beschichtung\/","og_locale":"de_DE","og_type":"article","og_title":"CFD-1 rotor 0.05 ml\/turn passive DLC coating","og_description":"The mta CFD-1 rotor supports a dispensing volume of 0.05 ml\/turn. This rotor unit is designed for stators with identical construction, ensuring seamless","og_url":"https:\/\/mtarobotics.com\/de\/produkte\/dosierprodukte\/dosier-ersatzteile\/rotoren\/cfd-1-rotor-0-05-ml-u-passive-dlc-beschichtung\/","og_site_name":"mta robotics","article_modified_time":"2026-03-18T12:34:46+00:00","og_image":[{"width":1536,"height":1024,"url":"https:\/\/mtarobotics.com\/wp-content\/uploads\/2025\/12\/mta-robotics-CFD-rotor-sample-image-1.png","type":"image\/png"}],"twitter_card":"summary_large_image","twitter_misc":{"Gesch\u00e4tzte Lesezeit":"1\u00a0Minute"},"schema":{"@context":"https:\/\/schema.org","@graph":[{"@type":"WebPage","@id":"https:\/\/mtarobotics.com\/products\/dispensing-products\/dispensing-spare-parts\/rotors\/cfd-1-rotor-0-05-ml-passive-dlc-coating\/","url":"https:\/\/mtarobotics.com\/products\/dispensing-products\/dispensing-spare-parts\/rotors\/cfd-1-rotor-0-05-ml-passive-dlc-coating\/","name":"CFD-1 Rotor 0,05 ml\/U passive DLC-Beschichtung","isPartOf":{"@id":"https:\/\/mtarobotics.com\/#website"},"primaryImageOfPage":{"@id":"https:\/\/mtarobotics.com\/products\/dispensing-products\/dispensing-spare-parts\/rotors\/cfd-1-rotor-0-05-ml-passive-dlc-coating\/#primaryimage"},"image":{"@id":"https:\/\/mtarobotics.com\/products\/dispensing-products\/dispensing-spare-parts\/rotors\/cfd-1-rotor-0-05-ml-passive-dlc-coating\/#primaryimage"},"thumbnailUrl":"https:\/\/mtarobotics.com\/wp-content\/uploads\/2025\/12\/mta-robotics-CFD-rotor-sample-image-1.png","datePublished":"2025-12-14T13:13:42+00:00","dateModified":"2026-03-18T12:34:46+00:00","description":"Der mta CFD-1 Rotor unterst\u00fctzt ein Verteilvolumen von 0,05 ml\/Umdrehung. Diese Rotoreinheit ist f\u00fcr Stator mit identischer Konstruktion ausgelegt, was eine nahtlose","breadcrumb":{"@id":"https:\/\/mtarobotics.com\/products\/dispensing-products\/dispensing-spare-parts\/rotors\/cfd-1-rotor-0-05-ml-passive-dlc-coating\/#breadcrumb"},"inLanguage":"de","potentialAction":[{"@type":"ReadAction","target":["https:\/\/mtarobotics.com\/products\/dispensing-products\/dispensing-spare-parts\/rotors\/cfd-1-rotor-0-05-ml-passive-dlc-coating\/"]}]},{"@type":"ImageObject","inLanguage":"de","@id":"https:\/\/mtarobotics.com\/products\/dispensing-products\/dispensing-spare-parts\/rotors\/cfd-1-rotor-0-05-ml-passive-dlc-coating\/#primaryimage","url":"https:\/\/mtarobotics.com\/wp-content\/uploads\/2025\/12\/mta-robotics-CFD-rotor-sample-image-1.png","contentUrl":"https:\/\/mtarobotics.com\/wp-content\/uploads\/2025\/12\/mta-robotics-CFD-rotor-sample-image-1.png","width":1536,"height":1024,"caption":"mta robotics CFD rotor sample image 1"},{"@type":"BreadcrumbList","@id":"https:\/\/mtarobotics.com\/products\/dispensing-products\/dispensing-spare-parts\/rotors\/cfd-1-rotor-0-05-ml-passive-dlc-coating\/#breadcrumb","itemListElement":[{"@type":"ListItem","position":1,"name":"Home","item":"https:\/\/mtarobotics.com\/"},{"@type":"ListItem","position":2,"name":"Global product range","item":"https:\/\/mtarobotics.com\/products\/"},{"@type":"ListItem","position":3,"name":"CFD-1 rotor 0.05 ml\/turn passive DLC coating"}]},{"@type":"WebSite","@id":"https:\/\/mtarobotics.com\/#website","url":"https:\/\/mtarobotics.com\/","name":"mta robotics","description":"Robotertechnik f\u00fcr L\u00f6ten und Dosieren","publisher":{"@id":"https:\/\/mtarobotics.com\/#organization"},"potentialAction":[{"@type":"SearchAction","target":{"@type":"EntryPoint","urlTemplate":"https:\/\/mtarobotics.com\/?s={search_term_string}"},"query-input":{"@type":"PropertyValueSpecification","valueRequired":true,"valueName":"search_term_string"}}],"inLanguage":"de"},{"@type":"Organization","@id":"https:\/\/mtarobotics.com\/#organization","name":"Mta-Robotik","url":"https:\/\/mtarobotics.com\/","logo":{"@type":"ImageObject","inLanguage":"de","@id":"https:\/\/mtarobotics.com\/#\/schema\/logo\/image\/","url":"https:\/\/mtarobotics.com\/wp-content\/uploads\/2019\/03\/mta.png","contentUrl":"https:\/\/mtarobotics.com\/wp-content\/uploads\/2019\/03\/mta.png","width":170,"height":84,"caption":"Mta robotics"},"image":{"@id":"https:\/\/mtarobotics.com\/#\/schema\/logo\/image\/"}}]}},"_links":{"self":[{"href":"https:\/\/mtarobotics.com\/de\/wp-json\/wp\/v2\/product\/27119","targetHints":{"allow":["GET"]}}],"collection":[{"href":"https:\/\/mtarobotics.com\/de\/wp-json\/wp\/v2\/product"}],"about":[{"href":"https:\/\/mtarobotics.com\/de\/wp-json\/wp\/v2\/types\/product"}],"wp:featuredmedia":[{"embeddable":true,"href":"https:\/\/mtarobotics.com\/de\/wp-json\/wp\/v2\/media\/27122"}],"wp:attachment":[{"href":"https:\/\/mtarobotics.com\/de\/wp-json\/wp\/v2\/media?parent=27119"}],"wp:term":[{"taxonomy":"product_brand","embeddable":true,"href":"https:\/\/mtarobotics.com\/de\/wp-json\/wp\/v2\/product_brand?post=27119"},{"taxonomy":"product_cat","embeddable":true,"href":"https:\/\/mtarobotics.com\/de\/wp-json\/wp\/v2\/product_cat?post=27119"},{"taxonomy":"product_tag","embeddable":true,"href":"https:\/\/mtarobotics.com\/de\/wp-json\/wp\/v2\/product_tag?post=27119"}],"curies":[{"name":"wp","href":"https:\/\/api.w.org\/{rel}","templated":true}]}}