{"id":27774,"date":"2026-04-07T16:04:07","date_gmt":"2026-04-07T14:04:07","guid":{"rendered":"https:\/\/mtarobotics.com\/?post_type=product&#038;p=27774"},"modified":"2026-04-08T10:22:57","modified_gmt":"2026-04-08T08:22:57","slug":"cfd-5-inox-dosierkit51-fuer-2-3-9-1ml-u-2","status":"publish","type":"product","link":"https:\/\/mtarobotics.com\/de\/products\/dispensing-products\/dispensing-heads\/cfd-continous-flow-1k-dispensing-kits\/cfd-5-inox-dispensing-kit51-for-2-3-9-1ml-turn\/","title":{"rendered":"CFD-5-INOX Dosierkit51 f\u00fcr 2,3-9,1ml\/U"},"content":{"rendered":"<p>Der CFD-5-INOX Dosierkit 51 verwendet <a href=\"https:\/\/mtarobotics.com\/de\/uber-uns\/exzenterschneckenpumpe\/\" target=\"_blank\" rel=\"noopener\">Exzenterschneckenpumpen-Technologie<\/a> und bietet ein hohes Ma\u00df an Dosierflexibilit\u00e4t. Es erm\u00f6glicht eine pr\u00e4zise <strong>volumetrische Dosierung<\/strong> <strong>volumetrische Dosierung von 2,3ml\/Umdrehung bis 9,1<\/strong><strong>ml\/Umdrehung.<\/strong> und verarbeitet niedrig- bis hochviskose Einkomponentenmaterialien sowie gef\u00fcllte Medien zuverl\u00e4ssig.<\/p>\n<p>Das Dosierkit besteht aus Motor, Dosierer und Befestigungsflanschen. Detaillierte Informationen zu den einzelnen Komponenten finden Sie im Abschnitt <a href=\"https:\/\/mtarobotics.com\/de\/produkte\/mta-dispensing-products\/dosierkoepfe\/cfd-continous-flow-1k-dispenser-kits\/cfd-1-inox-dispensing-kit-11\/#ywtm-custom-tab-724\">mitgelieferte Ausr\u00fcstung<\/a> weiter unten auf dieser Seite.<\/p>\n<p>F\u00fcr eine optimale Anpassung an die jeweilige Anwendung sind Rotor und Stator in verschiedenen Werkstoffen verf\u00fcgbar. Dadurch wird eine hohe mechanische Belastbarkeit sowie chemische Best\u00e4ndigkeit gegen\u00fcber einer Vielzahl von Fl\u00fcssigkeiten gew\u00e4hrleistet. Rotor und Stator sind entsprechend den Angaben in den nachfolgenden Tabellen auszuw\u00e4hlen.<\/p>\n<h4><strong>Dispenserauswahl<\/strong><\/h4>\n<p>Finden Sie <a href=\"https:\/\/mtarobotics.com\/wp-content\/uploads\/2026\/03\/mta-robotics-dispenser-selection-guide-03-2026.pdf\">hier<\/a> (auf Englisch) anhand Ihres Dosiervolumens und der Materialeigenschaften den passenden CFD-Dispenser oder klicken Sie auf das zweite Bild auf der rechten Seite.<br \/>\nWeitere CFD-Kits werden in K\u00fcrze online verf\u00fcgbar sein \u2013 <a class=\"iml-iframe\" href=\"https:\/\/mtarobotics.com\/de\/kontaktieren-sie-uns\/\" target=\"_blank\" rel=\"noopener\">Anfrage senden<\/a> uns gerne f\u00fcr weitere Informationen.<\/p>\n<h4><strong>Rotor- und Statorauswahl f\u00fcr CFD-5<\/strong><\/h4>\n<p>Verwenden Sie die folgende Tabelle, um den geeigneten <strong>Rotor<\/strong> und <strong>Stator ausw\u00e4hlen<\/strong>:<\/p>\n<table style=\"width: 460px; height: 96px;\">\n<thead>\n<tr style=\"height: 24px;\">\n<th style=\"width: 451.6px; height: 24px;\" colspan=\"3\">Rotortyp CFD-5<\/th>\n<\/tr>\n<\/thead>\n<tbody>\n<tr style=\"height: 24px;\">\n<td style=\"width: 99.2625px; height: 24px;\">Volumen\/Umdrehung<\/td>\n<td style=\"width: 173.462px; height: 24px;\"><strong>Hartverchromung<\/strong><\/td>\n<td style=\"width: 168.475px; height: 24px;\"><strong>Passive DLC-Beschichtung<\/strong><\/td>\n<\/tr>\n<tr style=\"height: 10px;\">\n<td style=\"width: 99.2625px; height: 24px;\">2,3ml\/U<\/td>\n<td style=\"width: 173.462px; height: 24px;\"><a class=\"iml-iframe\" href=\"https:\/\/mtarobotics.com\/de\/produkte\/dosierprodukte\/dosier-ersatzteile\/rotoren\/cfd-5-rotor-2-3-ml-u-hartverchromung\/\">3I00406-41-000-008<\/a><\/td>\n<td style=\"width: 168.475px; height: 24px;\">-<\/td>\n<\/tr>\n<tr style=\"height: 24px;\">\n<td style=\"width: 99.2625px; height: 24px;\">9,1ml\/U<\/td>\n<td style=\"width: 173.462px; height: 24px;\"><a class=\"iml-iframe\" href=\"https:\/\/mtarobotics.com\/de\/produkte\/dosierprodukte\/dosier-ersatzteile\/rotoren\/cfd-5-rotor-9-1-ml-u-hartverchromung\/\">3I00406-41-000-010<\/a><\/td>\n<td style=\"width: 168.475px; height: 24px;\"><a class=\"iml-iframe\" href=\"https:\/\/mtarobotics.com\/de\/produkte\/dosierprodukte\/dosier-ersatzteile\/rotoren\/cfd-5-rotor-9-1-ml-u-passive-dlc-beschichtung\/\">3I00406-42-000-010<\/a><\/td>\n<\/tr>\n<\/tbody>\n<\/table>\n<table style=\"width: 460px; height: 72px;\">\n<thead>\n<tr style=\"height: 24px;\">\n<th style=\"width: 451.6px; height: 24px;\" colspan=\"3\">Statortyp CFD-5<\/th>\n<\/tr>\n<\/thead>\n<tbody>\n<tr style=\"height: 24px;\">\n<td style=\"width: 93.3625px; height: 24px;\">Volumen\/Umdrehung<\/td>\n<td style=\"width: 170.4px; height: 24px;\"><strong>mta-solvent<\/strong><\/td>\n<td style=\"width: 177.438px; height: 24px;\"><strong>mta-filled<\/strong><\/td>\n<\/tr>\n<tr style=\"height: 24px;\">\n<td style=\"width: 93.3625px; height: 24px;\">2,3ml\/U<\/td>\n<td style=\"width: 170.4px; height: 24px;\"><a class=\"iml-iframe\" href=\"https:\/\/mtarobotics.com\/de\/produkte\/dosierprodukte\/dosier-ersatzteile\/statoren\/cfd-5-stator-2-3ml-u-mta-solvent\/\">3I00406-31-000-008<\/a><\/td>\n<td style=\"width: 177.438px; height: 24px;\"><a class=\"iml-iframe\" href=\"https:\/\/mtarobotics.com\/de\/produkte\/dosierprodukte\/dosier-ersatzteile\/statoren\/cfd-5-stator-2-3ml-u-mta-filled\/\">3I00406-32-000-008<\/a><\/td>\n<\/tr>\n<tr>\n<td style=\"width: 93.3625px;\">9,1ml\/U<\/td>\n<td style=\"width: 170.4px;\"><a class=\"iml-iframe\" href=\"https:\/\/mtarobotics.com\/de\/produkte\/dosierprodukte\/dosier-ersatzteile\/statoren\/cfd-5-stator-9-1ml-u-mta-solvent\/\">3I00406-31-000-010<\/a><\/td>\n<td style=\"width: 177.438px;\"><a class=\"iml-iframe\" href=\"https:\/\/mtarobotics.com\/de\/produkte\/dosierprodukte\/dosier-ersatzteile\/statoren\/cfd-5-stator-9-1ml-u-mta-filled\/\">3I00406-32-000-010<\/a><\/td>\n<\/tr>\n<\/tbody>\n<\/table>\n<p><strong>mta-solvent \/ <em>ungef\u00fcllt:<\/em><\/strong>hohe chemische Best\u00e4ndigkeit, nicht f\u00fcr abrasive Materialien geeignet, z. B. Isocyanat (PU), UV-Acrylat, L\u00f6sungsmittel, anaerobe Klebstoffe.<\/p>\n<p><strong>mta filled \/ <em>gef\u00fcllt:<\/em><\/strong>best\u00e4ndig gegen Chemikalien und Abrieb, z. B. Silikon, PU (Harz), Epoxid (Harz), Fette, F\u00fcllstoffe.<\/p>\n<h4><strong>Praxisleitfaden f\u00fcr besseres Dosieren: BOBOs Tipps<\/strong><\/h4>\n<p>Unser Techniker hat praxisnahe Tipps zusammengestellt, um Sie bei der L\u00f6sung h\u00e4ufiger Dosierprobleme zu unterst\u00fctzen, wie z. B. zu hoher Druck, zu starke Ansaugung oder Lufteinschl\u00fcsse. Entdecken Sie m\u00f6gliche Ursachen sowie einfache und wirkungsvolle L\u00f6sungen, um Ihren Dosierprozess zu optimieren.<\/p>\n<p>Lesen Sie die vollst\u00e4ndige <a href=\"https:\/\/mtarobotics.com\/wp-content\/uploads\/2026\/01\/mta-robotics-practical-guide-BOBOs-advice-2025.pdf\">BOBOs Tipps<\/a> (auf Englisch) oder klicken Sie auf das vierte Bild auf der rechten Seite.<\/p>","protected":false},"excerpt":{"rendered":"<p>Der CFD-5-INOX Dosierkit 51 verwendet <a href=\"https:\/\/mtarobotics.com\/de\/uber-uns\/exzenterschneckenpumpe\/\" target=\"_blank\" rel=\"noopener\">Exzenterschneckenpumpen-Technologie<\/a> und bietet ein hohes Ma\u00df an Dosierflexibilit\u00e4t. Es erm\u00f6glicht eine pr\u00e4zise <strong>volumetrische Dosierung<\/strong> <strong>volumetrische Dosierung von 2,3ml\/Umdrehung bis 9,1<\/strong><strong>ml\/Umdrehung.<\/strong> und verarbeitet niedrig- bis hochviskose Einkomponentenmaterialien sowie gef\u00fcllte Medien zuverl\u00e4ssig.<\/p>","protected":false},"featured_media":27785,"template":"","meta":{"_acf_changed":false},"product_brand":[],"product_cat":[681],"product_tag":[],"class_list":{"0":"post-27774","1":"product","2":"type-product","3":"status-publish","4":"has-post-thumbnail","6":"product_cat-cfd-continous-flow-1k-dispensing-kits","8":"first","9":"instock","10":"purchasable","11":"product-type-simple"},"acf":{"additionnal_product_infos":false,"infos_steps":"Minimum order quantity: 10.<br>\r\nDiscount available for higher volumes","contact_button":false,"promo_badge":false,"promo_badge_on_list":false,"text_promo_bage":"","couleur_promo_badge":"#038001"},"yoast_head":"<!-- This site is optimized with the Yoast SEO plugin v27.4 - https:\/\/yoast.com\/product\/yoast-seo-wordpress\/ -->\n<title>CFD-5-INOX dispensing kit 51<\/title>\n<meta name=\"description\" content=\"The CFD-5-INOX dispensing kit 51 uses progressive cavity pump technology and offers a high level of versatility. Volume of 2.3 to 9.1 ml\/turn.\" \/>\n<meta name=\"robots\" content=\"index, follow, max-snippet:-1, max-image-preview:large, max-video-preview:-1\" \/>\n<link rel=\"canonical\" href=\"https:\/\/mtarobotics.com\/de\/produkte\/dosierprodukte\/dosierkoepfe\/kontinuierliche-1k-dosierkits-cfd\/cfd-5-inox-dosierkit51-fuer-2-3-9-1ml-u-2\/\" \/>\n<meta property=\"og:locale\" content=\"de_DE\" \/>\n<meta property=\"og:type\" content=\"article\" \/>\n<meta property=\"og:title\" content=\"CFD-5-INOX dispensing kit 51\" \/>\n<meta property=\"og:description\" content=\"The CFD-5-INOX dispensing kit 51 uses progressive cavity pump technology and offers a high level of versatility. Volume of 2.3 to 9.1 ml\/turn.\" \/>\n<meta property=\"og:url\" content=\"https:\/\/mtarobotics.com\/de\/produkte\/dosierprodukte\/dosierkoepfe\/kontinuierliche-1k-dosierkits-cfd\/cfd-5-inox-dosierkit51-fuer-2-3-9-1ml-u-2\/\" \/>\n<meta property=\"og:site_name\" content=\"mta robotics\" \/>\n<meta property=\"article:modified_time\" content=\"2026-04-08T08:22:57+00:00\" \/>\n<meta property=\"og:image\" content=\"https:\/\/mtarobotics.com\/wp-content\/uploads\/2026\/04\/mta-robotics-CFD-5-INOX-dispenser-03-2026-scaled.png\" \/>\n\t<meta property=\"og:image:width\" content=\"1347\" \/>\n\t<meta property=\"og:image:height\" content=\"2560\" \/>\n\t<meta property=\"og:image:type\" content=\"image\/png\" \/>\n<meta name=\"twitter:card\" content=\"summary_large_image\" \/>\n<meta name=\"twitter:label1\" content=\"Gesch\u00e4tzte Lesezeit\" \/>\n\t<meta name=\"twitter:data1\" content=\"2\u00a0Minuten\" \/>\n<script type=\"application\/ld+json\" class=\"yoast-schema-graph\">{\"@context\":\"https:\\\/\\\/schema.org\",\"@graph\":[{\"@type\":\"WebPage\",\"@id\":\"https:\\\/\\\/mtarobotics.com\\\/products\\\/dispensing-products\\\/dispensing-heads\\\/cfd-continous-flow-1k-dispensing-kits\\\/cfd-5-inox-dispensing-kit51-for-2-3-9-1ml-turn\\\/\",\"url\":\"https:\\\/\\\/mtarobotics.com\\\/products\\\/dispensing-products\\\/dispensing-heads\\\/cfd-continous-flow-1k-dispensing-kits\\\/cfd-5-inox-dispensing-kit51-for-2-3-9-1ml-turn\\\/\",\"name\":\"CFD-5-INOX dispensing kit 51\",\"isPartOf\":{\"@id\":\"https:\\\/\\\/mtarobotics.com\\\/#website\"},\"primaryImageOfPage\":{\"@id\":\"https:\\\/\\\/mtarobotics.com\\\/products\\\/dispensing-products\\\/dispensing-heads\\\/cfd-continous-flow-1k-dispensing-kits\\\/cfd-5-inox-dispensing-kit51-for-2-3-9-1ml-turn\\\/#primaryimage\"},\"image\":{\"@id\":\"https:\\\/\\\/mtarobotics.com\\\/products\\\/dispensing-products\\\/dispensing-heads\\\/cfd-continous-flow-1k-dispensing-kits\\\/cfd-5-inox-dispensing-kit51-for-2-3-9-1ml-turn\\\/#primaryimage\"},\"thumbnailUrl\":\"https:\\\/\\\/mtarobotics.com\\\/wp-content\\\/uploads\\\/2026\\\/04\\\/mta-robotics-CFD-5-INOX-dispenser-03-2026-scaled.png\",\"datePublished\":\"2026-04-07T14:04:07+00:00\",\"dateModified\":\"2026-04-08T08:22:57+00:00\",\"description\":\"The CFD-5-INOX dispensing kit 51 uses progressive cavity pump technology and offers a high level of versatility. Volume of 2.3 to 9.1 ml\\\/turn.\",\"breadcrumb\":{\"@id\":\"https:\\\/\\\/mtarobotics.com\\\/products\\\/dispensing-products\\\/dispensing-heads\\\/cfd-continous-flow-1k-dispensing-kits\\\/cfd-5-inox-dispensing-kit51-for-2-3-9-1ml-turn\\\/#breadcrumb\"},\"inLanguage\":\"de\",\"potentialAction\":[{\"@type\":\"ReadAction\",\"target\":[\"https:\\\/\\\/mtarobotics.com\\\/products\\\/dispensing-products\\\/dispensing-heads\\\/cfd-continous-flow-1k-dispensing-kits\\\/cfd-5-inox-dispensing-kit51-for-2-3-9-1ml-turn\\\/\"]}]},{\"@type\":\"ImageObject\",\"inLanguage\":\"de\",\"@id\":\"https:\\\/\\\/mtarobotics.com\\\/products\\\/dispensing-products\\\/dispensing-heads\\\/cfd-continous-flow-1k-dispensing-kits\\\/cfd-5-inox-dispensing-kit51-for-2-3-9-1ml-turn\\\/#primaryimage\",\"url\":\"https:\\\/\\\/mtarobotics.com\\\/wp-content\\\/uploads\\\/2026\\\/04\\\/mta-robotics-CFD-5-INOX-dispenser-03-2026-scaled.png\",\"contentUrl\":\"https:\\\/\\\/mtarobotics.com\\\/wp-content\\\/uploads\\\/2026\\\/04\\\/mta-robotics-CFD-5-INOX-dispenser-03-2026-scaled.png\",\"width\":1347,\"height\":2560,\"caption\":\"mta robotics CFD-5 Inox Dispenser 03 2026\"},{\"@type\":\"BreadcrumbList\",\"@id\":\"https:\\\/\\\/mtarobotics.com\\\/products\\\/dispensing-products\\\/dispensing-heads\\\/cfd-continous-flow-1k-dispensing-kits\\\/cfd-5-inox-dispensing-kit51-for-2-3-9-1ml-turn\\\/#breadcrumb\",\"itemListElement\":[{\"@type\":\"ListItem\",\"position\":1,\"name\":\"Home\",\"item\":\"https:\\\/\\\/mtarobotics.com\\\/\"},{\"@type\":\"ListItem\",\"position\":2,\"name\":\"Global product range\",\"item\":\"https:\\\/\\\/mtarobotics.com\\\/products\\\/\"},{\"@type\":\"ListItem\",\"position\":3,\"name\":\"CFD-5-INOX dispensing kit51 for 2.3-9.1ml\\\/turn\"}]},{\"@type\":\"WebSite\",\"@id\":\"https:\\\/\\\/mtarobotics.com\\\/#website\",\"url\":\"https:\\\/\\\/mtarobotics.com\\\/\",\"name\":\"mta robotics\",\"description\":\"Robotics for soldering and dispensing\",\"publisher\":{\"@id\":\"https:\\\/\\\/mtarobotics.com\\\/#organization\"},\"potentialAction\":[{\"@type\":\"SearchAction\",\"target\":{\"@type\":\"EntryPoint\",\"urlTemplate\":\"https:\\\/\\\/mtarobotics.com\\\/?s={search_term_string}\"},\"query-input\":{\"@type\":\"PropertyValueSpecification\",\"valueRequired\":true,\"valueName\":\"search_term_string\"}}],\"inLanguage\":\"de\"},{\"@type\":\"Organization\",\"@id\":\"https:\\\/\\\/mtarobotics.com\\\/#organization\",\"name\":\"Mta robotics\",\"url\":\"https:\\\/\\\/mtarobotics.com\\\/\",\"logo\":{\"@type\":\"ImageObject\",\"inLanguage\":\"de\",\"@id\":\"https:\\\/\\\/mtarobotics.com\\\/#\\\/schema\\\/logo\\\/image\\\/\",\"url\":\"https:\\\/\\\/mtarobotics.com\\\/wp-content\\\/uploads\\\/2019\\\/03\\\/mta.png\",\"contentUrl\":\"https:\\\/\\\/mtarobotics.com\\\/wp-content\\\/uploads\\\/2019\\\/03\\\/mta.png\",\"width\":170,\"height\":84,\"caption\":\"Mta robotics\"},\"image\":{\"@id\":\"https:\\\/\\\/mtarobotics.com\\\/#\\\/schema\\\/logo\\\/image\\\/\"}}]}<\/script>\n<!-- \/ Yoast SEO plugin. -->","yoast_head_json":{"title":"CFD-5-INOX dispensing kit 51","description":"The CFD-5-INOX dispensing kit 51 uses progressive cavity pump technology and offers a high level of versatility. Volume of 2.3 to 9.1 ml\/turn.","robots":{"index":"index","follow":"follow","max-snippet":"max-snippet:-1","max-image-preview":"max-image-preview:large","max-video-preview":"max-video-preview:-1"},"canonical":"https:\/\/mtarobotics.com\/de\/produkte\/dosierprodukte\/dosierkoepfe\/kontinuierliche-1k-dosierkits-cfd\/cfd-5-inox-dosierkit51-fuer-2-3-9-1ml-u-2\/","og_locale":"de_DE","og_type":"article","og_title":"CFD-5-INOX dispensing kit 51","og_description":"The CFD-5-INOX dispensing kit 51 uses progressive cavity pump technology and offers a high level of versatility. Volume of 2.3 to 9.1 ml\/turn.","og_url":"https:\/\/mtarobotics.com\/de\/produkte\/dosierprodukte\/dosierkoepfe\/kontinuierliche-1k-dosierkits-cfd\/cfd-5-inox-dosierkit51-fuer-2-3-9-1ml-u-2\/","og_site_name":"mta robotics","article_modified_time":"2026-04-08T08:22:57+00:00","og_image":[{"width":1347,"height":2560,"url":"https:\/\/mtarobotics.com\/wp-content\/uploads\/2026\/04\/mta-robotics-CFD-5-INOX-dispenser-03-2026-scaled.png","type":"image\/png"}],"twitter_card":"summary_large_image","twitter_misc":{"Gesch\u00e4tzte Lesezeit":"2\u00a0Minuten"},"schema":{"@context":"https:\/\/schema.org","@graph":[{"@type":"WebPage","@id":"https:\/\/mtarobotics.com\/products\/dispensing-products\/dispensing-heads\/cfd-continous-flow-1k-dispensing-kits\/cfd-5-inox-dispensing-kit51-for-2-3-9-1ml-turn\/","url":"https:\/\/mtarobotics.com\/products\/dispensing-products\/dispensing-heads\/cfd-continous-flow-1k-dispensing-kits\/cfd-5-inox-dispensing-kit51-for-2-3-9-1ml-turn\/","name":"CFD-5-INOX dispensing kit 51","isPartOf":{"@id":"https:\/\/mtarobotics.com\/#website"},"primaryImageOfPage":{"@id":"https:\/\/mtarobotics.com\/products\/dispensing-products\/dispensing-heads\/cfd-continous-flow-1k-dispensing-kits\/cfd-5-inox-dispensing-kit51-for-2-3-9-1ml-turn\/#primaryimage"},"image":{"@id":"https:\/\/mtarobotics.com\/products\/dispensing-products\/dispensing-heads\/cfd-continous-flow-1k-dispensing-kits\/cfd-5-inox-dispensing-kit51-for-2-3-9-1ml-turn\/#primaryimage"},"thumbnailUrl":"https:\/\/mtarobotics.com\/wp-content\/uploads\/2026\/04\/mta-robotics-CFD-5-INOX-dispenser-03-2026-scaled.png","datePublished":"2026-04-07T14:04:07+00:00","dateModified":"2026-04-08T08:22:57+00:00","description":"The CFD-5-INOX dispensing kit 51 uses progressive cavity pump technology and offers a high level of versatility. Volume of 2.3 to 9.1 ml\/turn.","breadcrumb":{"@id":"https:\/\/mtarobotics.com\/products\/dispensing-products\/dispensing-heads\/cfd-continous-flow-1k-dispensing-kits\/cfd-5-inox-dispensing-kit51-for-2-3-9-1ml-turn\/#breadcrumb"},"inLanguage":"de","potentialAction":[{"@type":"ReadAction","target":["https:\/\/mtarobotics.com\/products\/dispensing-products\/dispensing-heads\/cfd-continous-flow-1k-dispensing-kits\/cfd-5-inox-dispensing-kit51-for-2-3-9-1ml-turn\/"]}]},{"@type":"ImageObject","inLanguage":"de","@id":"https:\/\/mtarobotics.com\/products\/dispensing-products\/dispensing-heads\/cfd-continous-flow-1k-dispensing-kits\/cfd-5-inox-dispensing-kit51-for-2-3-9-1ml-turn\/#primaryimage","url":"https:\/\/mtarobotics.com\/wp-content\/uploads\/2026\/04\/mta-robotics-CFD-5-INOX-dispenser-03-2026-scaled.png","contentUrl":"https:\/\/mtarobotics.com\/wp-content\/uploads\/2026\/04\/mta-robotics-CFD-5-INOX-dispenser-03-2026-scaled.png","width":1347,"height":2560,"caption":"mta robotics CFD-5 Inox Dispenser 03 2026"},{"@type":"BreadcrumbList","@id":"https:\/\/mtarobotics.com\/products\/dispensing-products\/dispensing-heads\/cfd-continous-flow-1k-dispensing-kits\/cfd-5-inox-dispensing-kit51-for-2-3-9-1ml-turn\/#breadcrumb","itemListElement":[{"@type":"ListItem","position":1,"name":"Home","item":"https:\/\/mtarobotics.com\/"},{"@type":"ListItem","position":2,"name":"Global product range","item":"https:\/\/mtarobotics.com\/products\/"},{"@type":"ListItem","position":3,"name":"CFD-5-INOX dispensing kit51 for 2.3-9.1ml\/turn"}]},{"@type":"WebSite","@id":"https:\/\/mtarobotics.com\/#website","url":"https:\/\/mtarobotics.com\/","name":"mta robotics","description":"Robotertechnik f\u00fcr L\u00f6ten und Dosieren","publisher":{"@id":"https:\/\/mtarobotics.com\/#organization"},"potentialAction":[{"@type":"SearchAction","target":{"@type":"EntryPoint","urlTemplate":"https:\/\/mtarobotics.com\/?s={search_term_string}"},"query-input":{"@type":"PropertyValueSpecification","valueRequired":true,"valueName":"search_term_string"}}],"inLanguage":"de"},{"@type":"Organization","@id":"https:\/\/mtarobotics.com\/#organization","name":"Mta-Robotik","url":"https:\/\/mtarobotics.com\/","logo":{"@type":"ImageObject","inLanguage":"de","@id":"https:\/\/mtarobotics.com\/#\/schema\/logo\/image\/","url":"https:\/\/mtarobotics.com\/wp-content\/uploads\/2019\/03\/mta.png","contentUrl":"https:\/\/mtarobotics.com\/wp-content\/uploads\/2019\/03\/mta.png","width":170,"height":84,"caption":"Mta robotics"},"image":{"@id":"https:\/\/mtarobotics.com\/#\/schema\/logo\/image\/"}}]}},"_links":{"self":[{"href":"https:\/\/mtarobotics.com\/de\/wp-json\/wp\/v2\/product\/27774","targetHints":{"allow":["GET"]}}],"collection":[{"href":"https:\/\/mtarobotics.com\/de\/wp-json\/wp\/v2\/product"}],"about":[{"href":"https:\/\/mtarobotics.com\/de\/wp-json\/wp\/v2\/types\/product"}],"wp:featuredmedia":[{"embeddable":true,"href":"https:\/\/mtarobotics.com\/de\/wp-json\/wp\/v2\/media\/27785"}],"wp:attachment":[{"href":"https:\/\/mtarobotics.com\/de\/wp-json\/wp\/v2\/media?parent=27774"}],"wp:term":[{"taxonomy":"product_brand","embeddable":true,"href":"https:\/\/mtarobotics.com\/de\/wp-json\/wp\/v2\/product_brand?post=27774"},{"taxonomy":"product_cat","embeddable":true,"href":"https:\/\/mtarobotics.com\/de\/wp-json\/wp\/v2\/product_cat?post=27774"},{"taxonomy":"product_tag","embeddable":true,"href":"https:\/\/mtarobotics.com\/de\/wp-json\/wp\/v2\/product_tag?post=27774"}],"curies":[{"name":"wp","href":"https:\/\/api.w.org\/{rel}","templated":true}]}}