{"id":3072,"date":"2019-09-24T13:22:27","date_gmt":"2019-09-24T11:22:27","guid":{"rendered":"https:\/\/mta.925.unitechnologies.com\/?post_type=product&#038;p=3072"},"modified":"2025-12-03T15:10:13","modified_gmt":"2025-12-03T14:10:13","slug":"roboterzelle-mps700-selektives-kolbenloeten-von-unten","status":"publish","type":"product","link":"https:\/\/mtarobotics.com\/de\/products\/soldering-products\/soldering-robots\/mps700-bottom-side-selective-iron-soldering-machine\/","title":{"rendered":"Roboterzelle MPS700 - selektives Kolbenl\u00f6ten von unten"},"content":{"rendered":"<p>Als Erg\u00e4nzung oder Alternative zu Miniwellen- und traditionellen Selektivl\u00f6ttechniken bietet die MPS700 Selektivl\u00f6tmaschine mit Unterseite maximale Zug\u00e4nglichkeit und eliminiert die Kupferaufl\u00f6sung in massereichen Verbindungen dank der mta-Eisentechnologie. Sie erf\u00fcllt die Anforderungen der Massenproduktion an Qualit\u00e4t, Zuverl\u00e4ssigkeit und Zykluszeiten.<\/p>\n<p>Der L\u00f6tkolbenkopf besteht aus einem leistungsstarken Heizelement und einem hochpr\u00e4zisen Drahtvorschub. Ein kompaktes Bildverarbeitungssystem, das in der N\u00e4he des L\u00f6tkolbenkopfes positioniert ist, stellt die L\u00f6tpunkte ein. Ein 4-Achsen-System garantiert schnelle und pr\u00e4zise Bewegungen.<\/p>\n<p>Das MPS700 umfasst unser <a href=\"https:\/\/mtarobotics.com\/de\/produkte\/loetprodukte\/loetkopfe\/kolbenloetkopf-fuer-loetrobter\/\" target=\"_blank\" rel=\"noopener noreferrer\">mta classic L\u00f6tkolbenkopf<\/a>.<\/p>\n<p>Und schlie\u00dflich erm\u00f6glicht die benutzerfreundliche Software einen schnellen Einstieg in die Nutzung des Ger\u00e4ts und effiziente Ergebnisse, ohne dass man sich stundenlang mit der Bedienung besch\u00e4ftigen muss.<\/p>\n<h3>Durchsteckl\u00f6ten von Komponenten PCB<\/h3>\n<p>Da es sich bei der MPS700-Maschine um ein Inline-Verfahren handelt, bei dem ein Roboterl\u00f6tkolben von unten eingesetzt wird, eignet sie sich ideal zum L\u00f6ten problematischer L\u00f6tstellen, so dass die Hersteller die gesamte Leiterplatte inline bearbeiten k\u00f6nnen.<\/p>\n<p>Der Gesamtdurchsatz verbessert sich, da problematische Verbindungen nicht offline bearbeitet werden m\u00fcssen.<\/p>\n<p>Qualit\u00e4t und Konsistenz verbessern sich ebenfalls drastisch, da das Handl\u00f6ten entf\u00e4llt und die Wellentechnologie nicht gezwungen ist, Verbindungen \u00fcber ihre technischen Grenzen hinaus zu l\u00f6ten.<\/p>\n<h3>8 Gr\u00fcnde f\u00fcr die Wahl des mta MPS700 Selektivl\u00f6tkolbens f\u00fcr die Unterseite<\/h3>\n<ol class=\"ol1\">\n<li>Der L\u00f6tkolben kann Stellen erreichen, die f\u00fcr andere L\u00f6tger\u00e4te unzug\u00e4nglich sind.<\/li>\n<li>Das Fluxen der Platinen vor dem L\u00f6ten ist nicht erforderlich.<\/li>\n<li>Schnelles und einfaches Wechseln der Lotlegierungen - Austausch der Lotspule.<\/li>\n<li>Sehr wartungsarm - keine zu reinigenden Lotbeh\u00e4lter, Kr\u00e4tze oder Flussmittelr\u00fcckst\u00e4nde.<\/li>\n<li>Automatische Neuausrichtung der L\u00f6tpunkte f\u00fcr pr\u00e4zise Prozesskontrolle.<\/li>\n<li>Taylor individuelle L\u00f6tparameter f\u00fcr jeden Punkt.<\/li>\n<li>F\u00e4higkeit, eine breite Palette von Leiterplattenabmessungen zu verarbeiten.<\/li>\n<li>Schnelle und einfache Integration dank der SMEMA-Normen.<\/li>\n<\/ol>","protected":false},"excerpt":{"rendered":"<p>Als Erg\u00e4nzung oder Alternative zu Miniwellen- und traditionellen Selektivl\u00f6ttechniken bietet die MPS700 Selektivl\u00f6tmaschine mit Unterseite maximale Zug\u00e4nglichkeit und eliminiert die Kupferaufl\u00f6sung in massereichen Verbindungen dank der mta-Eisentechnologie. Sie erf\u00fcllt die Anforderungen der Massenproduktion an Qualit\u00e4t, Zuverl\u00e4ssigkeit und Zykluszeiten.<\/p>\n<p>Der L\u00f6tkolbenkopf besteht aus einem leistungsstarken Heizelement und einem hochpr\u00e4zisen Drahtvorschub. Ein kompaktes Bildverarbeitungssystem, das in der N\u00e4he des L\u00f6tkolbenkopfes positioniert ist, stellt die L\u00f6tpunkte ein. Ein 4-Achsen-System garantiert schnelle und pr\u00e4zise Bewegungen.<\/p>\n<p>Das MPS700 umfasst unser <a href=\"https:\/\/mtarobotics.com\/de\/produkte\/loetprodukte\/loetkopfe\/kolbenloetkopf-fuer-loetrobter\/\" target=\"_blank\" rel=\"noopener noreferrer\">mta classic L\u00f6tkolbenkopf<\/a>.<\/p>\n<p>Und schlie\u00dflich erm\u00f6glicht die benutzerfreundliche Software einen schnellen Einstieg in die Nutzung des Ger\u00e4ts und effiziente Ergebnisse, ohne dass man sich stundenlang mit der Bedienung besch\u00e4ftigen muss.<\/p>\n<h3>Durchsteckl\u00f6ten von Komponenten PCB<\/h3>\n<p>Da es sich bei der MPS700-Maschine um ein Inline-Verfahren handelt, bei dem ein Roboterl\u00f6tkolben von unten eingesetzt wird, eignet sie sich ideal zum L\u00f6ten problematischer L\u00f6tstellen, so dass die Hersteller die gesamte Leiterplatte inline bearbeiten k\u00f6nnen.<\/p>\n<p>Der Gesamtdurchsatz verbessert sich, da problematische Verbindungen nicht offline bearbeitet werden m\u00fcssen.<\/p>\n<p>Qualit\u00e4t und Konsistenz verbessern sich ebenfalls drastisch, da das Handl\u00f6ten entf\u00e4llt und die Wellentechnologie nicht gezwungen ist, Verbindungen \u00fcber ihre technischen Grenzen hinaus zu l\u00f6ten.<\/p>\n<h3>8 Gr\u00fcnde f\u00fcr die Wahl des mta MPS700 Selektivl\u00f6tkolbens f\u00fcr die Unterseite<\/h3>\n<ol class=\"ol1\">\n<li>Der L\u00f6tkolben kann Stellen erreichen, die f\u00fcr andere L\u00f6tger\u00e4te unzug\u00e4nglich sind.<\/li>\n<li>Das Fluxen der Platinen vor dem L\u00f6ten ist nicht erforderlich.<\/li>\n<li>Schnelles und einfaches Wechseln der Lotlegierungen - Austausch der Lotspule.<\/li>\n<li>Sehr wartungsarm - keine zu reinigenden Lotbeh\u00e4lter, Kr\u00e4tze oder Flussmittelr\u00fcckst\u00e4nde.<\/li>\n<li>Automatische Neuausrichtung der L\u00f6tpunkte f\u00fcr pr\u00e4zise Prozesskontrolle.<\/li>\n<li>Taylor individuelle L\u00f6tparameter f\u00fcr jeden Punkt.<\/li>\n<li>F\u00e4higkeit, eine breite Palette von Leiterplattenabmessungen zu verarbeiten.<\/li>\n<li>Schnelle und einfache Integration dank der SMEMA-Normen.<\/li>\n<\/ol>","protected":false},"featured_media":3448,"template":"","meta":{"_acf_changed":false},"product_brand":[],"product_cat":[94,27],"product_tag":[],"class_list":{"0":"post-3072","1":"product","2":"type-product","3":"status-publish","4":"has-post-thumbnail","6":"product_cat-soldering-products","7":"product_cat-soldering-robots","9":"first","10":"instock","11":"taxable","12":"shipping-taxable","13":"product-type-simple"},"acf":{"additionnal_product_infos":false,"infos_steps":"Minimum order quantity: 10.<br>\r\nDiscount available for higher volumes","contact_button":false,"promo_badge":false,"promo_badge_on_list":false,"text_promo_bage":"","couleur_promo_badge":"#038001"},"yoast_head":"<!-- This site is optimized with the Yoast SEO plugin v27.4 - https:\/\/yoast.com\/product\/yoast-seo-wordpress\/ -->\n<title>MPS700 bottom-side selective soldering machine | mta robotics<\/title>\n<meta name=\"description\" content=\"The bottom-side iron soldering machine is a complement or an alternative to mini-wave and traditional selective soldering techniques.\" \/>\n<meta name=\"robots\" content=\"index, follow, max-snippet:-1, max-image-preview:large, max-video-preview:-1\" \/>\n<link rel=\"canonical\" href=\"https:\/\/mtarobotics.com\/de\/produkte\/loetprodukte\/loetplattformen\/roboterzelle-mps700-selektives-kolbenloeten-von-unten\/\" \/>\n<meta property=\"og:locale\" content=\"de_DE\" \/>\n<meta property=\"og:type\" content=\"article\" \/>\n<meta property=\"og:title\" content=\"MPS700 bottom-side selective soldering machine | mta robotics\" \/>\n<meta property=\"og:description\" content=\"The bottom-side iron soldering machine is a complement or an alternative to mini-wave and traditional selective soldering techniques.\" \/>\n<meta property=\"og:url\" content=\"https:\/\/mtarobotics.com\/de\/produkte\/loetprodukte\/loetplattformen\/roboterzelle-mps700-selektives-kolbenloeten-von-unten\/\" \/>\n<meta property=\"og:site_name\" content=\"mta robotics\" \/>\n<meta property=\"article:modified_time\" content=\"2025-12-03T14:10:13+00:00\" \/>\n<meta property=\"og:image\" content=\"https:\/\/mtarobotics.com\/wp-content\/uploads\/2021\/02\/mta_bottom-side-iron-soldering_mps700_2022.png\" \/>\n\t<meta property=\"og:image:width\" content=\"1802\" \/>\n\t<meta property=\"og:image:height\" content=\"1392\" \/>\n\t<meta property=\"og:image:type\" content=\"image\/png\" \/>\n<meta name=\"twitter:card\" content=\"summary_large_image\" \/>\n<meta name=\"twitter:label1\" content=\"Gesch\u00e4tzte Lesezeit\" \/>\n\t<meta name=\"twitter:data1\" content=\"2\u00a0Minuten\" \/>\n<script type=\"application\/ld+json\" class=\"yoast-schema-graph\">{\"@context\":\"https:\\\/\\\/schema.org\",\"@graph\":[{\"@type\":\"WebPage\",\"@id\":\"https:\\\/\\\/mtarobotics.com\\\/products\\\/loetprodukte\\\/loetplattformen\\\/mps700-bottom-side-selective-iron-soldering-machine\\\/\",\"url\":\"https:\\\/\\\/mtarobotics.com\\\/products\\\/loetprodukte\\\/loetplattformen\\\/mps700-bottom-side-selective-iron-soldering-machine\\\/\",\"name\":\"MPS700 bottom-side selective soldering machine | mta robotics\",\"isPartOf\":{\"@id\":\"https:\\\/\\\/mtarobotics.com\\\/#website\"},\"primaryImageOfPage\":{\"@id\":\"https:\\\/\\\/mtarobotics.com\\\/products\\\/loetprodukte\\\/loetplattformen\\\/mps700-bottom-side-selective-iron-soldering-machine\\\/#primaryimage\"},\"image\":{\"@id\":\"https:\\\/\\\/mtarobotics.com\\\/products\\\/loetprodukte\\\/loetplattformen\\\/mps700-bottom-side-selective-iron-soldering-machine\\\/#primaryimage\"},\"thumbnailUrl\":\"https:\\\/\\\/mtarobotics.com\\\/wp-content\\\/uploads\\\/2021\\\/02\\\/mta_bottom-side-iron-soldering_mps700_2022.png\",\"datePublished\":\"2019-09-24T11:22:27+00:00\",\"dateModified\":\"2025-12-03T14:10:13+00:00\",\"description\":\"The bottom-side iron soldering machine is a complement or an alternative to mini-wave and traditional selective soldering techniques.\",\"breadcrumb\":{\"@id\":\"https:\\\/\\\/mtarobotics.com\\\/products\\\/loetprodukte\\\/loetplattformen\\\/mps700-bottom-side-selective-iron-soldering-machine\\\/#breadcrumb\"},\"inLanguage\":\"de\",\"potentialAction\":[{\"@type\":\"ReadAction\",\"target\":[\"https:\\\/\\\/mtarobotics.com\\\/products\\\/loetprodukte\\\/loetplattformen\\\/mps700-bottom-side-selective-iron-soldering-machine\\\/\"]}]},{\"@type\":\"ImageObject\",\"inLanguage\":\"de\",\"@id\":\"https:\\\/\\\/mtarobotics.com\\\/products\\\/loetprodukte\\\/loetplattformen\\\/mps700-bottom-side-selective-iron-soldering-machine\\\/#primaryimage\",\"url\":\"https:\\\/\\\/mtarobotics.com\\\/wp-content\\\/uploads\\\/2021\\\/02\\\/mta_bottom-side-iron-soldering_mps700_2022.png\",\"contentUrl\":\"https:\\\/\\\/mtarobotics.com\\\/wp-content\\\/uploads\\\/2021\\\/02\\\/mta_bottom-side-iron-soldering_mps700_2022.png\",\"width\":1802,\"height\":1392,\"caption\":\"MPS700 bottom side selective iron soldering machine\"},{\"@type\":\"BreadcrumbList\",\"@id\":\"https:\\\/\\\/mtarobotics.com\\\/products\\\/loetprodukte\\\/loetplattformen\\\/mps700-bottom-side-selective-iron-soldering-machine\\\/#breadcrumb\",\"itemListElement\":[{\"@type\":\"ListItem\",\"position\":1,\"name\":\"Home\",\"item\":\"https:\\\/\\\/mtarobotics.com\\\/\"},{\"@type\":\"ListItem\",\"position\":2,\"name\":\"Global product range\",\"item\":\"https:\\\/\\\/mtarobotics.com\\\/products\\\/\"},{\"@type\":\"ListItem\",\"position\":3,\"name\":\"MPS700 bottom-side selective iron soldering machine\"}]},{\"@type\":\"WebSite\",\"@id\":\"https:\\\/\\\/mtarobotics.com\\\/#website\",\"url\":\"https:\\\/\\\/mtarobotics.com\\\/\",\"name\":\"mta robotics\",\"description\":\"Robotics for soldering and dispensing\",\"publisher\":{\"@id\":\"https:\\\/\\\/mtarobotics.com\\\/#organization\"},\"potentialAction\":[{\"@type\":\"SearchAction\",\"target\":{\"@type\":\"EntryPoint\",\"urlTemplate\":\"https:\\\/\\\/mtarobotics.com\\\/?s={search_term_string}\"},\"query-input\":{\"@type\":\"PropertyValueSpecification\",\"valueRequired\":true,\"valueName\":\"search_term_string\"}}],\"inLanguage\":\"de\"},{\"@type\":\"Organization\",\"@id\":\"https:\\\/\\\/mtarobotics.com\\\/#organization\",\"name\":\"Mta robotics\",\"url\":\"https:\\\/\\\/mtarobotics.com\\\/\",\"logo\":{\"@type\":\"ImageObject\",\"inLanguage\":\"de\",\"@id\":\"https:\\\/\\\/mtarobotics.com\\\/#\\\/schema\\\/logo\\\/image\\\/\",\"url\":\"https:\\\/\\\/mtarobotics.com\\\/wp-content\\\/uploads\\\/2019\\\/03\\\/mta.png\",\"contentUrl\":\"https:\\\/\\\/mtarobotics.com\\\/wp-content\\\/uploads\\\/2019\\\/03\\\/mta.png\",\"width\":170,\"height\":84,\"caption\":\"Mta robotics\"},\"image\":{\"@id\":\"https:\\\/\\\/mtarobotics.com\\\/#\\\/schema\\\/logo\\\/image\\\/\"}}]}<\/script>\n<!-- \/ Yoast SEO plugin. -->","yoast_head_json":{"title":"Roboterzelle MPS700 selektives L\u00f6ten von unten | mta robotics","description":"Die Unterseitenl\u00f6tmaschine ist eine Erg\u00e4nzung oder Alternative zu Miniwellen- und traditionellen Selektivl\u00f6ttechniken.","robots":{"index":"index","follow":"follow","max-snippet":"max-snippet:-1","max-image-preview":"max-image-preview:large","max-video-preview":"max-video-preview:-1"},"canonical":"https:\/\/mtarobotics.com\/de\/produkte\/loetprodukte\/loetplattformen\/roboterzelle-mps700-selektives-kolbenloeten-von-unten\/","og_locale":"de_DE","og_type":"article","og_title":"MPS700 bottom-side selective soldering machine | mta robotics","og_description":"The bottom-side iron soldering machine is a complement or an alternative to mini-wave and traditional selective soldering techniques.","og_url":"https:\/\/mtarobotics.com\/de\/produkte\/loetprodukte\/loetplattformen\/roboterzelle-mps700-selektives-kolbenloeten-von-unten\/","og_site_name":"mta robotics","article_modified_time":"2025-12-03T14:10:13+00:00","og_image":[{"width":1802,"height":1392,"url":"https:\/\/mtarobotics.com\/wp-content\/uploads\/2021\/02\/mta_bottom-side-iron-soldering_mps700_2022.png","type":"image\/png"}],"twitter_card":"summary_large_image","twitter_misc":{"Gesch\u00e4tzte Lesezeit":"2\u00a0Minuten"},"schema":{"@context":"https:\/\/schema.org","@graph":[{"@type":"WebPage","@id":"https:\/\/mtarobotics.com\/products\/loetprodukte\/loetplattformen\/mps700-bottom-side-selective-iron-soldering-machine\/","url":"https:\/\/mtarobotics.com\/products\/loetprodukte\/loetplattformen\/mps700-bottom-side-selective-iron-soldering-machine\/","name":"Roboterzelle MPS700 selektives L\u00f6ten von unten | mta robotics","isPartOf":{"@id":"https:\/\/mtarobotics.com\/#website"},"primaryImageOfPage":{"@id":"https:\/\/mtarobotics.com\/products\/loetprodukte\/loetplattformen\/mps700-bottom-side-selective-iron-soldering-machine\/#primaryimage"},"image":{"@id":"https:\/\/mtarobotics.com\/products\/loetprodukte\/loetplattformen\/mps700-bottom-side-selective-iron-soldering-machine\/#primaryimage"},"thumbnailUrl":"https:\/\/mtarobotics.com\/wp-content\/uploads\/2021\/02\/mta_bottom-side-iron-soldering_mps700_2022.png","datePublished":"2019-09-24T11:22:27+00:00","dateModified":"2025-12-03T14:10:13+00:00","description":"Die Unterseitenl\u00f6tmaschine ist eine Erg\u00e4nzung oder Alternative zu Miniwellen- und traditionellen Selektivl\u00f6ttechniken.","breadcrumb":{"@id":"https:\/\/mtarobotics.com\/products\/loetprodukte\/loetplattformen\/mps700-bottom-side-selective-iron-soldering-machine\/#breadcrumb"},"inLanguage":"de","potentialAction":[{"@type":"ReadAction","target":["https:\/\/mtarobotics.com\/products\/loetprodukte\/loetplattformen\/mps700-bottom-side-selective-iron-soldering-machine\/"]}]},{"@type":"ImageObject","inLanguage":"de","@id":"https:\/\/mtarobotics.com\/products\/loetprodukte\/loetplattformen\/mps700-bottom-side-selective-iron-soldering-machine\/#primaryimage","url":"https:\/\/mtarobotics.com\/wp-content\/uploads\/2021\/02\/mta_bottom-side-iron-soldering_mps700_2022.png","contentUrl":"https:\/\/mtarobotics.com\/wp-content\/uploads\/2021\/02\/mta_bottom-side-iron-soldering_mps700_2022.png","width":1802,"height":1392,"caption":"MPS700 bottom side selective iron soldering machine"},{"@type":"BreadcrumbList","@id":"https:\/\/mtarobotics.com\/products\/loetprodukte\/loetplattformen\/mps700-bottom-side-selective-iron-soldering-machine\/#breadcrumb","itemListElement":[{"@type":"ListItem","position":1,"name":"Home","item":"https:\/\/mtarobotics.com\/"},{"@type":"ListItem","position":2,"name":"Global product range","item":"https:\/\/mtarobotics.com\/products\/"},{"@type":"ListItem","position":3,"name":"MPS700 bottom-side selective iron soldering machine"}]},{"@type":"WebSite","@id":"https:\/\/mtarobotics.com\/#website","url":"https:\/\/mtarobotics.com\/","name":"mta robotics","description":"Robotertechnik f\u00fcr L\u00f6ten und Dosieren","publisher":{"@id":"https:\/\/mtarobotics.com\/#organization"},"potentialAction":[{"@type":"SearchAction","target":{"@type":"EntryPoint","urlTemplate":"https:\/\/mtarobotics.com\/?s={search_term_string}"},"query-input":{"@type":"PropertyValueSpecification","valueRequired":true,"valueName":"search_term_string"}}],"inLanguage":"de"},{"@type":"Organization","@id":"https:\/\/mtarobotics.com\/#organization","name":"Mta-Robotik","url":"https:\/\/mtarobotics.com\/","logo":{"@type":"ImageObject","inLanguage":"de","@id":"https:\/\/mtarobotics.com\/#\/schema\/logo\/image\/","url":"https:\/\/mtarobotics.com\/wp-content\/uploads\/2019\/03\/mta.png","contentUrl":"https:\/\/mtarobotics.com\/wp-content\/uploads\/2019\/03\/mta.png","width":170,"height":84,"caption":"Mta robotics"},"image":{"@id":"https:\/\/mtarobotics.com\/#\/schema\/logo\/image\/"}}]}},"_links":{"self":[{"href":"https:\/\/mtarobotics.com\/de\/wp-json\/wp\/v2\/product\/3072","targetHints":{"allow":["GET"]}}],"collection":[{"href":"https:\/\/mtarobotics.com\/de\/wp-json\/wp\/v2\/product"}],"about":[{"href":"https:\/\/mtarobotics.com\/de\/wp-json\/wp\/v2\/types\/product"}],"wp:featuredmedia":[{"embeddable":true,"href":"https:\/\/mtarobotics.com\/de\/wp-json\/wp\/v2\/media\/3448"}],"wp:attachment":[{"href":"https:\/\/mtarobotics.com\/de\/wp-json\/wp\/v2\/media?parent=3072"}],"wp:term":[{"taxonomy":"product_brand","embeddable":true,"href":"https:\/\/mtarobotics.com\/de\/wp-json\/wp\/v2\/product_brand?post=3072"},{"taxonomy":"product_cat","embeddable":true,"href":"https:\/\/mtarobotics.com\/de\/wp-json\/wp\/v2\/product_cat?post=3072"},{"taxonomy":"product_tag","embeddable":true,"href":"https:\/\/mtarobotics.com\/de\/wp-json\/wp\/v2\/product_tag?post=3072"}],"curies":[{"name":"wp","href":"https:\/\/api.w.org\/{rel}","templated":true}]}}