{"id":3934,"date":"2020-03-19T11:24:48","date_gmt":"2020-03-19T10:24:48","guid":{"rendered":"http:\/\/mtadev.unitechnologies.com\/?post_type=product&#038;p=3934"},"modified":"2026-03-18T13:51:56","modified_gmt":"2026-03-18T12:51:56","slug":"komplette-kolben-reinigungseinheit-nf02","status":"publish","type":"product","link":"https:\/\/mtarobotics.com\/de\/products\/soldering-products\/soldering-spare-parts\/cleaning\/complete-iron-cleaning-unit-nf02\/","title":{"rendered":"Komplette Kolbenreinigungseinheit NF02"},"content":{"rendered":"<p>mta komplette Kolbenreinigungseinheit NF02 f\u00fcr L\u00f6tspitzen inklusive Netzkabel.<\/p>\n<p>&nbsp;<\/p>","protected":false},"excerpt":{"rendered":"<div class=\"wpb_row vc_row-fluid\" data-speedfactor=\"-0.6\">\n<div class=\"vc_span8 wpb_column column_container\">\n<div id=\"mk-text-block-920\" class=\"mk-text-block\">\n<p>mta Komplettreinigungseinheit NF02 f\u00fcr L\u00f6tkolben inkl. Netzkabel.<\/p>\n<p>Die Marke MTA hat ein propriet\u00e4res Design f\u00fcr L\u00f6tspitzenreinigungsger\u00e4te, die aus zwei rotierenden Schw\u00e4mmen mit manuellen oder automatischen Benetzungssystemen bestehen.<\/p>\n<p>Das\u00a0<a href=\"https:\/\/mtarobotics.com\/de\/produkt\/bag-of-24-sponges\/\" target=\"_blank\" rel=\"noopener noreferrer\">Schw\u00e4mme<\/a>\u00a0m\u00fcssen von Zeit zu Zeit ersetzt werden.<\/p>\n<\/div>\n<\/div>\n<\/div>","protected":false},"featured_media":4131,"template":"","meta":{"_acf_changed":false},"product_brand":[],"product_cat":[523],"product_tag":[],"class_list":{"0":"post-3934","1":"product","2":"type-product","3":"status-publish","4":"has-post-thumbnail","6":"product_cat-cleaning","8":"first","9":"instock","10":"taxable","11":"shipping-taxable","12":"purchasable","13":"product-type-simple"},"acf":{"additionnal_product_infos":false,"infos_steps":"Minimum order quantity: 10.<br>\r\nDiscount available for higher volumes","contact_button":false,"promo_badge":false,"promo_badge_on_list":false,"text_promo_bage":"","couleur_promo_badge":"#038001"},"yoast_head":"<!-- This site is optimized with the Yoast SEO plugin v27.5 - https:\/\/yoast.com\/product\/yoast-seo-wordpress\/ -->\n<title>mta complete iron cleaning unit NF02 for solder tip<\/title>\n<meta name=\"description\" content=\"mta complete iron cleaning unit for solder tip which consist of two rotating sponges with manual or automatic wetting system.\" \/>\n<meta name=\"robots\" content=\"index, follow, max-snippet:-1, max-image-preview:large, max-video-preview:-1\" \/>\n<link rel=\"canonical\" href=\"https:\/\/mtarobotics.com\/de\/produkte\/loetprodukte\/loet-ersatzteile\/reinigung-loeten\/komplette-kolben-reinigungseinheit-nf02\/\" \/>\n<meta property=\"og:locale\" content=\"de_DE\" \/>\n<meta property=\"og:type\" content=\"article\" \/>\n<meta property=\"og:title\" content=\"mta complete iron cleaning unit NF02 for solder tip\" \/>\n<meta property=\"og:description\" content=\"mta complete iron cleaning unit for solder tip which consist of two rotating sponges with manual or automatic wetting system.\" \/>\n<meta property=\"og:url\" content=\"https:\/\/mtarobotics.com\/de\/produkte\/loetprodukte\/loet-ersatzteile\/reinigung-loeten\/komplette-kolben-reinigungseinheit-nf02\/\" \/>\n<meta property=\"og:site_name\" content=\"mta robotics\" \/>\n<meta property=\"article:modified_time\" content=\"2026-03-18T12:51:56+00:00\" \/>\n<meta property=\"og:image\" content=\"https:\/\/mtarobotics.com\/wp-content\/uploads\/2020\/03\/Unitechnologies_mta_complete_cleaining_unit_NF02_5-0004-02-000-23.png\" \/>\n\t<meta property=\"og:image:width\" content=\"1500\" \/>\n\t<meta property=\"og:image:height\" content=\"860\" \/>\n\t<meta property=\"og:image:type\" content=\"image\/png\" \/>\n<meta name=\"twitter:card\" content=\"summary_large_image\" \/>\n<meta name=\"twitter:label1\" content=\"Gesch\u00e4tzte Lesezeit\" \/>\n\t<meta name=\"twitter:data1\" content=\"1\u00a0Minute\" \/>\n<script type=\"application\/ld+json\" class=\"yoast-schema-graph\">{\"@context\":\"https:\\\/\\\/schema.org\",\"@graph\":[{\"@type\":\"WebPage\",\"@id\":\"https:\\\/\\\/mtarobotics.com\\\/products\\\/soldering-products\\\/soldering-spare-parts\\\/cleaning\\\/complete-iron-cleaning-unit-nf02\\\/\",\"url\":\"https:\\\/\\\/mtarobotics.com\\\/products\\\/soldering-products\\\/soldering-spare-parts\\\/cleaning\\\/complete-iron-cleaning-unit-nf02\\\/\",\"name\":\"mta complete iron cleaning unit NF02 for solder tip\",\"isPartOf\":{\"@id\":\"https:\\\/\\\/mtarobotics.com\\\/#website\"},\"primaryImageOfPage\":{\"@id\":\"https:\\\/\\\/mtarobotics.com\\\/products\\\/soldering-products\\\/soldering-spare-parts\\\/cleaning\\\/complete-iron-cleaning-unit-nf02\\\/#primaryimage\"},\"image\":{\"@id\":\"https:\\\/\\\/mtarobotics.com\\\/products\\\/soldering-products\\\/soldering-spare-parts\\\/cleaning\\\/complete-iron-cleaning-unit-nf02\\\/#primaryimage\"},\"thumbnailUrl\":\"https:\\\/\\\/mtarobotics.com\\\/wp-content\\\/uploads\\\/2020\\\/03\\\/Unitechnologies_mta_complete_cleaining_unit_NF02_5-0004-02-000-23.png\",\"datePublished\":\"2020-03-19T10:24:48+00:00\",\"dateModified\":\"2026-03-18T12:51:56+00:00\",\"description\":\"mta complete iron cleaning unit for solder tip which consist of two rotating sponges with manual or automatic wetting system.\",\"breadcrumb\":{\"@id\":\"https:\\\/\\\/mtarobotics.com\\\/products\\\/soldering-products\\\/soldering-spare-parts\\\/cleaning\\\/complete-iron-cleaning-unit-nf02\\\/#breadcrumb\"},\"inLanguage\":\"de\",\"potentialAction\":[{\"@type\":\"ReadAction\",\"target\":[\"https:\\\/\\\/mtarobotics.com\\\/products\\\/soldering-products\\\/soldering-spare-parts\\\/cleaning\\\/complete-iron-cleaning-unit-nf02\\\/\"]}]},{\"@type\":\"ImageObject\",\"inLanguage\":\"de\",\"@id\":\"https:\\\/\\\/mtarobotics.com\\\/products\\\/soldering-products\\\/soldering-spare-parts\\\/cleaning\\\/complete-iron-cleaning-unit-nf02\\\/#primaryimage\",\"url\":\"https:\\\/\\\/mtarobotics.com\\\/wp-content\\\/uploads\\\/2020\\\/03\\\/Unitechnologies_mta_complete_cleaining_unit_NF02_5-0004-02-000-23.png\",\"contentUrl\":\"https:\\\/\\\/mtarobotics.com\\\/wp-content\\\/uploads\\\/2020\\\/03\\\/Unitechnologies_mta_complete_cleaining_unit_NF02_5-0004-02-000-23.png\",\"width\":1500,\"height\":860,\"caption\":\"Unitechnologies Mta Complete Cleaining Unit Nf02 5 0004 02 000 23\"},{\"@type\":\"BreadcrumbList\",\"@id\":\"https:\\\/\\\/mtarobotics.com\\\/products\\\/soldering-products\\\/soldering-spare-parts\\\/cleaning\\\/complete-iron-cleaning-unit-nf02\\\/#breadcrumb\",\"itemListElement\":[{\"@type\":\"ListItem\",\"position\":1,\"name\":\"Home\",\"item\":\"https:\\\/\\\/mtarobotics.com\\\/\"},{\"@type\":\"ListItem\",\"position\":2,\"name\":\"Global product range\",\"item\":\"https:\\\/\\\/mtarobotics.com\\\/products\\\/\"},{\"@type\":\"ListItem\",\"position\":3,\"name\":\"Complete iron cleaning unit NF02\"}]},{\"@type\":\"WebSite\",\"@id\":\"https:\\\/\\\/mtarobotics.com\\\/#website\",\"url\":\"https:\\\/\\\/mtarobotics.com\\\/\",\"name\":\"mta robotics\",\"description\":\"Robotics for soldering and dispensing\",\"publisher\":{\"@id\":\"https:\\\/\\\/mtarobotics.com\\\/#organization\"},\"potentialAction\":[{\"@type\":\"SearchAction\",\"target\":{\"@type\":\"EntryPoint\",\"urlTemplate\":\"https:\\\/\\\/mtarobotics.com\\\/?s={search_term_string}\"},\"query-input\":{\"@type\":\"PropertyValueSpecification\",\"valueRequired\":true,\"valueName\":\"search_term_string\"}}],\"inLanguage\":\"de\"},{\"@type\":\"Organization\",\"@id\":\"https:\\\/\\\/mtarobotics.com\\\/#organization\",\"name\":\"Mta robotics\",\"url\":\"https:\\\/\\\/mtarobotics.com\\\/\",\"logo\":{\"@type\":\"ImageObject\",\"inLanguage\":\"de\",\"@id\":\"https:\\\/\\\/mtarobotics.com\\\/#\\\/schema\\\/logo\\\/image\\\/\",\"url\":\"https:\\\/\\\/mtarobotics.com\\\/wp-content\\\/uploads\\\/2019\\\/03\\\/mta.png\",\"contentUrl\":\"https:\\\/\\\/mtarobotics.com\\\/wp-content\\\/uploads\\\/2019\\\/03\\\/mta.png\",\"width\":170,\"height\":84,\"caption\":\"Mta robotics\"},\"image\":{\"@id\":\"https:\\\/\\\/mtarobotics.com\\\/#\\\/schema\\\/logo\\\/image\\\/\"}}]}<\/script>\n<!-- \/ Yoast SEO plugin. -->","yoast_head_json":{"title":"mta-Komplettreinigungseinheit NF02 f\u00fcr L\u00f6tspitzen","description":"mta komplette Reinigungseinheit f\u00fcr L\u00f6tspitzen, bestehend aus zwei rotierenden Schw\u00e4mmen mit manuellem oder automatischem Benetzungssystem.","robots":{"index":"index","follow":"follow","max-snippet":"max-snippet:-1","max-image-preview":"max-image-preview:large","max-video-preview":"max-video-preview:-1"},"canonical":"https:\/\/mtarobotics.com\/de\/produkte\/loetprodukte\/loet-ersatzteile\/reinigung-loeten\/komplette-kolben-reinigungseinheit-nf02\/","og_locale":"de_DE","og_type":"article","og_title":"mta complete iron cleaning unit NF02 for solder tip","og_description":"mta complete iron cleaning unit for solder tip which consist of two rotating sponges with manual or automatic wetting system.","og_url":"https:\/\/mtarobotics.com\/de\/produkte\/loetprodukte\/loet-ersatzteile\/reinigung-loeten\/komplette-kolben-reinigungseinheit-nf02\/","og_site_name":"mta robotics","article_modified_time":"2026-03-18T12:51:56+00:00","og_image":[{"width":1500,"height":860,"url":"https:\/\/mtarobotics.com\/wp-content\/uploads\/2020\/03\/Unitechnologies_mta_complete_cleaining_unit_NF02_5-0004-02-000-23.png","type":"image\/png"}],"twitter_card":"summary_large_image","twitter_misc":{"Gesch\u00e4tzte Lesezeit":"1\u00a0Minute"},"schema":{"@context":"https:\/\/schema.org","@graph":[{"@type":"WebPage","@id":"https:\/\/mtarobotics.com\/products\/soldering-products\/soldering-spare-parts\/cleaning\/complete-iron-cleaning-unit-nf02\/","url":"https:\/\/mtarobotics.com\/products\/soldering-products\/soldering-spare-parts\/cleaning\/complete-iron-cleaning-unit-nf02\/","name":"mta-Komplettreinigungseinheit NF02 f\u00fcr L\u00f6tspitzen","isPartOf":{"@id":"https:\/\/mtarobotics.com\/#website"},"primaryImageOfPage":{"@id":"https:\/\/mtarobotics.com\/products\/soldering-products\/soldering-spare-parts\/cleaning\/complete-iron-cleaning-unit-nf02\/#primaryimage"},"image":{"@id":"https:\/\/mtarobotics.com\/products\/soldering-products\/soldering-spare-parts\/cleaning\/complete-iron-cleaning-unit-nf02\/#primaryimage"},"thumbnailUrl":"https:\/\/mtarobotics.com\/wp-content\/uploads\/2020\/03\/Unitechnologies_mta_complete_cleaining_unit_NF02_5-0004-02-000-23.png","datePublished":"2020-03-19T10:24:48+00:00","dateModified":"2026-03-18T12:51:56+00:00","description":"mta komplette Reinigungseinheit f\u00fcr L\u00f6tspitzen, bestehend aus zwei rotierenden Schw\u00e4mmen mit manuellem oder automatischem Benetzungssystem.","breadcrumb":{"@id":"https:\/\/mtarobotics.com\/products\/soldering-products\/soldering-spare-parts\/cleaning\/complete-iron-cleaning-unit-nf02\/#breadcrumb"},"inLanguage":"de","potentialAction":[{"@type":"ReadAction","target":["https:\/\/mtarobotics.com\/products\/soldering-products\/soldering-spare-parts\/cleaning\/complete-iron-cleaning-unit-nf02\/"]}]},{"@type":"ImageObject","inLanguage":"de","@id":"https:\/\/mtarobotics.com\/products\/soldering-products\/soldering-spare-parts\/cleaning\/complete-iron-cleaning-unit-nf02\/#primaryimage","url":"https:\/\/mtarobotics.com\/wp-content\/uploads\/2020\/03\/Unitechnologies_mta_complete_cleaining_unit_NF02_5-0004-02-000-23.png","contentUrl":"https:\/\/mtarobotics.com\/wp-content\/uploads\/2020\/03\/Unitechnologies_mta_complete_cleaining_unit_NF02_5-0004-02-000-23.png","width":1500,"height":860,"caption":"Unitechnologies Mta Complete Cleaining Unit Nf02 5 0004 02 000 23"},{"@type":"BreadcrumbList","@id":"https:\/\/mtarobotics.com\/products\/soldering-products\/soldering-spare-parts\/cleaning\/complete-iron-cleaning-unit-nf02\/#breadcrumb","itemListElement":[{"@type":"ListItem","position":1,"name":"Home","item":"https:\/\/mtarobotics.com\/"},{"@type":"ListItem","position":2,"name":"Global product range","item":"https:\/\/mtarobotics.com\/products\/"},{"@type":"ListItem","position":3,"name":"Complete iron cleaning unit NF02"}]},{"@type":"WebSite","@id":"https:\/\/mtarobotics.com\/#website","url":"https:\/\/mtarobotics.com\/","name":"mta robotics","description":"Robotertechnik f\u00fcr L\u00f6ten und Dosieren","publisher":{"@id":"https:\/\/mtarobotics.com\/#organization"},"potentialAction":[{"@type":"SearchAction","target":{"@type":"EntryPoint","urlTemplate":"https:\/\/mtarobotics.com\/?s={search_term_string}"},"query-input":{"@type":"PropertyValueSpecification","valueRequired":true,"valueName":"search_term_string"}}],"inLanguage":"de"},{"@type":"Organization","@id":"https:\/\/mtarobotics.com\/#organization","name":"Mta-Robotik","url":"https:\/\/mtarobotics.com\/","logo":{"@type":"ImageObject","inLanguage":"de","@id":"https:\/\/mtarobotics.com\/#\/schema\/logo\/image\/","url":"https:\/\/mtarobotics.com\/wp-content\/uploads\/2019\/03\/mta.png","contentUrl":"https:\/\/mtarobotics.com\/wp-content\/uploads\/2019\/03\/mta.png","width":170,"height":84,"caption":"Mta robotics"},"image":{"@id":"https:\/\/mtarobotics.com\/#\/schema\/logo\/image\/"}}]}},"_links":{"self":[{"href":"https:\/\/mtarobotics.com\/de\/wp-json\/wp\/v2\/product\/3934","targetHints":{"allow":["GET"]}}],"collection":[{"href":"https:\/\/mtarobotics.com\/de\/wp-json\/wp\/v2\/product"}],"about":[{"href":"https:\/\/mtarobotics.com\/de\/wp-json\/wp\/v2\/types\/product"}],"wp:featuredmedia":[{"embeddable":true,"href":"https:\/\/mtarobotics.com\/de\/wp-json\/wp\/v2\/media\/4131"}],"wp:attachment":[{"href":"https:\/\/mtarobotics.com\/de\/wp-json\/wp\/v2\/media?parent=3934"}],"wp:term":[{"taxonomy":"product_brand","embeddable":true,"href":"https:\/\/mtarobotics.com\/de\/wp-json\/wp\/v2\/product_brand?post=3934"},{"taxonomy":"product_cat","embeddable":true,"href":"https:\/\/mtarobotics.com\/de\/wp-json\/wp\/v2\/product_cat?post=3934"},{"taxonomy":"product_tag","embeddable":true,"href":"https:\/\/mtarobotics.com\/de\/wp-json\/wp\/v2\/product_tag?post=3934"}],"curies":[{"name":"wp","href":"https:\/\/api.w.org\/{rel}","templated":true}]}}