{"id":4103,"date":"2020-03-26T16:39:47","date_gmt":"2020-03-26T15:39:47","guid":{"rendered":"http:\/\/mtadev.unitechnologies.com\/?post_type=product&#038;p=4103"},"modified":"2026-03-18T13:51:55","modified_gmt":"2026-03-18T12:51:55","slug":"meisselfoermige-loetspitze-150w-3-0mm-v4g","status":"publish","type":"product","link":"https:\/\/mtarobotics.com\/de\/products\/soldering-products\/soldering-spare-parts\/solder-tips-150w\/chisel-shaped-solder-tip-150w-3-0mm-v4g\/","title":{"rendered":"Mei\u00dfelf\u00f6rmige L\u00f6tspitze 150W 3.0mm V4G"},"content":{"rendered":"<div class=\"wpb_row vc_row-fluid\" data-speedfactor=\"-0.6\">\n<div class=\"vc_span8 wpb_column column_container\">\n<div id=\"mk-text-block-920\" class=\"mk-text-block\">\n<p>Mei\u00dfelf\u00f6rmige L\u00f6tspitze 150W 3,0mm (V4G) - siehe <a href=\"https:\/\/mtarobotics.com\/wp-content\/uploads\/sites\/10\/2021\/02\/unitechnologies_mta_solder_tips_150w_v3_062022.pdf\" target=\"_blank\" rel=\"noopener noreferrer\">technische Zeichnung<\/a>.<\/p>\n<p>Das Design unserer mta L\u00f6tspitzen ist das Ergebnis von 50 Jahren Erfahrung im Bereich des L\u00f6tens. Dieses einzigartige Design basiert auf den folgenden Schl\u00fcsselparametern:<\/p>\n<ul>\n<li>Einfacher Wechsel der mei\u00dfelf\u00f6rmigen L\u00f6tspitze 150W 3.0mm V4G, die innerhalb weniger Sekunden und mit wenigen Handgriffen gewechselt werden kann. Die einfache und pr\u00e4zise Federverriegelung gew\u00e4hrleistet den Austausch der Spitzen, ohne dass weitere \u00c4nderungen an der Maschine erforderlich sind.<\/li>\n<li>Lange Lebensdauer der L\u00f6tspitzen, die je nach Anwendung eine hohe Anzahl von L\u00f6tpunkten aushalten.<\/li>\n<li>Pr\u00e4zise Temperaturregelung und W\u00e4rme\u00fcbertragung: Was ist die gr\u00f6\u00dfte Herausforderung bei einem L\u00f6tkolben? Es ist nat\u00fcrlich die Qualit\u00e4t der W\u00e4rme\u00fcbertragung zwischen dem Heizelement und der Spitze. Dar\u00fcber hinaus m\u00fcssen die Messung und die Regelung der Temperatur schnell und genau sein.<\/li>\n<\/ul>\n<p>Wir haben eine gro\u00dfe Auswahl an mta Standard-L\u00f6tspitzen f\u00fcr <a href=\"https:\/\/mtarobotics.com\/wp-content\/uploads\/2023\/06\/mta_robotics_solder_tips_80W_v2_10.2024.pdf\">80W<\/a> und\u00a0<a class=\"ari-fancybox-pdf ari-fancybox\" href=\"https:\/\/mtarobotics.com\/wp-content\/uploads\/2021\/02\/mta_robotics_solder_tips_150W_v4_10.2024.pdf\" target=\"_blank\" rel=\"noopener\" data-src=\"https:\/\/mtarobotics.com\/wp-content\/plugins\/ari-fancy-lightbox\/assets\/pdfjs\/web\/viewer.html?file=https%3A%2F%2Fmtarobotics.com%2Fwp-content%2Fuploads%2F2021%2F02%2Fmta_robotics_solder_tips_150W_v4_10.2024.pdf\">150W<\/a> L\u00f6tk\u00f6pfe, die den g\u00e4ngigsten Anwendungen entsprechen. Wir bieten auch spezifische Spitzen an, je nach der Anwendung des Kunden. Unsere Spitzen k\u00f6nnen sowohl f\u00fcr bleihaltige als auch f\u00fcr bleifreie L\u00f6tungen verwendet werden.<\/p>\n<\/div>\n<\/div>\n<\/div>","protected":false},"excerpt":{"rendered":"<div class=\"wpb_row vc_row-fluid\" data-speedfactor=\"-0.6\">\n<div class=\"vc_span8 wpb_column column_container\">\n<div id=\"mk-text-block-920\" class=\"mk-text-block\">\n<p>Mei\u00dfelf\u00f6rmige L\u00f6tspitze 150W 3,0mm (V4G) - siehe <a href=\"https:\/\/mtarobotics.com\/wp-content\/uploads\/sites\/10\/2021\/02\/unitechnologies_mta_solder_tips_150w_v3_062022.pdf\" target=\"_blank\" rel=\"noopener noreferrer\">technische Zeichnung<\/a>.<\/p>\n<p>Das Design unserer mta L\u00f6tspitzen ist das Ergebnis von 50 Jahren Erfahrung im Bereich des L\u00f6tens. Dieses einzigartige Design basiert auf den folgenden Schl\u00fcsselparametern:<\/p>\n<ul>\n<li>Einfacher Wechsel der mei\u00dfelf\u00f6rmigen L\u00f6tspitze 150W 3.0mm V4G, die innerhalb weniger Sekunden und mit wenigen Handgriffen gewechselt werden kann. Die einfache und pr\u00e4zise Federverriegelung gew\u00e4hrleistet den Austausch der Spitzen, ohne dass weitere \u00c4nderungen an der Maschine erforderlich sind.<\/li>\n<li>Lange Lebensdauer der L\u00f6tspitzen, die je nach Anwendung eine hohe Anzahl von L\u00f6tpunkten aushalten.<\/li>\n<li>Pr\u00e4zise Temperaturregelung und W\u00e4rme\u00fcbertragung: Was ist die gr\u00f6\u00dfte Herausforderung bei einem L\u00f6tkolben? Es ist nat\u00fcrlich die Qualit\u00e4t der W\u00e4rme\u00fcbertragung zwischen dem Heizelement und der Spitze. Dar\u00fcber hinaus m\u00fcssen die Messung und die Regelung der Temperatur schnell und genau sein.<\/li>\n<\/ul>\n<p>Wir haben eine gro\u00dfe Auswahl an mta Standard-L\u00f6tspitzen f\u00fcr <a href=\"https:\/\/mtarobotics.com\/wp-content\/uploads\/2023\/06\/mta_robotics_solder_tips_80W_v2_10.2024.pdf\">80W<\/a> und\u00a0<a class=\"ari-fancybox-pdf ari-fancybox\" href=\"https:\/\/mtarobotics.com\/wp-content\/uploads\/2021\/02\/mta_robotics_solder_tips_150W_v4_10.2024.pdf\" target=\"_blank\" rel=\"noopener\" data-src=\"https:\/\/mtarobotics.com\/wp-content\/plugins\/ari-fancy-lightbox\/assets\/pdfjs\/web\/viewer.html?file=https%3A%2F%2Fmtarobotics.com%2Fwp-content%2Fuploads%2F2021%2F02%2Fmta_robotics_solder_tips_150W_v4_10.2024.pdf\">150W<\/a> L\u00f6tk\u00f6pfe, die den g\u00e4ngigsten Anwendungen entsprechen. Wir bieten auch spezifische Spitzen an, je nach der Anwendung des Kunden. Unsere Spitzen k\u00f6nnen sowohl f\u00fcr bleihaltige als auch f\u00fcr bleifreie L\u00f6tungen verwendet werden.<\/p>\n<\/div>\n<\/div>\n<\/div>","protected":false},"featured_media":4104,"template":"","meta":{"_acf_changed":false},"product_brand":[],"product_cat":[518],"product_tag":[],"class_list":{"0":"post-4103","1":"product","2":"type-product","3":"status-publish","4":"has-post-thumbnail","6":"product_cat-solder-tips-150w","8":"first","9":"instock","10":"taxable","11":"shipping-taxable","12":"purchasable","13":"product-type-simple"},"acf":{"additionnal_product_infos":false,"infos_steps":"Minimum order quantity: 10.<br>\r\nDiscount available for higher volumes","contact_button":false,"promo_badge":false,"promo_badge_on_list":false,"text_promo_bage":"","couleur_promo_badge":"#038001"},"yoast_head":"<!-- This site is optimized with the Yoast SEO plugin v27.4 - https:\/\/yoast.com\/product\/yoast-seo-wordpress\/ -->\n<title>Solder tip 150W 3.0mm V4G<\/title>\n<meta name=\"description\" content=\"Chisel shaped solder tip 150W 3.0mm V4G - the design of the mta solder tips is the result of 50 years of experience in the soldering domain.\" \/>\n<meta name=\"robots\" content=\"index, follow, max-snippet:-1, max-image-preview:large, max-video-preview:-1\" \/>\n<link rel=\"canonical\" href=\"https:\/\/mtarobotics.com\/de\/produkte\/loetprodukte\/loet-ersatzteile\/loetspitzen-150w\/meisselfoermige-loetspitze-150w-3-0mm-v4g\/\" \/>\n<meta property=\"og:locale\" content=\"de_DE\" \/>\n<meta property=\"og:type\" content=\"article\" \/>\n<meta property=\"og:title\" content=\"Solder tip 150W 3.0mm V4G\" \/>\n<meta property=\"og:description\" content=\"Chisel shaped solder tip 150W 3.0mm V4G - the design of the mta solder tips is the result of 50 years of experience in the soldering domain.\" \/>\n<meta property=\"og:url\" content=\"https:\/\/mtarobotics.com\/de\/produkte\/loetprodukte\/loet-ersatzteile\/loetspitzen-150w\/meisselfoermige-loetspitze-150w-3-0mm-v4g\/\" \/>\n<meta property=\"og:site_name\" content=\"mta robotics\" \/>\n<meta property=\"article:modified_time\" content=\"2026-03-18T12:51:55+00:00\" \/>\n<meta property=\"og:image\" content=\"https:\/\/mtarobotics.com\/wp-content\/uploads\/2020\/03\/mta_chisel_shaped_solder_tip_150w_30mm_5-0005-99-650-30.png\" \/>\n\t<meta property=\"og:image:width\" content=\"1500\" \/>\n\t<meta property=\"og:image:height\" content=\"860\" \/>\n\t<meta property=\"og:image:type\" content=\"image\/png\" \/>\n<meta name=\"twitter:card\" content=\"summary_large_image\" \/>\n<meta name=\"twitter:label1\" content=\"Gesch\u00e4tzte Lesezeit\" \/>\n\t<meta name=\"twitter:data1\" content=\"2\u00a0Minuten\" \/>\n<script type=\"application\/ld+json\" class=\"yoast-schema-graph\">{\"@context\":\"https:\\\/\\\/schema.org\",\"@graph\":[{\"@type\":\"WebPage\",\"@id\":\"https:\\\/\\\/mtarobotics.com\\\/products\\\/soldering-products\\\/soldering-spare-parts\\\/solder-tips-150w\\\/chisel-shaped-solder-tip-150w-3-0mm-v4g\\\/\",\"url\":\"https:\\\/\\\/mtarobotics.com\\\/products\\\/soldering-products\\\/soldering-spare-parts\\\/solder-tips-150w\\\/chisel-shaped-solder-tip-150w-3-0mm-v4g\\\/\",\"name\":\"Solder tip 150W 3.0mm V4G\",\"isPartOf\":{\"@id\":\"https:\\\/\\\/mtarobotics.com\\\/#website\"},\"primaryImageOfPage\":{\"@id\":\"https:\\\/\\\/mtarobotics.com\\\/products\\\/soldering-products\\\/soldering-spare-parts\\\/solder-tips-150w\\\/chisel-shaped-solder-tip-150w-3-0mm-v4g\\\/#primaryimage\"},\"image\":{\"@id\":\"https:\\\/\\\/mtarobotics.com\\\/products\\\/soldering-products\\\/soldering-spare-parts\\\/solder-tips-150w\\\/chisel-shaped-solder-tip-150w-3-0mm-v4g\\\/#primaryimage\"},\"thumbnailUrl\":\"https:\\\/\\\/mtarobotics.com\\\/wp-content\\\/uploads\\\/2020\\\/03\\\/mta_chisel_shaped_solder_tip_150w_30mm_5-0005-99-650-30.png\",\"datePublished\":\"2020-03-26T15:39:47+00:00\",\"dateModified\":\"2026-03-18T12:51:55+00:00\",\"description\":\"Chisel shaped solder tip 150W 3.0mm V4G - the design of the mta solder tips is the result of 50 years of experience in the soldering domain.\",\"breadcrumb\":{\"@id\":\"https:\\\/\\\/mtarobotics.com\\\/products\\\/soldering-products\\\/soldering-spare-parts\\\/solder-tips-150w\\\/chisel-shaped-solder-tip-150w-3-0mm-v4g\\\/#breadcrumb\"},\"inLanguage\":\"de\",\"potentialAction\":[{\"@type\":\"ReadAction\",\"target\":[\"https:\\\/\\\/mtarobotics.com\\\/products\\\/soldering-products\\\/soldering-spare-parts\\\/solder-tips-150w\\\/chisel-shaped-solder-tip-150w-3-0mm-v4g\\\/\"]}]},{\"@type\":\"ImageObject\",\"inLanguage\":\"de\",\"@id\":\"https:\\\/\\\/mtarobotics.com\\\/products\\\/soldering-products\\\/soldering-spare-parts\\\/solder-tips-150w\\\/chisel-shaped-solder-tip-150w-3-0mm-v4g\\\/#primaryimage\",\"url\":\"https:\\\/\\\/mtarobotics.com\\\/wp-content\\\/uploads\\\/2020\\\/03\\\/mta_chisel_shaped_solder_tip_150w_30mm_5-0005-99-650-30.png\",\"contentUrl\":\"https:\\\/\\\/mtarobotics.com\\\/wp-content\\\/uploads\\\/2020\\\/03\\\/mta_chisel_shaped_solder_tip_150w_30mm_5-0005-99-650-30.png\",\"width\":1500,\"height\":860,\"caption\":\"Chisel shaped solder tip 150W 3.0mm V4G\"},{\"@type\":\"BreadcrumbList\",\"@id\":\"https:\\\/\\\/mtarobotics.com\\\/products\\\/soldering-products\\\/soldering-spare-parts\\\/solder-tips-150w\\\/chisel-shaped-solder-tip-150w-3-0mm-v4g\\\/#breadcrumb\",\"itemListElement\":[{\"@type\":\"ListItem\",\"position\":1,\"name\":\"Home\",\"item\":\"https:\\\/\\\/mtarobotics.com\\\/\"},{\"@type\":\"ListItem\",\"position\":2,\"name\":\"Global product range\",\"item\":\"https:\\\/\\\/mtarobotics.com\\\/products\\\/\"},{\"@type\":\"ListItem\",\"position\":3,\"name\":\"Chisel shaped solder tip 150W 3.0mm V4G\"}]},{\"@type\":\"WebSite\",\"@id\":\"https:\\\/\\\/mtarobotics.com\\\/#website\",\"url\":\"https:\\\/\\\/mtarobotics.com\\\/\",\"name\":\"mta robotics\",\"description\":\"Robotics for soldering and dispensing\",\"publisher\":{\"@id\":\"https:\\\/\\\/mtarobotics.com\\\/#organization\"},\"potentialAction\":[{\"@type\":\"SearchAction\",\"target\":{\"@type\":\"EntryPoint\",\"urlTemplate\":\"https:\\\/\\\/mtarobotics.com\\\/?s={search_term_string}\"},\"query-input\":{\"@type\":\"PropertyValueSpecification\",\"valueRequired\":true,\"valueName\":\"search_term_string\"}}],\"inLanguage\":\"de\"},{\"@type\":\"Organization\",\"@id\":\"https:\\\/\\\/mtarobotics.com\\\/#organization\",\"name\":\"Mta robotics\",\"url\":\"https:\\\/\\\/mtarobotics.com\\\/\",\"logo\":{\"@type\":\"ImageObject\",\"inLanguage\":\"de\",\"@id\":\"https:\\\/\\\/mtarobotics.com\\\/#\\\/schema\\\/logo\\\/image\\\/\",\"url\":\"https:\\\/\\\/mtarobotics.com\\\/wp-content\\\/uploads\\\/2019\\\/03\\\/mta.png\",\"contentUrl\":\"https:\\\/\\\/mtarobotics.com\\\/wp-content\\\/uploads\\\/2019\\\/03\\\/mta.png\",\"width\":170,\"height\":84,\"caption\":\"Mta robotics\"},\"image\":{\"@id\":\"https:\\\/\\\/mtarobotics.com\\\/#\\\/schema\\\/logo\\\/image\\\/\"}}]}<\/script>\n<!-- \/ Yoast SEO plugin. -->","yoast_head_json":{"title":"L\u00f6tspitze 150W 3.0mm V4G","description":"Mei\u00dfelf\u00f6rmige L\u00f6tspitze 150W 3.0mm V4G - das Design der mta L\u00f6tspitzen ist das Ergebnis von 50 Jahren Erfahrung im Bereich des L\u00f6tens.","robots":{"index":"index","follow":"follow","max-snippet":"max-snippet:-1","max-image-preview":"max-image-preview:large","max-video-preview":"max-video-preview:-1"},"canonical":"https:\/\/mtarobotics.com\/de\/produkte\/loetprodukte\/loet-ersatzteile\/loetspitzen-150w\/meisselfoermige-loetspitze-150w-3-0mm-v4g\/","og_locale":"de_DE","og_type":"article","og_title":"Solder tip 150W 3.0mm V4G","og_description":"Chisel shaped solder tip 150W 3.0mm V4G - the design of the mta solder tips is the result of 50 years of experience in the soldering domain.","og_url":"https:\/\/mtarobotics.com\/de\/produkte\/loetprodukte\/loet-ersatzteile\/loetspitzen-150w\/meisselfoermige-loetspitze-150w-3-0mm-v4g\/","og_site_name":"mta robotics","article_modified_time":"2026-03-18T12:51:55+00:00","og_image":[{"width":1500,"height":860,"url":"https:\/\/mtarobotics.com\/wp-content\/uploads\/2020\/03\/mta_chisel_shaped_solder_tip_150w_30mm_5-0005-99-650-30.png","type":"image\/png"}],"twitter_card":"summary_large_image","twitter_misc":{"Gesch\u00e4tzte Lesezeit":"2\u00a0Minuten"},"schema":{"@context":"https:\/\/schema.org","@graph":[{"@type":"WebPage","@id":"https:\/\/mtarobotics.com\/products\/soldering-products\/soldering-spare-parts\/solder-tips-150w\/chisel-shaped-solder-tip-150w-3-0mm-v4g\/","url":"https:\/\/mtarobotics.com\/products\/soldering-products\/soldering-spare-parts\/solder-tips-150w\/chisel-shaped-solder-tip-150w-3-0mm-v4g\/","name":"L\u00f6tspitze 150W 3.0mm V4G","isPartOf":{"@id":"https:\/\/mtarobotics.com\/#website"},"primaryImageOfPage":{"@id":"https:\/\/mtarobotics.com\/products\/soldering-products\/soldering-spare-parts\/solder-tips-150w\/chisel-shaped-solder-tip-150w-3-0mm-v4g\/#primaryimage"},"image":{"@id":"https:\/\/mtarobotics.com\/products\/soldering-products\/soldering-spare-parts\/solder-tips-150w\/chisel-shaped-solder-tip-150w-3-0mm-v4g\/#primaryimage"},"thumbnailUrl":"https:\/\/mtarobotics.com\/wp-content\/uploads\/2020\/03\/mta_chisel_shaped_solder_tip_150w_30mm_5-0005-99-650-30.png","datePublished":"2020-03-26T15:39:47+00:00","dateModified":"2026-03-18T12:51:55+00:00","description":"Mei\u00dfelf\u00f6rmige L\u00f6tspitze 150W 3.0mm V4G - das Design der mta L\u00f6tspitzen ist das Ergebnis von 50 Jahren Erfahrung im Bereich des L\u00f6tens.","breadcrumb":{"@id":"https:\/\/mtarobotics.com\/products\/soldering-products\/soldering-spare-parts\/solder-tips-150w\/chisel-shaped-solder-tip-150w-3-0mm-v4g\/#breadcrumb"},"inLanguage":"de","potentialAction":[{"@type":"ReadAction","target":["https:\/\/mtarobotics.com\/products\/soldering-products\/soldering-spare-parts\/solder-tips-150w\/chisel-shaped-solder-tip-150w-3-0mm-v4g\/"]}]},{"@type":"ImageObject","inLanguage":"de","@id":"https:\/\/mtarobotics.com\/products\/soldering-products\/soldering-spare-parts\/solder-tips-150w\/chisel-shaped-solder-tip-150w-3-0mm-v4g\/#primaryimage","url":"https:\/\/mtarobotics.com\/wp-content\/uploads\/2020\/03\/mta_chisel_shaped_solder_tip_150w_30mm_5-0005-99-650-30.png","contentUrl":"https:\/\/mtarobotics.com\/wp-content\/uploads\/2020\/03\/mta_chisel_shaped_solder_tip_150w_30mm_5-0005-99-650-30.png","width":1500,"height":860,"caption":"Chisel shaped solder tip 150W 3.0mm V4G"},{"@type":"BreadcrumbList","@id":"https:\/\/mtarobotics.com\/products\/soldering-products\/soldering-spare-parts\/solder-tips-150w\/chisel-shaped-solder-tip-150w-3-0mm-v4g\/#breadcrumb","itemListElement":[{"@type":"ListItem","position":1,"name":"Home","item":"https:\/\/mtarobotics.com\/"},{"@type":"ListItem","position":2,"name":"Global product range","item":"https:\/\/mtarobotics.com\/products\/"},{"@type":"ListItem","position":3,"name":"Chisel shaped solder tip 150W 3.0mm V4G"}]},{"@type":"WebSite","@id":"https:\/\/mtarobotics.com\/#website","url":"https:\/\/mtarobotics.com\/","name":"mta robotics","description":"Robotertechnik f\u00fcr L\u00f6ten und Dosieren","publisher":{"@id":"https:\/\/mtarobotics.com\/#organization"},"potentialAction":[{"@type":"SearchAction","target":{"@type":"EntryPoint","urlTemplate":"https:\/\/mtarobotics.com\/?s={search_term_string}"},"query-input":{"@type":"PropertyValueSpecification","valueRequired":true,"valueName":"search_term_string"}}],"inLanguage":"de"},{"@type":"Organization","@id":"https:\/\/mtarobotics.com\/#organization","name":"Mta-Robotik","url":"https:\/\/mtarobotics.com\/","logo":{"@type":"ImageObject","inLanguage":"de","@id":"https:\/\/mtarobotics.com\/#\/schema\/logo\/image\/","url":"https:\/\/mtarobotics.com\/wp-content\/uploads\/2019\/03\/mta.png","contentUrl":"https:\/\/mtarobotics.com\/wp-content\/uploads\/2019\/03\/mta.png","width":170,"height":84,"caption":"Mta robotics"},"image":{"@id":"https:\/\/mtarobotics.com\/#\/schema\/logo\/image\/"}}]}},"_links":{"self":[{"href":"https:\/\/mtarobotics.com\/de\/wp-json\/wp\/v2\/product\/4103","targetHints":{"allow":["GET"]}}],"collection":[{"href":"https:\/\/mtarobotics.com\/de\/wp-json\/wp\/v2\/product"}],"about":[{"href":"https:\/\/mtarobotics.com\/de\/wp-json\/wp\/v2\/types\/product"}],"wp:featuredmedia":[{"embeddable":true,"href":"https:\/\/mtarobotics.com\/de\/wp-json\/wp\/v2\/media\/4104"}],"wp:attachment":[{"href":"https:\/\/mtarobotics.com\/de\/wp-json\/wp\/v2\/media?parent=4103"}],"wp:term":[{"taxonomy":"product_brand","embeddable":true,"href":"https:\/\/mtarobotics.com\/de\/wp-json\/wp\/v2\/product_brand?post=4103"},{"taxonomy":"product_cat","embeddable":true,"href":"https:\/\/mtarobotics.com\/de\/wp-json\/wp\/v2\/product_cat?post=4103"},{"taxonomy":"product_tag","embeddable":true,"href":"https:\/\/mtarobotics.com\/de\/wp-json\/wp\/v2\/product_tag?post=4103"}],"curies":[{"name":"wp","href":"https:\/\/api.w.org\/{rel}","templated":true}]}}