{"id":4264,"date":"2020-04-06T09:31:25","date_gmt":"2020-04-06T07:31:25","guid":{"rendered":"http:\/\/mtadev.unitechnologies.com\/?post_type=product&#038;p=4264"},"modified":"2026-03-18T13:51:54","modified_gmt":"2026-03-18T12:51:54","slug":"set-mit-3-rohren-50mm-09","status":"publish","type":"product","link":"https:\/\/mtarobotics.com\/de\/products\/soldering-products\/soldering-spare-parts\/set-tubes\/standard-set-tubes-50mm\/set-of-3-tubes-50mm-09\/","title":{"rendered":"Set mit 3 Rohren 50mm \u00d80.9"},"content":{"rendered":"<p>Standardsatz mit 3 Rohren \u00e0 50 mm f\u00fcr L\u00f6tdr\u00e4hte mit 0,9 mm und 1,0 mm Durchmesser.<\/p>\n<p>Andere <a href=\"https:\/\/mtarobotics.com\/de\/produkt-kategorie\/webshop\/lotfachhandel\/standard-rohrsets-50mm\/\" target=\"_blank\" rel=\"noopener noreferrer\">R\u00f6hrens\u00e4tze<\/a> mit verschiedenen Abmessungen und f\u00fcr verschiedene Drahtdurchmesser sind erh\u00e4ltlich.<\/p>","protected":false},"excerpt":{"rendered":"<div class=\"wpb_row vc_row-fluid\" data-speedfactor=\"-0.6\">\n<div class=\"vc_span8 wpb_column column_container\">\n<div id=\"mk-text-block-920\" class=\"mk-text-block\">\n<p>Standardsatz mit 3 Rohren \u00e0 50 mm f\u00fcr L\u00f6tdr\u00e4hte mit 0,9 mm und 1,0 mm Durchmesser.<\/p>\n<p>Andere <a href=\"https:\/\/mtarobotics.com\/de\/produkt-kategorie\/webshop\/lotfachhandel\/standard-rohrsets-50mm\/\" target=\"_blank\" rel=\"noopener noreferrer\">R\u00f6hrens\u00e4tze<\/a> mit verschiedenen Abmessungen und f\u00fcr verschiedene Drahtdurchmesser sind erh\u00e4ltlich.<\/p>\n<\/div>\n<\/div>\n<\/div>","protected":false},"featured_media":4455,"template":"","meta":{"_acf_changed":false},"product_brand":[],"product_cat":[530],"product_tag":[660],"class_list":{"0":"post-4264","1":"product","2":"type-product","3":"status-publish","4":"has-post-thumbnail","6":"product_cat-standard-set-tubes-50mm","7":"product_tag-to-duplicate","9":"first","10":"instock","11":"taxable","12":"shipping-taxable","13":"purchasable","14":"product-type-simple"},"acf":{"additionnal_product_infos":false,"infos_steps":"Minimum order quantity: 10.<br>\r\nDiscount available for higher volumes","contact_button":false,"promo_badge":false,"promo_badge_on_list":false,"text_promo_bage":"","couleur_promo_badge":"#038001"},"yoast_head":"<!-- This site is optimized with the Yoast SEO plugin v27.5 - https:\/\/yoast.com\/product\/yoast-seo-wordpress\/ -->\n<title>Standard set of 3 tubes of 50 mm for \u00d80.9-1.0mm wires<\/title>\n<meta name=\"description\" content=\"Standard set of 3 tubes of 50 mm for 0.9mm and1.0mm solder wires. Other sets of tubes with various dimensions and for several wire diameters are available.\" \/>\n<meta name=\"robots\" content=\"index, follow, max-snippet:-1, max-image-preview:large, max-video-preview:-1\" \/>\n<link rel=\"canonical\" href=\"https:\/\/mtarobotics.com\/de\/produkte\/loetprodukte\/loet-ersatzteile\/rohrsets\/standard-rohrsets-50mm\/set-mit-3-rohren-50mm-09\/\" \/>\n<meta property=\"og:locale\" content=\"de_DE\" \/>\n<meta property=\"og:type\" content=\"article\" \/>\n<meta property=\"og:title\" content=\"Standard set of 3 tubes of 50 mm for \u00d80.9-1.0mm wires\" \/>\n<meta property=\"og:description\" content=\"Standard set of 3 tubes of 50 mm for 0.9mm and1.0mm solder wires. Other sets of tubes with various dimensions and for several wire diameters are available.\" \/>\n<meta property=\"og:url\" content=\"https:\/\/mtarobotics.com\/de\/produkte\/loetprodukte\/loet-ersatzteile\/rohrsets\/standard-rohrsets-50mm\/set-mit-3-rohren-50mm-09\/\" \/>\n<meta property=\"og:site_name\" content=\"mta robotics\" \/>\n<meta property=\"article:modified_time\" content=\"2026-03-18T12:51:54+00:00\" \/>\n<meta property=\"og:image\" content=\"https:\/\/mtarobotics.com\/wp-content\/uploads\/2020\/04\/Unitechnologies_mta_standard_set_tubes_50mm.png\" \/>\n\t<meta property=\"og:image:width\" content=\"1500\" \/>\n\t<meta property=\"og:image:height\" content=\"860\" \/>\n\t<meta property=\"og:image:type\" content=\"image\/png\" \/>\n<meta name=\"twitter:card\" content=\"summary_large_image\" \/>\n<meta name=\"twitter:label1\" content=\"Gesch\u00e4tzte Lesezeit\" \/>\n\t<meta name=\"twitter:data1\" content=\"1\u00a0Minute\" \/>\n<script type=\"application\/ld+json\" class=\"yoast-schema-graph\">{\"@context\":\"https:\\\/\\\/schema.org\",\"@graph\":[{\"@type\":\"WebPage\",\"@id\":\"https:\\\/\\\/mtarobotics.com\\\/products\\\/soldering-products\\\/soldering-spare-parts\\\/set-tubes\\\/standard-set-tubes-50mm\\\/set-of-3-tubes-50mm-09\\\/\",\"url\":\"https:\\\/\\\/mtarobotics.com\\\/products\\\/soldering-products\\\/soldering-spare-parts\\\/set-tubes\\\/standard-set-tubes-50mm\\\/set-of-3-tubes-50mm-09\\\/\",\"name\":\"Standard set of 3 tubes of 50 mm for \u00d80.9-1.0mm wires\",\"isPartOf\":{\"@id\":\"https:\\\/\\\/mtarobotics.com\\\/#website\"},\"primaryImageOfPage\":{\"@id\":\"https:\\\/\\\/mtarobotics.com\\\/products\\\/soldering-products\\\/soldering-spare-parts\\\/set-tubes\\\/standard-set-tubes-50mm\\\/set-of-3-tubes-50mm-09\\\/#primaryimage\"},\"image\":{\"@id\":\"https:\\\/\\\/mtarobotics.com\\\/products\\\/soldering-products\\\/soldering-spare-parts\\\/set-tubes\\\/standard-set-tubes-50mm\\\/set-of-3-tubes-50mm-09\\\/#primaryimage\"},\"thumbnailUrl\":\"https:\\\/\\\/mtarobotics.com\\\/wp-content\\\/uploads\\\/2020\\\/04\\\/Unitechnologies_mta_standard_set_tubes_50mm.png\",\"datePublished\":\"2020-04-06T07:31:25+00:00\",\"dateModified\":\"2026-03-18T12:51:54+00:00\",\"description\":\"Standard set of 3 tubes of 50 mm for 0.9mm and1.0mm solder wires. Other sets of tubes with various dimensions and for several wire diameters are available.\",\"breadcrumb\":{\"@id\":\"https:\\\/\\\/mtarobotics.com\\\/products\\\/soldering-products\\\/soldering-spare-parts\\\/set-tubes\\\/standard-set-tubes-50mm\\\/set-of-3-tubes-50mm-09\\\/#breadcrumb\"},\"inLanguage\":\"de\",\"potentialAction\":[{\"@type\":\"ReadAction\",\"target\":[\"https:\\\/\\\/mtarobotics.com\\\/products\\\/soldering-products\\\/soldering-spare-parts\\\/set-tubes\\\/standard-set-tubes-50mm\\\/set-of-3-tubes-50mm-09\\\/\"]}]},{\"@type\":\"ImageObject\",\"inLanguage\":\"de\",\"@id\":\"https:\\\/\\\/mtarobotics.com\\\/products\\\/soldering-products\\\/soldering-spare-parts\\\/set-tubes\\\/standard-set-tubes-50mm\\\/set-of-3-tubes-50mm-09\\\/#primaryimage\",\"url\":\"https:\\\/\\\/mtarobotics.com\\\/wp-content\\\/uploads\\\/2020\\\/04\\\/Unitechnologies_mta_standard_set_tubes_50mm.png\",\"contentUrl\":\"https:\\\/\\\/mtarobotics.com\\\/wp-content\\\/uploads\\\/2020\\\/04\\\/Unitechnologies_mta_standard_set_tubes_50mm.png\",\"width\":1500,\"height\":860,\"caption\":\"Unitechnologies Mta Standard Set Tubes 50Mm\"},{\"@type\":\"BreadcrumbList\",\"@id\":\"https:\\\/\\\/mtarobotics.com\\\/products\\\/soldering-products\\\/soldering-spare-parts\\\/set-tubes\\\/standard-set-tubes-50mm\\\/set-of-3-tubes-50mm-09\\\/#breadcrumb\",\"itemListElement\":[{\"@type\":\"ListItem\",\"position\":1,\"name\":\"Home\",\"item\":\"https:\\\/\\\/mtarobotics.com\\\/\"},{\"@type\":\"ListItem\",\"position\":2,\"name\":\"Global product range\",\"item\":\"https:\\\/\\\/mtarobotics.com\\\/products\\\/\"},{\"@type\":\"ListItem\",\"position\":3,\"name\":\"Set of 3 tubes 50mm \u00d80.9\"}]},{\"@type\":\"WebSite\",\"@id\":\"https:\\\/\\\/mtarobotics.com\\\/#website\",\"url\":\"https:\\\/\\\/mtarobotics.com\\\/\",\"name\":\"mta robotics\",\"description\":\"Robotics for soldering and dispensing\",\"publisher\":{\"@id\":\"https:\\\/\\\/mtarobotics.com\\\/#organization\"},\"potentialAction\":[{\"@type\":\"SearchAction\",\"target\":{\"@type\":\"EntryPoint\",\"urlTemplate\":\"https:\\\/\\\/mtarobotics.com\\\/?s={search_term_string}\"},\"query-input\":{\"@type\":\"PropertyValueSpecification\",\"valueRequired\":true,\"valueName\":\"search_term_string\"}}],\"inLanguage\":\"de\"},{\"@type\":\"Organization\",\"@id\":\"https:\\\/\\\/mtarobotics.com\\\/#organization\",\"name\":\"Mta robotics\",\"url\":\"https:\\\/\\\/mtarobotics.com\\\/\",\"logo\":{\"@type\":\"ImageObject\",\"inLanguage\":\"de\",\"@id\":\"https:\\\/\\\/mtarobotics.com\\\/#\\\/schema\\\/logo\\\/image\\\/\",\"url\":\"https:\\\/\\\/mtarobotics.com\\\/wp-content\\\/uploads\\\/2019\\\/03\\\/mta.png\",\"contentUrl\":\"https:\\\/\\\/mtarobotics.com\\\/wp-content\\\/uploads\\\/2019\\\/03\\\/mta.png\",\"width\":170,\"height\":84,\"caption\":\"Mta robotics\"},\"image\":{\"@id\":\"https:\\\/\\\/mtarobotics.com\\\/#\\\/schema\\\/logo\\\/image\\\/\"}}]}<\/script>\n<!-- \/ Yoast SEO plugin. -->","yoast_head_json":{"title":"Set mit 3 Rohren \u00e0 50 mm f\u00fcr Dr\u00e4hte mit einem Durchmesser von 0,9-1,0 mm","description":"Set mit 3 Rohren von 50 mm f\u00fcr 0,9 mm und 1,0 mm L\u00f6tdraht. Andere R\u00f6hrens\u00e4tze mit verschiedenen Abmessungen und f\u00fcr mehrere Drahtdurchmesser sind erh\u00e4ltlich.","robots":{"index":"index","follow":"follow","max-snippet":"max-snippet:-1","max-image-preview":"max-image-preview:large","max-video-preview":"max-video-preview:-1"},"canonical":"https:\/\/mtarobotics.com\/de\/produkte\/loetprodukte\/loet-ersatzteile\/rohrsets\/standard-rohrsets-50mm\/set-mit-3-rohren-50mm-09\/","og_locale":"de_DE","og_type":"article","og_title":"Standard set of 3 tubes of 50 mm for \u00d80.9-1.0mm wires","og_description":"Standard set of 3 tubes of 50 mm for 0.9mm and1.0mm solder wires. Other sets of tubes with various dimensions and for several wire diameters are available.","og_url":"https:\/\/mtarobotics.com\/de\/produkte\/loetprodukte\/loet-ersatzteile\/rohrsets\/standard-rohrsets-50mm\/set-mit-3-rohren-50mm-09\/","og_site_name":"mta robotics","article_modified_time":"2026-03-18T12:51:54+00:00","og_image":[{"width":1500,"height":860,"url":"https:\/\/mtarobotics.com\/wp-content\/uploads\/2020\/04\/Unitechnologies_mta_standard_set_tubes_50mm.png","type":"image\/png"}],"twitter_card":"summary_large_image","twitter_misc":{"Gesch\u00e4tzte Lesezeit":"1\u00a0Minute"},"schema":{"@context":"https:\/\/schema.org","@graph":[{"@type":"WebPage","@id":"https:\/\/mtarobotics.com\/products\/soldering-products\/soldering-spare-parts\/set-tubes\/standard-set-tubes-50mm\/set-of-3-tubes-50mm-09\/","url":"https:\/\/mtarobotics.com\/products\/soldering-products\/soldering-spare-parts\/set-tubes\/standard-set-tubes-50mm\/set-of-3-tubes-50mm-09\/","name":"Set mit 3 Rohren \u00e0 50 mm f\u00fcr Dr\u00e4hte mit einem Durchmesser von 0,9-1,0 mm","isPartOf":{"@id":"https:\/\/mtarobotics.com\/#website"},"primaryImageOfPage":{"@id":"https:\/\/mtarobotics.com\/products\/soldering-products\/soldering-spare-parts\/set-tubes\/standard-set-tubes-50mm\/set-of-3-tubes-50mm-09\/#primaryimage"},"image":{"@id":"https:\/\/mtarobotics.com\/products\/soldering-products\/soldering-spare-parts\/set-tubes\/standard-set-tubes-50mm\/set-of-3-tubes-50mm-09\/#primaryimage"},"thumbnailUrl":"https:\/\/mtarobotics.com\/wp-content\/uploads\/2020\/04\/Unitechnologies_mta_standard_set_tubes_50mm.png","datePublished":"2020-04-06T07:31:25+00:00","dateModified":"2026-03-18T12:51:54+00:00","description":"Set mit 3 Rohren von 50 mm f\u00fcr 0,9 mm und 1,0 mm L\u00f6tdraht. Andere R\u00f6hrens\u00e4tze mit verschiedenen Abmessungen und f\u00fcr mehrere Drahtdurchmesser sind erh\u00e4ltlich.","breadcrumb":{"@id":"https:\/\/mtarobotics.com\/products\/soldering-products\/soldering-spare-parts\/set-tubes\/standard-set-tubes-50mm\/set-of-3-tubes-50mm-09\/#breadcrumb"},"inLanguage":"de","potentialAction":[{"@type":"ReadAction","target":["https:\/\/mtarobotics.com\/products\/soldering-products\/soldering-spare-parts\/set-tubes\/standard-set-tubes-50mm\/set-of-3-tubes-50mm-09\/"]}]},{"@type":"ImageObject","inLanguage":"de","@id":"https:\/\/mtarobotics.com\/products\/soldering-products\/soldering-spare-parts\/set-tubes\/standard-set-tubes-50mm\/set-of-3-tubes-50mm-09\/#primaryimage","url":"https:\/\/mtarobotics.com\/wp-content\/uploads\/2020\/04\/Unitechnologies_mta_standard_set_tubes_50mm.png","contentUrl":"https:\/\/mtarobotics.com\/wp-content\/uploads\/2020\/04\/Unitechnologies_mta_standard_set_tubes_50mm.png","width":1500,"height":860,"caption":"Unitechnologies Mta Standard Set Tubes 50Mm"},{"@type":"BreadcrumbList","@id":"https:\/\/mtarobotics.com\/products\/soldering-products\/soldering-spare-parts\/set-tubes\/standard-set-tubes-50mm\/set-of-3-tubes-50mm-09\/#breadcrumb","itemListElement":[{"@type":"ListItem","position":1,"name":"Home","item":"https:\/\/mtarobotics.com\/"},{"@type":"ListItem","position":2,"name":"Global product range","item":"https:\/\/mtarobotics.com\/products\/"},{"@type":"ListItem","position":3,"name":"Set of 3 tubes 50mm \u00d80.9"}]},{"@type":"WebSite","@id":"https:\/\/mtarobotics.com\/#website","url":"https:\/\/mtarobotics.com\/","name":"mta robotics","description":"Robotertechnik f\u00fcr L\u00f6ten und Dosieren","publisher":{"@id":"https:\/\/mtarobotics.com\/#organization"},"potentialAction":[{"@type":"SearchAction","target":{"@type":"EntryPoint","urlTemplate":"https:\/\/mtarobotics.com\/?s={search_term_string}"},"query-input":{"@type":"PropertyValueSpecification","valueRequired":true,"valueName":"search_term_string"}}],"inLanguage":"de"},{"@type":"Organization","@id":"https:\/\/mtarobotics.com\/#organization","name":"Mta-Robotik","url":"https:\/\/mtarobotics.com\/","logo":{"@type":"ImageObject","inLanguage":"de","@id":"https:\/\/mtarobotics.com\/#\/schema\/logo\/image\/","url":"https:\/\/mtarobotics.com\/wp-content\/uploads\/2019\/03\/mta.png","contentUrl":"https:\/\/mtarobotics.com\/wp-content\/uploads\/2019\/03\/mta.png","width":170,"height":84,"caption":"Mta robotics"},"image":{"@id":"https:\/\/mtarobotics.com\/#\/schema\/logo\/image\/"}}]}},"_links":{"self":[{"href":"https:\/\/mtarobotics.com\/de\/wp-json\/wp\/v2\/product\/4264","targetHints":{"allow":["GET"]}}],"collection":[{"href":"https:\/\/mtarobotics.com\/de\/wp-json\/wp\/v2\/product"}],"about":[{"href":"https:\/\/mtarobotics.com\/de\/wp-json\/wp\/v2\/types\/product"}],"wp:featuredmedia":[{"embeddable":true,"href":"https:\/\/mtarobotics.com\/de\/wp-json\/wp\/v2\/media\/4455"}],"wp:attachment":[{"href":"https:\/\/mtarobotics.com\/de\/wp-json\/wp\/v2\/media?parent=4264"}],"wp:term":[{"taxonomy":"product_brand","embeddable":true,"href":"https:\/\/mtarobotics.com\/de\/wp-json\/wp\/v2\/product_brand?post=4264"},{"taxonomy":"product_cat","embeddable":true,"href":"https:\/\/mtarobotics.com\/de\/wp-json\/wp\/v2\/product_cat?post=4264"},{"taxonomy":"product_tag","embeddable":true,"href":"https:\/\/mtarobotics.com\/de\/wp-json\/wp\/v2\/product_tag?post=4264"}],"curies":[{"name":"wp","href":"https:\/\/api.w.org\/{rel}","templated":true}]}}