{"id":4392,"date":"2020-04-16T12:28:22","date_gmt":"2020-04-16T10:28:22","guid":{"rendered":"http:\/\/mtadev.unitechnologies.com\/?post_type=product&#038;p=4392"},"modified":"2026-03-18T13:44:36","modified_gmt":"2026-03-18T12:44:36","slug":"sr-la-super-lfm-23s-08","status":"publish","type":"product","link":"https:\/\/mtarobotics.com\/de\/products\/soldering-products\/soldering-spare-parts\/solder-wires\/sr-la-super-lfm-23s-08\/","title":{"rendered":"SR-LA SUPER LFM-23S Flussmittel 3.5% \u00d80.8"},"content":{"rendered":"<p>L\u00f6tdraht Almit SR-LA SUPER LFM-23S Flussmittel 3.5% mit einem Durchmesser von 0,8 mm.<\/p>\n<p>Die Auswahl der <a href=\"\/de\/?product_cat=soldering-wires\" target=\"_blank\" rel=\"noopener noreferrer\">rechter L\u00f6tdraht<\/a> ist entscheidend f\u00fcr den Erfolg des Prozesses.<\/p>\n<p>mta robotics ist der richtige Partner, um seine Kunden bei diesem Schritt zu unterst\u00fctzen. Dank H\u00e4ndlervertr\u00e4gen mit gro\u00dfen L\u00f6tdrahtlieferanten bietet mta seinen Kunden nicht nur die beste technische Unterst\u00fctzung, sondern auch ein <a href=\"https:\/\/mtarobotics.com\/de\/produkt-kategorie\/loetprodukte\/loet-ersatzteile\/\" target=\"_blank\" rel=\"noopener\">eine breite Palette von Produkten<\/a>\u00a0zu einem sehr wettbewerbsf\u00e4higen Preis.<\/p>","protected":false},"excerpt":{"rendered":"<div class=\"wpb_row vc_row-fluid\" data-speedfactor=\"-0.6\">\n<div class=\"vc_span8 wpb_column column_container\">\n<div id=\"mk-text-block-920\" class=\"mk-text-block\">\n<p>L\u00f6tdraht Almit SR-LA SUPER LFM-23S Flussmittel 3.5% mit einem Durchmesser von 0,8 mm.<\/p>\n<p>Die Auswahl der <a href=\"\/de\/?product_cat=soldering-wires\" target=\"_blank\" rel=\"noopener noreferrer\">rechter L\u00f6tdraht<\/a> ist entscheidend f\u00fcr den Erfolg des Prozesses.<\/p>\n<\/div>\n<\/div>\n<\/div>","protected":false},"featured_media":4315,"template":"","meta":{"_acf_changed":false},"product_brand":[],"product_cat":[75],"product_tag":[],"class_list":{"0":"post-4392","1":"product","2":"type-product","3":"status-publish","4":"has-post-thumbnail","6":"product_cat-solder-wires","8":"first","9":"instock","10":"taxable","11":"shipping-taxable","12":"purchasable","13":"product-type-simple"},"acf":{"additionnal_product_infos":true,"infos_steps":"Minimum order quantity: 10.<br>\r\nDiscounts available for larger quantities","contact_button":true,"promo_badge":true,"promo_badge_on_list":true,"text_promo_bage":"Special offer","couleur_promo_badge":"#85d6e2"},"yoast_head":"<!-- This site is optimized with the Yoast SEO plugin v27.3 - https:\/\/yoast.com\/product\/yoast-seo-wordpress\/ -->\n<title>Solder wire Almit SR-LA SUPER LFM-23S flux 3.5% \u00d8 0.8 mm<\/title>\n<meta name=\"description\" content=\"Choosing the right solder wire is critical to the success of the process. mta offers a wide range of solder wires at a very competitive price.\" \/>\n<meta name=\"robots\" content=\"index, follow, max-snippet:-1, max-image-preview:large, max-video-preview:-1\" \/>\n<link rel=\"canonical\" href=\"https:\/\/mtarobotics.com\/de\/produkte\/loetprodukte\/loet-ersatzteile\/loetdraehte\/sr-la-super-lfm-23s-08\/\" \/>\n<meta property=\"og:locale\" content=\"de_DE\" \/>\n<meta property=\"og:type\" content=\"article\" \/>\n<meta property=\"og:title\" content=\"Solder wire Almit SR-LA SUPER LFM-23S flux 3.5% \u00d8 0.8 mm\" \/>\n<meta property=\"og:description\" content=\"Choosing the right solder wire is critical to the success of the process. mta offers a wide range of solder wires at a very competitive price.\" \/>\n<meta property=\"og:url\" content=\"https:\/\/mtarobotics.com\/de\/produkte\/loetprodukte\/loet-ersatzteile\/loetdraehte\/sr-la-super-lfm-23s-08\/\" \/>\n<meta property=\"og:site_name\" content=\"mta robotics\" \/>\n<meta property=\"article:modified_time\" content=\"2026-03-18T12:44:36+00:00\" \/>\n<meta property=\"og:image\" content=\"https:\/\/mtarobotics.com\/wp-content\/uploads\/2020\/02\/mta_almit_gummix_hf_lfm_48-flux_35_o05.png\" \/>\n\t<meta property=\"og:image:width\" content=\"1500\" \/>\n\t<meta property=\"og:image:height\" content=\"860\" \/>\n\t<meta property=\"og:image:type\" content=\"image\/png\" \/>\n<meta name=\"twitter:card\" content=\"summary_large_image\" \/>\n<meta name=\"twitter:label1\" content=\"Gesch\u00e4tzte Lesezeit\" \/>\n\t<meta name=\"twitter:data1\" content=\"1\u00a0Minute\" \/>\n<script type=\"application\/ld+json\" class=\"yoast-schema-graph\">{\"@context\":\"https:\\\/\\\/schema.org\",\"@graph\":[{\"@type\":\"WebPage\",\"@id\":\"https:\\\/\\\/mtarobotics.com\\\/products\\\/soldering-products\\\/soldering-spare-parts\\\/solder-wires\\\/sr-la-super-lfm-23s-08\\\/\",\"url\":\"https:\\\/\\\/mtarobotics.com\\\/products\\\/soldering-products\\\/soldering-spare-parts\\\/solder-wires\\\/sr-la-super-lfm-23s-08\\\/\",\"name\":\"Solder wire Almit SR-LA SUPER LFM-23S flux 3.5% \u00d8 0.8 mm\",\"isPartOf\":{\"@id\":\"https:\\\/\\\/mtarobotics.com\\\/#website\"},\"primaryImageOfPage\":{\"@id\":\"https:\\\/\\\/mtarobotics.com\\\/products\\\/soldering-products\\\/soldering-spare-parts\\\/solder-wires\\\/sr-la-super-lfm-23s-08\\\/#primaryimage\"},\"image\":{\"@id\":\"https:\\\/\\\/mtarobotics.com\\\/products\\\/soldering-products\\\/soldering-spare-parts\\\/solder-wires\\\/sr-la-super-lfm-23s-08\\\/#primaryimage\"},\"thumbnailUrl\":\"https:\\\/\\\/mtarobotics.com\\\/wp-content\\\/uploads\\\/2020\\\/02\\\/mta_almit_gummix_hf_lfm_48-flux_35_o05.png\",\"datePublished\":\"2020-04-16T10:28:22+00:00\",\"dateModified\":\"2026-03-18T12:44:36+00:00\",\"description\":\"Choosing the right solder wire is critical to the success of the process. mta offers a wide range of solder wires at a very competitive price.\",\"breadcrumb\":{\"@id\":\"https:\\\/\\\/mtarobotics.com\\\/products\\\/soldering-products\\\/soldering-spare-parts\\\/solder-wires\\\/sr-la-super-lfm-23s-08\\\/#breadcrumb\"},\"inLanguage\":\"de\",\"potentialAction\":[{\"@type\":\"ReadAction\",\"target\":[\"https:\\\/\\\/mtarobotics.com\\\/products\\\/soldering-products\\\/soldering-spare-parts\\\/solder-wires\\\/sr-la-super-lfm-23s-08\\\/\"]}]},{\"@type\":\"ImageObject\",\"inLanguage\":\"de\",\"@id\":\"https:\\\/\\\/mtarobotics.com\\\/products\\\/soldering-products\\\/soldering-spare-parts\\\/solder-wires\\\/sr-la-super-lfm-23s-08\\\/#primaryimage\",\"url\":\"https:\\\/\\\/mtarobotics.com\\\/wp-content\\\/uploads\\\/2020\\\/02\\\/mta_almit_gummix_hf_lfm_48-flux_35_o05.png\",\"contentUrl\":\"https:\\\/\\\/mtarobotics.com\\\/wp-content\\\/uploads\\\/2020\\\/02\\\/mta_almit_gummix_hf_lfm_48-flux_35_o05.png\",\"width\":1500,\"height\":860,\"caption\":\"Gummix-HF LFM-48 flux 3.5% \u00d80.5\"},{\"@type\":\"BreadcrumbList\",\"@id\":\"https:\\\/\\\/mtarobotics.com\\\/products\\\/soldering-products\\\/soldering-spare-parts\\\/solder-wires\\\/sr-la-super-lfm-23s-08\\\/#breadcrumb\",\"itemListElement\":[{\"@type\":\"ListItem\",\"position\":1,\"name\":\"Home\",\"item\":\"https:\\\/\\\/mtarobotics.com\\\/\"},{\"@type\":\"ListItem\",\"position\":2,\"name\":\"Global product range\",\"item\":\"https:\\\/\\\/mtarobotics.com\\\/products\\\/\"},{\"@type\":\"ListItem\",\"position\":3,\"name\":\"SR-LA SUPER LFM-23S flux 3.5% \u00d80.8\"}]},{\"@type\":\"WebSite\",\"@id\":\"https:\\\/\\\/mtarobotics.com\\\/#website\",\"url\":\"https:\\\/\\\/mtarobotics.com\\\/\",\"name\":\"mta robotics\",\"description\":\"Robotics for soldering and dispensing\",\"publisher\":{\"@id\":\"https:\\\/\\\/mtarobotics.com\\\/#organization\"},\"potentialAction\":[{\"@type\":\"SearchAction\",\"target\":{\"@type\":\"EntryPoint\",\"urlTemplate\":\"https:\\\/\\\/mtarobotics.com\\\/?s={search_term_string}\"},\"query-input\":{\"@type\":\"PropertyValueSpecification\",\"valueRequired\":true,\"valueName\":\"search_term_string\"}}],\"inLanguage\":\"de\"},{\"@type\":\"Organization\",\"@id\":\"https:\\\/\\\/mtarobotics.com\\\/#organization\",\"name\":\"Mta robotics\",\"url\":\"https:\\\/\\\/mtarobotics.com\\\/\",\"logo\":{\"@type\":\"ImageObject\",\"inLanguage\":\"de\",\"@id\":\"https:\\\/\\\/mtarobotics.com\\\/#\\\/schema\\\/logo\\\/image\\\/\",\"url\":\"https:\\\/\\\/mtarobotics.com\\\/wp-content\\\/uploads\\\/2019\\\/03\\\/mta.png\",\"contentUrl\":\"https:\\\/\\\/mtarobotics.com\\\/wp-content\\\/uploads\\\/2019\\\/03\\\/mta.png\",\"width\":170,\"height\":84,\"caption\":\"Mta robotics\"},\"image\":{\"@id\":\"https:\\\/\\\/mtarobotics.com\\\/#\\\/schema\\\/logo\\\/image\\\/\"}}]}<\/script>\n<!-- \/ Yoast SEO plugin. -->","yoast_head_json":{"title":"Lotdraht Almit SR-LA SUPER LFM-23S Flussmittel 3.5% \u00d8 0.8 mm","description":"Die Wahl des richtigen L\u00f6tdrahtes ist entscheidend f\u00fcr den Erfolg des Prozesses. mta bietet eine gro\u00dfe Auswahl an L\u00f6tdr\u00e4hten zu einem sehr g\u00fcnstigen Preis.","robots":{"index":"index","follow":"follow","max-snippet":"max-snippet:-1","max-image-preview":"max-image-preview:large","max-video-preview":"max-video-preview:-1"},"canonical":"https:\/\/mtarobotics.com\/de\/produkte\/loetprodukte\/loet-ersatzteile\/loetdraehte\/sr-la-super-lfm-23s-08\/","og_locale":"de_DE","og_type":"article","og_title":"Solder wire Almit SR-LA SUPER LFM-23S flux 3.5% \u00d8 0.8 mm","og_description":"Choosing the right solder wire is critical to the success of the process. mta offers a wide range of solder wires at a very competitive price.","og_url":"https:\/\/mtarobotics.com\/de\/produkte\/loetprodukte\/loet-ersatzteile\/loetdraehte\/sr-la-super-lfm-23s-08\/","og_site_name":"mta robotics","article_modified_time":"2026-03-18T12:44:36+00:00","og_image":[{"width":1500,"height":860,"url":"https:\/\/mtarobotics.com\/wp-content\/uploads\/2020\/02\/mta_almit_gummix_hf_lfm_48-flux_35_o05.png","type":"image\/png"}],"twitter_card":"summary_large_image","twitter_misc":{"Gesch\u00e4tzte Lesezeit":"1\u00a0Minute"},"schema":{"@context":"https:\/\/schema.org","@graph":[{"@type":"WebPage","@id":"https:\/\/mtarobotics.com\/products\/soldering-products\/soldering-spare-parts\/solder-wires\/sr-la-super-lfm-23s-08\/","url":"https:\/\/mtarobotics.com\/products\/soldering-products\/soldering-spare-parts\/solder-wires\/sr-la-super-lfm-23s-08\/","name":"Lotdraht Almit SR-LA SUPER LFM-23S Flussmittel 3.5% \u00d8 0.8 mm","isPartOf":{"@id":"https:\/\/mtarobotics.com\/#website"},"primaryImageOfPage":{"@id":"https:\/\/mtarobotics.com\/products\/soldering-products\/soldering-spare-parts\/solder-wires\/sr-la-super-lfm-23s-08\/#primaryimage"},"image":{"@id":"https:\/\/mtarobotics.com\/products\/soldering-products\/soldering-spare-parts\/solder-wires\/sr-la-super-lfm-23s-08\/#primaryimage"},"thumbnailUrl":"https:\/\/mtarobotics.com\/wp-content\/uploads\/2020\/02\/mta_almit_gummix_hf_lfm_48-flux_35_o05.png","datePublished":"2020-04-16T10:28:22+00:00","dateModified":"2026-03-18T12:44:36+00:00","description":"Die Wahl des richtigen L\u00f6tdrahtes ist entscheidend f\u00fcr den Erfolg des Prozesses. mta bietet eine gro\u00dfe Auswahl an L\u00f6tdr\u00e4hten zu einem sehr g\u00fcnstigen Preis.","breadcrumb":{"@id":"https:\/\/mtarobotics.com\/products\/soldering-products\/soldering-spare-parts\/solder-wires\/sr-la-super-lfm-23s-08\/#breadcrumb"},"inLanguage":"de","potentialAction":[{"@type":"ReadAction","target":["https:\/\/mtarobotics.com\/products\/soldering-products\/soldering-spare-parts\/solder-wires\/sr-la-super-lfm-23s-08\/"]}]},{"@type":"ImageObject","inLanguage":"de","@id":"https:\/\/mtarobotics.com\/products\/soldering-products\/soldering-spare-parts\/solder-wires\/sr-la-super-lfm-23s-08\/#primaryimage","url":"https:\/\/mtarobotics.com\/wp-content\/uploads\/2020\/02\/mta_almit_gummix_hf_lfm_48-flux_35_o05.png","contentUrl":"https:\/\/mtarobotics.com\/wp-content\/uploads\/2020\/02\/mta_almit_gummix_hf_lfm_48-flux_35_o05.png","width":1500,"height":860,"caption":"Gummix-HF LFM-48 flux 3.5% \u00d80.5"},{"@type":"BreadcrumbList","@id":"https:\/\/mtarobotics.com\/products\/soldering-products\/soldering-spare-parts\/solder-wires\/sr-la-super-lfm-23s-08\/#breadcrumb","itemListElement":[{"@type":"ListItem","position":1,"name":"Home","item":"https:\/\/mtarobotics.com\/"},{"@type":"ListItem","position":2,"name":"Global product range","item":"https:\/\/mtarobotics.com\/products\/"},{"@type":"ListItem","position":3,"name":"SR-LA SUPER LFM-23S flux 3.5% \u00d80.8"}]},{"@type":"WebSite","@id":"https:\/\/mtarobotics.com\/#website","url":"https:\/\/mtarobotics.com\/","name":"mta robotics","description":"Robotertechnik f\u00fcr L\u00f6ten und Dosieren","publisher":{"@id":"https:\/\/mtarobotics.com\/#organization"},"potentialAction":[{"@type":"SearchAction","target":{"@type":"EntryPoint","urlTemplate":"https:\/\/mtarobotics.com\/?s={search_term_string}"},"query-input":{"@type":"PropertyValueSpecification","valueRequired":true,"valueName":"search_term_string"}}],"inLanguage":"de"},{"@type":"Organization","@id":"https:\/\/mtarobotics.com\/#organization","name":"Mta-Robotik","url":"https:\/\/mtarobotics.com\/","logo":{"@type":"ImageObject","inLanguage":"de","@id":"https:\/\/mtarobotics.com\/#\/schema\/logo\/image\/","url":"https:\/\/mtarobotics.com\/wp-content\/uploads\/2019\/03\/mta.png","contentUrl":"https:\/\/mtarobotics.com\/wp-content\/uploads\/2019\/03\/mta.png","width":170,"height":84,"caption":"Mta robotics"},"image":{"@id":"https:\/\/mtarobotics.com\/#\/schema\/logo\/image\/"}}]}},"_links":{"self":[{"href":"https:\/\/mtarobotics.com\/de\/wp-json\/wp\/v2\/product\/4392","targetHints":{"allow":["GET"]}}],"collection":[{"href":"https:\/\/mtarobotics.com\/de\/wp-json\/wp\/v2\/product"}],"about":[{"href":"https:\/\/mtarobotics.com\/de\/wp-json\/wp\/v2\/types\/product"}],"wp:featuredmedia":[{"embeddable":true,"href":"https:\/\/mtarobotics.com\/de\/wp-json\/wp\/v2\/media\/4315"}],"wp:attachment":[{"href":"https:\/\/mtarobotics.com\/de\/wp-json\/wp\/v2\/media?parent=4392"}],"wp:term":[{"taxonomy":"product_brand","embeddable":true,"href":"https:\/\/mtarobotics.com\/de\/wp-json\/wp\/v2\/product_brand?post=4392"},{"taxonomy":"product_cat","embeddable":true,"href":"https:\/\/mtarobotics.com\/de\/wp-json\/wp\/v2\/product_cat?post=4392"},{"taxonomy":"product_tag","embeddable":true,"href":"https:\/\/mtarobotics.com\/de\/wp-json\/wp\/v2\/product_tag?post=4392"}],"curies":[{"name":"wp","href":"https:\/\/api.w.org\/{rel}","templated":true}]}}