{"id":4442,"date":"2020-04-20T12:49:25","date_gmt":"2020-04-20T10:49:25","guid":{"rendered":"http:\/\/mtadev.unitechnologies.com\/?post_type=product&#038;p=4442"},"modified":"2026-03-18T13:51:52","modified_gmt":"2026-03-18T12:51:52","slug":"verstaerktes-set-mit-3-rohren-105mm-07","status":"publish","type":"product","link":"https:\/\/mtarobotics.com\/de\/products\/soldering-products\/soldering-spare-parts\/set-tubes\/reinforced-set-tubes-105mm\/reinforced-set-of-3-tubes-105mm-07\/","title":{"rendered":"Verst\u00e4rktes Set mit 3 Rohren 105mm \u00d80.7"},"content":{"rendered":"<p>Verst\u00e4rkter Satz von 3 Rohren \u00e0 105 mm f\u00fcr L\u00f6tdr\u00e4hte mit 0,7 mm und 0,8 mm Durchmesser.<\/p>\n<p>Andere <a href=\"https:\/\/mtarobotics.com\/de\/produkt-kategorie\/webshop\/lotfachhandel\/verstaerkte-rohrsets-105mm\/\" target=\"_blank\" rel=\"noopener noreferrer\">R\u00f6hrens\u00e4tze<\/a> mit verschiedenen Abmessungen und f\u00fcr verschiedene Drahtdurchmesser sind erh\u00e4ltlich.<\/p>","protected":false},"excerpt":{"rendered":"<div class=\"wpb_row vc_row-fluid\" data-speedfactor=\"-0.6\">\n<div class=\"vc_span8 wpb_column column_container\">\n<div id=\"mk-text-block-920\" class=\"mk-text-block\">\n<p>Verst\u00e4rkter Satz von 3 Rohren \u00e0 105 mm f\u00fcr L\u00f6tdr\u00e4hte mit 0,7 mm und 0,8 mm Durchmesser.<\/p>\n<p>Andere <a href=\"https:\/\/mtarobotics.com\/de\/produkt-kategorie\/webshop\/lotfachhandel\/verstaerkte-rohrsets-105mm\/\" target=\"_blank\" rel=\"noopener noreferrer\">R\u00f6hrens\u00e4tze<\/a> mit verschiedenen Abmessungen und f\u00fcr verschiedene Drahtdurchmesser sind erh\u00e4ltlich.<\/p>\n<\/div>\n<\/div>\n<\/div>","protected":false},"featured_media":4477,"template":"","meta":{"_acf_changed":false},"product_brand":[],"product_cat":[542],"product_tag":[],"class_list":{"0":"post-4442","1":"product","2":"type-product","3":"status-publish","4":"has-post-thumbnail","6":"product_cat-reinforced-set-tubes-105mm","8":"first","9":"instock","10":"taxable","11":"shipping-taxable","12":"purchasable","13":"product-type-simple"},"acf":{"additionnal_product_infos":false,"infos_steps":"Minimum order quantity: 10.<br>\r\nDiscount available for higher volumes","contact_button":false,"promo_badge":false,"promo_badge_on_list":false,"text_promo_bage":"","couleur_promo_badge":"#038001"},"yoast_head":"<!-- This site is optimized with the Yoast SEO plugin v27.5 - https:\/\/yoast.com\/product\/yoast-seo-wordpress\/ -->\n<title>Reinforced set of 3 tubes of 105 mm for 0.7- 0.8 mm solder wires<\/title>\n<meta name=\"description\" content=\"Reinforced set of 3 tubes of 105 mm for 0.7 mm and 0.8 mm diameter solder wires.Other sets of tubes with various dimensions and for several wire diameters\" \/>\n<meta name=\"robots\" content=\"index, follow, max-snippet:-1, max-image-preview:large, max-video-preview:-1\" \/>\n<link rel=\"canonical\" href=\"https:\/\/mtarobotics.com\/de\/produkte\/loetprodukte\/loet-ersatzteile\/rohrsets\/verstaerkte-rohrsets-105mm\/verstaerktes-set-mit-3-rohren-105mm-07\/\" \/>\n<meta property=\"og:locale\" content=\"de_DE\" \/>\n<meta property=\"og:type\" content=\"article\" \/>\n<meta property=\"og:title\" content=\"Reinforced set of 3 tubes of 105 mm for 0.7- 0.8 mm solder wires\" \/>\n<meta property=\"og:description\" content=\"Reinforced set of 3 tubes of 105 mm for 0.7 mm and 0.8 mm diameter solder wires.Other sets of tubes with various dimensions and for several wire diameters\" \/>\n<meta property=\"og:url\" content=\"https:\/\/mtarobotics.com\/de\/produkte\/loetprodukte\/loet-ersatzteile\/rohrsets\/verstaerkte-rohrsets-105mm\/verstaerktes-set-mit-3-rohren-105mm-07\/\" \/>\n<meta property=\"og:site_name\" content=\"mta robotics\" \/>\n<meta property=\"article:modified_time\" content=\"2026-03-18T12:51:52+00:00\" \/>\n<meta property=\"og:image\" content=\"https:\/\/mtarobotics.com\/wp-content\/uploads\/2020\/04\/Unitechnologies_mta_reinforced_set_tubes_105mm.png\" \/>\n\t<meta property=\"og:image:width\" content=\"1500\" \/>\n\t<meta property=\"og:image:height\" content=\"860\" \/>\n\t<meta property=\"og:image:type\" content=\"image\/png\" \/>\n<meta name=\"twitter:card\" content=\"summary_large_image\" \/>\n<meta name=\"twitter:label1\" content=\"Gesch\u00e4tzte Lesezeit\" \/>\n\t<meta name=\"twitter:data1\" content=\"1\u00a0Minute\" \/>\n<script type=\"application\/ld+json\" class=\"yoast-schema-graph\">{\"@context\":\"https:\\\/\\\/schema.org\",\"@graph\":[{\"@type\":\"WebPage\",\"@id\":\"https:\\\/\\\/mtarobotics.com\\\/products\\\/soldering-products\\\/soldering-spare-parts\\\/set-tubes\\\/reinforced-set-tubes-105mm\\\/reinforced-set-of-3-tubes-105mm-07\\\/\",\"url\":\"https:\\\/\\\/mtarobotics.com\\\/products\\\/soldering-products\\\/soldering-spare-parts\\\/set-tubes\\\/reinforced-set-tubes-105mm\\\/reinforced-set-of-3-tubes-105mm-07\\\/\",\"name\":\"Reinforced set of 3 tubes of 105 mm for 0.7- 0.8 mm solder wires\",\"isPartOf\":{\"@id\":\"https:\\\/\\\/mtarobotics.com\\\/#website\"},\"primaryImageOfPage\":{\"@id\":\"https:\\\/\\\/mtarobotics.com\\\/products\\\/soldering-products\\\/soldering-spare-parts\\\/set-tubes\\\/reinforced-set-tubes-105mm\\\/reinforced-set-of-3-tubes-105mm-07\\\/#primaryimage\"},\"image\":{\"@id\":\"https:\\\/\\\/mtarobotics.com\\\/products\\\/soldering-products\\\/soldering-spare-parts\\\/set-tubes\\\/reinforced-set-tubes-105mm\\\/reinforced-set-of-3-tubes-105mm-07\\\/#primaryimage\"},\"thumbnailUrl\":\"https:\\\/\\\/mtarobotics.com\\\/wp-content\\\/uploads\\\/2020\\\/04\\\/Unitechnologies_mta_reinforced_set_tubes_105mm.png\",\"datePublished\":\"2020-04-20T10:49:25+00:00\",\"dateModified\":\"2026-03-18T12:51:52+00:00\",\"description\":\"Reinforced set of 3 tubes of 105 mm for 0.7 mm and 0.8 mm diameter solder wires.Other sets of tubes with various dimensions and for several wire diameters\",\"breadcrumb\":{\"@id\":\"https:\\\/\\\/mtarobotics.com\\\/products\\\/soldering-products\\\/soldering-spare-parts\\\/set-tubes\\\/reinforced-set-tubes-105mm\\\/reinforced-set-of-3-tubes-105mm-07\\\/#breadcrumb\"},\"inLanguage\":\"de\",\"potentialAction\":[{\"@type\":\"ReadAction\",\"target\":[\"https:\\\/\\\/mtarobotics.com\\\/products\\\/soldering-products\\\/soldering-spare-parts\\\/set-tubes\\\/reinforced-set-tubes-105mm\\\/reinforced-set-of-3-tubes-105mm-07\\\/\"]}]},{\"@type\":\"ImageObject\",\"inLanguage\":\"de\",\"@id\":\"https:\\\/\\\/mtarobotics.com\\\/products\\\/soldering-products\\\/soldering-spare-parts\\\/set-tubes\\\/reinforced-set-tubes-105mm\\\/reinforced-set-of-3-tubes-105mm-07\\\/#primaryimage\",\"url\":\"https:\\\/\\\/mtarobotics.com\\\/wp-content\\\/uploads\\\/2020\\\/04\\\/Unitechnologies_mta_reinforced_set_tubes_105mm.png\",\"contentUrl\":\"https:\\\/\\\/mtarobotics.com\\\/wp-content\\\/uploads\\\/2020\\\/04\\\/Unitechnologies_mta_reinforced_set_tubes_105mm.png\",\"width\":1500,\"height\":860,\"caption\":\"Unitechnologies Mta Reinforced Set Tubes 105Mm\"},{\"@type\":\"BreadcrumbList\",\"@id\":\"https:\\\/\\\/mtarobotics.com\\\/products\\\/soldering-products\\\/soldering-spare-parts\\\/set-tubes\\\/reinforced-set-tubes-105mm\\\/reinforced-set-of-3-tubes-105mm-07\\\/#breadcrumb\",\"itemListElement\":[{\"@type\":\"ListItem\",\"position\":1,\"name\":\"Home\",\"item\":\"https:\\\/\\\/mtarobotics.com\\\/\"},{\"@type\":\"ListItem\",\"position\":2,\"name\":\"Global product range\",\"item\":\"https:\\\/\\\/mtarobotics.com\\\/products\\\/\"},{\"@type\":\"ListItem\",\"position\":3,\"name\":\"Set of 3 tubes 105mm \u00d80.7\"}]},{\"@type\":\"WebSite\",\"@id\":\"https:\\\/\\\/mtarobotics.com\\\/#website\",\"url\":\"https:\\\/\\\/mtarobotics.com\\\/\",\"name\":\"mta robotics\",\"description\":\"Robotics for soldering and dispensing\",\"publisher\":{\"@id\":\"https:\\\/\\\/mtarobotics.com\\\/#organization\"},\"potentialAction\":[{\"@type\":\"SearchAction\",\"target\":{\"@type\":\"EntryPoint\",\"urlTemplate\":\"https:\\\/\\\/mtarobotics.com\\\/?s={search_term_string}\"},\"query-input\":{\"@type\":\"PropertyValueSpecification\",\"valueRequired\":true,\"valueName\":\"search_term_string\"}}],\"inLanguage\":\"de\"},{\"@type\":\"Organization\",\"@id\":\"https:\\\/\\\/mtarobotics.com\\\/#organization\",\"name\":\"Mta robotics\",\"url\":\"https:\\\/\\\/mtarobotics.com\\\/\",\"logo\":{\"@type\":\"ImageObject\",\"inLanguage\":\"de\",\"@id\":\"https:\\\/\\\/mtarobotics.com\\\/#\\\/schema\\\/logo\\\/image\\\/\",\"url\":\"https:\\\/\\\/mtarobotics.com\\\/wp-content\\\/uploads\\\/2019\\\/03\\\/mta.png\",\"contentUrl\":\"https:\\\/\\\/mtarobotics.com\\\/wp-content\\\/uploads\\\/2019\\\/03\\\/mta.png\",\"width\":170,\"height\":84,\"caption\":\"Mta robotics\"},\"image\":{\"@id\":\"https:\\\/\\\/mtarobotics.com\\\/#\\\/schema\\\/logo\\\/image\\\/\"}}]}<\/script>\n<!-- \/ Yoast SEO plugin. -->","yoast_head_json":{"title":"Verst\u00e4rktes Set mit 3 Rohren von 105 mm f\u00fcr 0,7- 0,8 mm L\u00f6tdr\u00e4hte","description":"Verst\u00e4rktes set mit 3 Rohren von 105 mm f\u00fcr L\u00f6tdr\u00e4hte mit einem Durchmesser von 0,7 mm und 0,8 mm; weitere S\u00e4tze von Rohren mit verschiedenen Abmessungen und f\u00fcr verschiedene Drahtdurchmesser","robots":{"index":"index","follow":"follow","max-snippet":"max-snippet:-1","max-image-preview":"max-image-preview:large","max-video-preview":"max-video-preview:-1"},"canonical":"https:\/\/mtarobotics.com\/de\/produkte\/loetprodukte\/loet-ersatzteile\/rohrsets\/verstaerkte-rohrsets-105mm\/verstaerktes-set-mit-3-rohren-105mm-07\/","og_locale":"de_DE","og_type":"article","og_title":"Reinforced set of 3 tubes of 105 mm for 0.7- 0.8 mm solder wires","og_description":"Reinforced set of 3 tubes of 105 mm for 0.7 mm and 0.8 mm diameter solder wires.Other sets of tubes with various dimensions and for several wire diameters","og_url":"https:\/\/mtarobotics.com\/de\/produkte\/loetprodukte\/loet-ersatzteile\/rohrsets\/verstaerkte-rohrsets-105mm\/verstaerktes-set-mit-3-rohren-105mm-07\/","og_site_name":"mta robotics","article_modified_time":"2026-03-18T12:51:52+00:00","og_image":[{"width":1500,"height":860,"url":"https:\/\/mtarobotics.com\/wp-content\/uploads\/2020\/04\/Unitechnologies_mta_reinforced_set_tubes_105mm.png","type":"image\/png"}],"twitter_card":"summary_large_image","twitter_misc":{"Gesch\u00e4tzte Lesezeit":"1\u00a0Minute"},"schema":{"@context":"https:\/\/schema.org","@graph":[{"@type":"WebPage","@id":"https:\/\/mtarobotics.com\/products\/soldering-products\/soldering-spare-parts\/set-tubes\/reinforced-set-tubes-105mm\/reinforced-set-of-3-tubes-105mm-07\/","url":"https:\/\/mtarobotics.com\/products\/soldering-products\/soldering-spare-parts\/set-tubes\/reinforced-set-tubes-105mm\/reinforced-set-of-3-tubes-105mm-07\/","name":"Verst\u00e4rktes Set mit 3 Rohren von 105 mm f\u00fcr 0,7- 0,8 mm L\u00f6tdr\u00e4hte","isPartOf":{"@id":"https:\/\/mtarobotics.com\/#website"},"primaryImageOfPage":{"@id":"https:\/\/mtarobotics.com\/products\/soldering-products\/soldering-spare-parts\/set-tubes\/reinforced-set-tubes-105mm\/reinforced-set-of-3-tubes-105mm-07\/#primaryimage"},"image":{"@id":"https:\/\/mtarobotics.com\/products\/soldering-products\/soldering-spare-parts\/set-tubes\/reinforced-set-tubes-105mm\/reinforced-set-of-3-tubes-105mm-07\/#primaryimage"},"thumbnailUrl":"https:\/\/mtarobotics.com\/wp-content\/uploads\/2020\/04\/Unitechnologies_mta_reinforced_set_tubes_105mm.png","datePublished":"2020-04-20T10:49:25+00:00","dateModified":"2026-03-18T12:51:52+00:00","description":"Verst\u00e4rktes set mit 3 Rohren von 105 mm f\u00fcr L\u00f6tdr\u00e4hte mit einem Durchmesser von 0,7 mm und 0,8 mm; weitere S\u00e4tze von Rohren mit verschiedenen Abmessungen und f\u00fcr verschiedene Drahtdurchmesser","breadcrumb":{"@id":"https:\/\/mtarobotics.com\/products\/soldering-products\/soldering-spare-parts\/set-tubes\/reinforced-set-tubes-105mm\/reinforced-set-of-3-tubes-105mm-07\/#breadcrumb"},"inLanguage":"de","potentialAction":[{"@type":"ReadAction","target":["https:\/\/mtarobotics.com\/products\/soldering-products\/soldering-spare-parts\/set-tubes\/reinforced-set-tubes-105mm\/reinforced-set-of-3-tubes-105mm-07\/"]}]},{"@type":"ImageObject","inLanguage":"de","@id":"https:\/\/mtarobotics.com\/products\/soldering-products\/soldering-spare-parts\/set-tubes\/reinforced-set-tubes-105mm\/reinforced-set-of-3-tubes-105mm-07\/#primaryimage","url":"https:\/\/mtarobotics.com\/wp-content\/uploads\/2020\/04\/Unitechnologies_mta_reinforced_set_tubes_105mm.png","contentUrl":"https:\/\/mtarobotics.com\/wp-content\/uploads\/2020\/04\/Unitechnologies_mta_reinforced_set_tubes_105mm.png","width":1500,"height":860,"caption":"Unitechnologies Mta Reinforced Set Tubes 105Mm"},{"@type":"BreadcrumbList","@id":"https:\/\/mtarobotics.com\/products\/soldering-products\/soldering-spare-parts\/set-tubes\/reinforced-set-tubes-105mm\/reinforced-set-of-3-tubes-105mm-07\/#breadcrumb","itemListElement":[{"@type":"ListItem","position":1,"name":"Home","item":"https:\/\/mtarobotics.com\/"},{"@type":"ListItem","position":2,"name":"Global product range","item":"https:\/\/mtarobotics.com\/products\/"},{"@type":"ListItem","position":3,"name":"Set of 3 tubes 105mm \u00d80.7"}]},{"@type":"WebSite","@id":"https:\/\/mtarobotics.com\/#website","url":"https:\/\/mtarobotics.com\/","name":"mta robotics","description":"Robotertechnik f\u00fcr L\u00f6ten und Dosieren","publisher":{"@id":"https:\/\/mtarobotics.com\/#organization"},"potentialAction":[{"@type":"SearchAction","target":{"@type":"EntryPoint","urlTemplate":"https:\/\/mtarobotics.com\/?s={search_term_string}"},"query-input":{"@type":"PropertyValueSpecification","valueRequired":true,"valueName":"search_term_string"}}],"inLanguage":"de"},{"@type":"Organization","@id":"https:\/\/mtarobotics.com\/#organization","name":"Mta-Robotik","url":"https:\/\/mtarobotics.com\/","logo":{"@type":"ImageObject","inLanguage":"de","@id":"https:\/\/mtarobotics.com\/#\/schema\/logo\/image\/","url":"https:\/\/mtarobotics.com\/wp-content\/uploads\/2019\/03\/mta.png","contentUrl":"https:\/\/mtarobotics.com\/wp-content\/uploads\/2019\/03\/mta.png","width":170,"height":84,"caption":"Mta robotics"},"image":{"@id":"https:\/\/mtarobotics.com\/#\/schema\/logo\/image\/"}}]}},"_links":{"self":[{"href":"https:\/\/mtarobotics.com\/de\/wp-json\/wp\/v2\/product\/4442","targetHints":{"allow":["GET"]}}],"collection":[{"href":"https:\/\/mtarobotics.com\/de\/wp-json\/wp\/v2\/product"}],"about":[{"href":"https:\/\/mtarobotics.com\/de\/wp-json\/wp\/v2\/types\/product"}],"wp:featuredmedia":[{"embeddable":true,"href":"https:\/\/mtarobotics.com\/de\/wp-json\/wp\/v2\/media\/4477"}],"wp:attachment":[{"href":"https:\/\/mtarobotics.com\/de\/wp-json\/wp\/v2\/media?parent=4442"}],"wp:term":[{"taxonomy":"product_brand","embeddable":true,"href":"https:\/\/mtarobotics.com\/de\/wp-json\/wp\/v2\/product_brand?post=4442"},{"taxonomy":"product_cat","embeddable":true,"href":"https:\/\/mtarobotics.com\/de\/wp-json\/wp\/v2\/product_cat?post=4442"},{"taxonomy":"product_tag","embeddable":true,"href":"https:\/\/mtarobotics.com\/de\/wp-json\/wp\/v2\/product_tag?post=4442"}],"curies":[{"name":"wp","href":"https:\/\/api.w.org\/{rel}","templated":true}]}}