{"id":7223,"date":"2020-10-06T17:31:16","date_gmt":"2020-10-06T15:31:16","guid":{"rendered":"https:\/\/mtadev.unitechnologies.com\/?post_type=product&#038;p=7223"},"modified":"2026-03-18T13:51:52","modified_gmt":"2026-03-18T12:51:52","slug":"befestigungsflansch-60-a","status":"publish","type":"product","link":"https:\/\/mtarobotics.com\/de\/products\/soldering-products\/soldering-spare-parts\/fixing-flanges\/fixing-flange-63-a\/","title":{"rendered":"Befestigungsflansch \u00d863-A"},"content":{"rendered":"<p>Mechanischer Befestigungsflansch mit einem Durchmesser von \u00d863 f\u00fcr die Montage des L\u00f6tkolbens MSH150 von mta auf einer Vielzahl von Robotern (ABB, Denso, Fanuc, Kawasaki, Kuka, Mitsubishi, Motoman, St\u00e4ubli, Universal robot).<\/p>\n<p>Bitte pr\u00fcfen Sie die <a href=\"https:\/\/mtarobotics.com\/wp-content\/uploads\/2023\/05\/mta_robotics_robot_flange_compatibility_chart_V4_10.2024.pdf\" target=\"_blank\" rel=\"noopener\">Kompatibilit\u00e4tstabelle f\u00fcr Roboterflansche<\/a>.<\/p>\n<p>Flanschbefestigung mit einem <a href=\"https:\/\/mtarobotics.com\/de\/produkt\/befestigungsflansch-40-a\/\" target=\"_blank\" rel=\"noopener noreferrer\">Durchmesser von \u00d840<\/a>\u00a0 und eine <a href=\"https:\/\/mtarobotics.com\/de\/produkt\/fixing-flange-o50-a\/\" target=\"_blank\" rel=\"noopener\">Durchmesser von \u00d850<\/a> sind ebenfalls verf\u00fcgbar.<\/p>","protected":false},"excerpt":{"rendered":"<div class=\"wpb_row vc_row-fluid\" data-speedfactor=\"-0.6\">\n<div class=\"vc_span8 wpb_column column_container\">\n<div id=\"mk-text-block-920\" class=\"mk-text-block\">\n<p>Mechanischer Befestigungsflansch mit einem Durchmesser von \u00d863 f\u00fcr die Montage des L\u00f6tkolbens MSH150 von mta auf einer Vielzahl von Robotern (ABB, Denso, Fanuc, Kawasaki, Kuka, Mitsubishi, Motoman, St\u00e4ubli, Universal robot).<\/p>\n<p>Bitte pr\u00fcfen Sie die <a href=\"https:\/\/mtarobotics.com\/wp-content\/uploads\/2023\/05\/mta_robotics_robot_flange_compatibility_chart_V4_10.2024.pdf\" target=\"_blank\" rel=\"noopener\">Kompatibilit\u00e4tstabelle f\u00fcr Roboterflansche<\/a>.<\/p>\n<p>Flanschbefestigung mit einem <a href=\"https:\/\/mtarobotics.com\/de\/produkt\/befestigungsflansch-40-a\/\" target=\"_blank\" rel=\"noopener noreferrer\">Durchmesser von \u00d840<\/a>\u00a0 und eine <a href=\"https:\/\/mtarobotics.com\/de\/produkt\/fixing-flange-o50-a\/\" target=\"_blank\" rel=\"noopener\">Durchmesser von \u00d850<\/a> sind ebenfalls verf\u00fcgbar.<\/p>\n<\/div>\n<\/div>\n<\/div>","protected":false},"featured_media":7212,"template":"","meta":{"_acf_changed":false},"product_brand":[],"product_cat":[601],"product_tag":[],"class_list":{"0":"post-7223","1":"product","2":"type-product","3":"status-publish","4":"has-post-thumbnail","6":"product_cat-fixing-flanges","8":"first","9":"instock","10":"taxable","11":"shipping-taxable","12":"purchasable","13":"product-type-simple"},"acf":{"additionnal_product_infos":false,"infos_steps":"Minimum order quantity: 10.<br>\r\nDiscount available for higher volumes","contact_button":false,"promo_badge":false,"promo_badge_on_list":false,"text_promo_bage":"","couleur_promo_badge":"#038001"},"yoast_head":"<!-- This site is optimized with the Yoast SEO plugin v27.4 - https:\/\/yoast.com\/product\/yoast-seo-wordpress\/ -->\n<title>Mechanical fixing flange \u00d863 needed to mount the MSH150 head<\/title>\n<meta name=\"description\" content=\"Mechanical fixing flange with a diameter of 63 needed to mount the mta MSH150 iron head on a wide variety of robots such as ABB, Fanuc, Kawasaki, Kuka,\" \/>\n<meta name=\"robots\" content=\"index, follow, max-snippet:-1, max-image-preview:large, max-video-preview:-1\" \/>\n<link rel=\"canonical\" href=\"https:\/\/mtarobotics.com\/de\/produkte\/loetprodukte\/loet-ersatzteile\/befestigungsflansche\/befestigungsflansch-60-a\/\" \/>\n<meta property=\"og:locale\" content=\"de_DE\" \/>\n<meta property=\"og:type\" content=\"article\" \/>\n<meta property=\"og:title\" content=\"Mechanical fixing flange \u00d863 needed to mount the MSH150 head\" \/>\n<meta property=\"og:description\" content=\"Mechanical fixing flange with a diameter of 63 needed to mount the mta MSH150 iron head on a wide variety of robots such as ABB, Fanuc, Kawasaki, Kuka,\" \/>\n<meta property=\"og:url\" content=\"https:\/\/mtarobotics.com\/de\/produkte\/loetprodukte\/loet-ersatzteile\/befestigungsflansche\/befestigungsflansch-60-a\/\" \/>\n<meta property=\"og:site_name\" content=\"mta robotics\" \/>\n<meta property=\"article:modified_time\" content=\"2026-03-18T12:51:52+00:00\" \/>\n<meta property=\"og:image\" content=\"https:\/\/mtarobotics.com\/wp-content\/uploads\/2020\/10\/Unitechnologies_mta_fixing_flange_dia_63A_6D00317-10-000-002.png\" \/>\n\t<meta property=\"og:image:width\" content=\"1500\" \/>\n\t<meta property=\"og:image:height\" content=\"860\" \/>\n\t<meta property=\"og:image:type\" content=\"image\/png\" \/>\n<meta name=\"twitter:card\" content=\"summary_large_image\" \/>\n<meta name=\"twitter:label1\" content=\"Gesch\u00e4tzte Lesezeit\" \/>\n\t<meta name=\"twitter:data1\" content=\"1\u00a0Minute\" \/>\n<script type=\"application\/ld+json\" class=\"yoast-schema-graph\">{\"@context\":\"https:\\\/\\\/schema.org\",\"@graph\":[{\"@type\":\"WebPage\",\"@id\":\"https:\\\/\\\/mtarobotics.com\\\/products\\\/soldering-products\\\/soldering-spare-parts\\\/fixing-flanges\\\/fixing-flange-63-a\\\/\",\"url\":\"https:\\\/\\\/mtarobotics.com\\\/products\\\/soldering-products\\\/soldering-spare-parts\\\/fixing-flanges\\\/fixing-flange-63-a\\\/\",\"name\":\"Mechanical fixing flange \u00d863 needed to mount the MSH150 head\",\"isPartOf\":{\"@id\":\"https:\\\/\\\/mtarobotics.com\\\/#website\"},\"primaryImageOfPage\":{\"@id\":\"https:\\\/\\\/mtarobotics.com\\\/products\\\/soldering-products\\\/soldering-spare-parts\\\/fixing-flanges\\\/fixing-flange-63-a\\\/#primaryimage\"},\"image\":{\"@id\":\"https:\\\/\\\/mtarobotics.com\\\/products\\\/soldering-products\\\/soldering-spare-parts\\\/fixing-flanges\\\/fixing-flange-63-a\\\/#primaryimage\"},\"thumbnailUrl\":\"https:\\\/\\\/mtarobotics.com\\\/wp-content\\\/uploads\\\/2020\\\/10\\\/Unitechnologies_mta_fixing_flange_dia_63A_6D00317-10-000-002.png\",\"datePublished\":\"2020-10-06T15:31:16+00:00\",\"dateModified\":\"2026-03-18T12:51:52+00:00\",\"description\":\"Mechanical fixing flange with a diameter of 63 needed to mount the mta MSH150 iron head on a wide variety of robots such as ABB, Fanuc, Kawasaki, Kuka,\",\"breadcrumb\":{\"@id\":\"https:\\\/\\\/mtarobotics.com\\\/products\\\/soldering-products\\\/soldering-spare-parts\\\/fixing-flanges\\\/fixing-flange-63-a\\\/#breadcrumb\"},\"inLanguage\":\"de\",\"potentialAction\":[{\"@type\":\"ReadAction\",\"target\":[\"https:\\\/\\\/mtarobotics.com\\\/products\\\/soldering-products\\\/soldering-spare-parts\\\/fixing-flanges\\\/fixing-flange-63-a\\\/\"]}]},{\"@type\":\"ImageObject\",\"inLanguage\":\"de\",\"@id\":\"https:\\\/\\\/mtarobotics.com\\\/products\\\/soldering-products\\\/soldering-spare-parts\\\/fixing-flanges\\\/fixing-flange-63-a\\\/#primaryimage\",\"url\":\"https:\\\/\\\/mtarobotics.com\\\/wp-content\\\/uploads\\\/2020\\\/10\\\/Unitechnologies_mta_fixing_flange_dia_63A_6D00317-10-000-002.png\",\"contentUrl\":\"https:\\\/\\\/mtarobotics.com\\\/wp-content\\\/uploads\\\/2020\\\/10\\\/Unitechnologies_mta_fixing_flange_dia_63A_6D00317-10-000-002.png\",\"width\":1500,\"height\":860,\"caption\":\"Unitechnologies Mta Fixing Flange Dia 63A 6D00317 10 000 002\"},{\"@type\":\"BreadcrumbList\",\"@id\":\"https:\\\/\\\/mtarobotics.com\\\/products\\\/soldering-products\\\/soldering-spare-parts\\\/fixing-flanges\\\/fixing-flange-63-a\\\/#breadcrumb\",\"itemListElement\":[{\"@type\":\"ListItem\",\"position\":1,\"name\":\"Home\",\"item\":\"https:\\\/\\\/mtarobotics.com\\\/\"},{\"@type\":\"ListItem\",\"position\":2,\"name\":\"Global product range\",\"item\":\"https:\\\/\\\/mtarobotics.com\\\/products\\\/\"},{\"@type\":\"ListItem\",\"position\":3,\"name\":\"Fixing flange \u00d863-A\"}]},{\"@type\":\"WebSite\",\"@id\":\"https:\\\/\\\/mtarobotics.com\\\/#website\",\"url\":\"https:\\\/\\\/mtarobotics.com\\\/\",\"name\":\"mta robotics\",\"description\":\"Robotics for soldering and dispensing\",\"publisher\":{\"@id\":\"https:\\\/\\\/mtarobotics.com\\\/#organization\"},\"potentialAction\":[{\"@type\":\"SearchAction\",\"target\":{\"@type\":\"EntryPoint\",\"urlTemplate\":\"https:\\\/\\\/mtarobotics.com\\\/?s={search_term_string}\"},\"query-input\":{\"@type\":\"PropertyValueSpecification\",\"valueRequired\":true,\"valueName\":\"search_term_string\"}}],\"inLanguage\":\"de\"},{\"@type\":\"Organization\",\"@id\":\"https:\\\/\\\/mtarobotics.com\\\/#organization\",\"name\":\"Mta robotics\",\"url\":\"https:\\\/\\\/mtarobotics.com\\\/\",\"logo\":{\"@type\":\"ImageObject\",\"inLanguage\":\"de\",\"@id\":\"https:\\\/\\\/mtarobotics.com\\\/#\\\/schema\\\/logo\\\/image\\\/\",\"url\":\"https:\\\/\\\/mtarobotics.com\\\/wp-content\\\/uploads\\\/2019\\\/03\\\/mta.png\",\"contentUrl\":\"https:\\\/\\\/mtarobotics.com\\\/wp-content\\\/uploads\\\/2019\\\/03\\\/mta.png\",\"width\":170,\"height\":84,\"caption\":\"Mta robotics\"},\"image\":{\"@id\":\"https:\\\/\\\/mtarobotics.com\\\/#\\\/schema\\\/logo\\\/image\\\/\"}}]}<\/script>\n<!-- \/ Yoast SEO plugin. -->","yoast_head_json":{"title":"Mechanischer Befestigungsflansch \u00d863 f\u00fcr die Montage des MSH150-Kopfes","description":"Mechanischer Befestigungsflansch mit einem Durchmesser von 63, der f\u00fcr die Montage des mta MSH150 B\u00fcgelkopfes an einer Vielzahl von Robotern wie ABB, Fanuc, Kawasaki, Kuka ben\u00f6tigt wird,","robots":{"index":"index","follow":"follow","max-snippet":"max-snippet:-1","max-image-preview":"max-image-preview:large","max-video-preview":"max-video-preview:-1"},"canonical":"https:\/\/mtarobotics.com\/de\/produkte\/loetprodukte\/loet-ersatzteile\/befestigungsflansche\/befestigungsflansch-60-a\/","og_locale":"de_DE","og_type":"article","og_title":"Mechanical fixing flange \u00d863 needed to mount the MSH150 head","og_description":"Mechanical fixing flange with a diameter of 63 needed to mount the mta MSH150 iron head on a wide variety of robots such as ABB, Fanuc, Kawasaki, Kuka,","og_url":"https:\/\/mtarobotics.com\/de\/produkte\/loetprodukte\/loet-ersatzteile\/befestigungsflansche\/befestigungsflansch-60-a\/","og_site_name":"mta robotics","article_modified_time":"2026-03-18T12:51:52+00:00","og_image":[{"width":1500,"height":860,"url":"https:\/\/mtarobotics.com\/wp-content\/uploads\/2020\/10\/Unitechnologies_mta_fixing_flange_dia_63A_6D00317-10-000-002.png","type":"image\/png"}],"twitter_card":"summary_large_image","twitter_misc":{"Gesch\u00e4tzte Lesezeit":"1\u00a0Minute"},"schema":{"@context":"https:\/\/schema.org","@graph":[{"@type":"WebPage","@id":"https:\/\/mtarobotics.com\/products\/soldering-products\/soldering-spare-parts\/fixing-flanges\/fixing-flange-63-a\/","url":"https:\/\/mtarobotics.com\/products\/soldering-products\/soldering-spare-parts\/fixing-flanges\/fixing-flange-63-a\/","name":"Mechanischer Befestigungsflansch \u00d863 f\u00fcr die Montage des MSH150-Kopfes","isPartOf":{"@id":"https:\/\/mtarobotics.com\/#website"},"primaryImageOfPage":{"@id":"https:\/\/mtarobotics.com\/products\/soldering-products\/soldering-spare-parts\/fixing-flanges\/fixing-flange-63-a\/#primaryimage"},"image":{"@id":"https:\/\/mtarobotics.com\/products\/soldering-products\/soldering-spare-parts\/fixing-flanges\/fixing-flange-63-a\/#primaryimage"},"thumbnailUrl":"https:\/\/mtarobotics.com\/wp-content\/uploads\/2020\/10\/Unitechnologies_mta_fixing_flange_dia_63A_6D00317-10-000-002.png","datePublished":"2020-10-06T15:31:16+00:00","dateModified":"2026-03-18T12:51:52+00:00","description":"Mechanischer Befestigungsflansch mit einem Durchmesser von 63, der f\u00fcr die Montage des mta MSH150 B\u00fcgelkopfes an einer Vielzahl von Robotern wie ABB, Fanuc, Kawasaki, Kuka ben\u00f6tigt wird,","breadcrumb":{"@id":"https:\/\/mtarobotics.com\/products\/soldering-products\/soldering-spare-parts\/fixing-flanges\/fixing-flange-63-a\/#breadcrumb"},"inLanguage":"de","potentialAction":[{"@type":"ReadAction","target":["https:\/\/mtarobotics.com\/products\/soldering-products\/soldering-spare-parts\/fixing-flanges\/fixing-flange-63-a\/"]}]},{"@type":"ImageObject","inLanguage":"de","@id":"https:\/\/mtarobotics.com\/products\/soldering-products\/soldering-spare-parts\/fixing-flanges\/fixing-flange-63-a\/#primaryimage","url":"https:\/\/mtarobotics.com\/wp-content\/uploads\/2020\/10\/Unitechnologies_mta_fixing_flange_dia_63A_6D00317-10-000-002.png","contentUrl":"https:\/\/mtarobotics.com\/wp-content\/uploads\/2020\/10\/Unitechnologies_mta_fixing_flange_dia_63A_6D00317-10-000-002.png","width":1500,"height":860,"caption":"Unitechnologies Mta Fixing Flange Dia 63A 6D00317 10 000 002"},{"@type":"BreadcrumbList","@id":"https:\/\/mtarobotics.com\/products\/soldering-products\/soldering-spare-parts\/fixing-flanges\/fixing-flange-63-a\/#breadcrumb","itemListElement":[{"@type":"ListItem","position":1,"name":"Home","item":"https:\/\/mtarobotics.com\/"},{"@type":"ListItem","position":2,"name":"Global product range","item":"https:\/\/mtarobotics.com\/products\/"},{"@type":"ListItem","position":3,"name":"Fixing flange \u00d863-A"}]},{"@type":"WebSite","@id":"https:\/\/mtarobotics.com\/#website","url":"https:\/\/mtarobotics.com\/","name":"mta robotics","description":"Robotertechnik f\u00fcr L\u00f6ten und Dosieren","publisher":{"@id":"https:\/\/mtarobotics.com\/#organization"},"potentialAction":[{"@type":"SearchAction","target":{"@type":"EntryPoint","urlTemplate":"https:\/\/mtarobotics.com\/?s={search_term_string}"},"query-input":{"@type":"PropertyValueSpecification","valueRequired":true,"valueName":"search_term_string"}}],"inLanguage":"de"},{"@type":"Organization","@id":"https:\/\/mtarobotics.com\/#organization","name":"Mta-Robotik","url":"https:\/\/mtarobotics.com\/","logo":{"@type":"ImageObject","inLanguage":"de","@id":"https:\/\/mtarobotics.com\/#\/schema\/logo\/image\/","url":"https:\/\/mtarobotics.com\/wp-content\/uploads\/2019\/03\/mta.png","contentUrl":"https:\/\/mtarobotics.com\/wp-content\/uploads\/2019\/03\/mta.png","width":170,"height":84,"caption":"Mta robotics"},"image":{"@id":"https:\/\/mtarobotics.com\/#\/schema\/logo\/image\/"}}]}},"_links":{"self":[{"href":"https:\/\/mtarobotics.com\/de\/wp-json\/wp\/v2\/product\/7223","targetHints":{"allow":["GET"]}}],"collection":[{"href":"https:\/\/mtarobotics.com\/de\/wp-json\/wp\/v2\/product"}],"about":[{"href":"https:\/\/mtarobotics.com\/de\/wp-json\/wp\/v2\/types\/product"}],"wp:featuredmedia":[{"embeddable":true,"href":"https:\/\/mtarobotics.com\/de\/wp-json\/wp\/v2\/media\/7212"}],"wp:attachment":[{"href":"https:\/\/mtarobotics.com\/de\/wp-json\/wp\/v2\/media?parent=7223"}],"wp:term":[{"taxonomy":"product_brand","embeddable":true,"href":"https:\/\/mtarobotics.com\/de\/wp-json\/wp\/v2\/product_brand?post=7223"},{"taxonomy":"product_cat","embeddable":true,"href":"https:\/\/mtarobotics.com\/de\/wp-json\/wp\/v2\/product_cat?post=7223"},{"taxonomy":"product_tag","embeddable":true,"href":"https:\/\/mtarobotics.com\/de\/wp-json\/wp\/v2\/product_tag?post=7223"}],"curies":[{"name":"wp","href":"https:\/\/api.w.org\/{rel}","templated":true}]}}